{"id":739,"date":"2021-04-06T12:11:26","date_gmt":"2021-04-06T10:11:26","guid":{"rendered":"http:\/\/agora.xtec.cat\/ieslaferreria\/?page_id=739"},"modified":"2023-11-03T13:19:27","modified_gmt":"2023-11-03T12:19:27","slug":"grau-mitja","status":"publish","type":"page","link":"https:\/\/agora.xtec.cat\/ieslaferreria\/grau-mitja\/","title":{"rendered":"Grau mitj\u00e0"},"content":{"rendered":"<div class=\"etapa\">\n<div>\n<div>\n<div class=\"padding-15\">\n<p>Els cicles formatius de grau mitj\u00e0 (CFGM) s\u00f3n ensenyaments professionalitzadors que proporcionen la formaci\u00f3 necess\u00e0ria per adquirir la compet\u00e8ncia professional i el coneixement propis de cada sector.<\/p>\n<p>S&#8217;agrupen en fam\u00edlies professionals i tenen una durada de 2.000 hores (en dos cursos acad\u00e8mics).<\/p>\n<p>La titulaci\u00f3 que s&#8217;obt\u00e9 en finalitzar un cicle formatiu de grau mitj\u00e0 \u00e9s la de t\u00e8cnic o t\u00e8cnica del perfil professional corresponent, que permet l&#8217;acc\u00e9s al m\u00f3n laboral, a altres cicles de grau mitj\u00e0 o als cicles de grau superior.<\/p>\n<\/div>\n<\/div>\n<\/div>\n<\/div>\n<div class=\"etapa csectionodd\">\n<div>\n<div>\n<div class=\"row\">\n<h2 class=\"subtitle\">Qu\u00e8 necessito per accedir-hi<\/h2>\n<\/div>\n<\/div>\n<\/div>\n<div class=\"pd-15x\">\n<p>Tenen\u00a0<strong>acc\u00e9s directe<\/strong>\u00a0als cicles de\u00a0<strong>grau mitj\u00e0<\/strong>\u00a0les persones que compleixen\u00a0<strong>algun dels requisits<\/strong>\u00a0seg\u00fcents:<\/p>\n<ul>\n<li>tenir el t\u00edtol de graduat en educaci\u00f3 secund\u00e0ria obligat\u00f2ria,<\/li>\n<li>tenir el t\u00edtol de t\u00e8cnic o de t\u00e8cnic auxiliar,<\/li>\n<li>haver superat el curs espec\u00edfic per a l&#8217;acc\u00e9s als cicles formatius de grau mitj\u00e0 (CAM),<\/li>\n<li>haver superat el segon curs del batxillerat unificat i polivalent (BUP),<\/li>\n<li>tenir altres estudis equivalents a efectes acad\u00e8mics,<\/li>\n<li>haver superat els m\u00f2duls obligatoris d&#8217;un programa de qualificaci\u00f3 professional inicial (PQPI),<\/li>\n<li>haver superat la prova d&#8217;acc\u00e9s a la universitat per a majors de 25 anys,\u00a0o de 45 anys, o haver accedit a la universitat per haver acreditat experi\u00e8ncia laboral o professional tenint complerts 40 anys d&#8217;edat,<\/li>\n<li>tenir un t\u00edtol per accedir a un cicle formatiu de grau superior.<\/li>\n<\/ul>\n<p>&nbsp;<\/p>\n<p>Les persones que no compleixen cap dels requisits esmentats han de superar una\u00a0<strong><a title=\"V\u00e9s a Prova d'acc\u00e9s\" href=\"https:\/\/educacio.gencat.cat\/ca\/serveis-tramits\/proves\/proves-acces\/gm-fp\/\" target=\"_blank\" rel=\"noopener\">prova d&#8217;acc\u00e9s<\/a><\/strong>. Per presentar-s&#8217;hi han de tenir, com a m\u00ednim, 17 anys l&#8217;any en qu\u00e8 es fa la prova.<\/p>\n<\/div>\n<\/div>\n<div class=\"etapa \">\n<div>\n<div>\n<div class=\"row\">\n<h2 class=\"subtitle\">Quines s\u00f3n les sortides acad\u00e8miques i professionals<\/h2>\n<\/div>\n<\/div>\n<\/div>\n<div class=\"pd-15x\">\n<p>Les persones que superen el cicle formatiu de\u00a0<strong>grau mitj\u00e0<\/strong>\u00a0obtenen un t\u00edtol de t\u00e8cnic, que els permet accedir:<\/p>\n<ul>\n<li>al batxillerat,<\/li>\n<li>a un cicle de grau superior de formaci\u00f3 professional,<\/li>\n<li>al m\u00f3n laboral.<\/li>\n<\/ul>\n<\/div>\n<\/div>\n","protected":false},"excerpt":{"rendered":"<p>Els cicles formatius de grau mitj\u00e0 (CFGM) s\u00f3n ensenyaments professionalitzadors que proporcionen la formaci\u00f3 necess\u00e0ria per adquirir la compet\u00e8ncia professional i el coneixement propis de cada sector.<br \/>\nS&#8217;agrupen en fam\u00edlies professionals i tenen una durada de 2.000 hores (en dos cursos acad\u00e8mics).<br \/>\nLa titulaci\u00f3 que s&#8217;obt\u00e9 en&hellip;  <a href=\"https:\/\/agora.xtec.cat\/ieslaferreria\/grau-mitja\/\" title=\"Read Grau mitj\u00e0\">Llegeix m\u00e9s\u00bb<\/a><\/p>\n","protected":false},"author":1,"featured_media":0,"parent":0,"menu_order":0,"comment_status":"closed","ping_status":"closed","template":"","meta":{"_bbp_topic_count":0,"_bbp_reply_count":0,"_bbp_total_topic_count":0,"_bbp_total_reply_count":0,"_bbp_voice_count":0,"_bbp_anonymous_reply_count":0,"_bbp_topic_count_hidden":0,"_bbp_reply_count_hidden":0,"_bbp_forum_subforum_count":0,"footnotes":""},"class_list":["post-739","page","type-page","status-publish","hentry"],"post_mailing_queue_ids":[],"_links":{"self":[{"href":"https:\/\/agora.xtec.cat\/ieslaferreria\/wp-json\/wp\/v2\/pages\/739","targetHints":{"allow":["GET"]}}],"collection":[{"href":"https:\/\/agora.xtec.cat\/ieslaferreria\/wp-json\/wp\/v2\/pages"}],"about":[{"href":"https:\/\/agora.xtec.cat\/ieslaferreria\/wp-json\/wp\/v2\/types\/page"}],"author":[{"embeddable":true,"href":"https:\/\/agora.xtec.cat\/ieslaferreria\/wp-json\/wp\/v2\/users\/1"}],"replies":[{"embeddable":true,"href":"https:\/\/agora.xtec.cat\/ieslaferreria\/wp-json\/wp\/v2\/comments?post=739"}],"version-history":[{"count":2,"href":"https:\/\/agora.xtec.cat\/ieslaferreria\/wp-json\/wp\/v2\/pages\/739\/revisions"}],"predecessor-version":[{"id":1107,"href":"https:\/\/agora.xtec.cat\/ieslaferreria\/wp-json\/wp\/v2\/pages\/739\/revisions\/1107"}],"wp:attachment":[{"href":"https:\/\/agora.xtec.cat\/ieslaferreria\/wp-json\/wp\/v2\/media?parent=739"}],"curies":[{"name":"wp","href":"https:\/\/api.w.org\/{rel}","templated":true}]}}