{"id":709,"date":"2021-03-24T19:50:39","date_gmt":"2021-03-24T18:50:39","guid":{"rendered":"http:\/\/agora.xtec.cat\/ieslaferreria\/?page_id=709"},"modified":"2024-06-03T16:43:44","modified_gmt":"2024-06-03T14:43:44","slug":"politica-qualitat","status":"publish","type":"page","link":"https:\/\/agora.xtec.cat\/ieslaferreria\/politica-qualitat\/","title":{"rendered":"Pol\u00edtica Qualitat"},"content":{"rendered":"<h3><\/h3>\n<p>&nbsp;<\/p>\n<p><a href=\"https:\/\/agora.xtec.cat\/ieslaferreria\/wp-content\/uploads\/usu1893\/2024\/05\/RGB_ES.png\"><img loading=\"lazy\" decoding=\"async\" class=\"wp-image-1519 size-medium alignleft\" src=\"https:\/\/agora.xtec.cat\/ieslaferreria\/wp-content\/uploads\/usu1893\/2024\/05\/RGB_ES-165x300.png\" alt=\"\" width=\"165\" height=\"300\" srcset=\"https:\/\/agora.xtec.cat\/ieslaferreria\/wp-content\/uploads\/usu1893\/2024\/05\/RGB_ES-165x300.png 165w, https:\/\/agora.xtec.cat\/ieslaferreria\/wp-content\/uploads\/usu1893\/2024\/05\/RGB_ES-564x1024.png 564w, https:\/\/agora.xtec.cat\/ieslaferreria\/wp-content\/uploads\/usu1893\/2024\/05\/RGB_ES-768x1393.png 768w, https:\/\/agora.xtec.cat\/ieslaferreria\/wp-content\/uploads\/usu1893\/2024\/05\/RGB_ES-847x1536.png 847w, https:\/\/agora.xtec.cat\/ieslaferreria\/wp-content\/uploads\/usu1893\/2024\/05\/RGB_ES-1129x2048.png 1129w, https:\/\/agora.xtec.cat\/ieslaferreria\/wp-content\/uploads\/usu1893\/2024\/05\/RGB_ES.png 1500w\" sizes=\"auto, (max-width: 165px) 100vw, 165px\" \/><\/a>L&#8217;INS La Ferreria \u00e9s un centre educatiu p\u00fablic depenent del Departament d\u00b4Ensenyament de la Generalitat de Catalunya.<\/p>\n<p>El curs 2011-12, va assolir la certificaci\u00f3 de qualitat ISO 9001, fet que ens avala com a centre amb iniciativa, responsabilitat i on treballem per fer la feina ben feta i sempre d&#8217;acord a la normativa legal de refer\u00e8ncia. Actualment, iniciem el cam\u00ed ver l&#8217;excel\u2022l\u00e8ncia educativa, seguint el model europeu EFQM adaptat com a e2CAT.<\/p>\n<p>L\u2019INS La Ferreria vol respondre amb efic\u00e0cia a les necessitats de la societat que l\u2019envolta, l\u2019administraci\u00f3 educativa i als membres de la comunitat educativa, per la qual cosa assumeix el repte de dotar-se de les estrat\u00e8gies de gesti\u00f3 i de treball escaients m\u00e9s avan\u00e7ades.<\/p>\n<p>La pol\u00edtica i estrat\u00e8gia de l\u2019INS La Ferreria s\u2019identifiquen i es desenvolupen en el seu Acord de Corresponsabilitat. Aquest t\u00e9 com a finalitat definir les l\u00ednies d\u2019actuaci\u00f3 necess\u00e0ries per tal d\u2019assolir la visi\u00f3 que es proposa.<\/p>\n<p>El desenvolupament de la pol\u00edtica i la estrat\u00e8gia es sustenta en la efic\u00e0cia i efici\u00e8ncia dels processos, no tant sols d\u2019aquells que responen directament als requisits dels usuaris sin\u00f3 tamb\u00e9 de tots aquells que incideixen en el col\u00b7lectiu que participa de la seva activitat.<\/p>\n<p>Aconseguir satisfer les necessitats dels grups d\u2019inter\u00e8s (usuaris, fam\u00edlies, empreses, treballadors del centre i societat) es la fita i el repte que es proposa<\/p>\n<p>El comprom\u00eds de la qualitat afecta tota l\u2019organitzaci\u00f3 i tota la comunitat educativa, que accepta aquest repte i assumeix la responsabilitat de participar activament en el desenvolupament i millora de la qualitat.<\/p>\n<p>L\u2019Equip directiu recolzar\u00e0 decididament al personal del centre en el desenvolupament de les seves funcions i els proporcionar\u00e0 els mitjans que estiguin al seu abast per assolir els objectius de qualitat.<\/p>\n<h3><\/h3>\n<h3>Pol\u00edtica de la Qualitat<\/h3>\n<p>En definitiva els principis b\u00e0sics de la Pol\u00edtica de Qualitat de l\u00b4INS La Ferreria, sempre d&#8217;acord a la normativa legal de refer\u00e8ncia, s\u00f3n els seg\u00fcents:<\/p>\n<ul>\n<li>Educar persones en els valors democr\u00e0tics, que els garanteixi una integraci\u00f3 \u00f2ptima en la societat, aix\u00ed com una millor preparaci\u00f3 personal i intelectual possible que permeti alhora millorar la cohesi\u00f3 social.<\/li>\n<li>La gesti\u00f3 per processos orientada cap a la millora cont\u00ednua des de la planificaci\u00f3, el desenvolupament, l\u00b4avaluaci\u00f3 i reflexi\u00f3\/revisi\u00f3. Identificar i gestionar per tant els processos que es realitzen en el centre establint-ne les relacions existents entre ells, responsables de cadascun i establint-ne par\u00e0metres d\u2019acceptaci\u00f3.<\/li>\n<li>Implantaci\u00f3 i desenvolupament d\u00b4un sistema de gesti\u00f3 que pren com a referent la norma UNE-EN ISO 9001:2015<\/li>\n<li>Revisi\u00f3 del sistema de gesti\u00f3 i actualitzaci\u00f3 peri\u00f2dica dels processos.<\/li>\n<li>Mesura i an\u00e0lisi peri\u00f2dic de la satisfacci\u00f3 de la nostra comunitat educativa.<\/li>\n<li>La millora dels resultats a partir d\u00b4indicadors i objectius plantejats.<\/li>\n<li>Satisfer les demandes i expectatives de formaci\u00f3 de la comunitat educativa i facilitar tots els recursos possibles per tal d\u2019aconseguir els objectius que es proposi el centre peri\u00f2dicament<\/li>\n<li>Implantar un sistema de revisi\u00f3 constant, permanent de la gesti\u00f3 per tal de progressar en la millora continua, identificant errors en estat inicial i posant mesures per evitar que es repeteixin.<\/li>\n<li>Establir un sistema de comunicaci\u00f3 \u00e0gil per tal de recollir opinions, suggeriments, iniciatives, expectatives de tota la comunitat educativa, institucions, empreses i en general totes les parts interessades i poder-ne donar resposta.<\/li>\n<\/ul>\n<p>&nbsp;<\/p>\n<h3>Objectius de la Qualitat<\/h3>\n<ul>\n<li>Consolidaci\u00f3 de la ISO 9001:2015<\/li>\n<li>Treballar per definir un primer disseny autoavaluaci\u00f3 segons model E2CAT.<\/li>\n<\/ul>\n<p>&nbsp;<\/p>\n<h3><a href=\"https:\/\/agora.xtec.cat\/ieslaferreria\/wp-content\/uploads\/usu1893\/2024\/06\/9001-CAT-INSTITUT-LA-FERRERIA_signed.pdf\" target=\"_blank\" rel=\"noopener\">Certificat 9001<\/a><\/h3>\n<p>&nbsp;<\/p>\n<p>&nbsp;<\/p>\n","protected":false},"excerpt":{"rendered":"<p>&nbsp;<br \/>\n<a href=\"https:\/\/agora.xtec.cat\/ieslaferreria\/wp-content\/uploads\/usu1893\/2024\/05\/RGB_ES.png\"><\/a>L&#8217;INS La Ferreria \u00e9s un centre educatiu p\u00fablic depenent del Departament d\u00b4Ensenyament de la Generalitat de Catalunya.<br \/>\nEl curs 2011-12, va assolir la certificaci\u00f3 de qualitat ISO 9001, fet que ens avala com a centre amb iniciativa, responsabilitat i on treballem per fer la feina&hellip;  <a href=\"https:\/\/agora.xtec.cat\/ieslaferreria\/politica-qualitat\/\" title=\"Read Pol\u00edtica Qualitat\">Llegeix m\u00e9s\u00bb<\/a><\/p>\n","protected":false},"author":1,"featured_media":0,"parent":0,"menu_order":0,"comment_status":"closed","ping_status":"closed","template":"","meta":{"_bbp_topic_count":0,"_bbp_reply_count":0,"_bbp_total_topic_count":0,"_bbp_total_reply_count":0,"_bbp_voice_count":0,"_bbp_anonymous_reply_count":0,"_bbp_topic_count_hidden":0,"_bbp_reply_count_hidden":0,"_bbp_forum_subforum_count":0,"footnotes":""},"class_list":["post-709","page","type-page","status-publish","hentry"],"post_mailing_queue_ids":[],"_links":{"self":[{"href":"https:\/\/agora.xtec.cat\/ieslaferreria\/wp-json\/wp\/v2\/pages\/709","targetHints":{"allow":["GET"]}}],"collection":[{"href":"https:\/\/agora.xtec.cat\/ieslaferreria\/wp-json\/wp\/v2\/pages"}],"about":[{"href":"https:\/\/agora.xtec.cat\/ieslaferreria\/wp-json\/wp\/v2\/types\/page"}],"author":[{"embeddable":true,"href":"https:\/\/agora.xtec.cat\/ieslaferreria\/wp-json\/wp\/v2\/users\/1"}],"replies":[{"embeddable":true,"href":"https:\/\/agora.xtec.cat\/ieslaferreria\/wp-json\/wp\/v2\/comments?post=709"}],"version-history":[{"count":6,"href":"https:\/\/agora.xtec.cat\/ieslaferreria\/wp-json\/wp\/v2\/pages\/709\/revisions"}],"predecessor-version":[{"id":1542,"href":"https:\/\/agora.xtec.cat\/ieslaferreria\/wp-json\/wp\/v2\/pages\/709\/revisions\/1542"}],"wp:attachment":[{"href":"https:\/\/agora.xtec.cat\/ieslaferreria\/wp-json\/wp\/v2\/media?parent=709"}],"curies":[{"name":"wp","href":"https:\/\/api.w.org\/{rel}","templated":true}]}}