{"id":607,"date":"2021-02-14T21:07:10","date_gmt":"2021-02-14T20:07:10","guid":{"rendered":"http:\/\/agora.xtec.cat\/ieslaferreria\/?page_id=607"},"modified":"2023-03-21T18:48:38","modified_gmt":"2023-03-21T17:48:38","slug":"historia","status":"publish","type":"page","link":"https:\/\/agora.xtec.cat\/ieslaferreria\/historia\/","title":{"rendered":"Hist\u00f2ria"},"content":{"rendered":"<h3><\/h3>\n<h3>Fem mem\u00f2ria<\/h3>\n<p>&nbsp;<\/p>\n<p>L&#8217;origen del nostre centre s&#8217;ha de situar l&#8217;any 1962. Les greus inundacions del dia 25 de setembre de 1962 van arrasar bona part de la comarca del Vall\u00e8s Occidental. Les actuacions de reconstrucci\u00f3<a href=\"https:\/\/agora.xtec.cat\/ieslaferreria\/wp-content\/uploads\/usu1893\/2023\/03\/friuades1ombra.jpg\"><img loading=\"lazy\" decoding=\"async\" class=\"size-full wp-image-880 alignright\" src=\"https:\/\/agora.xtec.cat\/ieslaferreria\/wp-content\/uploads\/usu1893\/2023\/03\/friuades1ombra.jpg\" alt=\"\" width=\"281\" height=\"198\" \/><\/a> portades a terme al llarg dels anys seg\u00fcents facilitaren la creaci\u00f3 de millors infraestructures i equipaments per les zones afectades per les riuades, fent possible el neixement -amb nom incl\u00f2s- del centre.<\/p>\n<p>&nbsp;<\/p>\n<p>&nbsp;<\/p>\n<p><img loading=\"lazy\" decoding=\"async\" class=\"size-full wp-image-884 alignleft\" src=\"https:\/\/agora.xtec.cat\/ieslaferreria\/wp-content\/uploads\/usu1893\/2023\/03\/fprimerpisiesombra.jpg\" alt=\"\" width=\"270\" height=\"206\" \/>En un primer moment el centre va ser un Col\u00b7legi d&#8217;Ensenyament Primari, \u00a0 per\u00f2 l&#8217;any 1976 es va reconvertir en Institut de Formaci\u00f3 Professional.<br \/>\nAquesta imatge ens transporta a d&#8217;altres temps&#8230;<br \/>\nGaireb\u00e9 despr\u00e9s de 20 anys de funcionament sense interrupci\u00f3, es produeix el trasllat al pol\u00edgon de la Ferreria a l&#8217;inici del curs 95\/96. La inauguraci\u00f3 del nou edifici es fa el 30 d&#8217;octubre de 1995, ofertant a la poblaci\u00f3 la possibilitat de cursar tots els nivells del nou sistema educatiu.<\/p>\n<p>&nbsp;<\/p>\n<p><a href=\"https:\/\/agora.xtec.cat\/ieslaferreria\/wp-content\/uploads\/usu1893\/2023\/03\/faula1967ombra.jpg\"><img loading=\"lazy\" decoding=\"async\" class=\"size-large wp-image-885 alignright\" src=\"https:\/\/agora.xtec.cat\/ieslaferreria\/wp-content\/uploads\/usu1893\/2023\/03\/faula1967ombra.jpg\" alt=\"\" width=\"280\" height=\"211\" srcset=\"https:\/\/agora.xtec.cat\/ieslaferreria\/wp-content\/uploads\/usu1893\/2023\/03\/faula1967ombra.jpg 280w, https:\/\/agora.xtec.cat\/ieslaferreria\/wp-content\/uploads\/usu1893\/2023\/03\/faula1967ombra-200x150.jpg 200w\" sizes=\"auto, (max-width: 280px) 100vw, 280px\" \/><\/a>Aquestes noves instal\u00b7lacions de l&#8217;IES 25 de Setembre poden ser considerades com unes de les m\u00e9s modernes de tota Catalunya.<br \/>\nDisseny i funcionalitat es combinen al nou edifici.<br \/>\nA partir de l&#8217;any 2002 el nostre centre ha canviat la seva denominaci\u00f3 de &#8220;IES 25 de Setembre&#8221; a la de &#8220;INS La Ferreria&#8221;, recollint una pr\u00e0ctica assumida pel com\u00fa de la ciutadania del municipi.<\/p>\n","protected":false},"excerpt":{"rendered":"<p>Fem mem\u00f2ria<br \/>\n&nbsp;<br \/>\nL&#8217;origen del nostre centre s&#8217;ha de situar l&#8217;any 1962. Les greus inundacions del dia 25 de setembre de 1962 van arrasar bona part de la comarca del Vall\u00e8s Occidental. Les actuacions de reconstrucci\u00f3<a href=\"https:\/\/agora.xtec.cat\/ieslaferreria\/wp-content\/uploads\/usu1893\/2023\/03\/friuades1ombra.jpg\"><\/a> portades a terme al llarg dels anys seg\u00fcents facilitaren la&hellip;  <a href=\"https:\/\/agora.xtec.cat\/ieslaferreria\/historia\/\" title=\"Read Hist\u00f2ria\">Llegeix m\u00e9s\u00bb<\/a><\/p>\n","protected":false},"author":1,"featured_media":0,"parent":0,"menu_order":0,"comment_status":"closed","ping_status":"closed","template":"","meta":{"_bbp_topic_count":0,"_bbp_reply_count":0,"_bbp_total_topic_count":0,"_bbp_total_reply_count":0,"_bbp_voice_count":0,"_bbp_anonymous_reply_count":0,"_bbp_topic_count_hidden":0,"_bbp_reply_count_hidden":0,"_bbp_forum_subforum_count":0,"footnotes":""},"class_list":["post-607","page","type-page","status-publish","hentry"],"post_mailing_queue_ids":[],"_links":{"self":[{"href":"https:\/\/agora.xtec.cat\/ieslaferreria\/wp-json\/wp\/v2\/pages\/607","targetHints":{"allow":["GET"]}}],"collection":[{"href":"https:\/\/agora.xtec.cat\/ieslaferreria\/wp-json\/wp\/v2\/pages"}],"about":[{"href":"https:\/\/agora.xtec.cat\/ieslaferreria\/wp-json\/wp\/v2\/types\/page"}],"author":[{"embeddable":true,"href":"https:\/\/agora.xtec.cat\/ieslaferreria\/wp-json\/wp\/v2\/users\/1"}],"replies":[{"embeddable":true,"href":"https:\/\/agora.xtec.cat\/ieslaferreria\/wp-json\/wp\/v2\/comments?post=607"}],"version-history":[{"count":3,"href":"https:\/\/agora.xtec.cat\/ieslaferreria\/wp-json\/wp\/v2\/pages\/607\/revisions"}],"predecessor-version":[{"id":889,"href":"https:\/\/agora.xtec.cat\/ieslaferreria\/wp-json\/wp\/v2\/pages\/607\/revisions\/889"}],"wp:attachment":[{"href":"https:\/\/agora.xtec.cat\/ieslaferreria\/wp-json\/wp\/v2\/media?parent=607"}],"curies":[{"name":"wp","href":"https:\/\/api.w.org\/{rel}","templated":true}]}}