{"id":533,"date":"2021-02-13T16:02:54","date_gmt":"2021-02-13T15:02:54","guid":{"rendered":"http:\/\/agora.xtec.cat\/ieslaferreria\/?page_id=533"},"modified":"2022-03-18T09:57:58","modified_gmt":"2022-03-18T08:57:58","slug":"fp-dual","status":"publish","type":"page","link":"https:\/\/agora.xtec.cat\/ieslaferreria\/fp-dual\/","title":{"rendered":"FP DUAL"},"content":{"rendered":"<p><span style=\"color: #000000;\">A l&#8217;Institut La Ferreria de Montcada i Reixac, apostem per la FP DUAL, com a eina de millora educativa en la formaci\u00f3 dels nostres joves. Volem apropar-nos a l&#8217;empresa i que l&#8217;empresa s&#8217;apropi a nosaltres. Recordem que la formaci\u00f3 dual \u00e9s la modalitat de la formaci\u00f3 professional (FP) en la qual l\u2019estudiant esdev\u00e9 aprenent i combina la formaci\u00f3 en el centre educatiu amb l\u2019activitat productiva en l\u2019empresa. L&#8217;alumne, apr\u00e8n treballant i treballa aprenent.<\/span><\/p>\n<p>&nbsp;<\/p>\n<h5>Vols saber m\u00e9s sobre la FP Dual?<\/h5>\n<div><\/div>\n<table style=\"width: 338px; text-align: center; border-style: none; height: 109px;\">\n<tbody>\n<tr style=\"height: 109px;\">\n<td style=\"width: 148px; border-style: none; height: 109px;\"><span style=\"color: #000000;\"><a href=\"http:\/\/agora.xtec.cat\/ieslaferreria\/fp-dual\/fp-dual-alumne\/\"><img loading=\"lazy\" decoding=\"async\" class=\"alignnone wp-image-704 size-full\" src=\"https:\/\/agora.xtec.cat\/ieslaferreria\/wp-content\/uploads\/usu1893\/2021\/03\/estudianteblanco-e1616167347556.jpg\" alt=\"\" width=\"100\" height=\"76\" \/><br \/>\n<span style=\"font-family: Ravie;\"><span style=\"color: #000000;\">Si ets alumne<\/span><\/span><\/a><\/span><\/td>\n<td style=\"width: 20px; border-style: none; height: 109px;\"><\/td>\n<td style=\"width: 163.2px; border-style: none; height: 109px;\"><a href=\"http:\/\/agora.xtec.cat\/ieslaferreria\/fp-dual\/fp-dual-empresa\/\"><img loading=\"lazy\" decoding=\"async\" class=\"alignnone size-full wp-image-705\" src=\"https:\/\/agora.xtec.cat\/ieslaferreria\/wp-content\/uploads\/usu1893\/2021\/03\/empresablancoN-e1616167384252.jpg\" alt=\"\" width=\"100\" height=\"76\" \/><br \/>\n<span style=\"font-family: Ravie;\"><span style=\"color: #000000;\">Si ets empresa<\/span> <\/span><\/a><\/td>\n<\/tr>\n<\/tbody>\n<\/table>\n<p>&nbsp;<\/p>\n<p>&nbsp;<\/p>\n<p>&nbsp;<\/p>\n","protected":false},"excerpt":{"rendered":"<p>A l&#8217;Institut La Ferreria de Montcada i Reixac, apostem per la FP DUAL, com a eina de millora educativa en la formaci\u00f3 dels nostres joves. Volem apropar-nos a l&#8217;empresa i que l&#8217;empresa s&#8217;apropi a nosaltres. Recordem que la formaci\u00f3 dual \u00e9s la modalitat de la&hellip;  <a href=\"https:\/\/agora.xtec.cat\/ieslaferreria\/fp-dual\/\" title=\"Read FP DUAL\">Llegeix m\u00e9s\u00bb<\/a><\/p>\n","protected":false},"author":1,"featured_media":0,"parent":0,"menu_order":0,"comment_status":"closed","ping_status":"closed","template":"","meta":{"_bbp_topic_count":0,"_bbp_reply_count":0,"_bbp_total_topic_count":0,"_bbp_total_reply_count":0,"_bbp_voice_count":0,"_bbp_anonymous_reply_count":0,"_bbp_topic_count_hidden":0,"_bbp_reply_count_hidden":0,"_bbp_forum_subforum_count":0,"footnotes":""},"class_list":["post-533","page","type-page","status-publish","hentry"],"post_mailing_queue_ids":[],"_links":{"self":[{"href":"https:\/\/agora.xtec.cat\/ieslaferreria\/wp-json\/wp\/v2\/pages\/533","targetHints":{"allow":["GET"]}}],"collection":[{"href":"https:\/\/agora.xtec.cat\/ieslaferreria\/wp-json\/wp\/v2\/pages"}],"about":[{"href":"https:\/\/agora.xtec.cat\/ieslaferreria\/wp-json\/wp\/v2\/types\/page"}],"author":[{"embeddable":true,"href":"https:\/\/agora.xtec.cat\/ieslaferreria\/wp-json\/wp\/v2\/users\/1"}],"replies":[{"embeddable":true,"href":"https:\/\/agora.xtec.cat\/ieslaferreria\/wp-json\/wp\/v2\/comments?post=533"}],"version-history":[{"count":3,"href":"https:\/\/agora.xtec.cat\/ieslaferreria\/wp-json\/wp\/v2\/pages\/533\/revisions"}],"predecessor-version":[{"id":738,"href":"https:\/\/agora.xtec.cat\/ieslaferreria\/wp-json\/wp\/v2\/pages\/533\/revisions\/738"}],"wp:attachment":[{"href":"https:\/\/agora.xtec.cat\/ieslaferreria\/wp-json\/wp\/v2\/media?parent=533"}],"curies":[{"name":"wp","href":"https:\/\/api.w.org\/{rel}","templated":true}]}}