{"id":509,"date":"2020-06-19T10:27:52","date_gmt":"2020-06-19T08:27:52","guid":{"rendered":"http:\/\/agora.xtec.cat\/ieslaferreria\/?page_id=509"},"modified":"2023-11-20T16:43:09","modified_gmt":"2023-11-20T15:43:09","slug":"cicles-formatius","status":"publish","type":"page","link":"https:\/\/agora.xtec.cat\/ieslaferreria\/cicles-formatius\/","title":{"rendered":"Cicles Formatius"},"content":{"rendered":"<h3>FAMILIA DE SANITAT<\/h3>\n<div class=\"oKdM2c\">\n<div id=\"h.112a5ba8c21b1a0e_76\" class=\"hJDwNd-AhqUyc-EehZO jXK9ad D2fZ2 GNzUNc\">\n<div class=\"jXK9ad-SmKAyb\">\n<div class=\"tyJCtd mGzaTb baZpAe\">\n<p class=\"zfr3Q\" dir=\"ltr\"><a href=\"http:\/\/agora.xtec.cat\/ieslaferreria\/cures-dauxiliar-dinfermeria\/\"><span class=\" aw5Odc\">CFGM Cures d&#8217;Auxiliar d&#8217;Infermeria<\/span><\/a><\/p>\n<\/div>\n<\/div>\n<\/div>\n<\/div>\n<div class=\"oKdM2c\">\n<div id=\"h.112a5ba8c21b1a0e_46\" class=\"hJDwNd-AhqUyc-EehZO jXK9ad D2fZ2 GNzUNc\">\n<div class=\"jXK9ad-SmKAyb\">\n<div class=\"tyJCtd mGzaTb baZpAe\">\n<p class=\"zfr3Q\" dir=\"ltr\"><a href=\"http:\/\/agora.xtec.cat\/ieslaferreria\/higene-bucodental\/\"><span class=\" aw5Odc\">CFGS Higiene Bucodental<\/span><\/a><\/p>\n<\/div>\n<\/div>\n<\/div>\n<\/div>\n<div class=\"oKdM2c\">\n<div id=\"h.112a5ba8c21b1a0e_90\" class=\"hJDwNd-AhqUyc-EehZO jXK9ad D2fZ2 wHaque GNzUNc\">\n<div class=\"jXK9ad-SmKAyb\">\n<div class=\"tyJCtd mGzaTb baZpAe\">\n<p class=\"zfr3Q\" dir=\"ltr\"><a href=\"http:\/\/agora.xtec.cat\/ieslaferreria\/protesis-dentar\/\"><span class=\" aw5Odc\">CFGS Pr\u00f2tesis Dental<\/span><\/a><\/p>\n<\/div>\n<\/div>\n<\/div>\n<\/div>\n<h3>FAMILIA SERVEIS A LA COMUNITAT<\/h3>\n<p><a href=\"http:\/\/agora.xtec.cat\/ieslaferreria\/atencio-a-persones-en-situacio-de-dependencia\/\">CFGM Atenci\u00f3 a persones en situaci\u00f3 de depend\u00e8ncia<\/a><\/p>\n<p><a href=\"http:\/\/agora.xtec.cat\/ieslaferreria\/animacio-sociocultural-i-turistica\/\">CFGS Animaci\u00f3 Sociocultural i Tur\u00edstica<\/a><\/p>\n<h3>FAMILIA DE INFORM\u00c0TICA<\/h3>\n<div class=\"oKdM2c\">\n<div id=\"h.112a5ba8c21b1a0e_98\" class=\"hJDwNd-AhqUyc-EehZO jXK9ad D2fZ2 GNzUNc\">\n<div class=\"jXK9ad-SmKAyb\">\n<div class=\"tyJCtd mGzaTb baZpAe\">\n<p class=\"zfr3Q\" dir=\"ltr\"><a href=\"http:\/\/agora.xtec.cat\/ieslaferreria\/sistemes-microinformatics\/\"><span class=\" aw5Odc\">CFGM Sistemes Microinform\u00e0tics i Xarxes<\/span><\/a><\/p>\n<\/div>\n<\/div>\n<\/div>\n<\/div>\n<div class=\"oKdM2c\">\n<div id=\"h.112a5ba8c21b1a0e_114\" class=\"hJDwNd-AhqUyc-EehZO jXK9ad D2fZ2 GNzUNc\">\n<div class=\"jXK9ad-SmKAyb\">\n<div class=\"tyJCtd mGzaTb baZpAe\">\n<p class=\"zfr3Q\" dir=\"ltr\"><a href=\"http:\/\/agora.xtec.cat\/ieslaferreria\/desenvolupament-daplicacions-multiplataforma\/\"><span class=\" aw5Odc\">CFGS Desenvolupament d&#8217;Aplicacions Multiplataforma<\/span><\/a><\/p>\n<\/div>\n<\/div>\n<\/div>\n<\/div>\n<div class=\"oKdM2c\">\n<div id=\"h.112a5ba8c21b1a0e_123\" class=\"hJDwNd-AhqUyc-EehZO jXK9ad D2fZ2 GNzUNc\">\n<div class=\"jXK9ad-SmKAyb\">\n<div class=\"tyJCtd mGzaTb baZpAe\">\n<p class=\"zfr3Q\" dir=\"ltr\"><a href=\"http:\/\/agora.xtec.cat\/ieslaferreria\/administracio-de-sistemes-i-xarxes\/\"><span class=\" aw5Odc\">CFGS Administraci\u00f3 de Sistemes Inform\u00e0tics en Xarxa<\/span><\/a><\/p>\n<\/div>\n<\/div>\n<\/div>\n<\/div>\n<div class=\"oKdM2c\">\n<div id=\"h.112a5ba8c21b1a0e_61\" class=\"hJDwNd-AhqUyc-EehZO jXK9ad D2fZ2 wHaque GNzUNc\">\n<div class=\"jXK9ad-SmKAyb\">\n<div class=\"tyJCtd mGzaTb baZpAe\">\n<p class=\"zfr3Q\" dir=\"ltr\"><a href=\"http:\/\/agora.xtec.cat\/ieslaferreria\/desenvolupament-daplicacions-web\/\"><span class=\" aw5Odc\">CFGS Desenvolupament d&#8217;Aplicacions Web (Perfil Bioinform\u00e0tica)<\/span><\/a><\/p>\n<\/div>\n<\/div>\n<\/div>\n<\/div>\n","protected":false},"excerpt":{"rendered":"<p>FAMILIA DE SANITAT<\/p>\n<p><a href=\"http:\/\/agora.xtec.cat\/ieslaferreria\/cures-dauxiliar-dinfermeria\/\">CFGM Cures d&#8217;Auxiliar d&#8217;Infermeria<\/a><\/p>\n<p><a href=\"http:\/\/agora.xtec.cat\/ieslaferreria\/higene-bucodental\/\">CFGS Higiene Bucodental<\/a><\/p>\n<p><a href=\"http:\/\/agora.xtec.cat\/ieslaferreria\/protesis-dentar\/\">CFGS Pr\u00f2tesis Dental<\/a><\/p>\n<p>FAMILIA SERVEIS A LA COMUNITAT<br \/>\n<a href=\"http:\/\/agora.xtec.cat\/ieslaferreria\/atencio-a-persones-en-situacio-de-dependencia\/\">CFGM Atenci\u00f3 a persones en situaci\u00f3 de depend\u00e8ncia<\/a><br \/>\n<a href=\"http:\/\/agora.xtec.cat\/ieslaferreria\/animacio-sociocultural-i-turistica\/\">CFGS Animaci\u00f3 Sociocultural i Tur\u00edstica<\/a><br \/>\nFAMILIA DE INFORM\u00c0TICA<\/p>\n<p><a href=\"http:\/\/agora.xtec.cat\/ieslaferreria\/sistemes-microinformatics\/\">CFGM Sistemes Microinform\u00e0tics i Xarxes<\/a><\/p>\n<p><a href=\"http:\/\/agora.xtec.cat\/ieslaferreria\/desenvolupament-daplicacions-multiplataforma\/\">CFGS Desenvolupament d&#8217;Aplicacions Multiplataforma<\/a><\/p>\n<p><a href=\"http:\/\/agora.xtec.cat\/ieslaferreria\/administracio-de-sistemes-i-xarxes\/\">CFGS Administraci\u00f3 de Sistemes&hellip;  <a href=\"https:\/\/agora.xtec.cat\/ieslaferreria\/cicles-formatius\/\" title=\"Read Cicles Formatius\">Llegeix m\u00e9s\u00bb<\/a><\/p>\n","protected":false},"author":1,"featured_media":0,"parent":0,"menu_order":0,"comment_status":"closed","ping_status":"closed","template":"","meta":{"_bbp_topic_count":0,"_bbp_reply_count":0,"_bbp_total_topic_count":0,"_bbp_total_reply_count":0,"_bbp_voice_count":0,"_bbp_anonymous_reply_count":0,"_bbp_topic_count_hidden":0,"_bbp_reply_count_hidden":0,"_bbp_forum_subforum_count":0,"footnotes":""},"class_list":["post-509","page","type-page","status-publish","hentry"],"post_mailing_queue_ids":[],"_links":{"self":[{"href":"https:\/\/agora.xtec.cat\/ieslaferreria\/wp-json\/wp\/v2\/pages\/509","targetHints":{"allow":["GET"]}}],"collection":[{"href":"https:\/\/agora.xtec.cat\/ieslaferreria\/wp-json\/wp\/v2\/pages"}],"about":[{"href":"https:\/\/agora.xtec.cat\/ieslaferreria\/wp-json\/wp\/v2\/types\/page"}],"author":[{"embeddable":true,"href":"https:\/\/agora.xtec.cat\/ieslaferreria\/wp-json\/wp\/v2\/users\/1"}],"replies":[{"embeddable":true,"href":"https:\/\/agora.xtec.cat\/ieslaferreria\/wp-json\/wp\/v2\/comments?post=509"}],"version-history":[{"count":4,"href":"https:\/\/agora.xtec.cat\/ieslaferreria\/wp-json\/wp\/v2\/pages\/509\/revisions"}],"predecessor-version":[{"id":1184,"href":"https:\/\/agora.xtec.cat\/ieslaferreria\/wp-json\/wp\/v2\/pages\/509\/revisions\/1184"}],"wp:attachment":[{"href":"https:\/\/agora.xtec.cat\/ieslaferreria\/wp-json\/wp\/v2\/media?parent=509"}],"curies":[{"name":"wp","href":"https:\/\/api.w.org\/{rel}","templated":true}]}}