{"id":21,"date":"2014-09-17T16:14:14","date_gmt":"2014-09-17T16:14:14","guid":{"rendered":"http:\/\/agora.xtec.cat\/ieslaferreria\/?page_id=21"},"modified":"2026-01-15T13:37:50","modified_gmt":"2026-01-15T12:37:50","slug":"on-som","status":"publish","type":"page","link":"https:\/\/agora.xtec.cat\/ieslaferreria\/on-som\/","title":{"rendered":"On som"},"content":{"rendered":"<p style=\"color: #666666;\"><strong>Ins La Ferreria<\/strong><br \/>\nCarrer del Progr\u00e9s 57<br \/>\n08110 Montcada i Reixac<br \/>\nTel\u00e8fon: 93 575 21 84<br \/>\nFax: 93 575 27 85<br \/>\neMail: <a href=\"mailto:a8044533@xtec.cat\" target=\"_blank\" rel=\"noopener\">a8044533@xtec.cat<\/a><\/p>\n<p><iframe loading=\"lazy\" style=\"border: 0;\" src=\"https:\/\/www.google.com\/maps\/embed?pb=!1m14!1m8!1m3!1d3554.3051671193493!2d2.181045498170858!3d41.48688184226548!3m2!1i1024!2i768!4f13.1!3m3!1m2!1s0x12a4bdc91e8164ab%3A0xaae2b2990479c591!2sInstitut%20La%20Ferrer%C3%ADa!5e0!3m2!1sca!2sus!4v1576765912371!5m2!1sca!2sus\" width=\"600\" height=\"450\" frameborder=\"0\" allowfullscreen=\"allowfullscreen\"><\/iframe><\/p>\n<p><strong>Com arribar-hi:<br \/>\n<\/strong><\/p>\n<p><strong>Des de Montcada:<\/strong><\/p>\n<ul>\n<li>Autob\u00fas 155 (Can Cuy\u00e0s-Sta.Ma.Montcada) amb parada davant de l&#8217;institut.<\/li>\n<\/ul>\n<p><strong>Des de Barcelona:<\/strong><\/p>\n<ul>\n<li>Autob\u00fas 96 (Sagrera-La Salle) i uns 13 minuts caminant.<\/li>\n<li>Tren RENFE direcci\u00f3 Manresa o Terrassa a la parada de Montaca i Reixac-Manresa i uns 12 minuts caminant.<\/li>\n<li>Veh\u00edcle privat per autopista A-18 sortida Montcada i Reixac, direcci\u00f3 Pol\u00edgon de La Ferreria.<\/li>\n<\/ul>\n<p><strong>Des de Manresa, Terrassa, Sabadell i Cerdanyola:<\/strong><\/p>\n<ul>\n<li>Tren RENFE direcci\u00f3 Barcelona parada a Montcada i Reixac-Manresa.<\/li>\n<li>Vehicle privat per autopista A-18 sortida Montcada i Reixac, direcci\u00f3 Pol\u00edgon de La Ferreria.<\/li>\n<\/ul>\n","protected":false},"excerpt":{"rendered":"<p>Ins La Ferreria<br \/>\nCarrer del Progr\u00e9s 57<br \/>\n08110 Montcada i Reixac<br \/>\nTel\u00e8fon: 93 575 21 84<br \/>\nFax: 93 575 27 85<br \/>\neMail: <a href=\"mailto:a8044533@xtec.cat\" target=\"_blank\" rel=\"noopener\">a8044533@xtec.cat<\/a><\/p>\n<p>Com arribar-hi:<\/p>\n<p>Des de Montcada:<\/p>\n<ul>\n<li>Autob\u00fas 155 (Can Cuy\u00e0s-Sta.Ma.Montcada) amb parada davant de l&#8217;institut.<\/li>\n<\/ul>\n<p>Des de Barcelona:<\/p>\n<ul>\n<li>Autob\u00fas 96 (Sagrera-La Salle) i uns 13 minuts caminant.<\/li>\n<li>Tren RENFE direcci\u00f3 Manresa&hellip;  <a href=\"https:\/\/agora.xtec.cat\/ieslaferreria\/on-som\/\" title=\"Read On som\">Llegeix m\u00e9s\u00bb<\/a><br \/>\n","protected":false},"author":1,"featured_media":0,"parent":0,"menu_order":10,"comment_status":"closed","ping_status":"closed","template":"page-templates\/side-menu.php","meta":{"_bbp_topic_count":0,"_bbp_reply_count":0,"_bbp_total_topic_count":0,"_bbp_total_reply_count":0,"_bbp_voice_count":0,"_bbp_anonymous_reply_count":0,"_bbp_topic_count_hidden":0,"_bbp_reply_count_hidden":0,"_bbp_forum_subforum_count":0,"footnotes":""},"class_list":["post-21","page","type-page","status-publish","hentry"],"post_mailing_queue_ids":[],"_links":{"self":[{"href":"https:\/\/agora.xtec.cat\/ieslaferreria\/wp-json\/wp\/v2\/pages\/21","targetHints":{"allow":["GET"]}}],"collection":[{"href":"https:\/\/agora.xtec.cat\/ieslaferreria\/wp-json\/wp\/v2\/pages"}],"about":[{"href":"https:\/\/agora.xtec.cat\/ieslaferreria\/wp-json\/wp\/v2\/types\/page"}],"author":[{"embeddable":true,"href":"https:\/\/agora.xtec.cat\/ieslaferreria\/wp-json\/wp\/v2\/users\/1"}],"replies":[{"embeddable":true,"href":"https:\/\/agora.xtec.cat\/ieslaferreria\/wp-json\/wp\/v2\/comments?post=21"}],"version-history":[{"count":5,"href":"https:\/\/agora.xtec.cat\/ieslaferreria\/wp-json\/wp\/v2\/pages\/21\/revisions"}],"predecessor-version":[{"id":2353,"href":"https:\/\/agora.xtec.cat\/ieslaferreria\/wp-json\/wp\/v2\/pages\/21\/revisions\/2353"}],"wp:attachment":[{"href":"https:\/\/agora.xtec.cat\/ieslaferreria\/wp-json\/wp\/v2\/media?parent=21"}],"curies":[{"name":"wp","href":"https:\/\/api.w.org\/{rel}","templated":true}]}}