{"id":1825,"date":"2024-12-15T21:14:46","date_gmt":"2024-12-15T20:14:46","guid":{"rendered":"https:\/\/agora.xtec.cat\/ieslaferreria\/?page_id=1825"},"modified":"2024-12-15T21:17:24","modified_gmt":"2024-12-15T20:17:24","slug":"borsa-professors-es-de-reforc","status":"publish","type":"page","link":"https:\/\/agora.xtec.cat\/ieslaferreria\/borsa-professors-es-de-reforc\/","title":{"rendered":"Borsa professors\/es de refor\u00e7"},"content":{"rendered":"<p>Ets alumne de Batxillerat o exalumne de la Ferre? Hem creat una borsa per tenir professors\/es de refor\u00e7 escolar en cas que algun alumne de l&#8217;ESO en necessiti. Si vols que contactem amb tu, deixa les teves prefer\u00e8ncies d&#8217;\u00e0mbits acad\u00e8mics per fer classe. Per fer-ho, aneu a <a href=\"https:\/\/docs.google.com\/forms\/d\/e\/1FAIpQLSfF3fvuz9df_9F1hm9Qh8tPL-iGHzMBR1sAoCPevdhJBkU35g\/viewform?usp=sf_link\" target=\"_blank\" rel=\"noopener\">aquest enlla\u00e7<\/a> i inscriviu-vos-hi.<\/p>\n","protected":false},"excerpt":{"rendered":"<p>Ets alumne de Batxillerat o exalumne de la Ferre? Hem creat una borsa per tenir professors\/es de refor\u00e7 escolar en cas que algun alumne de l&#8217;ESO en necessiti. Si vols que contactem amb tu, deixa les teves prefer\u00e8ncies d&#8217;\u00e0mbits acad\u00e8mics per fer classe. Per fer-ho,&hellip;  <a href=\"https:\/\/agora.xtec.cat\/ieslaferreria\/borsa-professors-es-de-reforc\/\" title=\"Read Borsa professors\/es de refor\u00e7\">Llegeix m\u00e9s\u00bb<\/a><\/p>\n","protected":false},"author":1,"featured_media":0,"parent":0,"menu_order":0,"comment_status":"closed","ping_status":"closed","template":"","meta":{"_bbp_topic_count":0,"_bbp_reply_count":0,"_bbp_total_topic_count":0,"_bbp_total_reply_count":0,"_bbp_voice_count":0,"_bbp_anonymous_reply_count":0,"_bbp_topic_count_hidden":0,"_bbp_reply_count_hidden":0,"_bbp_forum_subforum_count":0,"footnotes":""},"class_list":["post-1825","page","type-page","status-publish","hentry"],"post_mailing_queue_ids":[],"_links":{"self":[{"href":"https:\/\/agora.xtec.cat\/ieslaferreria\/wp-json\/wp\/v2\/pages\/1825","targetHints":{"allow":["GET"]}}],"collection":[{"href":"https:\/\/agora.xtec.cat\/ieslaferreria\/wp-json\/wp\/v2\/pages"}],"about":[{"href":"https:\/\/agora.xtec.cat\/ieslaferreria\/wp-json\/wp\/v2\/types\/page"}],"author":[{"embeddable":true,"href":"https:\/\/agora.xtec.cat\/ieslaferreria\/wp-json\/wp\/v2\/users\/1"}],"replies":[{"embeddable":true,"href":"https:\/\/agora.xtec.cat\/ieslaferreria\/wp-json\/wp\/v2\/comments?post=1825"}],"version-history":[{"count":1,"href":"https:\/\/agora.xtec.cat\/ieslaferreria\/wp-json\/wp\/v2\/pages\/1825\/revisions"}],"predecessor-version":[{"id":1826,"href":"https:\/\/agora.xtec.cat\/ieslaferreria\/wp-json\/wp\/v2\/pages\/1825\/revisions\/1826"}],"wp:attachment":[{"href":"https:\/\/agora.xtec.cat\/ieslaferreria\/wp-json\/wp\/v2\/media?parent=1825"}],"curies":[{"name":"wp","href":"https:\/\/api.w.org\/{rel}","templated":true}]}}