{"id":1573,"date":"2024-06-17T21:52:19","date_gmt":"2024-06-17T19:52:19","guid":{"rendered":"https:\/\/agora.xtec.cat\/ieslaferreria\/?page_id=1573"},"modified":"2024-06-17T21:59:03","modified_gmt":"2024-06-17T19:59:03","slug":"com-registrar-te-a-matricula","status":"publish","type":"page","link":"https:\/\/agora.xtec.cat\/ieslaferreria\/com-registrar-te-a-matricula\/","title":{"rendered":"Com registrar-te a Matr\u00edcula"},"content":{"rendered":"<fieldset>\n<legend align=\"center\">Guia de l&#8217;usuari<\/legend>\n<div style=\"text-align: justify;\" align=\"left\">Benvinguts a la guia per usuaris. A continuaci\u00f3 us explicarem els passos recomanats per a registrar-vos i iniciar sessi\u00f3 correctament amb el nou disseny de la p\u00e0gina web.<\/div>\n<div align=\"left\"><\/div>\n<div style=\"text-align: justify;\" align=\"left\">Abans de poder iniciar la sessi\u00f3, es necessari registrar-ne les dades del alumne en la web.<\/div>\n<div align=\"left\"><\/div>\n<div style=\"text-align: justify;\" align=\"left\">Accediu al enlla\u00e7 &#8220;REGISTRAR-TE&#8221; i s&#8217;obrir\u00e0 una taula amb totes les dades personals que s&#8217;han d`introduir per poder registrar-te.<\/div>\n<p>&nbsp;<\/p>\n<div align=\"center\"><a href=\"https:\/\/agora.xtec.cat\/ieslaferreria\/wp-content\/uploads\/usu1893\/2024\/06\/registrarte2.png\"><img loading=\"lazy\" decoding=\"async\" class=\"alignnone size-medium wp-image-1576\" src=\"https:\/\/agora.xtec.cat\/ieslaferreria\/wp-content\/uploads\/usu1893\/2024\/06\/registrarte2-300x225.png\" alt=\"\" width=\"300\" height=\"225\" srcset=\"https:\/\/agora.xtec.cat\/ieslaferreria\/wp-content\/uploads\/usu1893\/2024\/06\/registrarte2-300x225.png 300w, https:\/\/agora.xtec.cat\/ieslaferreria\/wp-content\/uploads\/usu1893\/2024\/06\/registrarte2-768x576.png 768w, https:\/\/agora.xtec.cat\/ieslaferreria\/wp-content\/uploads\/usu1893\/2024\/06\/registrarte2-200x150.png 200w, https:\/\/agora.xtec.cat\/ieslaferreria\/wp-content\/uploads\/usu1893\/2024\/06\/registrarte2.png 806w\" sizes=\"auto, (max-width: 300px) 100vw, 300px\" \/><\/a><\/div>\n<p>&nbsp;<\/p>\n<div style=\"text-align: justify;\" align=\"left\">Analitzeu que les vostres dades s&#8217;han introdu\u00eft correctament en tots els camps. (fletxa1) Especialment el DNI d&#8217;usuari que es requereix per a iniciar la sessi\u00f3 i el correu que es on ens enviaran la contrasenya.(La resta de dades es poden modificar abans de crear la matr\u00edcula).<\/div>\n<div align=\"left\"><\/div>\n<div style=\"text-align: justify;\" align=\"left\">Una vegada omplert el formulari, fem clic al bot\u00f3 registrar-te (fletxa2).<\/div>\n<p>&nbsp;<\/p>\n<div align=\"center\"><a href=\"https:\/\/agora.xtec.cat\/ieslaferreria\/wp-content\/uploads\/usu1893\/2024\/06\/registrarte3.png\"><img loading=\"lazy\" decoding=\"async\" class=\"alignnone size-medium wp-image-1578\" src=\"https:\/\/agora.xtec.cat\/ieslaferreria\/wp-content\/uploads\/usu1893\/2024\/06\/registrarte3-300x36.png\" alt=\"\" width=\"300\" height=\"36\" srcset=\"https:\/\/agora.xtec.cat\/ieslaferreria\/wp-content\/uploads\/usu1893\/2024\/06\/registrarte3-300x36.png 300w, https:\/\/agora.xtec.cat\/ieslaferreria\/wp-content\/uploads\/usu1893\/2024\/06\/registrarte3.png 433w\" sizes=\"auto, (max-width: 300px) 100vw, 300px\" \/><\/a><\/div>\n<p>&nbsp;<\/p>\n<div style=\"text-align: justify;\" align=\"left\">En el cas d&#8217;haver introdu\u00eft el correu de forma equivocada o de no rebre la contrasenya heu d&#8217;accedir a la pestanya &#8220;Eliminar usuari&#8221;, en el men\u00fa superior de la p\u00e0gina. S&#8217;obrir\u00e0 una taula on haureu d&#8217;introduir el vostre DNI\/NIF. Una vegada eliminat l&#8217;usuari, tindreu que tornar a registrar-vos.<\/div>\n<p>&nbsp;<\/p>\n<div align=\"center\"><a href=\"https:\/\/agora.xtec.cat\/ieslaferreria\/wp-content\/uploads\/usu1893\/2024\/06\/Inici-de-sessio.png\"><img loading=\"lazy\" decoding=\"async\" class=\"alignnone size-medium wp-image-1580\" src=\"https:\/\/agora.xtec.cat\/ieslaferreria\/wp-content\/uploads\/usu1893\/2024\/06\/Inici-de-sessio-300x30.png\" alt=\"\" width=\"300\" height=\"30\" srcset=\"https:\/\/agora.xtec.cat\/ieslaferreria\/wp-content\/uploads\/usu1893\/2024\/06\/Inici-de-sessio-300x30.png 300w, https:\/\/agora.xtec.cat\/ieslaferreria\/wp-content\/uploads\/usu1893\/2024\/06\/Inici-de-sessio.png 584w\" sizes=\"auto, (max-width: 300px) 100vw, 300px\" \/><\/a><\/div>\n<p>&nbsp;<\/p>\n<div style=\"text-align: justify;\" align=\"left\">Una vegada heu registrat correctament l&#8217;usuari, rebreu un correu amb informaci\u00f3 del vostre compte aix\u00f2 com la vostra contrasenya per iniciar sessi\u00f3.<\/div>\n<p>&nbsp;<\/p>\n<p><a href=\"https:\/\/agora.xtec.cat\/ieslaferreria\/wp-content\/uploads\/usu1893\/2024\/06\/Inici-de-sessio1.png\"><img loading=\"lazy\" decoding=\"async\" class=\"size-medium wp-image-1581 aligncenter\" src=\"https:\/\/agora.xtec.cat\/ieslaferreria\/wp-content\/uploads\/usu1893\/2024\/06\/Inici-de-sessio1-300x42.png\" alt=\"\" width=\"300\" height=\"42\" srcset=\"https:\/\/agora.xtec.cat\/ieslaferreria\/wp-content\/uploads\/usu1893\/2024\/06\/Inici-de-sessio1-300x42.png 300w, https:\/\/agora.xtec.cat\/ieslaferreria\/wp-content\/uploads\/usu1893\/2024\/06\/Inici-de-sessio1.png 435w\" sizes=\"auto, (max-width: 300px) 100vw, 300px\" \/><\/a><\/p>\n<div style=\"text-align: center;\" align=\"center\"><\/div>\n<p>&nbsp;<\/p>\n<div style=\"text-align: justify;\" align=\"left\">Accediu a la pestanya &#8220;Inici de sessi\u00f3&#8221; en el men\u00fa superior de la p\u00e0gina i s`obrir\u00e0 el formulari per poder iniciar sessi\u00f3.<\/div>\n<p>&nbsp;<\/p>\n<div align=\"center\"><a href=\"https:\/\/agora.xtec.cat\/ieslaferreria\/wp-content\/uploads\/usu1893\/2024\/06\/Inici-de-sessio2.png\"><img loading=\"lazy\" decoding=\"async\" class=\"alignnone size-medium wp-image-1579\" src=\"https:\/\/agora.xtec.cat\/ieslaferreria\/wp-content\/uploads\/usu1893\/2024\/06\/Inici-de-sessio2-300x195.png\" alt=\"\" width=\"300\" height=\"195\" srcset=\"https:\/\/agora.xtec.cat\/ieslaferreria\/wp-content\/uploads\/usu1893\/2024\/06\/Inici-de-sessio2-300x195.png 300w, https:\/\/agora.xtec.cat\/ieslaferreria\/wp-content\/uploads\/usu1893\/2024\/06\/Inici-de-sessio2.png 310w\" sizes=\"auto, (max-width: 300px) 100vw, 300px\" \/><\/a><\/div>\n<p>&nbsp;<\/p>\n<div style=\"text-align: justify;\" align=\"left\">En aquesta p\u00e0gina heu d&#8217;introduir el DNI que heu posat a l&#8217;hora de registrar-vos i la contrasenya que heu rebut per al correu electr\u00f2nic (fletxa1). Una vegada introdu\u00efdes les dades, feu clic al bot\u00f3 &#8220;Entrada&#8221;.<\/div>\n<\/fieldset>\n<h2 align=\"left\"><\/h2>\n<h2 style=\"text-align: center;\" align=\"left\"><a href=\"https:\/\/matricula.inslaferreria.net\/MatriculesAlumnes\/\" target=\"_blank\" rel=\"noopener\">Aplicaci\u00f3 de matr\u00edcula CCFF<\/a><\/h2>\n<div align=\"left\"><\/div>\n<div align=\"left\"><\/div>\n<div align=\"left\"><\/div>\n","protected":false},"excerpt":{"rendered":"<p>Guia de l&#8217;usuari<br \/>\nBenvinguts a la guia per usuaris. A continuaci\u00f3 us explicarem els passos recomanats per a registrar-vos i iniciar sessi\u00f3 correctament amb el nou disseny de la p\u00e0gina web.<\/p>\n<p>Abans de poder iniciar la sessi\u00f3, es necessari registrar-ne les dades del alumne en la web.<\/p>\n<p>Accediu&hellip;  <a href=\"https:\/\/agora.xtec.cat\/ieslaferreria\/com-registrar-te-a-matricula\/\" title=\"Read Com registrar-te a Matr\u00edcula\">Llegeix m\u00e9s\u00bb<\/a><\/p>\n","protected":false},"author":1,"featured_media":0,"parent":0,"menu_order":0,"comment_status":"closed","ping_status":"closed","template":"","meta":{"_bbp_topic_count":0,"_bbp_reply_count":0,"_bbp_total_topic_count":0,"_bbp_total_reply_count":0,"_bbp_voice_count":0,"_bbp_anonymous_reply_count":0,"_bbp_topic_count_hidden":0,"_bbp_reply_count_hidden":0,"_bbp_forum_subforum_count":0,"footnotes":""},"class_list":["post-1573","page","type-page","status-publish","hentry"],"post_mailing_queue_ids":[],"_links":{"self":[{"href":"https:\/\/agora.xtec.cat\/ieslaferreria\/wp-json\/wp\/v2\/pages\/1573","targetHints":{"allow":["GET"]}}],"collection":[{"href":"https:\/\/agora.xtec.cat\/ieslaferreria\/wp-json\/wp\/v2\/pages"}],"about":[{"href":"https:\/\/agora.xtec.cat\/ieslaferreria\/wp-json\/wp\/v2\/types\/page"}],"author":[{"embeddable":true,"href":"https:\/\/agora.xtec.cat\/ieslaferreria\/wp-json\/wp\/v2\/users\/1"}],"replies":[{"embeddable":true,"href":"https:\/\/agora.xtec.cat\/ieslaferreria\/wp-json\/wp\/v2\/comments?post=1573"}],"version-history":[{"count":6,"href":"https:\/\/agora.xtec.cat\/ieslaferreria\/wp-json\/wp\/v2\/pages\/1573\/revisions"}],"predecessor-version":[{"id":1590,"href":"https:\/\/agora.xtec.cat\/ieslaferreria\/wp-json\/wp\/v2\/pages\/1573\/revisions\/1590"}],"wp:attachment":[{"href":"https:\/\/agora.xtec.cat\/ieslaferreria\/wp-json\/wp\/v2\/media?parent=1573"}],"curies":[{"name":"wp","href":"https:\/\/api.w.org\/{rel}","templated":true}]}}