{"id":1470,"date":"2024-05-07T21:44:07","date_gmt":"2024-05-07T19:44:07","guid":{"rendered":"https:\/\/agora.xtec.cat\/ieslaferreria\/?page_id=1470"},"modified":"2025-06-11T14:16:21","modified_gmt":"2025-06-11T12:16:21","slug":"documentacio-i-administracio-sanitaries","status":"publish","type":"page","link":"https:\/\/agora.xtec.cat\/ieslaferreria\/documentacio-i-administracio-sanitaries\/","title":{"rendered":"Documentaci\u00f3 i administraci\u00f3 sanit\u00e0ries"},"content":{"rendered":"<h4 align=\"center\"><\/h4>\n<p>&nbsp;<\/p>\n<h4 style=\"text-align: justify;\"><strong>Compet\u00e8ncia general<\/strong><\/h4>\n<p style=\"text-align: justify;\" align=\"justify\">La compet\u00e8ncia general d&#8217;aquest t\u00edtol consisteix a definir i organitzar processos de tractament de la informaci\u00f3 i documentaci\u00f3 cl\u00ednica, extraient i registrant dades, codificant-les i validant la informaci\u00f3, garantint el compliment de la normativa, aix\u00ed com intervenir en els processos d&#8217;atenci\u00f3 i gesti\u00f3 de pacients i de gesti\u00f3 administrativa en centres sanitaris.<\/p>\n<h4><\/h4>\n<p>&nbsp;<\/p>\n<h4 style=\"text-align: justify;\"><strong>Titulaci\u00f3<\/strong><\/h4>\n<p style=\"text-align: justify;\">T\u00e8cnic superior en Documentaci\u00f3 i administraci\u00f3 sanit\u00e0ries<\/p>\n<h4><\/h4>\n<p>&nbsp;<\/p>\n<h4 style=\"text-align: justify;\"><strong>Durada<\/strong><\/h4>\n<p style=\"text-align: justify;\">Dos cursos amb un total de 2000 hores, de les quals 1551 hores es realitzen al centre educatiu i 515 hores en pr\u00e0ctiques en empreses<\/p>\n<h4><\/h4>\n<p>&nbsp;<\/p>\n<h4 style=\"text-align: justify;\"><strong>Horari<\/strong><\/h4>\n<p style=\"text-align: justify;\">El marc horari \u00e9s de 15h a 21.20h<\/p>\n<h4><\/h4>\n<p>&nbsp;<\/p>\n<h4 style=\"text-align: justify;\"><strong>M\u00f2duls professionals<\/strong><\/h4>\n<ul style=\"text-align: justify;\">\n<li>Ofim\u00e0tica i proc\u00e9s de la informaci\u00f3<\/li>\n<li>Gesti\u00f3 de pacients<\/li>\n<li>Terminologia cl\u00ednica i patologia<\/li>\n<li>Extracci\u00f3 de diagn\u00f2stics i procediments<\/li>\n<li>Arxiu i documentaci\u00f3 sanitaris<\/li>\n<li>Sistemes d\u2019informaci\u00f3 i classificaci\u00f3 sanitaris<\/li>\n<li>Codificaci\u00f3 sanit\u00e0ria<\/li>\n<li>Atenci\u00f3 psicosocial al pacient\/usuari<\/li>\n<li>Validaci\u00f3 i explotaci\u00f3 de dades<\/li>\n<li>Gesti\u00f3 administrativa sanit\u00e0ria<\/li>\n<li>Catal\u00e0 professional<\/li>\n<li>Angl\u00e8s professional<\/li>\n<li>Digitalitzaci\u00f3 aplicada als sectors productius<\/li>\n<li>Sostenibilitat aplicada al sistema productiu<\/li>\n<li>Itinerari personal per a l&#8217;ocupabilitat I.<\/li>\n<li>Itinerari personal per a l&#8217;ocupabilitat II<\/li>\n<li>Projecte intermodular<\/li>\n<li><span style=\"font-family: Arial, serif;\">M\u00f2dul Optatiu<\/span><\/li>\n<\/ul>\n<h4><\/h4>\n<p>&nbsp;<\/p>\n<h4 style=\"text-align: justify;\"><strong>Sortides acad\u00e8miques<\/strong><\/h4>\n<p class=\"western\" style=\"text-align: justify;\"><span style=\"font-family: Arial, serif;\">Amb aquests estudis s&#8217;obt\u00e9 el t\u00edtol de t\u00e8cnic superior o t\u00e8cnica superior, que permet accedir a qualsevol estudi universitari oficial de grau. Les persones que s&#8217;han graduat en un cicle formatiu de grau superior poden obtenir la convalidaci\u00f3 de cr\u00e8dits universitaris ECTS.<\/span><\/p>\n<h4><\/h4>\n<p>&nbsp;<\/p>\n<h4 style=\"text-align: justify;\"><strong>Sortides professionals<\/strong><\/h4>\n<p class=\"western\" style=\"text-align: justify;\"><span style=\"font-family: Arial, serif;\">La superaci\u00f3 d&#8217;aquest cicle formatiu permet accedir al\u00a0<b>m\u00f3n laboral<\/b>\u00a0com a:<\/span><\/p>\n<ul>\n<li style=\"text-align: justify;\"><span style=\"font-family: Arial, serif;\">t\u00e8cnic o t\u00e8cnica superior en documentaci\u00f3 sanit\u00e0ria;<\/span><\/li>\n<li style=\"text-align: justify;\"><span style=\"font-family: Arial, serif;\">responsable t\u00e8cnic de codificaci\u00f3 de documentaci\u00f3 sanit\u00e0ria;<\/span><\/li>\n<li style=\"text-align: justify;\"><span style=\"font-family: Arial, serif;\">responsable t\u00e8cnic d&#8217;arxius d&#8217;hist\u00f2ries cl\u00edniques;<\/span><\/li>\n<li style=\"text-align: justify;\"><span style=\"font-family: Arial, serif;\">responsable t\u00e8cnic de tractament i disseny documental sanitari;<\/span><\/li>\n<li style=\"text-align: justify;\"><span style=\"font-family: Arial, serif;\">responsable t\u00e8cnic de sistemes d&#8217;informaci\u00f3 assistencial sanit\u00e0ria;<\/span><\/li>\n<li style=\"text-align: justify;\"><span style=\"font-family: Arial, serif;\">responsable t\u00e8cnic d&#8217;avaluaci\u00f3 i control de qualitat de la prestaci\u00f3 sanit\u00e0ria;<\/span><\/li>\n<li style=\"text-align: justify;\"><span style=\"font-family: Arial, serif;\">responsable t\u00e8cnic de gesti\u00f3 de processos administratius-cl\u00ednics;<\/span><\/li>\n<li style=\"text-align: justify;\"><span style=\"font-family: Arial, serif;\">responsable d&#8217;administraci\u00f3 d&#8217;unitats, departament o centres sanitaris;<\/span><\/li>\n<li style=\"text-align: justify;\"><span style=\"font-family: Arial, serif;\">assistent o assistenta d&#8217;equips de recerca biom\u00e8dica;<\/span><\/li>\n<li style=\"text-align: justify;\">secretari o secret\u00e0ria de serveis sanitaris.<\/li>\n<\/ul>\n<p>&nbsp;<\/p>\n","protected":false},"excerpt":{"rendered":"<p>&nbsp;<br \/>\nCompet\u00e8ncia general<br \/>\nLa compet\u00e8ncia general d&#8217;aquest t\u00edtol consisteix a definir i organitzar processos de tractament de la informaci\u00f3 i documentaci\u00f3 cl\u00ednica, extraient i registrant dades, codificant-les i validant la informaci\u00f3, garantint el compliment de la normativa, aix\u00ed com intervenir en els processos d&#8217;atenci\u00f3 i gesti\u00f3 de&hellip;  <a href=\"https:\/\/agora.xtec.cat\/ieslaferreria\/documentacio-i-administracio-sanitaries\/\" title=\"Read Documentaci\u00f3 i administraci\u00f3 sanit\u00e0ries\">Llegeix m\u00e9s\u00bb<\/a><\/p>\n","protected":false},"author":1,"featured_media":0,"parent":0,"menu_order":0,"comment_status":"closed","ping_status":"closed","template":"","meta":{"_bbp_topic_count":0,"_bbp_reply_count":0,"_bbp_total_topic_count":0,"_bbp_total_reply_count":0,"_bbp_voice_count":0,"_bbp_anonymous_reply_count":0,"_bbp_topic_count_hidden":0,"_bbp_reply_count_hidden":0,"_bbp_forum_subforum_count":0,"footnotes":""},"class_list":["post-1470","page","type-page","status-publish","hentry"],"post_mailing_queue_ids":[],"_links":{"self":[{"href":"https:\/\/agora.xtec.cat\/ieslaferreria\/wp-json\/wp\/v2\/pages\/1470","targetHints":{"allow":["GET"]}}],"collection":[{"href":"https:\/\/agora.xtec.cat\/ieslaferreria\/wp-json\/wp\/v2\/pages"}],"about":[{"href":"https:\/\/agora.xtec.cat\/ieslaferreria\/wp-json\/wp\/v2\/types\/page"}],"author":[{"embeddable":true,"href":"https:\/\/agora.xtec.cat\/ieslaferreria\/wp-json\/wp\/v2\/users\/1"}],"replies":[{"embeddable":true,"href":"https:\/\/agora.xtec.cat\/ieslaferreria\/wp-json\/wp\/v2\/comments?post=1470"}],"version-history":[{"count":6,"href":"https:\/\/agora.xtec.cat\/ieslaferreria\/wp-json\/wp\/v2\/pages\/1470\/revisions"}],"predecessor-version":[{"id":2143,"href":"https:\/\/agora.xtec.cat\/ieslaferreria\/wp-json\/wp\/v2\/pages\/1470\/revisions\/2143"}],"wp:attachment":[{"href":"https:\/\/agora.xtec.cat\/ieslaferreria\/wp-json\/wp\/v2\/media?parent=1470"}],"curies":[{"name":"wp","href":"https:\/\/api.w.org\/{rel}","templated":true}]}}