{"id":1452,"date":"2024-05-03T11:21:26","date_gmt":"2024-05-03T09:21:26","guid":{"rendered":"https:\/\/agora.xtec.cat\/ieslaferreria\/?page_id=1452"},"modified":"2024-05-03T11:54:17","modified_gmt":"2024-05-03T09:54:17","slug":"batxillerat","status":"publish","type":"page","link":"https:\/\/agora.xtec.cat\/ieslaferreria\/batxillerat\/","title":{"rendered":"Batxillerat"},"content":{"rendered":"<p style=\"text-align: justify;\">A La Ferreria tenim les quatre modalitats de Batxillerat, l&#8217;Human\u00edstic, el Social, el Cient\u00edfic i el Tecnol\u00f2gic. El curr\u00edculum d&#8217;aquest nivell es divideix en mat\u00e8ries obligat\u00f2ries\/comunes, en mat\u00e8ries de modalitat obligada, mat\u00e8ries de modalitat i mat\u00e8ries optatives. Les mat\u00e8ries obligat\u00f2ries, que ha de cursar tot l&#8217;alumnat a 1r de Batxillerat, s\u00f3n les seg\u00fcents:<\/p>\n<ul style=\"list-style-type: square;\">\n<li style=\"list-style-type: none;\">\n<ul style=\"list-style-type: square;\">\n<li style=\"list-style-type: none;\">\n<ul style=\"list-style-type: square;\">\n<li>Llengua catalana i literatura I.<\/li>\n<li>Llengua castellana i literatura I.<\/li>\n<li>Llengua anglesa.<\/li>\n<li>Filosofia.<\/li>\n<li>Educaci\u00f3 F\u00edsica<\/li>\n<\/ul>\n<\/li>\n<\/ul>\n<\/li>\n<\/ul>\n<p>&nbsp;<\/p>\n<p>Quant a les mat\u00e8ries de modalitat i optatives, la distribuci\u00f3 \u00e9s la seg\u00fcent a 1r Batxillerat per al curs 2024-2025:<\/p>\n<div>\n<div>\n<table dir=\"ltr\" style=\"height: 283px; width: 100.399%; border-style: none;\" border=\"1\" cellspacing=\"0\" cellpadding=\"0\">\n<tbody>\n<tr style=\"height: 59px;\">\n<td style=\"width: 24.3787%; height: 59px; background-color: #ffffff; border-style: none;\"><\/td>\n<td style=\"width: 79.3656%; height: 59px; background-color: #53cf2d; text-align: center;\" colspan=\"4\">\n<h4><span style=\"color: #ffffff;\"><strong>1r BATXILLERAT<\/strong><\/span><\/h4>\n<\/td>\n<\/tr>\n<tr style=\"height: 32px;\">\n<td style=\"width: 24.3787%; height: 32px; background-color: #ffffff; border-style: none;\"><\/td>\n<td style=\"width: 17.9882%; height: 32px; background-color: #e6fae9;\"><strong>Human\u00edstic<\/strong><\/td>\n<td style=\"width: 23.1953%; height: 32px; background-color: #e6fae9;\"><strong>Social<\/strong><\/td>\n<td style=\"width: 10.2959%; height: 32px; background-color: #e6fae9;\"><strong>Cient\u00edfic<\/strong><\/td>\n<td style=\"width: 27.8862%; height: 32px; background-color: #e6fae9;\"><strong>Tecnol\u00f2gic<\/strong><\/td>\n<\/tr>\n<tr style=\"height: 32px;\">\n<td style=\"width: 24.3787%; height: 32px;\"><strong>Modalitat obligada<\/strong><\/td>\n<td style=\"width: 17.9882%; height: 32px;\">Llat\u00ed I<\/td>\n<td style=\"width: 23.1953%; height: 32px;\">Matem\u00e0tiques aplicades I<\/td>\n<td style=\"width: 38.1821%; height: 32px;\" colspan=\"2\">Matem\u00e0tiques I<\/td>\n<\/tr>\n<tr style=\"height: 32px;\">\n<td style=\"width: 24.3787%; height: 32px; background-color: #e6fae9;\"><strong>Modalitat 1<\/strong><\/td>\n<td style=\"width: 17.9882%; height: 32px; background-color: #e6fae9;\">Literatura universal<\/td>\n<td style=\"width: 23.1953%; height: 32px; background-color: #e6fae9;\">Economia<\/td>\n<td style=\"width: 10.2959%; height: 32px; background-color: #e6fae9;\">Qu\u00edmica I<\/td>\n<td style=\"width: 27.8862%; height: 32px; background-color: #e6fae9;\">Dibuix T\u00e8cnic I \/ Qu\u00edmica I<\/td>\n<\/tr>\n<tr style=\"height: 32px;\">\n<td style=\"width: 24.3787%; height: 32px;\"><strong>Modalitat 2<\/strong><\/td>\n<td style=\"width: 41.1835%; height: 32px;\" colspan=\"2\">H\u00aa del m\u00f3n contemporani<\/td>\n<td style=\"width: 10.2959%; height: 32px;\">Biologia I<\/td>\n<td style=\"width: 27.8862%; height: 32px;\">Tecnologia i Enginyeria I<\/td>\n<\/tr>\n<tr style=\"height: 32px;\">\n<td style=\"width: 24.3787%; height: 32px; background-color: #e6fae9;\"><strong>Optativa anual (franja 1)<\/strong><\/td>\n<td style=\"width: 79.3656%; height: 32px; background-color: #e6fae9;\" colspan=\"4\">M\u00f3n cl\u00e0ssic \/\/ Franc\u00e8s \/\/ Psicologia \/\/ F\u00edsica I \/\/ Programaci\u00f3<\/td>\n<\/tr>\n<tr style=\"height: 32px;\">\n<td style=\"width: 24.3787%; height: 32px;\"><strong>Optativa trimestral (franja 2)<\/strong><\/td>\n<td style=\"width: 79.3656%; height: 32px;\" colspan=\"4\">Creaci\u00f3 Liter\u00e0ria \/\/ Problem\u00e0tiques Socials \/\/ Reptes Cient\u00edfics Actuals (BiG) \/\/ Matem\u00e0tica aplicada<\/td>\n<\/tr>\n<tr style=\"height: 32px;\">\n<td style=\"width: 24.3787%; height: 32px; background-color: #e6fae9;\"><strong>Optativa trimestral (franja 3)<\/strong><\/td>\n<td style=\"width: 79.3656%; height: 32px; background-color: #e6fae9;\" colspan=\"4\">Ciutadania, Pol\u00edtica i Dret \/\/ Comunicaci\u00f3 Audiovisual \/\/ Reptes Cient\u00edfics (FiQ) \/\/ Rob\u00f2tica<\/td>\n<\/tr>\n<\/tbody>\n<\/table>\n<\/div>\n<\/div>\n<div><\/div>\n<div><\/div>\n<div><\/div>\n<div>\n<p>Pel que fa a 2n de Batxillerat, les mat\u00e8ries comunes s\u00f3n les seg\u00fcents:<\/p>\n<ul>\n<li style=\"list-style-type: none;\">\n<ul>\n<li style=\"list-style-type: none;\">\n<ul style=\"list-style-type: square;\">\n<li>Llengua catalana i literatura II.<\/li>\n<li>Llengua castellana i literatura II.<\/li>\n<li>Llengua anglesa II.<\/li>\n<li>Hist\u00f2ria.<\/li>\n<li>Hist\u00f2ria de la filosofia.<\/li>\n<\/ul>\n<\/li>\n<\/ul>\n<\/li>\n<\/ul>\n<p>&nbsp;<\/p>\n<p>Quant a les mat\u00e8ries de modalitat i optatives, la distribuci\u00f3 \u00e9s la seg\u00fcent a 2n Batxillerat per al curs 2024-2025:<\/p>\n<\/div>\n<div>\n<table dir=\"ltr\" style=\"width: 100.572%; border-style: none; height: 235px;\" border=\"1\" cellspacing=\"0\" cellpadding=\"0\">\n<colgroup>\n<col width=\"208\" \/>\n<col width=\"273\" \/>\n<col width=\"292\" \/>\n<col width=\"219\" \/>\n<col width=\"280\" \/><\/colgroup>\n<tbody>\n<tr style=\"height: 59px;\">\n<td style=\"width: 16.8182%; border-style: none; background-color: #ffffff; height: 59px;\"><\/td>\n<td style=\"width: 83.4092%; height: 59px; background-color: #53cf2d; text-align: center;\" colspan=\"4\">\n<h4><span style=\"color: #ffffff;\"><strong>2n BATXILLERAT<\/strong><\/span><\/h4>\n<\/td>\n<\/tr>\n<tr style=\"height: 32px;\">\n<td style=\"width: 16.8182%; border-style: none; background-color: #ffffff; height: 32px;\"><\/td>\n<td style=\"width: 21.25%; height: 32px; background-color: #e6fae9;\"><strong>Human\u00edstic<\/strong><\/td>\n<td style=\"width: 23.2955%; height: 32px; background-color: #e6fae9;\"><strong>Social<\/strong><\/td>\n<td style=\"width: 17.0455%; height: 32px; background-color: #e6fae9;\"><strong>Cient\u00edfic<\/strong><\/td>\n<td style=\"width: 21.8182%; height: 32px; background-color: #e6fae9;\"><strong>Tecnol\u00f2gic<\/strong><\/td>\n<\/tr>\n<tr style=\"height: 32px;\">\n<td style=\"width: 16.8182%; height: 32px;\"><strong>Comuna d&#8217;opci\u00f3<\/strong><\/td>\n<td style=\"width: 21.25%; height: 32px;\">Llat\u00ed II<\/td>\n<td style=\"width: 23.2955%; height: 32px;\">Matem\u00e0tiques aplicades II<\/td>\n<td style=\"width: 38.8637%; height: 32px;\" colspan=\"2\">Matem\u00e0tiques II<\/td>\n<\/tr>\n<tr style=\"height: 48px;\">\n<td style=\"width: 16.8182%; height: 48px; background-color: #e6fae9;\"><strong>Modalitat 1<\/strong><\/td>\n<td style=\"width: 21.25%; height: 48px; background-color: #e6fae9;\">Literatura castellana<\/td>\n<td style=\"width: 23.2955%; height: 48px; background-color: #e6fae9;\">Empresa i Disseny de Models de Negoci<\/td>\n<td style=\"width: 17.0455%; height: 48px; background-color: #e6fae9;\">Qu\u00edmica II<\/td>\n<td style=\"width: 21.8182%; height: 48px; background-color: #e6fae9;\">Dibuix T\u00e8cnic II \/ Qu\u00edmica II<\/td>\n<\/tr>\n<tr style=\"height: 32px;\">\n<td style=\"width: 16.8182%; height: 32px;\"><strong>Modalitat 2<\/strong><\/td>\n<td style=\"width: 21.25%; height: 32px;\">Literatura catalana<\/td>\n<td style=\"width: 23.2955%; height: 32px;\">Geografia<\/td>\n<td style=\"width: 17.0455%; height: 32px;\">Biologia II<\/td>\n<td style=\"width: 21.8182%; height: 32px;\">Tecnologia i Enginyeria II<\/td>\n<\/tr>\n<tr style=\"height: 32px;\">\n<td style=\"width: 16.8182%; height: 32px; background-color: #e6fae9;\"><strong>Optativa<\/strong><\/td>\n<td style=\"width: 83.4092%; height: 32px; background-color: #e6fae9;\" colspan=\"4\">Grec II \/\/ H\u00aa Art \/\/ Franc\u00e8s \/\/ F\u00edsica II \/\/ Entorn sostenible<\/td>\n<\/tr>\n<\/tbody>\n<\/table>\n<\/div>\n<div><\/div>\n<div><\/div>\n<div><\/div>\n","protected":false},"excerpt":{"rendered":"<p>A La Ferreria tenim les quatre modalitats de Batxillerat, l&#8217;Human\u00edstic, el Social, el Cient\u00edfic i el Tecnol\u00f2gic. El curr\u00edculum d&#8217;aquest nivell es divideix en mat\u00e8ries obligat\u00f2ries\/comunes, en mat\u00e8ries de modalitat obligada, mat\u00e8ries de modalitat i mat\u00e8ries optatives. Les mat\u00e8ries obligat\u00f2ries, que ha de cursar tot&hellip;  <a href=\"https:\/\/agora.xtec.cat\/ieslaferreria\/batxillerat\/\" title=\"Read Batxillerat\">Llegeix m\u00e9s\u00bb<\/a><\/p>\n","protected":false},"author":1,"featured_media":0,"parent":0,"menu_order":0,"comment_status":"closed","ping_status":"closed","template":"","meta":{"_bbp_topic_count":0,"_bbp_reply_count":0,"_bbp_total_topic_count":0,"_bbp_total_reply_count":0,"_bbp_voice_count":0,"_bbp_anonymous_reply_count":0,"_bbp_topic_count_hidden":0,"_bbp_reply_count_hidden":0,"_bbp_forum_subforum_count":0,"footnotes":""},"class_list":["post-1452","page","type-page","status-publish","hentry"],"post_mailing_queue_ids":[],"_links":{"self":[{"href":"https:\/\/agora.xtec.cat\/ieslaferreria\/wp-json\/wp\/v2\/pages\/1452","targetHints":{"allow":["GET"]}}],"collection":[{"href":"https:\/\/agora.xtec.cat\/ieslaferreria\/wp-json\/wp\/v2\/pages"}],"about":[{"href":"https:\/\/agora.xtec.cat\/ieslaferreria\/wp-json\/wp\/v2\/types\/page"}],"author":[{"embeddable":true,"href":"https:\/\/agora.xtec.cat\/ieslaferreria\/wp-json\/wp\/v2\/users\/1"}],"replies":[{"embeddable":true,"href":"https:\/\/agora.xtec.cat\/ieslaferreria\/wp-json\/wp\/v2\/comments?post=1452"}],"version-history":[{"count":4,"href":"https:\/\/agora.xtec.cat\/ieslaferreria\/wp-json\/wp\/v2\/pages\/1452\/revisions"}],"predecessor-version":[{"id":1468,"href":"https:\/\/agora.xtec.cat\/ieslaferreria\/wp-json\/wp\/v2\/pages\/1452\/revisions\/1468"}],"wp:attachment":[{"href":"https:\/\/agora.xtec.cat\/ieslaferreria\/wp-json\/wp\/v2\/media?parent=1452"}],"curies":[{"name":"wp","href":"https:\/\/api.w.org\/{rel}","templated":true}]}}