{"id":1065,"date":"2023-08-27T13:19:20","date_gmt":"2023-08-27T11:19:20","guid":{"rendered":"https:\/\/agora.xtec.cat\/ieslaferreria\/?page_id=1065"},"modified":"2023-08-27T13:30:03","modified_gmt":"2023-08-27T11:30:03","slug":"moduls-desenvolupament-daplicacions-web-perfil-bioinformatica","status":"publish","type":"page","link":"https:\/\/agora.xtec.cat\/ieslaferreria\/moduls-desenvolupament-daplicacions-web-perfil-bioinformatica\/","title":{"rendered":"M\u00f2duls Desenvolupament d\u2019Aplicacions Web. Perfil Bioinform\u00e0tica"},"content":{"rendered":"<p><strong>MP1. <span lang=\"ca-ES\">Sistemes inform\u00e0tics<\/span>.<\/strong><\/p>\n<p>Durada: 110<\/p>\n<p>Unitats formatives que el componen:<\/p>\n<p>UF1: Instal\u00b7laci\u00f3, configuraci\u00f3 i explotaci\u00f3 del sistema inform\u00e0tic<\/p>\n<p>UF2: Gesti\u00f3 de la informaci\u00f3 i de recursos en una xarxa<\/p>\n<p>UF3: Implantaci\u00f3 de programari espec\u00edfic<\/p>\n<p><strong>MP2. Bases de dades.<\/strong><\/p>\n<p>Durada: 143<\/p>\n<p>Unitats formatives que el componen:<\/p>\n<p>UF1: Introducci\u00f3 a les bases de dades<\/p>\n<p>UF2: Llenguatges SQL: DML i DDL<\/p>\n<p>UF3: Assegurament de la informaci\u00f3<\/p>\n<p align=\"left\"><span lang=\"ca-ES\">UF4. Bases de dades objecte-relacionals<\/span><\/p>\n<p><strong>MP3. Programaci\u00f3.<\/strong><\/p>\n<p>Durada: 1<span style=\"font-family: inherit; font-size: 1em;\">87<\/span><\/p>\n<p>Unitats formatives que el componen:<\/p>\n<p>UF1: Programaci\u00f3 estructurada<\/p>\n<p>UF2: Disseny modular<\/p>\n<p>UF3: Fonaments de gesti\u00f3 de fitxers<\/p>\n<p>UF4. Programaci\u00f3 orientada a objectes. Fonaments<\/p>\n<p>UF5. POO. Llibreries de classes fonamentals<\/p>\n<p>UF6. POO. Introducci\u00f3 a la persist\u00e8ncia en BD<\/p>\n<p><strong>MP4. Llenguatge de marques <span lang=\"ca-ES\">i sistemes de gesti\u00f3 d\u2019informaci\u00f3<\/span>.<\/strong><\/p>\n<p>Durada: 88<\/p>\n<p>Unitats formatives que el componen:<\/p>\n<p>UF1: Programaci\u00f3 amb XML<\/p>\n<p>UF2: \u00c0mbits d\u2019aplicaci\u00f3 de l\u2019XML<\/p>\n<p>UF3: Sistemes de gesti\u00f3 d\u2019informaci\u00f3 empresarial<\/p>\n<p><strong>MP5.\u00a0<span lang=\"ca-ES\">Entorns de desenvolupament.<\/span><\/strong><\/p>\n<p>Durada: 110<\/p>\n<p>Unitats formatives que el componen:<\/p>\n<p>UF1. Desenvolupament de programari<\/p>\n<p>UF2. Optimitzaci\u00f3 del programari<\/p>\n<p>UF3. Introducci\u00f3 al disseny orientat a objectes<\/p>\n<p><strong>MP6. Desenvolupament web en entorn client.<\/strong><\/p>\n<p>Durada: 110<\/p>\n<p>Unitats formatives que el componen:<\/p>\n<p>UF1. Sintaxi del llenguatge. Objectes predefinits del llenguatge<\/p>\n<p>UF2. Estructures definides pel programador. Objectes<\/p>\n<p>UF3. Esdeveniments. Manegament de formularis. Model d&#8217;objectes del document<\/p>\n<p>UF4. Comunicaci\u00f3 as\u00edncrona client-servidor<\/p>\n<p><strong>MP7.Desenvolupament web d\u2019entorn servidor.<\/strong><\/p>\n<p>Durada: 110<\/p>\n<p>Unitats formatives que el componen:<\/p>\n<p>UF1. Desenvolupament web en entorn servidor<\/p>\n<p>UF2. Generaci\u00f3 din\u00e0mica de pagines web<\/p>\n<p>UF3. Acc\u00e9s a dades<\/p>\n<p>UF4. Serveis web. P\u00e0gines din\u00e0miques interactives. Webs H\u00edbrides<\/p>\n<p><strong>MP8.Desplegament d\u2019aplicacions web.<\/strong><\/p>\n<p>Durada: 55<\/p>\n<p>Unitats formatives que el componen:<\/p>\n<p>UF1. Servidors web i de transfer\u00e8ncia de fitxers<\/p>\n<p>UF2. Servidors d\u2019aplicacions web<\/p>\n<p>UF3. Desplegament d\u2019aplicacions web<\/p>\n<p>UF4. Control de versions i documentaci\u00f3<\/p>\n<p><strong>MP9. Disseny d\u2019interf\u00edcies web.<\/strong><\/p>\n<p>Durada: 88<\/p>\n<p>Unitats formatives que el componen:<\/p>\n<p>UF1. Disseny de la interf\u00edcie. Estils<\/p>\n<p>UF2. Elements multim\u00e8dia: creaci\u00f3 i integraci\u00f3<\/p>\n<p>UF3. Accessibilitat i usabilitat<\/p>\n<p><strong>MP10. Formaci\u00f3 i orientaci\u00f3 laboral.<\/strong><\/p>\n<p>Durada: 66<\/p>\n<p>Unitats formatives que el componen:<\/p>\n<p>UF1. Incorporaci\u00f3 al treball<\/p>\n<p>UF2. Prevenci\u00f3 de riscos laborals<\/p>\n<p><strong>MP11. Empresa i iniciativa emprenedora.<\/strong><\/p>\n<p>Durada: 66<\/p>\n<p>Unitats formatives que el componen:<\/p>\n<p>UF1. Empresa i iniciativa emprenedora<\/p>\n<p><strong>MP 12. Projecte.<\/strong><\/p>\n<p>Durada: 88<\/p>\n<p>Unitats formatives que el componen:<\/p>\n<p align=\"left\">UF1. Projecte de desenvolupament d\u2019aplicacions web<\/p>\n<p><strong>MP13. Formaci\u00f3 en centres de treball.<\/strong><\/p>\n<p>Durada: 383<\/p>\n<p>Unitats formatives que el componen:<\/p>\n<p>UF1. Formaci\u00f3 en centres de treball<\/p>\n<p><strong>MP14. Bioinform\u00e0tica<\/strong><\/p>\n<p>Durada: 242<\/p>\n<p>Unitats formatives que el componen:<\/p>\n<p>UF1. Eines computacionals en inform\u00e0tica m\u00e8dica<\/p>\n<p>UF2. Eines computacionals en les ci\u00e8ncies \u00f2miques<\/p>\n<p>UF3. Disseny de nous f\u00e0rmacs<\/p>\n","protected":false},"excerpt":{"rendered":"<p>MP1. Sistemes inform\u00e0tics.<br \/>\nDurada: 110<br \/>\nUnitats formatives que el componen:<br \/>\nUF1: Instal\u00b7laci\u00f3, configuraci\u00f3 i explotaci\u00f3 del sistema inform\u00e0tic<br \/>\nUF2: Gesti\u00f3 de la informaci\u00f3 i de recursos en una xarxa<br \/>\nUF3: Implantaci\u00f3 de programari espec\u00edfic<br \/>\nMP2. Bases de dades.<br \/>\nDurada: 143<br \/>\nUnitats formatives que el componen:<br \/>\nUF1: Introducci\u00f3 a les bases de dades<br \/>\nUF2: Llenguatges SQL:&hellip;  <a href=\"https:\/\/agora.xtec.cat\/ieslaferreria\/moduls-desenvolupament-daplicacions-web-perfil-bioinformatica\/\" title=\"Read M\u00f2duls Desenvolupament d\u2019Aplicacions Web. Perfil Bioinform\u00e0tica\">Llegeix m\u00e9s\u00bb<\/a><\/p>\n","protected":false},"author":1,"featured_media":0,"parent":0,"menu_order":0,"comment_status":"closed","ping_status":"closed","template":"","meta":{"_bbp_topic_count":0,"_bbp_reply_count":0,"_bbp_total_topic_count":0,"_bbp_total_reply_count":0,"_bbp_voice_count":0,"_bbp_anonymous_reply_count":0,"_bbp_topic_count_hidden":0,"_bbp_reply_count_hidden":0,"_bbp_forum_subforum_count":0,"footnotes":""},"class_list":["post-1065","page","type-page","status-publish","hentry"],"post_mailing_queue_ids":[],"_links":{"self":[{"href":"https:\/\/agora.xtec.cat\/ieslaferreria\/wp-json\/wp\/v2\/pages\/1065","targetHints":{"allow":["GET"]}}],"collection":[{"href":"https:\/\/agora.xtec.cat\/ieslaferreria\/wp-json\/wp\/v2\/pages"}],"about":[{"href":"https:\/\/agora.xtec.cat\/ieslaferreria\/wp-json\/wp\/v2\/types\/page"}],"author":[{"embeddable":true,"href":"https:\/\/agora.xtec.cat\/ieslaferreria\/wp-json\/wp\/v2\/users\/1"}],"replies":[{"embeddable":true,"href":"https:\/\/agora.xtec.cat\/ieslaferreria\/wp-json\/wp\/v2\/comments?post=1065"}],"version-history":[{"count":3,"href":"https:\/\/agora.xtec.cat\/ieslaferreria\/wp-json\/wp\/v2\/pages\/1065\/revisions"}],"predecessor-version":[{"id":1069,"href":"https:\/\/agora.xtec.cat\/ieslaferreria\/wp-json\/wp\/v2\/pages\/1065\/revisions\/1069"}],"wp:attachment":[{"href":"https:\/\/agora.xtec.cat\/ieslaferreria\/wp-json\/wp\/v2\/media?parent=1065"}],"curies":[{"name":"wp","href":"https:\/\/api.w.org\/{rel}","templated":true}]}}