{"id":1044,"date":"2023-08-23T18:18:03","date_gmt":"2023-08-23T16:18:03","guid":{"rendered":"https:\/\/agora.xtec.cat\/ieslaferreria\/?page_id=1044"},"modified":"2023-08-23T18:18:03","modified_gmt":"2023-08-23T16:18:03","slug":"moduls-desenvolupament-daplicacions-multiplataforma","status":"publish","type":"page","link":"https:\/\/agora.xtec.cat\/ieslaferreria\/moduls-desenvolupament-daplicacions-multiplataforma\/","title":{"rendered":"M\u00f2duls Desenvolupament d&#8217;Aplicacions Multiplataforma"},"content":{"rendered":"<p><strong>MP1. <span lang=\"ca-ES\">Sistemes inform\u00e0tics<\/span>.<\/strong><\/p>\n<p>Durada: 132<\/p>\n<p>Unitats formatives que el componen:<\/p>\n<p>UF1: Instal\u00b7laci\u00f3, configuraci\u00f3 i explotaci\u00f3 del sistema inform\u00e0tic<\/p>\n<p>UF2: Gesti\u00f3 de la informaci\u00f3 i de recursos en una xarxa<\/p>\n<p>UF3: Implantaci\u00f3 de programari espec\u00edfic<\/p>\n<p><strong>MP2. Bases de dades.<\/strong><\/p>\n<p>Durada: 165<\/p>\n<p>Unitats formatives que el componen:<\/p>\n<p>UF1: Introducci\u00f3 a les bases de dades<\/p>\n<p>UF2: Llenguatges SQL: DML i DDL<\/p>\n<p>UF3: Assegurament de la informaci\u00f3<\/p>\n<p align=\"left\"><span lang=\"ca-ES\">UF4. Bases de dades objecte-relacionals<\/span><\/p>\n<p><strong>MP3. Programaci\u00f3.<\/strong><\/p>\n<p>Durada: 231<\/p>\n<p>Unitats formatives que el componen:<\/p>\n<p>UF1: Programaci\u00f3 estructurada<\/p>\n<p>UF2: Disseny modular<\/p>\n<p>UF3: Fonaments de gesti\u00f3 de fitxers<\/p>\n<p>UF4. Programaci\u00f3 orientada a objectes. Fonaments<\/p>\n<p>UF5. POO. Llibreries de classes fonamentals<\/p>\n<p>UF6. POO. Introducci\u00f3 a la persist\u00e8ncia en BD<\/p>\n<p><strong>MP4. Llenguatge de marques <span lang=\"ca-ES\">i sistemes de gesti\u00f3 d\u2019informaci\u00f3<\/span>.<\/strong><\/p>\n<p>Durada: 99<\/p>\n<p>Unitats formatives que el componen:<\/p>\n<p>UF1: Programaci\u00f3 amb XML<\/p>\n<p>UF2: \u00c0mbits d\u2019aplicaci\u00f3 de l\u2019XML<\/p>\n<p>UF3: Sistemes de gesti\u00f3 d\u2019informaci\u00f3 empresarial<\/p>\n<p><strong>MP5. <span lang=\"ca-ES\">Entorns de desenvolupament<\/span>.<\/strong><\/p>\n<p>Durada: 66<\/p>\n<p>Unitats formatives que el componen:<\/p>\n<p>UF1. Desenvolupament de programari<\/p>\n<p>UF2. Optimitzaci\u00f3 del programari<\/p>\n<p>UF3. Introducci\u00f3 al disseny orientat a objectes<\/p>\n<p><strong>MP6. <span lang=\"ca-ES\">Acc\u00e9s a dades<\/span>.<\/strong><\/p>\n<p align=\"left\"><span lang=\"ca-ES\">Acc\u00e9s a dades<\/span><\/p>\n<p>Durada: 99<\/p>\n<p>Unitats formatives que el componen:<\/p>\n<p>UF1. Persist\u00e8ncia en fitxers<\/p>\n<p>UF2. Persist\u00e8ncia en BDR-BDOR-BDOO<\/p>\n<p>UF3. Persist\u00e8ncia en BD natives XML<\/p>\n<p>UF4. Components d\u2019acc\u00e9s a dades<\/p>\n<p><strong>MP7. <span lang=\"ca-ES\">Desenvolupament d\u2019interf\u00edcies<\/span>.<\/strong><\/p>\n<p>Durada: 99<\/p>\n<p>Unitats formatives que el componen:<\/p>\n<p>UF1. Disseny i implementaci\u00f3 d\u2019interf\u00edcies<\/p>\n<p>UF2. Preparaci\u00f3 i distribuci\u00f3 d\u2019aplicacions<\/p>\n<p><strong>MP8. <span lang=\"ca-ES\">Programaci\u00f3 multim\u00e8dia i dispositius m\u00f2bils.<\/span><\/strong><\/p>\n<p>Durada: 132<\/p>\n<p>Unitats formatives que el componen:<\/p>\n<p>UF1. Desenvolupament d\u2019aplicacions per dispositius m\u00f2bils<\/p>\n<p>UF2. Programaci\u00f3 multim\u00e8dia<\/p>\n<p>UF3. Desenvolupament de jocs per dispositius m\u00f2bils<\/p>\n<p><strong>MP9. <span lang=\"ca-ES\">Programaci\u00f3 de serveis i processos<\/span>.<\/strong><\/p>\n<p>Durada: 66<\/p>\n<p>Unitats formatives que el componen:<\/p>\n<p>UF1. Seguretat i criptografia<\/p>\n<p>UF2. Processos i fils<\/p>\n<p>UF3. S\u00f2cols i serveis<\/p>\n<p><strong>MP10. <span lang=\"ca-ES\">Sistemes de gesti\u00f3 empresarial<\/span>.<\/strong><\/p>\n<p>Durada: 99<\/p>\n<p>Unitats formatives que el componen:<\/p>\n<p align=\"left\">UF1. Sistemes ERP-CRM. Implantaci\u00f3<\/p>\n<p align=\"left\">UF2. Sistemes ERP-CRM. Explotaci\u00f3 i adequaci\u00f3<\/p>\n<p><strong>MP11. Formaci\u00f3 i orientaci\u00f3 laboral.<\/strong><\/p>\n<p>Durada: 66<\/p>\n<p>Unitats formatives que el componen:<\/p>\n<p>UF1. Incorporaci\u00f3 al treball<\/p>\n<p>UF2. Prevenci\u00f3 de riscos laborals<\/p>\n<p><strong>MP12. Empresa i iniciativa emprenedora.<\/strong><\/p>\n<p>Durada: 66<\/p>\n<p>Unitats formatives que el componen:<\/p>\n<p>UF1. Empresa i iniciativa emprenedora<\/p>\n<p><strong>MP 13. Projecte.<\/strong><\/p>\n<p>Durada: 297<\/p>\n<p>Unitats formatives que el componen:<\/p>\n<p>UF1. <span lang=\"ca-ES\">Projecte de desenvolupament d\u2019aplicacions multiplataforma<\/span><\/p>\n<p align=\"left\"><strong>MP15. Formaci\u00f3 en centres de treball<\/strong><\/p>\n<p>Durada: 383<\/p>\n<p>Unitats formatives que el componen:<\/p>\n<p>UF1. Formaci\u00f3 en centres de treball<\/p>\n","protected":false},"excerpt":{"rendered":"<p>MP1. Sistemes inform\u00e0tics.<br \/>\nDurada: 132<br \/>\nUnitats formatives que el componen:<br \/>\nUF1: Instal\u00b7laci\u00f3, configuraci\u00f3 i explotaci\u00f3 del sistema inform\u00e0tic<br \/>\nUF2: Gesti\u00f3 de la informaci\u00f3 i de recursos en una xarxa<br \/>\nUF3: Implantaci\u00f3 de programari espec\u00edfic<br \/>\nMP2. Bases de dades.<br \/>\nDurada: 165<br \/>\nUnitats formatives que el componen:<br \/>\nUF1: Introducci\u00f3 a les bases de dades<br \/>\nUF2: Llenguatges SQL:&hellip;  <a href=\"https:\/\/agora.xtec.cat\/ieslaferreria\/moduls-desenvolupament-daplicacions-multiplataforma\/\" title=\"Read M\u00f2duls Desenvolupament d&#8217;Aplicacions Multiplataforma\">Llegeix m\u00e9s\u00bb<\/a><\/p>\n","protected":false},"author":1,"featured_media":0,"parent":0,"menu_order":0,"comment_status":"closed","ping_status":"closed","template":"","meta":{"_bbp_topic_count":0,"_bbp_reply_count":0,"_bbp_total_topic_count":0,"_bbp_total_reply_count":0,"_bbp_voice_count":0,"_bbp_anonymous_reply_count":0,"_bbp_topic_count_hidden":0,"_bbp_reply_count_hidden":0,"_bbp_forum_subforum_count":0,"footnotes":""},"class_list":["post-1044","page","type-page","status-publish","hentry"],"post_mailing_queue_ids":[],"_links":{"self":[{"href":"https:\/\/agora.xtec.cat\/ieslaferreria\/wp-json\/wp\/v2\/pages\/1044","targetHints":{"allow":["GET"]}}],"collection":[{"href":"https:\/\/agora.xtec.cat\/ieslaferreria\/wp-json\/wp\/v2\/pages"}],"about":[{"href":"https:\/\/agora.xtec.cat\/ieslaferreria\/wp-json\/wp\/v2\/types\/page"}],"author":[{"embeddable":true,"href":"https:\/\/agora.xtec.cat\/ieslaferreria\/wp-json\/wp\/v2\/users\/1"}],"replies":[{"embeddable":true,"href":"https:\/\/agora.xtec.cat\/ieslaferreria\/wp-json\/wp\/v2\/comments?post=1044"}],"version-history":[{"count":2,"href":"https:\/\/agora.xtec.cat\/ieslaferreria\/wp-json\/wp\/v2\/pages\/1044\/revisions"}],"predecessor-version":[{"id":1068,"href":"https:\/\/agora.xtec.cat\/ieslaferreria\/wp-json\/wp\/v2\/pages\/1044\/revisions\/1068"}],"wp:attachment":[{"href":"https:\/\/agora.xtec.cat\/ieslaferreria\/wp-json\/wp\/v2\/media?parent=1044"}],"curies":[{"name":"wp","href":"https:\/\/api.w.org\/{rel}","templated":true}]}}