{"id":1029,"date":"2023-08-23T15:59:44","date_gmt":"2023-08-23T13:59:44","guid":{"rendered":"https:\/\/agora.xtec.cat\/ieslaferreria\/?page_id=1029"},"modified":"2023-08-23T17:12:37","modified_gmt":"2023-08-23T15:12:37","slug":"moduls-administracio-de-sistemes-informatics-i-xarxes","status":"publish","type":"page","link":"https:\/\/agora.xtec.cat\/ieslaferreria\/moduls-administracio-de-sistemes-informatics-i-xarxes\/","title":{"rendered":"M\u00f2duls Administraci\u00f3 de Sistemes Inform\u00e0tics i Xarxes"},"content":{"rendered":"<p><strong>MP1. Implantaci\u00f3 de sistemes operatius.<\/strong><\/p>\n<p>Durada: 165<\/p>\n<p>Unitats formatives que el componen:<\/p>\n<p>UF1: Instal\u00b7laci\u00f3, configuraci\u00f3 i explotaci\u00f3 del sistema inform\u00e0tic<\/p>\n<p>UF2: Gesti\u00f3 de la informaci\u00f3 i de recursos en una xarxa<\/p>\n<p>UF3: Implantaci\u00f3 de programari espec\u00edfic<\/p>\n<p>UF4: Seguretat, rendiment i recursos<\/p>\n<p><strong>MP2. Gesti\u00f3 de bases de dades.<\/strong><\/p>\n<p>Durada: 132<\/p>\n<p>Unitats formatives que el componen:<\/p>\n<p>UF1: Introducci\u00f3 a les bases de dades<\/p>\n<p>UF2: Llenguatges SQL: DML i DDL<\/p>\n<p>UF3: Assegurament de la informaci\u00f3<\/p>\n<p><strong>MP3. Programaci\u00f3 b\u00e0sica.<\/strong><\/p>\n<p>Durada: 165<\/p>\n<p>Unitats formatives que el componen:<\/p>\n<p>UF1: Programaci\u00f3 estructurada<\/p>\n<p>UF2: Disseny modular<\/p>\n<p>UF3: Fonaments de gesti\u00f3 de fitxers<\/p>\n<p><strong>MP4. Llenguatge de marques.<\/strong><\/p>\n<p>Durada: 99<\/p>\n<p>Unitats formatives que el componen:<\/p>\n<p>UF1: Programaci\u00f3 amb XML<\/p>\n<p>UF2: \u00c0mbits d\u2019aplicaci\u00f3 de l\u2019XML<\/p>\n<p>UF3: Sistemes de gesti\u00f3 d\u2019informaci\u00f3 empresarial<\/p>\n<p><strong>MP5. Fonaments de maquinari.<\/strong><\/p>\n<p>Durada: 66<\/p>\n<p>Unitats formatives que el componen:<\/p>\n<p>UF1: Arquitectura de sistemes<\/p>\n<p>UF2: Instal\u00b7laci\u00f3, configuraci\u00f3 i recuperaci\u00f3 de programari<\/p>\n<p>UF3: Implantaci\u00f3 i manteniment de CPD<\/p>\n<p><strong>MP6. Administraci\u00f3 de Sistemes Operatius.<\/strong><\/p>\n<p>Durada: 132<\/p>\n<p>Unitats formatives que el componen:<\/p>\n<p>UF1: Administraci\u00f3 avan\u00e7ada de sistemes operatius<\/p>\n<p>UF2: Automatitzaci\u00f3 de tasques i llenguatges de guions<\/p>\n<p><strong>MP7. Planificaci\u00f3 i administraci\u00f3 de xarxes.<\/strong><\/p>\n<p>Durada: 132<\/p>\n<p>Unitats formatives que el componen:<\/p>\n<p>UF1: Introducci\u00f3 a les xarxes<\/p>\n<p>UF2: Administraci\u00f3 de dispositius de xarxa<\/p>\n<p>UF3: Administraci\u00f3 avan\u00e7ada de xarxes<\/p>\n<p><strong>MP8. Serveis de xarxa i Internet.<\/strong><\/p>\n<p>Durada: 99<\/p>\n<p>Unitats formatives que el componen:<\/p>\n<p>UF1: Serveis de noms i configuraci\u00f3 autom\u00e0tica<\/p>\n<p>UF2: Serveis web i de transfer\u00e8ncia de fitxers<\/p>\n<p>UF3: Correu electr\u00f2nic i missatgeria<\/p>\n<p>UF4: Serveis d\u2019\u00e0udio i v\u00eddeo<\/p>\n<p><strong>MP9. Implantaci\u00f3 d\u2019aplicacions Web.<\/strong><\/p>\n<p>Durada: 66<\/p>\n<p>Unitats formatives que el componen:<\/p>\n<p>UF1. Llenguatges de guions de servidor<\/p>\n<p>UF2. Implantaci\u00f3 de gestors de continguts<\/p>\n<p><strong>MP10. Administraci\u00f3 de sistemes gestors de bases de dades.<\/strong><\/p>\n<p>Durada: 66<\/p>\n<p>Unitats formatives que el componen:<\/p>\n<p>UF1. Llenguatges SQL: DCL i extensi\u00f3 procedimental. SGBD corporatiu<\/p>\n<p><strong>MP11. Seguretat i alta disponibilitat.<\/strong><\/p>\n<p>Durada: 66<\/p>\n<p>Unitats formatives que el componen:<\/p>\n<p>UF1. Seguretat f\u00edsica, l\u00f2gica i legislaci\u00f3<\/p>\n<p>UF2. Seguretat activa i acc\u00e9s remot<\/p>\n<p>UF3. Tallafocs i servidors intermediaris<\/p>\n<p>UF4. Alta disponibilitat<\/p>\n<p><strong>MP12. Formaci\u00f3 i orientaci\u00f3 laboral.<\/strong><\/p>\n<p>Durada: 66<\/p>\n<p>Unitats formatives que el componen:<\/p>\n<p>UF1. Incorporaci\u00f3 al treball<\/p>\n<p>UF2. Prevenci\u00f3 de riscos laborals<\/p>\n<p><strong>MP13. Empresa i iniciativa emprenedora.<\/strong><\/p>\n<p>Durada: 66<\/p>\n<p>Unitats formatives que el componen:<\/p>\n<p>UF1. Empresa i iniciativa emprenedora<\/p>\n<p><strong>MP 14. Projecte.<\/strong><\/p>\n<p>Durada: 297<\/p>\n<p>Unitats formatives que el componen:<\/p>\n<p>UF1. Projecte d\u2019administraci\u00f3 de sistemes inform\u00e0tics en xarxa<\/p>\n<p align=\"left\"><strong>MP15. Formaci\u00f3 en centres de treball<\/strong><\/p>\n<p>Durada: 383<\/p>\n<p>Unitats formatives que el componen:<\/p>\n<p>UF1. Formaci\u00f3 en centres de treball<\/p>\n","protected":false},"excerpt":{"rendered":"<p>MP1. Implantaci\u00f3 de sistemes operatius.<br \/>\nDurada: 165<br \/>\nUnitats formatives que el componen:<br \/>\nUF1: Instal\u00b7laci\u00f3, configuraci\u00f3 i explotaci\u00f3 del sistema inform\u00e0tic<br \/>\nUF2: Gesti\u00f3 de la informaci\u00f3 i de recursos en una xarxa<br \/>\nUF3: Implantaci\u00f3 de programari espec\u00edfic<br \/>\nUF4: Seguretat, rendiment i recursos<br \/>\nMP2. Gesti\u00f3 de bases de dades.<br \/>\nDurada: 132<br \/>\nUnitats formatives que el componen:<br \/>\nUF1:&hellip;  <a href=\"https:\/\/agora.xtec.cat\/ieslaferreria\/moduls-administracio-de-sistemes-informatics-i-xarxes\/\" title=\"Read M\u00f2duls Administraci\u00f3 de Sistemes Inform\u00e0tics i Xarxes\">Llegeix m\u00e9s\u00bb<\/a><\/p>\n","protected":false},"author":1,"featured_media":0,"parent":0,"menu_order":0,"comment_status":"closed","ping_status":"closed","template":"","meta":{"_bbp_topic_count":0,"_bbp_reply_count":0,"_bbp_total_topic_count":0,"_bbp_total_reply_count":0,"_bbp_voice_count":0,"_bbp_anonymous_reply_count":0,"_bbp_topic_count_hidden":0,"_bbp_reply_count_hidden":0,"_bbp_forum_subforum_count":0,"footnotes":""},"class_list":["post-1029","page","type-page","status-publish","hentry"],"post_mailing_queue_ids":[],"_links":{"self":[{"href":"https:\/\/agora.xtec.cat\/ieslaferreria\/wp-json\/wp\/v2\/pages\/1029","targetHints":{"allow":["GET"]}}],"collection":[{"href":"https:\/\/agora.xtec.cat\/ieslaferreria\/wp-json\/wp\/v2\/pages"}],"about":[{"href":"https:\/\/agora.xtec.cat\/ieslaferreria\/wp-json\/wp\/v2\/types\/page"}],"author":[{"embeddable":true,"href":"https:\/\/agora.xtec.cat\/ieslaferreria\/wp-json\/wp\/v2\/users\/1"}],"replies":[{"embeddable":true,"href":"https:\/\/agora.xtec.cat\/ieslaferreria\/wp-json\/wp\/v2\/comments?post=1029"}],"version-history":[{"count":4,"href":"https:\/\/agora.xtec.cat\/ieslaferreria\/wp-json\/wp\/v2\/pages\/1029\/revisions"}],"predecessor-version":[{"id":1036,"href":"https:\/\/agora.xtec.cat\/ieslaferreria\/wp-json\/wp\/v2\/pages\/1029\/revisions\/1036"}],"wp:attachment":[{"href":"https:\/\/agora.xtec.cat\/ieslaferreria\/wp-json\/wp\/v2\/media?parent=1029"}],"curies":[{"name":"wp","href":"https:\/\/api.w.org\/{rel}","templated":true}]}}