{"id":1004,"date":"2023-08-16T18:13:46","date_gmt":"2023-08-16T16:13:46","guid":{"rendered":"https:\/\/agora.xtec.cat\/ieslaferreria\/?page_id=1004"},"modified":"2023-08-23T16:01:17","modified_gmt":"2023-08-23T14:01:17","slug":"moduls-sistemes-microinformatics-i-xarxes","status":"publish","type":"page","link":"https:\/\/agora.xtec.cat\/ieslaferreria\/moduls-sistemes-microinformatics-i-xarxes\/","title":{"rendered":"M\u00f2duls Sistemes Microinform\u00e0tics i Xarxes"},"content":{"rendered":"<p><strong>M\u00f2dul professional 1: Muntatge i manteniment d\u2019equips<\/strong><\/p>\n<p>Durada: 132<\/p>\n<p>Unitats formatives que el componen:<\/p>\n<p>UF 1: electricitat a l\u2019ordinador. 17 hores<\/p>\n<p>UF 2: components d\u2019un equip microinform\u00e0tic. 23 hores<\/p>\n<p>UF 3: muntatge d\u2019un equip microinform\u00e0tic. 23 hores<\/p>\n<p>UF 4: noves tend\u00e8ncies de muntatge. 23 hores<\/p>\n<p>UF 5: manteniment d\u2019equips microinform\u00e0tics. 23 hores<\/p>\n<p>UF 6: instal\u00b7laci\u00f3 de programari. 23 hores<\/p>\n<p><strong>M\u00f2dul professional 2: sistemes operatius monolloc<\/strong><\/p>\n<p>Durada: 99 hores<\/p>\n<p>Unitats formatives que el componen:<\/p>\n<p>UF 1: introducci\u00f3 als sistemes operatius. 33 hores<\/p>\n<p>UF 2: sistemes operatius propietaris. 33 hores<\/p>\n<p>UF 3: sistemes operatius lliures. 33 hores<\/p>\n<p><strong>M\u00f2dul professional 3: aplicacions ofim\u00e0tiques<\/strong><\/p>\n<p>Durada: 165 hores<\/p>\n<p>Unitats formatives que el componen:<\/p>\n<p>UF 1: aplicacions ofim\u00e0tiques i atenci\u00f3 a l\u2019usuari. 20 hores<\/p>\n<p>UF 2: el correu i l\u2019agenda electr\u00f2nica. 20 hores<\/p>\n<p>UF 3: processadors de text. 30 hores<\/p>\n<p>UF 4: fulls de c\u00e0lcul. 30 hores<\/p>\n<p>UF 5: bases de dades. 35 hores<\/p>\n<p>UF 6: imatge i v\u00eddeo \u2013 presentacions. 30 hores<\/p>\n<p><strong>M\u00f2dul professional 4: sistemes operatius en xarxa Durada: 132 hores<\/strong><\/p>\n<p>Unitats formatives que el componen:<\/p>\n<p>UF 1: sistemes operatius propietaris en xarxa. 36 hores<\/p>\n<p>UF 2: sistemes operatius lliures en xarxa. 36 hores<\/p>\n<p>UF 3: compartici\u00f3 de recursos i seguretat. 24 hores<\/p>\n<p>UF 4: integraci\u00f3 de sistemes operatius. 36 hores<\/p>\n<p><strong>M\u00f2dul professional 5: xarxes locals Durada: 198 hores<\/strong><\/p>\n<p>Unitats formatives que el componen:<\/p>\n<p>UF 1: introducci\u00f3 a les xarxes locals. 66 hores<\/p>\n<p>UF 2: configuraci\u00f3 de commutadors i encaminadors. 66 hores<\/p>\n<p>UF 3: resoluci\u00f3 d\u2019incid\u00e8ncies en xarxes locals. 33 hores<\/p>\n<p><strong>M\u00f2dul professional 6: seguretat inform\u00e0tica Durada: 99 hores<\/strong><\/p>\n<p>Unitats formatives que el componen:<\/p>\n<p>UF 1: seguretat passiva. 16 hores<\/p>\n<p>UF 2: c\u00f2pies de seguretat. 17 hores<\/p>\n<p>UF 3: legislaci\u00f3 de seguretat i protecci\u00f3 de dades. 12 hores<\/p>\n<p>UF 4: seguretat activa. 16 hores<\/p>\n<p>UF 5: tallafocs i monitoratge de xarxes. 38 hores<\/p>\n<p><strong>M\u00f2dul professional 7: serveis de xarxa Durada: 165 hores<\/strong><\/p>\n<p>Unitats formatives que el componen:<\/p>\n<p>UF 1: configuraci\u00f3 de la xarxa (DNS i DHCP). 36 hores<\/p>\n<p>UF 2: correu electr\u00f2nic i transmissi\u00f3 d\u2019arxius. 32 hores<\/p>\n<p>UF 3: servidor web i servidor intermediari o proxy. 32 hores<\/p>\n<p>UF 4: acc\u00e9s a sistemes remots. 32 hores<\/p>\n<p><strong>M\u00f2dul professional 8: aplicacions web Durada: 99 hores<\/strong><\/p>\n<p>Unitats formatives que el componen:<\/p>\n<p>UF 1: ofim\u00e0tica i eines web. 13 hores<\/p>\n<p>UF 2: gestors d\u2019arxius web. 13 hores<\/p>\n<p>UF 3: gestors de continguts. 13 hores<\/p>\n<p>UF 4: portals web d\u2019aprenentatge. 13 hores<\/p>\n<p>UF 5: fonaments d\u2019HTML i fulls d\u2019estils: 14 hores<\/p>\n<p><strong>M\u00f2dul 9: formaci\u00f3 i orientaci\u00f3 laboral Durada: 66 hores<\/strong><\/p>\n<p>Unitats formatives que el componen:<\/p>\n<p>UF 1: incorporaci\u00f3 al treball. 33 hores.<\/p>\n<p>UF 2: prevenci\u00f3 de riscos laborals. 33 hores<strong>.<\/strong><\/p>\n<p><strong>M\u00f2dul 10: empresa i iniciativa emprenedora Durada: 66 hores<\/strong><\/p>\n<p>Unitats formatives que el componen:<\/p>\n<p>UF 1: empresa i iniciativa emprenedora. 66 hores<\/p>\n<p><strong>M\u00f2dul 11: angl\u00e8s t\u00e8cnic Durada: 99 hores<\/strong><\/p>\n<p>Unitats formatives que el componen:<\/p>\n<p>UF 1: angl\u00e8s t\u00e8cnic. 99 hores<\/p>\n<p><strong>M\u00f2dul 12: s\u00edntesi Durada: 297 hores<\/strong><\/p>\n<p>Unitats formatives que el componen:<\/p>\n<p>UF 1: s\u00edntesi. 297 hores<\/p>\n<p><strong>M\u00f2dul 13: formaci\u00f3 en centres de treball<\/strong><\/p>\n<p>Durada: 383 hores<\/p>\n","protected":false},"excerpt":{"rendered":"<p>M\u00f2dul professional 1: Muntatge i manteniment d\u2019equips<br \/>\nDurada: 132<br \/>\nUnitats formatives que el componen:<br \/>\nUF 1: electricitat a l\u2019ordinador. 17 hores<br \/>\nUF 2: components d\u2019un equip microinform\u00e0tic. 23 hores<br \/>\nUF 3: muntatge d\u2019un equip microinform\u00e0tic. 23 hores<br \/>\nUF 4: noves tend\u00e8ncies de muntatge. 23 hores<br \/>\nUF 5: manteniment d\u2019equips microinform\u00e0tics. 23 hores<br \/>\nUF&hellip;  <a href=\"https:\/\/agora.xtec.cat\/ieslaferreria\/moduls-sistemes-microinformatics-i-xarxes\/\" title=\"Read M\u00f2duls Sistemes Microinform\u00e0tics i Xarxes\">Llegeix m\u00e9s\u00bb<\/a><\/p>\n","protected":false},"author":1,"featured_media":0,"parent":0,"menu_order":0,"comment_status":"closed","ping_status":"closed","template":"","meta":{"_bbp_topic_count":0,"_bbp_reply_count":0,"_bbp_total_topic_count":0,"_bbp_total_reply_count":0,"_bbp_voice_count":0,"_bbp_anonymous_reply_count":0,"_bbp_topic_count_hidden":0,"_bbp_reply_count_hidden":0,"_bbp_forum_subforum_count":0,"footnotes":""},"class_list":["post-1004","page","type-page","status-publish","hentry"],"post_mailing_queue_ids":[],"_links":{"self":[{"href":"https:\/\/agora.xtec.cat\/ieslaferreria\/wp-json\/wp\/v2\/pages\/1004","targetHints":{"allow":["GET"]}}],"collection":[{"href":"https:\/\/agora.xtec.cat\/ieslaferreria\/wp-json\/wp\/v2\/pages"}],"about":[{"href":"https:\/\/agora.xtec.cat\/ieslaferreria\/wp-json\/wp\/v2\/types\/page"}],"author":[{"embeddable":true,"href":"https:\/\/agora.xtec.cat\/ieslaferreria\/wp-json\/wp\/v2\/users\/1"}],"replies":[{"embeddable":true,"href":"https:\/\/agora.xtec.cat\/ieslaferreria\/wp-json\/wp\/v2\/comments?post=1004"}],"version-history":[{"count":2,"href":"https:\/\/agora.xtec.cat\/ieslaferreria\/wp-json\/wp\/v2\/pages\/1004\/revisions"}],"predecessor-version":[{"id":1032,"href":"https:\/\/agora.xtec.cat\/ieslaferreria\/wp-json\/wp\/v2\/pages\/1004\/revisions\/1032"}],"wp:attachment":[{"href":"https:\/\/agora.xtec.cat\/ieslaferreria\/wp-json\/wp\/v2\/media?parent=1004"}],"curies":[{"name":"wp","href":"https:\/\/api.w.org\/{rel}","templated":true}]}}