{"id":9946,"date":"2025-04-03T13:51:36","date_gmt":"2025-04-03T11:51:36","guid":{"rendered":"https:\/\/agora.xtec.cat\/ieslabisbal\/?page_id=9946"},"modified":"2026-02-02T11:01:17","modified_gmt":"2026-02-02T10:01:17","slug":"cfgs-art-floral","status":"publish","type":"page","link":"https:\/\/agora.xtec.cat\/ieslabisbal\/linstitut\/cicles-de-grau-superior\/cfgs-art-floral\/","title":{"rendered":"CFGS Art Floral"},"content":{"rendered":"<h3>CFGS Art Floral<\/h3>\n<p><b><strong>T\u00e8cnic o t\u00e8cnica superior en art floral<a style=\"color: #2795b6;\" href=\"\/\/agora.xtec.cat\/ieslabisbal\/wp-content\/uploads\/usu1415\/2025\/04\/Diptic_CSArtFloral-1.pdf\" target=\"_blank\" rel=\"noopener\"><img loading=\"lazy\" decoding=\"async\" class=\"alignright wp-image-9922 size-medium\" src=\"https:\/\/agora.xtec.cat\/ieslabisbal\/wp-content\/uploads\/usu1415\/2025\/04\/CSAF-300x300.png\" alt=\"\" width=\"300\" height=\"300\" srcset=\"https:\/\/agora.xtec.cat\/ieslabisbal\/wp-content\/uploads\/usu1415\/2025\/04\/CSAF-300x300.png 300w, https:\/\/agora.xtec.cat\/ieslabisbal\/wp-content\/uploads\/usu1415\/2025\/04\/CSAF-150x150.png 150w, https:\/\/agora.xtec.cat\/ieslabisbal\/wp-content\/uploads\/usu1415\/2025\/04\/CSAF-768x768.png 768w, https:\/\/agora.xtec.cat\/ieslabisbal\/wp-content\/uploads\/usu1415\/2025\/04\/CSAF.png 792w\" sizes=\"auto, (max-width: 300px) 100vw, 300px\" \/><\/a><\/strong><\/b><\/p>\n<p>Aquests estudis postobligatoris capaciten per portar a terme muntatges i composicions decoratives amb plantes i flors,<\/p>\n<p>aix\u00ed com enjardinaments interiors i e<span style=\"font-family: inherit; font-size: 1em;\">xteriors. L<\/span><span style=\"font-family: inherit; font-size: 1em;\">a durada \u00e9s de 1.950 hores (1.750 en un centre educatiu i 200 en un centre de treball) distribu\u00efdes en dos cursos acad\u00e8mics.<\/span><\/p>\n<p><b><strong>Durada dels estudis<\/strong><\/b><\/p>\n<p>1.950 hores (2 cursos lectius)<\/p>\n<p>1.750 al centre educatiu.<\/p>\n<p>200 en un centre de treball.<\/p>\n<p><b><strong>Qu\u00e8 estudiar\u00e0s?<\/strong><\/b><\/p>\n<ul>\n<li>Dibuix. Disseny 3D<\/li>\n<li>Taller b\u00e0sic d&#8217;art floral<\/li>\n<li>Fonaments de jardineria<\/li>\n<li>Obra Final<\/li>\n<li>Gesti\u00f3 de Projectes Professionals<\/li>\n<li>Fonaments b\u00e0sics d&#8217;administraci\u00f3 i m\u00e0rqueting<\/li>\n<li>Angl\u00e8s t\u00e8cnic<\/li>\n<\/ul>\n<p><b><strong>De qu\u00e8 treballar\u00e0s?<\/strong><\/b><\/p>\n<ul>\n<li>Tasques relacionades amb el funcionament d&#8217;un comer\u00e7 espec\u00edfic.<\/li>\n<li>Muntatges i composicions decoratives amb plantes i flors naturals, seques i artificials.<\/li>\n<li>Enjardinament d&#8217;espais interiors i exteriors integrats en el medi arquitect\u00f2nic.<\/li>\n<li>Organitzaci\u00f3 del manteniment de l&#8217;equipament t\u00e8cnic necessari.<\/li>\n<\/ul>\n<p><b><strong>Estudis universitaris als quals pots accedir\u00a0<\/strong><\/b><\/p>\n<ul style=\"list-style-type: disc;\">\n<li>A qualsevol estudi universitari oficial de grau (es dona prefer\u00e8ncia als cicles formatius de les mateixes branques de coneixement).<\/li>\n<li>Als ensenyaments art\u00edstics superiors de grau universitari en Disseny.<\/li>\n<li>Als ensenyaments art\u00edstics superiors de grau universitari en Conservaci\u00f3 i Restauraci\u00f3 de B\u00e9ns Culturals.<\/li>\n<\/ul>\n<p>&nbsp;<\/p>\n","protected":false},"excerpt":{"rendered":"<p>CFGS Art Floral<br \/>\nT\u00e8cnic o t\u00e8cnica superior en art floral<a style=\"color: #2795b6;\" href=\"\/\/agora.xtec.cat\/ieslabisbal\/wp-content\/uploads\/usu1415\/2025\/04\/Diptic_CSArtFloral-1.pdf\" target=\"_blank\" rel=\"noopener\"><\/a><br \/>\nAquests estudis postobligatoris capaciten per portar a terme muntatges i composicions decoratives amb plantes i flors,<br \/>\naix\u00ed com enjardinaments interiors i exteriors. La durada \u00e9s de 1.950 hores (1.750 en un centre educatiu&hellip;  <a href=\"https:\/\/agora.xtec.cat\/ieslabisbal\/linstitut\/cicles-de-grau-superior\/cfgs-art-floral\/\" title=\"Read CFGS Art Floral\">Llegeix m\u00e9s\u00bb<\/a><\/p>\n","protected":false},"author":1,"featured_media":0,"parent":9921,"menu_order":0,"comment_status":"closed","ping_status":"closed","template":"page-templates\/side-menu.php","meta":{"_bbp_topic_count":0,"_bbp_reply_count":0,"_bbp_total_topic_count":0,"_bbp_total_reply_count":0,"_bbp_voice_count":0,"_bbp_anonymous_reply_count":0,"_bbp_topic_count_hidden":0,"_bbp_reply_count_hidden":0,"_bbp_forum_subforum_count":0,"footnotes":""},"class_list":["post-9946","page","type-page","status-publish","hentry"],"post_mailing_queue_ids":[],"_links":{"self":[{"href":"https:\/\/agora.xtec.cat\/ieslabisbal\/wp-json\/wp\/v2\/pages\/9946","targetHints":{"allow":["GET"]}}],"collection":[{"href":"https:\/\/agora.xtec.cat\/ieslabisbal\/wp-json\/wp\/v2\/pages"}],"about":[{"href":"https:\/\/agora.xtec.cat\/ieslabisbal\/wp-json\/wp\/v2\/types\/page"}],"author":[{"embeddable":true,"href":"https:\/\/agora.xtec.cat\/ieslabisbal\/wp-json\/wp\/v2\/users\/1"}],"replies":[{"embeddable":true,"href":"https:\/\/agora.xtec.cat\/ieslabisbal\/wp-json\/wp\/v2\/comments?post=9946"}],"version-history":[{"count":6,"href":"https:\/\/agora.xtec.cat\/ieslabisbal\/wp-json\/wp\/v2\/pages\/9946\/revisions"}],"predecessor-version":[{"id":9960,"href":"https:\/\/agora.xtec.cat\/ieslabisbal\/wp-json\/wp\/v2\/pages\/9946\/revisions\/9960"}],"up":[{"embeddable":true,"href":"https:\/\/agora.xtec.cat\/ieslabisbal\/wp-json\/wp\/v2\/pages\/9921"}],"wp:attachment":[{"href":"https:\/\/agora.xtec.cat\/ieslabisbal\/wp-json\/wp\/v2\/media?parent=9946"}],"curies":[{"name":"wp","href":"https:\/\/api.w.org\/{rel}","templated":true}]}}