{"id":9726,"date":"2024-12-19T08:54:25","date_gmt":"2024-12-19T07:54:25","guid":{"rendered":"https:\/\/agora.xtec.cat\/ieslabisbal\/?page_id=9726"},"modified":"2024-12-19T08:56:44","modified_gmt":"2024-12-19T07:56:44","slug":"visio-i-missio","status":"publish","type":"page","link":"https:\/\/agora.xtec.cat\/ieslabisbal\/linstitut\/mobilitat\/visio-i-missio\/","title":{"rendered":"Visi\u00f3 i missi\u00f3"},"content":{"rendered":"<p class=\"western\" align=\"justify\"><span style=\"font-family: Calibri, serif;\"><span lang=\"ca-ES\"><b>Visi\u00f3<\/b><\/span><\/span><\/p>\n<p class=\"western\" align=\"justify\"><span style=\"font-family: Calibri, serif;\"><span lang=\"ca-ES\">Com a institut ens plantegem l&#8217;objectiu de formar individus adults i responsables, dotats de compet\u00e8ncies professionals (normativa nacional) i transversals (compet\u00e8ncies clau) orientades al m\u00f3n global. A trav\u00e9s de l&#8217;enriquiment de l&#8217;oferta formativa, es vol facilitar el cam\u00ed dels nostres estudiants vers l&#8217;educaci\u00f3 superior i el mercat laboral.<\/span><\/span><\/p>\n<p class=\"western\" align=\"justify\"><span style=\"font-family: Calibri, serif;\"><span lang=\"ca-ES\">Per assolir els objectius esmentats, es proposa col\u00b7laborar amb una \u00e0mplia xarxa europea i amb interessats nacionals i locals, per garantir una oferta formativa actualitzada a les necessitats laborals del present i del futur, que sigui capa\u00e7 de combatre la desocupaci\u00f3 juvenil i l&#8217;abandonament escolar, i que, de fet, augmenti l&#8217;atractivitat dels camins de formaci\u00f3 t\u00e8cnico-professionals.<\/span><\/span><\/p>\n<p class=\"western\" align=\"justify\"><span style=\"font-family: Calibri, serif;\"><span lang=\"ca-ES\">L\u2019institut es veu en cinc anys com a centre expert en el desenvolupament de programes Erasmus, aix\u00ed com haver pogut mobilitzar al voltant d&#8217;un 50% de l&#8217;alumnat i el professorat d&#8217;FP.<\/span><\/span><\/p>\n<p class=\"western\" lang=\"ca-ES\" align=\"justify\"><span style=\"font-family: Calibri, serif;\"><span style=\"font-size: small;\"><span style=\"font-size: medium;\"><b>Missi\u00f3<\/b><\/span><\/span><\/span><\/p>\n<p class=\"western\" lang=\"ca-ES\" align=\"justify\"><span style=\"font-family: Calibri, serif;\"><span style=\"font-size: small;\"><span style=\"font-size: medium;\">L&#8217;institut cerca construir un ambient d&#8217;aprenentatge que reflecteixi un sistema complex d&#8217;eines, disciplines, relacions i sabers interconnectats. Un ambient d&#8217;aprenentatge no nom\u00e9s implica la disponibilitat de recursos i tecnologia per aprendre, sin\u00f3 tamb\u00e9 aquest sistema d&#8217;informaci\u00f3, pr\u00e0ctiques i valors, representat per la interacci\u00f3 responsable entre els subjectes que hi participen, l&#8217;organitzaci\u00f3 dels espais i el temps, la qualitat de les relacions humanes i professionals, l&#8217;efectivitat de la comunicaci\u00f3 i la riquesa de la informaci\u00f3.<\/span><\/span><\/span><\/p>\n<p class=\"western\" lang=\"ca-ES\" align=\"justify\"><span style=\"font-family: Calibri, serif;\"><span style=\"font-size: small;\"><span style=\"font-size: medium;\">En aquesta perspectiva, la missi\u00f3 del centre es basa en aquestes accions:<\/span><\/span><\/span><\/p>\n<ol>\n<li style=\"list-style-type: none;\">\n<ul>\n<li>\n<p class=\"western\" lang=\"ca-ES\" align=\"justify\"><span style=\"font-family: Calibri, serif;\"><span style=\"font-size: small;\"><span style=\"font-size: medium;\">Desenvolupar compet\u00e8ncies de ciutadania, donant suport a l&#8217;assumpci\u00f3 de responsabilitats i autodeterminaci\u00f3.<\/span><\/span><\/span><\/p>\n<\/li>\n<li>\n<p class=\"western\" lang=\"ca-ES\" align=\"justify\"><span style=\"font-family: Calibri, serif;\"><span style=\"font-size: small;\"><span style=\"font-size: medium;\">Difondre metodologies did\u00e0ctiques actives i la promoci\u00f3 de situacions d\u2019aprenentatge col\u00b7laboratiu.<\/span><\/span><\/span><\/p>\n<\/li>\n<li>\n<p class=\"western\" lang=\"ca-ES\" align=\"justify\"><span style=\"font-family: Calibri, serif;\"><span style=\"font-size: small;\"><span style=\"font-size: medium;\">Connectar activitats d\u2019 ampliaci\u00f3 de l\u2019 oferta formativa i el curr\u00edculum de l\u2019institut.<\/span><\/span><\/span><\/p>\n<\/li>\n<li>\n<p class=\"western\" lang=\"ca-ES\" align=\"justify\"><span style=\"font-family: Calibri, serif;\"><span style=\"font-size: small;\"><span style=\"font-size: medium;\">Forjar un ensenyament de FP inclusiu.<\/span><\/span><\/span><\/p>\n<\/li>\n<\/ul>\n<\/li>\n<\/ol>\n<p class=\"western\" lang=\"ca-ES\" align=\"justify\">\n","protected":false},"excerpt":{"rendered":"<p>Visi\u00f3<br \/>\nCom a institut ens plantegem l&#8217;objectiu de formar individus adults i responsables, dotats de compet\u00e8ncies professionals (normativa nacional) i transversals (compet\u00e8ncies clau) orientades al m\u00f3n global. A trav\u00e9s de l&#8217;enriquiment de l&#8217;oferta formativa, es vol facilitar el cam\u00ed dels nostres estudiants vers l&#8217;educaci\u00f3 superior i&hellip;  <a href=\"https:\/\/agora.xtec.cat\/ieslabisbal\/linstitut\/mobilitat\/visio-i-missio\/\" title=\"Read Visi\u00f3 i missi\u00f3\">Llegeix m\u00e9s\u00bb<\/a><\/p>\n","protected":false},"author":1,"featured_media":0,"parent":9656,"menu_order":0,"comment_status":"closed","ping_status":"closed","template":"","meta":{"_bbp_topic_count":0,"_bbp_reply_count":0,"_bbp_total_topic_count":0,"_bbp_total_reply_count":0,"_bbp_voice_count":0,"_bbp_anonymous_reply_count":0,"_bbp_topic_count_hidden":0,"_bbp_reply_count_hidden":0,"_bbp_forum_subforum_count":0,"footnotes":""},"class_list":["post-9726","page","type-page","status-publish","hentry"],"post_mailing_queue_ids":[],"_links":{"self":[{"href":"https:\/\/agora.xtec.cat\/ieslabisbal\/wp-json\/wp\/v2\/pages\/9726","targetHints":{"allow":["GET"]}}],"collection":[{"href":"https:\/\/agora.xtec.cat\/ieslabisbal\/wp-json\/wp\/v2\/pages"}],"about":[{"href":"https:\/\/agora.xtec.cat\/ieslabisbal\/wp-json\/wp\/v2\/types\/page"}],"author":[{"embeddable":true,"href":"https:\/\/agora.xtec.cat\/ieslabisbal\/wp-json\/wp\/v2\/users\/1"}],"replies":[{"embeddable":true,"href":"https:\/\/agora.xtec.cat\/ieslabisbal\/wp-json\/wp\/v2\/comments?post=9726"}],"version-history":[{"count":2,"href":"https:\/\/agora.xtec.cat\/ieslabisbal\/wp-json\/wp\/v2\/pages\/9726\/revisions"}],"predecessor-version":[{"id":9729,"href":"https:\/\/agora.xtec.cat\/ieslabisbal\/wp-json\/wp\/v2\/pages\/9726\/revisions\/9729"}],"up":[{"embeddable":true,"href":"https:\/\/agora.xtec.cat\/ieslabisbal\/wp-json\/wp\/v2\/pages\/9656"}],"wp:attachment":[{"href":"https:\/\/agora.xtec.cat\/ieslabisbal\/wp-json\/wp\/v2\/media?parent=9726"}],"curies":[{"name":"wp","href":"https:\/\/api.w.org\/{rel}","templated":true}]}}