{"id":9656,"date":"2024-11-18T11:44:08","date_gmt":"2024-11-18T10:44:08","guid":{"rendered":"https:\/\/agora.xtec.cat\/ieslabisbal\/?page_id=9656"},"modified":"2026-02-12T15:06:21","modified_gmt":"2026-02-12T14:06:21","slug":"mobilitat","status":"publish","type":"page","link":"https:\/\/agora.xtec.cat\/ieslabisbal\/linstitut\/mobilitat\/","title":{"rendered":"Mobilitat"},"content":{"rendered":"<p>&nbsp;<\/p>\n<p style=\"text-align: center;\"><span style=\"color: #ff0000;\"><strong>OBERTA LA CONVOCAT\u00d2RIA PER SOL\u00b7LICITAR UNA BECA ERASMUS+ PER A ALUMNAT I PROFESSORAT FP<\/strong><\/span><\/p>\n<p>A partir del dia 16 de desembre es pot consultar la convocat\u00f2ria de beques Erasmus+ per a alumnat i professorat de Formaci\u00f3 Professional de Grau Mig. Per poder accedir al document de la convocat\u00f2ria on s\u2019expliquen les bases i els terminis per a poder participar cal clicar la icona FP Mobilitat o b\u00e9 la icona del programa Erasmus+ que es troba just a sota. Ambdues icones es troben al marge esquerre de la p\u00e0gina. S\u2019accedeix a una nova p\u00e0gina de mobilitat on la documentaci\u00f3 es troba al men\u00fa de la dreta, clicant a l\u2019apartat Convocat\u00f2ria de beques. El termini per presentar la candidatura acaba el 31 de gener de 2026. Us animen a participar per poder gaudir d\u2019una experi\u00e8ncia Erasmus+. Per a m\u00e9s informaci\u00f3 tamb\u00e9 podeu fer arribar la vostra consulta al correu\u00a0<a href=\"mailto:mobility@ieslabisbal.cat\">mobility@ieslabisbal.cat<\/a>.<\/p>\n<h5><\/h5>\n<h5 style=\"text-align: center;\"><a href=\"https:\/\/agora.xtec.cat\/ieslabisbal\/wp-content\/uploads\/usu1415\/2025\/12\/Convocatoria-beques-Erasmus-VET-i-HE-2025_2026-per-a-alumnat-i-professorat.pdf\"><strong><span style=\"color: #008000;\">ACC\u00c9S A LA CONVOCAT\u00d2RIA<\/span><\/strong><\/a><\/h5>\n<p>&nbsp;<\/p>\n<h5 style=\"text-align: center;\"><a href=\"https:\/\/agora.xtec.cat\/ieslabisbal\/wp-content\/uploads\/usu1415\/2026\/02\/llistat-definitiu.pdf\"><span style=\"color: #008000;\">LLISTA DEFINITIVA SELECCIONATS<\/span><\/a><\/h5>\n<p>&nbsp;<\/p>\n<p><a href=\"https:\/\/agora.xtec.cat\/ieslabisbal\/wp-content\/uploads\/usu1415\/2024\/11\/es_cofinanciado_por_la_union_europea_pos.png\"><img loading=\"lazy\" decoding=\"async\" class=\"aligncenter size-medium wp-image-9659\" src=\"https:\/\/agora.xtec.cat\/ieslabisbal\/wp-content\/uploads\/usu1415\/2024\/11\/es_cofinanciado_por_la_union_europea_pos-300x63.png\" alt=\"\" width=\"300\" height=\"63\" srcset=\"https:\/\/agora.xtec.cat\/ieslabisbal\/wp-content\/uploads\/usu1415\/2024\/11\/es_cofinanciado_por_la_union_europea_pos-300x63.png 300w, https:\/\/agora.xtec.cat\/ieslabisbal\/wp-content\/uploads\/usu1415\/2024\/11\/es_cofinanciado_por_la_union_europea_pos-1024x215.png 1024w, https:\/\/agora.xtec.cat\/ieslabisbal\/wp-content\/uploads\/usu1415\/2024\/11\/es_cofinanciado_por_la_union_europea_pos-768x161.png 768w, https:\/\/agora.xtec.cat\/ieslabisbal\/wp-content\/uploads\/usu1415\/2024\/11\/es_cofinanciado_por_la_union_europea_pos-1536x322.png 1536w, https:\/\/agora.xtec.cat\/ieslabisbal\/wp-content\/uploads\/usu1415\/2024\/11\/es_cofinanciado_por_la_union_europea_pos-2048x429.png 2048w\" sizes=\"auto, (max-width: 300px) 100vw, 300px\" \/><\/a><\/p>\n","protected":false},"excerpt":{"rendered":"<p>&nbsp;<br \/>\nOBERTA LA CONVOCAT\u00d2RIA PER SOL\u00b7LICITAR UNA BECA ERASMUS+ PER A ALUMNAT I PROFESSORAT FP<br \/>\nA partir del dia 16 de desembre es pot consultar la convocat\u00f2ria de beques Erasmus+ per a alumnat i professorat de Formaci\u00f3 Professional de Grau Mig. Per poder accedir al document de&hellip;  <a href=\"https:\/\/agora.xtec.cat\/ieslabisbal\/linstitut\/mobilitat\/\" title=\"Read Mobilitat\">Llegeix m\u00e9s\u00bb<\/a><\/p>\n","protected":false},"author":1,"featured_media":0,"parent":19,"menu_order":0,"comment_status":"closed","ping_status":"closed","template":"","meta":{"_bbp_topic_count":0,"_bbp_reply_count":0,"_bbp_total_topic_count":0,"_bbp_total_reply_count":0,"_bbp_voice_count":0,"_bbp_anonymous_reply_count":0,"_bbp_topic_count_hidden":0,"_bbp_reply_count_hidden":0,"_bbp_forum_subforum_count":0,"footnotes":""},"class_list":["post-9656","page","type-page","status-publish","hentry"],"post_mailing_queue_ids":[],"_links":{"self":[{"href":"https:\/\/agora.xtec.cat\/ieslabisbal\/wp-json\/wp\/v2\/pages\/9656","targetHints":{"allow":["GET"]}}],"collection":[{"href":"https:\/\/agora.xtec.cat\/ieslabisbal\/wp-json\/wp\/v2\/pages"}],"about":[{"href":"https:\/\/agora.xtec.cat\/ieslabisbal\/wp-json\/wp\/v2\/types\/page"}],"author":[{"embeddable":true,"href":"https:\/\/agora.xtec.cat\/ieslabisbal\/wp-json\/wp\/v2\/users\/1"}],"replies":[{"embeddable":true,"href":"https:\/\/agora.xtec.cat\/ieslabisbal\/wp-json\/wp\/v2\/comments?post=9656"}],"version-history":[{"count":6,"href":"https:\/\/agora.xtec.cat\/ieslabisbal\/wp-json\/wp\/v2\/pages\/9656\/revisions"}],"predecessor-version":[{"id":11194,"href":"https:\/\/agora.xtec.cat\/ieslabisbal\/wp-json\/wp\/v2\/pages\/9656\/revisions\/11194"}],"up":[{"embeddable":true,"href":"https:\/\/agora.xtec.cat\/ieslabisbal\/wp-json\/wp\/v2\/pages\/19"}],"wp:attachment":[{"href":"https:\/\/agora.xtec.cat\/ieslabisbal\/wp-json\/wp\/v2\/media?parent=9656"}],"curies":[{"name":"wp","href":"https:\/\/api.w.org\/{rel}","templated":true}]}}