{"id":9526,"date":"2024-10-16T12:28:14","date_gmt":"2024-10-16T10:28:14","guid":{"rendered":"https:\/\/agora.xtec.cat\/ieslabisbal\/?page_id=9526"},"modified":"2024-10-16T12:28:25","modified_gmt":"2024-10-16T10:28:25","slug":"homologacio-de-titols-estrangers","status":"publish","type":"page","link":"https:\/\/agora.xtec.cat\/ieslabisbal\/homologacio-de-titols-estrangers\/","title":{"rendered":"Homologaci\u00f3 de t\u00edtols estrangers"},"content":{"rendered":"<p>L\u2019homologaci\u00f3 \u00e9s un procediment que et permet\u00a0<strong>convalidar els t\u00edtols o estudis no universitaris que hagis cursat a l\u2019estranger amb els t\u00edtols equivalents espanyols<\/strong>\u00a0i recon\u00e8ixer la seva\u00a0<strong>validesa oficial a Espanya<\/strong>.<\/p>\n<p>El proc\u00e9s d\u2019homologaci\u00f3 t\u00e9 els efectes seg\u00fcents:<\/p>\n<ul>\n<li>Suposa el reconeixement del grau acad\u00e8mic corresponent.<\/li>\n<li>T\u2019habilita com a estudiant a continuar els estudis d\u2019un altre nivell educatiu espanyol.<\/li>\n<li>Implica el reconeixement dels efectes professionals inherents al t\u00edtol espanyol de refer\u00e8ncia.<\/li>\n<\/ul>\n<p>Per sol\u00b7licitar una homologaci\u00f3 d\u2019estudis estrangers no universitaris has d\u2019acreditar la teva<strong>\u00a0resid\u00e8ncia a Catalunya<\/strong>\u00a0amb la presentaci\u00f3 d\u2019un volant d\u2019empadronament.<\/p>\n<p><a href=\"https:\/\/triaeducativa.gencat.cat\/ca\/homologacio\/inici\/\"><strong>Has cursat estudis a l\u2019estranger i vols homologar-los? Consulta tota la informaci\u00f3<\/strong><\/a><\/p>\n","protected":false},"excerpt":{"rendered":"<p>L\u2019homologaci\u00f3 \u00e9s un procediment que et permet\u00a0convalidar els t\u00edtols o estudis no universitaris que hagis cursat a l\u2019estranger amb els t\u00edtols equivalents espanyols\u00a0i recon\u00e8ixer la seva\u00a0validesa oficial a Espanya.<br \/>\nEl proc\u00e9s d\u2019homologaci\u00f3 t\u00e9 els efectes seg\u00fcents:<\/p>\n<ul>\n<li>Suposa el reconeixement del grau acad\u00e8mic corresponent.<\/li>\n<li>T\u2019habilita com a estudiant a&hellip;  <a href=\"https:\/\/agora.xtec.cat\/ieslabisbal\/homologacio-de-titols-estrangers\/\" title=\"Read Homologaci\u00f3 de t\u00edtols estrangers\">Llegeix m\u00e9s\u00bb<\/a><br \/>\n","protected":false},"author":1,"featured_media":0,"parent":0,"menu_order":0,"comment_status":"closed","ping_status":"closed","template":"","meta":{"_bbp_topic_count":0,"_bbp_reply_count":0,"_bbp_total_topic_count":0,"_bbp_total_reply_count":0,"_bbp_voice_count":0,"_bbp_anonymous_reply_count":0,"_bbp_topic_count_hidden":0,"_bbp_reply_count_hidden":0,"_bbp_forum_subforum_count":0,"footnotes":""},"class_list":["post-9526","page","type-page","status-publish","hentry"],"post_mailing_queue_ids":[],"_links":{"self":[{"href":"https:\/\/agora.xtec.cat\/ieslabisbal\/wp-json\/wp\/v2\/pages\/9526","targetHints":{"allow":["GET"]}}],"collection":[{"href":"https:\/\/agora.xtec.cat\/ieslabisbal\/wp-json\/wp\/v2\/pages"}],"about":[{"href":"https:\/\/agora.xtec.cat\/ieslabisbal\/wp-json\/wp\/v2\/types\/page"}],"author":[{"embeddable":true,"href":"https:\/\/agora.xtec.cat\/ieslabisbal\/wp-json\/wp\/v2\/users\/1"}],"replies":[{"embeddable":true,"href":"https:\/\/agora.xtec.cat\/ieslabisbal\/wp-json\/wp\/v2\/comments?post=9526"}],"version-history":[{"count":1,"href":"https:\/\/agora.xtec.cat\/ieslabisbal\/wp-json\/wp\/v2\/pages\/9526\/revisions"}],"predecessor-version":[{"id":9535,"href":"https:\/\/agora.xtec.cat\/ieslabisbal\/wp-json\/wp\/v2\/pages\/9526\/revisions\/9535"}],"wp:attachment":[{"href":"https:\/\/agora.xtec.cat\/ieslabisbal\/wp-json\/wp\/v2\/media?parent=9526"}],"curies":[{"name":"wp","href":"https:\/\/api.w.org\/{rel}","templated":true}]}}