{"id":9480,"date":"2024-09-26T16:59:53","date_gmt":"2024-09-26T14:59:53","guid":{"rendered":"https:\/\/agora.xtec.cat\/ieslabisbal\/?page_id=9480"},"modified":"2025-07-15T14:40:19","modified_gmt":"2025-07-15T12:40:19","slug":"informacio-sobre-el-pagament-de-sortides-de-linstitut","status":"publish","type":"page","link":"https:\/\/agora.xtec.cat\/ieslabisbal\/linstitut\/secretaria\/informacio-sobre-el-pagament-de-sortides-de-linstitut\/","title":{"rendered":"Informaci\u00f3 pagament sortides institut"},"content":{"rendered":"<p>Benvolgudes fam\u00edlies,<\/p>\n<p>Us informem que<span style=\"font-family: inherit; font-size: 1em;\">\u00a0els pagaments al centre es faran a trav\u00e9s de l\u2019aplicaci\u00f3 <\/span><strong style=\"font-family: inherit; font-size: 1em;\"><span style=\"color: #003366;\">iEduca TokApp:<\/span><\/strong><\/p>\n<p><strong><span style=\"color: #003366;\"><img loading=\"lazy\" decoding=\"async\" class=\"wp-image-9481 alignright\" src=\"https:\/\/agora.xtec.cat\/ieslabisbal\/wp-content\/uploads\/usu1415\/2024\/09\/tokapp.jpg\" alt=\"\" width=\"107\" height=\"107\" srcset=\"https:\/\/agora.xtec.cat\/ieslabisbal\/wp-content\/uploads\/usu1415\/2024\/09\/tokapp.jpg 225w, https:\/\/agora.xtec.cat\/ieslabisbal\/wp-content\/uploads\/usu1415\/2024\/09\/tokapp-150x150.jpg 150w\" sizes=\"auto, (max-width: 107px) 100vw, 107px\" \/><\/span><\/strong><\/p>\n<p>Per realitzar qualsevol pagament, \u00e9s imprescindible que us descarregueu l\u2019aplicaci\u00f3, disponible tant a l&#8217;App Store d&#8217;Apple com a Google Play per a dispositius Android.<\/p>\n<p>Clicant a l&#8217;enlla\u00e7 de sota, podeu consultar un document on explica com instal\u00b7lar l&#8217;aplicaci\u00f3 i els passos a seguir per entrar-hi. Tamb\u00e9 hi ha el link a dos v\u00eddeos explicatius sobre com \u00e9s l&#8217;aplicaci\u00f3 i com realitzar pagaments: <a href=\"https:\/\/agora.xtec.cat\/ieslabisbal\/wp-content\/uploads\/usu1415\/2024\/09\/Instruccions_iEduca_Tokapp.pdf\" target=\"_blank\" rel=\"noopener\"><span style=\"color: #003366;\"><strong>Instruccions iEduca TokApp<\/strong><\/span><\/a>.<\/p>\n<p>&nbsp;<\/p>\n<p><span style=\"color: #0000ff;\"><strong>Informaci\u00f3 sobre les sortides:\u00a0<\/strong><\/span><\/p>\n<p>Durant el mes d&#8217;octubre, es far\u00e0 un pagament \u00fanic per a les sortides curriculars previstes de cada curs. Aquestes sortides es detallaran per correu electr\u00f2nic abans de cada activitat i s\u2019informar\u00e0 l\u2019alumnat a l\u2019hora de tutoria.\u00a0A trav\u00e9s d\u2019 iEduca TokApp, rebreu una \u00fanica autoritzaci\u00f3 per a <strong>totes<\/strong> les sortides curriculars, les quals recordem que s\u00f3n obligat\u00f2ries.<\/p>\n<p>Per tal de poder assistir a les sortides <strong>ser\u00e0 necessari respondre afirmativament<\/strong> <strong>l&#8217;autoritzaci\u00f3<\/strong>.<\/p>\n<p>En cas de qualsevol dubte o consulta, podeu enviar un correu a <a href=\"mailto:sortides@ieslabisbal.cat\"><strong><span style=\"font-family: inherit; font-size: 1em; color: #0000ff;\">sortides@ieslabisbal.cat\u00a0<\/span><\/strong><\/a><\/p>\n","protected":false},"excerpt":{"rendered":"<p>Benvolgudes fam\u00edlies,<br \/>\nUs informem que\u00a0els pagaments al centre es faran a trav\u00e9s de l\u2019aplicaci\u00f3 iEduca TokApp:<\/p>\n<p>Per realitzar qualsevol pagament, \u00e9s imprescindible que us descarregueu l\u2019aplicaci\u00f3, disponible tant a l&#8217;App Store d&#8217;Apple com a Google Play per a dispositius Android.<br \/>\nClicant a l&#8217;enlla\u00e7 de sota, podeu consultar un&hellip;  <a href=\"https:\/\/agora.xtec.cat\/ieslabisbal\/linstitut\/secretaria\/informacio-sobre-el-pagament-de-sortides-de-linstitut\/\" title=\"Read Informaci\u00f3 pagament sortides institut\">Llegeix m\u00e9s\u00bb<\/a><\/p>\n","protected":false},"author":1,"featured_media":0,"parent":81,"menu_order":0,"comment_status":"closed","ping_status":"closed","template":"","meta":{"_bbp_topic_count":0,"_bbp_reply_count":0,"_bbp_total_topic_count":0,"_bbp_total_reply_count":0,"_bbp_voice_count":0,"_bbp_anonymous_reply_count":0,"_bbp_topic_count_hidden":0,"_bbp_reply_count_hidden":0,"_bbp_forum_subforum_count":0,"footnotes":""},"class_list":["post-9480","page","type-page","status-publish","hentry"],"post_mailing_queue_ids":[],"_links":{"self":[{"href":"https:\/\/agora.xtec.cat\/ieslabisbal\/wp-json\/wp\/v2\/pages\/9480","targetHints":{"allow":["GET"]}}],"collection":[{"href":"https:\/\/agora.xtec.cat\/ieslabisbal\/wp-json\/wp\/v2\/pages"}],"about":[{"href":"https:\/\/agora.xtec.cat\/ieslabisbal\/wp-json\/wp\/v2\/types\/page"}],"author":[{"embeddable":true,"href":"https:\/\/agora.xtec.cat\/ieslabisbal\/wp-json\/wp\/v2\/users\/1"}],"replies":[{"embeddable":true,"href":"https:\/\/agora.xtec.cat\/ieslabisbal\/wp-json\/wp\/v2\/comments?post=9480"}],"version-history":[{"count":6,"href":"https:\/\/agora.xtec.cat\/ieslabisbal\/wp-json\/wp\/v2\/pages\/9480\/revisions"}],"predecessor-version":[{"id":10702,"href":"https:\/\/agora.xtec.cat\/ieslabisbal\/wp-json\/wp\/v2\/pages\/9480\/revisions\/10702"}],"up":[{"embeddable":true,"href":"https:\/\/agora.xtec.cat\/ieslabisbal\/wp-json\/wp\/v2\/pages\/81"}],"wp:attachment":[{"href":"https:\/\/agora.xtec.cat\/ieslabisbal\/wp-json\/wp\/v2\/media?parent=9480"}],"curies":[{"name":"wp","href":"https:\/\/api.w.org\/{rel}","templated":true}]}}