{"id":876,"date":"2016-09-26T20:11:52","date_gmt":"2016-09-26T18:11:52","guid":{"rendered":"http:\/\/agora.xtec.cat\/ieslabisbal\/?page_id=876"},"modified":"2022-09-12T13:47:50","modified_gmt":"2022-09-12T11:47:50","slug":"erasmus","status":"publish","type":"page","link":"https:\/\/agora.xtec.cat\/ieslabisbal\/projecte-educatiu\/erasmus\/","title":{"rendered":"Erasmus +"},"content":{"rendered":"<h1>Programa internacional Erasmus +<\/h1>\n<p>Erasmus+ \u00e9s el programa de la Comissi\u00f3 Europea per educaci\u00f3, formaci\u00f3, joventut i esport. Tindr\u00e0 vig\u00e8ncia des del dia 1 de gener de 2021 fins el 31 de desembre de 2027 i comporta un increment significatiu dels fons destinats al desenvolupament del coneixement i les habilitats.<\/p>\n<p>El programa \u00e9s la resposta de la UE als reptes socioecon\u00f2mics actuals. Es tracta d&#8217;una estrat\u00e8gia coordinada per al creixement i l&#8217;ocupaci\u00f3, anomenada Europa 2020, de la qual l&#8217;educaci\u00f3 i la formaci\u00f3 en s\u00f3n una part integral. La inversi\u00f3 en educaci\u00f3 i formaci\u00f3 es considera clau per al desenvolupament del potencial personal, l&#8217;adquisici\u00f3 de noves habilitats i l&#8217;increment de les perspectives laborals.<\/p>\n<p><a href=\"https:\/\/agora.xtec.cat\/ieslabisbal\/wp-content\/uploads\/usu1415\/2020\/08\/unnamed.png\"><img loading=\"lazy\" decoding=\"async\" class=\"aligncenter size-full wp-image-5753\" src=\"https:\/\/agora.xtec.cat\/ieslabisbal\/wp-content\/uploads\/usu1415\/2020\/08\/unnamed.png\" alt=\"\" width=\"257\" height=\"77\" \/><\/a><\/p>\n<p>&nbsp;<\/p>\n<p>Tamb\u00e9 des del passat curs 2021-22 l\u2019INS La Bisbal forma part del projecte internacional \u2018Erasmus PITCHER\u2019 per al desenvolupament conjunt amb altres institucions europees de recursos did\u00e0ctics amb l\u2019objectiu de conscienciar a la ciutadania europea de la import\u00e0ncia de la prevenci\u00f3 del tr\u00e0fic il\u00b7l\u00edcit de patrimoni cultural.<br \/>\nL&#8217;objectiu general del projecte PITCHER \u00e9s el de dissenyar i implementar un conjunt de recursos educatius oberts, que tamb\u00e9 seran disponibles en l\u00ednia, amb l\u2019objectiu de millorar la capacitat dels educadors per preparar noves experi\u00e8ncies d&#8217;aprenentatge per donar suport a la lluita contra el saqueig i el tr\u00e0fic il\u00b7l\u00edcit de b\u00e9ns culturals.<br \/>\nEl projecte proposar\u00e0 un nou model per mostrar als joves com poden donar suport a la lluita contra el saqueig i el tr\u00e0fic il\u00b7l\u00edcit de b\u00e9ns culturals, adre\u00e7ant-se als professors dels centres educatius per conscienciar als docents i potenciar el seu desenvolupament professional en aquest \u00e0mbit.<br \/>\nAix\u00f2 es desenvolupar\u00e0 a trav\u00e9s de:<br \/>\n\u2022 dotar als centres educatius d\u2019eines que ajudin els seus alumnes a adquirir les habilitats de pensament cr\u00edtic necess\u00e0ries per jugar un paper efectiu a l&#8217;hora d&#8217;abordar aquests problemes, com a joves ciutadans i com a adults;<br \/>\n\u2022 crear materials i recursos educatius basats en el sistema d\u2019ensenyament STEAM (\u00e9s a dir, una combinaci\u00f3 de ci\u00e8ncia, tecnologia, enginyeria, arts i matem\u00e0tiques) com a punts d&#8217;acc\u00e9s per orientar les peticions d&#8217;informaci\u00f3, el di\u00e0leg i el pensament cr\u00edtic dels estudiants;<br \/>\n\u2022 utilitzar el potencial educatiu present a les col\u00b7leccions del patrimoni digital europeu (jaciments arqueol\u00f2gics, museus, biblioteques, etc.) per ajudar els professors a desenvolupar lli\u00e7ons i tallers centrats en la lluita contra el saqueig i el tr\u00e0fic il\u00b7l\u00edcit de b\u00e9ns culturals.<br \/>\nEl projecte PITCHER consta de 8 socis europeus, incloent 4 centres educatius: Bibracte (Fran\u00e7a), Escola Nacional Superior de la Policia (Fran\u00e7a), Michael Culture Association (B\u00e8lgica), Associaci\u00f3 Museomix (Fran\u00e7a), Lyc\u00e9e Franco-Hell\u00e9nique Eug\u00e8ne Delacroix (Gr\u00e8cia), IES Albalat (Espanya), INS La Bisbal (Catalunya) i Comprensivo Ennio Quirino Viscinti (It\u00e0lia). Tots els socis del projecte s\u00f3n organitzacions actives i amb una forta experi\u00e8ncia en l&#8217;\u00e0mbit de l&#8217;educaci\u00f3 formal, informal i no formal, amb un inter\u00e8s espec\u00edfic per la dimensi\u00f3 social i el suport a la inclusi\u00f3 social de persones joves i menys afavorides. El Museu d&#8217;Arqueologia de Catalunya, a trav\u00e9s de la seu d&#8217;Ullastret forma part d&#8217;aquest projecte com a soci col\u00b7laborador extern.<br \/>\nAquesta passada primavera 2022 el projecte PITCHER va posar en marxa una p\u00e0gina web per donar a con\u00e8ixer la totalitat dels seus membres i difondre les principals accions conjuntes i actualitats del projecte: https:\/\/www.pitcher-project.eu\/<\/p>\n<ul style=\"list-style-type: circle;\">\n<li><a href=\"https:\/\/agora.xtec.cat\/ieslabisbal\/docs\/carta-erasmus-2021-2027\/?bp-attachment=Erasmus-Charter-for-Higher-Education-2021_singat.pdf\">Disposem de la carta Erasmus 2021-2027<\/a><\/li>\n<li><a href=\"https:\/\/agora.xtec.cat\/ieslabisbal\/docs\/carta-erasmus-2014-2020\/?bp-attachment=Criteris-selecci%C3%B3-mobilitat-Cicles.pdf\">Cr\u00edteris de Selecci\u00f3 de Mobilitat dels Cicles<\/a><\/li>\n<li><a href=\"https:\/\/agora.xtec.cat\/ieslabisbal\/docs\/carta-erasmus-2014-2020\/?bp-attachment=Declaraci%C3%B3-de-Pol%C3%ADtica-Erasmus-cat.pdf\">Declaraci\u00f3 de Pol\u00edtica Erasmus<\/a><\/li>\n<li><a href=\"https:\/\/agora.xtec.cat\/ieslabisbal\/docs\/carta-erasmus-2014-2020\/?bp-attachment=Erasmus-Policy-Statement.pdf\">Erasmus Policy Statement<\/a><\/li>\n<li><a href=\"https:\/\/agora.xtec.cat\/ieslabisbal\/docs\/convocatoria-mobilitat-erasmus-curs-20-21\/?bp-attachment=CONVOCAT%C3%92RIA-MOBILITATS-ERASMUS.docx\">Convocat\u00f2ria mobilitat Erasmus<\/a><\/li>\n<li><a href=\"https:\/\/agora.xtec.cat\/ieslabisbal\/docs\/normativa-per-entrar-a-la-seleccio-erasmus\/?bp-attachment=Normativa-per-entrar-a-la-selecci%C3%B3-i-firma.docx\">Normativa per entrar a la selecci\u00f3<\/a><\/li>\n<li><a href=\"https:\/\/agora.xtec.cat\/ieslabisbal\/docs\/procediment-de-seleccio-erasmus\/?bp-attachment=PROCEDIMENT-DE-SELECCI%C3%93.docx\">Procediments per a la selecci\u00f3<\/a><\/li>\n<\/ul>\n","protected":false},"excerpt":{"rendered":"<p>Programa internacional Erasmus +<br \/>\nErasmus+ \u00e9s el programa de la Comissi\u00f3 Europea per educaci\u00f3, formaci\u00f3, joventut i esport. Tindr\u00e0 vig\u00e8ncia des del dia 1 de gener de 2021 fins el 31 de desembre de 2027 i comporta un increment significatiu dels fons destinats al desenvolupament del&hellip;  <a href=\"https:\/\/agora.xtec.cat\/ieslabisbal\/projecte-educatiu\/erasmus\/\" title=\"Read Erasmus +\">Llegeix m\u00e9s\u00bb<\/a><\/p>\n","protected":false},"author":1,"featured_media":0,"parent":57,"menu_order":0,"comment_status":"closed","ping_status":"closed","template":"","meta":{"_bbp_topic_count":0,"_bbp_reply_count":0,"_bbp_total_topic_count":0,"_bbp_total_reply_count":0,"_bbp_voice_count":0,"_bbp_anonymous_reply_count":0,"_bbp_topic_count_hidden":0,"_bbp_reply_count_hidden":0,"_bbp_forum_subforum_count":0,"footnotes":""},"class_list":["post-876","page","type-page","status-publish","hentry"],"post_mailing_queue_ids":[],"_links":{"self":[{"href":"https:\/\/agora.xtec.cat\/ieslabisbal\/wp-json\/wp\/v2\/pages\/876","targetHints":{"allow":["GET"]}}],"collection":[{"href":"https:\/\/agora.xtec.cat\/ieslabisbal\/wp-json\/wp\/v2\/pages"}],"about":[{"href":"https:\/\/agora.xtec.cat\/ieslabisbal\/wp-json\/wp\/v2\/types\/page"}],"author":[{"embeddable":true,"href":"https:\/\/agora.xtec.cat\/ieslabisbal\/wp-json\/wp\/v2\/users\/1"}],"replies":[{"embeddable":true,"href":"https:\/\/agora.xtec.cat\/ieslabisbal\/wp-json\/wp\/v2\/comments?post=876"}],"version-history":[{"count":4,"href":"https:\/\/agora.xtec.cat\/ieslabisbal\/wp-json\/wp\/v2\/pages\/876\/revisions"}],"predecessor-version":[{"id":7551,"href":"https:\/\/agora.xtec.cat\/ieslabisbal\/wp-json\/wp\/v2\/pages\/876\/revisions\/7551"}],"up":[{"embeddable":true,"href":"https:\/\/agora.xtec.cat\/ieslabisbal\/wp-json\/wp\/v2\/pages\/57"}],"wp:attachment":[{"href":"https:\/\/agora.xtec.cat\/ieslabisbal\/wp-json\/wp\/v2\/media?parent=876"}],"curies":[{"name":"wp","href":"https:\/\/api.w.org\/{rel}","templated":true}]}}