{"id":8606,"date":"2024-01-25T12:45:07","date_gmt":"2024-01-25T11:45:07","guid":{"rendered":"https:\/\/agora.xtec.cat\/ieslabisbal\/?page_id=8606"},"modified":"2026-02-04T13:40:37","modified_gmt":"2026-02-04T12:40:37","slug":"sollicitud-de-titol","status":"publish","type":"page","link":"https:\/\/agora.xtec.cat\/ieslabisbal\/linstitut\/secretaria\/sollicitud-de-titol\/","title":{"rendered":"Sol\u00b7licitud de T\u00edtol"},"content":{"rendered":"<p align=\"center\"><b style=\"color: #0070c0; font-size: large; text-align: -webkit-center;\"><br \/>\n<img loading=\"lazy\" decoding=\"async\" class=\"wp-image-2930 alignleft\" src=\"https:\/\/agora.xtec.cat\/ieslabisbal\/wp-content\/uploads\/usu1415\/2018\/04\/birret-300x258.jpg\" alt=\"\" width=\"74\" height=\"64\" srcset=\"https:\/\/agora.xtec.cat\/ieslabisbal\/wp-content\/uploads\/usu1415\/2018\/04\/birret-300x258.jpg 300w, https:\/\/agora.xtec.cat\/ieslabisbal\/wp-content\/uploads\/usu1415\/2018\/04\/birret.jpg 564w\" sizes=\"auto, (max-width: 74px) 100vw, 74px\" \/><\/b><\/p>\n<p><strong>PROCEDIMENT ADMINISTRATIU DE SOL\u00b7LICITUD DE T\u00cdTOL\u00a0ACAD\u00c8MICS\u00a0NO UNIVERSITARIS<\/strong><\/p>\n<p>&nbsp;<\/p>\n<p>&nbsp;<\/p>\n<p><strong>BATXILLERAT i CICLES FORMATIUS<\/strong><\/p>\n<p>Sol\u00b7licitar el t\u00edtol a trav\u00e9s de la web del Departament<span style=\"color: #ff0000;\"><em><strong> <a style=\"color: #ff0000;\" href=\"https:\/\/web.gencat.cat\/ca\/tramits\/tramits-temes\/titols-academics-no-universitaris?category=742b7874-a82c-11e3-a972-000c29052e2c\">gencat.cat<\/a><\/strong><\/em>,<\/span> us haureu d&#8217;identificar amb idcat m\u00f2bil i seguir els passos corresponents.<\/p>\n<p>En el seg\u00fcent link trobareu els passos a seguir: <a href=\"https:\/\/agora.xtec.cat\/ieslabisbal\/wp-content\/uploads\/usu1415\/2025\/05\/instruccions-aplicacio.pdf\">Guia d&#8217;aplicaci\u00f3 per sol.licitar l&#8217;expedici\u00f3 d&#8217;un t\u00edtol, duplicat o actualitzaci\u00f3<\/a><\/p>\n<p>Un cop realitzat el pagament, s&#8217;ha d&#8217;enviar el justificant al correu electr\u00f2nic de: <span style=\"color: #0000ff;\"><u><a href=\"mailto:secretaria@ieslabisbal.cat\"><span style=\"font-size: medium;\">secretaria<span class=\"\">@ieslabisbal.cat<\/span><\/span><\/a>\u00a0<\/u><\/span>per tal de que s&#8217;inici\u00ef el tr\u00e0mit administratiu de la sol\u00b7licitud del t\u00edtol.<\/p>\n<p><em><strong>Cal tenir en compte que el resguard de pagament t\u00e9 data de caducitat.\u00a0<\/strong><\/em><\/p>\n<p><strong>Bonificaci\u00f3 del 50%<\/strong>\u00a0de l\u2019import\u00a0per a:<\/p>\n<p>\u2981 Membres de fam\u00edlia nombrosa de categoria general i<br \/>\n\u2981 Membres de fam\u00edlies monoparentals.<\/p>\n<p><strong>Exempci\u00f3 del 100%<\/strong>\u00a0del pagament per a:<\/p>\n<p>\u2981 Membres de fam\u00edlia nombrosa de categoria especial<br \/>\n\u2981 V\u00edctimes del terrorisme (i els seus c\u00f2njuges i els seus fills)<br \/>\n\u2981 Persones amb discapacitat igual o superior al 33%<br \/>\n\u2981 Infants o adolescents en acolliment familiar.<\/p>\n<p style=\"text-align: justify;\" align=\"center\">D\u2019acord amb l\u2019article 2.5 de l\u2019ORDRE EDC\/216\/2005, de 4 de maig, per la qual es desenvolupa el procediment d\u2019expedici\u00f3 dels t\u00edtols acad\u00e8mics i professionals no universitaris de Catalunya, l&#8217;impr\u00e8s de resguard, degudament signat i segellat per la persona responsable de la Secretaria del centre, t\u00e9 tots els efectes del t\u00edtol respectiu, mentre aquest no s&#8217;expedeixi materialment<\/p>\n<p style=\"text-align: left;\" align=\"center\"><strong>RECOLLIDA DEL T\u00cdTOL<\/strong><\/p>\n<ul style=\"list-style-type: disc;\">\n<li style=\"text-align: left;\">En el vostre perfil privat del tr\u00e0mit, podreu comprovar en tot moment l&#8217;estat del vostre t\u00edtol, i quan hi posi lliurat al centre el podreu recollir.<\/li>\n<li style=\"text-align: left;\">Heu de passar personalment per Secretaria de l\u2019Institut amb el vostre DNI i el resguard de pagament del t\u00edtol.<\/li>\n<li style=\"text-align: left;\">Si no podeu venir personalment, heu d\u2019omplir <a href=\"https:\/\/agora.xtec.cat\/ieslabisbal\/wp-content\/uploads\/usu1415\/2024\/11\/Autoritzacio-recollida-titols.doc\">aquesta autoritzaci\u00f3<\/a>, signar-la i adjuntar fotoc\u00f2pia del vostre DNI\/NIE\/Passaport. La persona autoritzada ha de presentar el seu document d\u2019identitat.<\/li>\n<\/ul>\n","protected":false},"excerpt":{"rendered":"<p>PROCEDIMENT ADMINISTRATIU DE SOL\u00b7LICITUD DE T\u00cdTOL\u00a0ACAD\u00c8MICS\u00a0NO UNIVERSITARIS<br \/>\n&nbsp;<br \/>\n&nbsp;<br \/>\nBATXILLERAT i CICLES FORMATIUS<br \/>\nSol\u00b7licitar el t\u00edtol a trav\u00e9s de la web del Departament <a style=\"color: #ff0000;\" href=\"https:\/\/web.gencat.cat\/ca\/tramits\/tramits-temes\/titols-academics-no-universitaris?category=742b7874-a82c-11e3-a972-000c29052e2c\">gencat.cat<\/a>, us haureu d&#8217;identificar amb idcat m\u00f2bil i seguir els passos corresponents.<br \/>\nEn el seg\u00fcent link trobareu els passos a seguir: <a href=\"https:\/\/agora.xtec.cat\/ieslabisbal\/wp-content\/uploads\/usu1415\/2025\/05\/instruccions-aplicacio.pdf\">Guia d&#8217;aplicaci\u00f3&hellip;  <a href=\"https:\/\/agora.xtec.cat\/ieslabisbal\/linstitut\/secretaria\/sollicitud-de-titol\/\" title=\"Read Sol\u00b7licitud de T\u00edtol\">Llegeix m\u00e9s\u00bb<\/a><\/p>\n","protected":false},"author":1,"featured_media":0,"parent":81,"menu_order":0,"comment_status":"closed","ping_status":"closed","template":"page-templates\/side-menu.php","meta":{"_bbp_topic_count":0,"_bbp_reply_count":0,"_bbp_total_topic_count":0,"_bbp_total_reply_count":0,"_bbp_voice_count":0,"_bbp_anonymous_reply_count":0,"_bbp_topic_count_hidden":0,"_bbp_reply_count_hidden":0,"_bbp_forum_subforum_count":0,"footnotes":""},"class_list":["post-8606","page","type-page","status-publish","hentry"],"post_mailing_queue_ids":[],"_links":{"self":[{"href":"https:\/\/agora.xtec.cat\/ieslabisbal\/wp-json\/wp\/v2\/pages\/8606","targetHints":{"allow":["GET"]}}],"collection":[{"href":"https:\/\/agora.xtec.cat\/ieslabisbal\/wp-json\/wp\/v2\/pages"}],"about":[{"href":"https:\/\/agora.xtec.cat\/ieslabisbal\/wp-json\/wp\/v2\/types\/page"}],"author":[{"embeddable":true,"href":"https:\/\/agora.xtec.cat\/ieslabisbal\/wp-json\/wp\/v2\/users\/1"}],"replies":[{"embeddable":true,"href":"https:\/\/agora.xtec.cat\/ieslabisbal\/wp-json\/wp\/v2\/comments?post=8606"}],"version-history":[{"count":7,"href":"https:\/\/agora.xtec.cat\/ieslabisbal\/wp-json\/wp\/v2\/pages\/8606\/revisions"}],"predecessor-version":[{"id":11137,"href":"https:\/\/agora.xtec.cat\/ieslabisbal\/wp-json\/wp\/v2\/pages\/8606\/revisions\/11137"}],"up":[{"embeddable":true,"href":"https:\/\/agora.xtec.cat\/ieslabisbal\/wp-json\/wp\/v2\/pages\/81"}],"wp:attachment":[{"href":"https:\/\/agora.xtec.cat\/ieslabisbal\/wp-json\/wp\/v2\/media?parent=8606"}],"curies":[{"name":"wp","href":"https:\/\/api.w.org\/{rel}","templated":true}]}}