{"id":852,"date":"2016-09-26T19:48:58","date_gmt":"2016-09-26T17:48:58","guid":{"rendered":"http:\/\/agora.xtec.cat\/ieslabisbal\/?page_id=852"},"modified":"2026-03-02T13:23:18","modified_gmt":"2026-03-02T12:23:18","slug":"documentssecretaria","status":"publish","type":"page","link":"https:\/\/agora.xtec.cat\/ieslabisbal\/linstitut\/secretaria\/documentssecretaria\/","title":{"rendered":"Documents Secretaria"},"content":{"rendered":"<h1>Documents Secretaria\u00a0 <a href=\"http:\/\/agora.xtec.cat\/ieslabisbal\/wp-content\/uploads\/usu1415\/2016\/09\/blue-document-download-icon.png\"><img loading=\"lazy\" decoding=\"async\" class=\"alignleft size-full wp-image-871\" src=\"http:\/\/agora.xtec.cat\/ieslabisbal\/wp-content\/uploads\/usu1415\/2016\/09\/blue-document-download-icon.png\" alt=\"blue-document-download-icon\" width=\"96\" height=\"96\" \/><\/a><\/h1>\n<p>&nbsp;<\/p>\n<p>&nbsp;<\/p>\n<table border=\"0\" cellspacing=\"0\" cellpadding=\"0\">\n<tbody>\n<tr>\n<td><a style=\"color: #2795b6;\" href=\"https:\/\/agora.xtec.cat\/ieslabisbal\/wp-content\/uploads\/usu1415\/2025\/06\/Sollicitud-generica-1.docx\">Sol\u00b7licitud gen\u00e8rica<\/a><\/td>\n<\/tr>\n<tr>\n<td><a href=\"https:\/\/agora.xtec.cat\/ieslabisbal\/wp-content\/uploads\/usu1415\/2024\/10\/Impres-de-baixa.docx\">Sol\u00b7licitud baixa alumnes<\/a><\/td>\n<\/tr>\n<tr>\n<td><a href=\"https:\/\/agora.xtec.cat\/ieslabisbal\/wp-content\/uploads\/usu1415\/2024\/10\/Sollicitud-convalidacio-singular-FP.pdf\">Sol\u00b7licitud de convalidacions FP gestionada pel centre<\/a><\/td>\n<\/tr>\n<tr>\n<td><a href=\"https:\/\/agora.xtec.cat\/ieslabisbal\/docs\/apr140bp-attachmentapr140-pdf\/?bp-attachment=APR140.pdf\">\u00a0<\/a><a style=\"color: #2795b6;\" href=\"https:\/\/agora.xtec.cat\/ieslabisbal\/docs\/apr154\/?bp-attachment=APR154.pdf\">Sol\u00b7licitud de reducci\u00f3 de mat\u00e8ries de l\u2019educaci\u00f3 secund\u00e0ria obligat\u00f2ria (ESO) per als alumnes que cursen estudis de m\u00fasica en un conservatori o centre professional o en una escola de m\u00fasica autoritzada.\u00a0<\/a><\/td>\n<\/tr>\n<tr>\n<td><a style=\"color: #2795b6;\" href=\"https:\/\/agora.xtec.cat\/ieslabisbal\/docs\/y332_026-sol%c2%b7licitud-de-reduccio-de-materies-de-leducacio-secundaria-obligatoria-eso-per-als-alumnes-que-cursen-estudis-de-dansa-en-un-conservatori-o-en-un-centre-professional-o-en-una-escol\/?bp-attachment=Y332_026.pdf\">Sol\u00b7licitud de reducci\u00f3 de mat\u00e8ries de l\u2019educaci\u00f3 secund\u00e0ria obligat\u00f2ria (ESO) per als alumnes que cursen estudis de dansa en un conservatori o en un centre professional o en una escola de dansa autoritzada<\/a><\/td>\n<\/tr>\n<tr>\n<td><a style=\"color: #2795b6;\" href=\"https:\/\/agora.xtec.cat\/ieslabisbal\/docs\/apr138\/?bp-attachment=APR138.pdf\">Sol\u00b7licitud de reducci\u00f3 de mat\u00e8ries de la franja d\u2019espec\u00edfiques de batxillerat basant-se en estudis de m\u00fasica en un conservatori o en un centre professional.<\/a><\/td>\n<\/tr>\n<tr>\n<td><a href=\"https:\/\/agora.xtec.cat\/ieslabisbal\/docs\/apr147\/?bp-attachment=APR147.pdf\">Sol\u00b7licitud de reducci\u00f3 de mat\u00e8ries de la franja d\u2019espec\u00edfiques i\/o de l\u2019educaci\u00f3 f\u00edsica de batxillerat basant-se en estudis de dansa en una escola de dansa autoritzada.<\/a><\/td>\n<\/tr>\n<tr>\n<td><a href=\"https:\/\/agora.xtec.cat\/ieslabisbal\/docs\/apr145\/?bp-attachment=APR145.pdf\">Sol\u00b7licitud de reducci\u00f3 de mat\u00e8ries de la franja d\u2019espec\u00edfiques i\/o de l\u2019educaci\u00f3 f\u00edsica de batxillerat basant-se en estudis de dansa en un conservatori o en un centre professional.\u00a0<\/a><\/td>\n<\/tr>\n<tr>\n<td><a style=\"color: #2795b6;\" href=\"https:\/\/agora.xtec.cat\/ieslabisbal\/docs\/apr140bp-attachmentapr140-pdf\/?bp-attachment=APR140.pdf\">Sol\u00b7licitud de reducci\u00f3 de mat\u00e8ries de batxillerat basant-se en estudis de m\u00fasica en una escola de m\u00fasica autoritzada.<\/a><\/td>\n<\/tr>\n<tr>\n<td><a style=\"color: #2795b6;\" href=\"https:\/\/agora.xtec.cat\/ieslabisbal\/docs\/sol%c2%b7licitud-convalidacio-singular-fp\/?bp-attachment=sol-licitud_convalidaci_singularFP.pdf\">Sol\u00b7licitud convalidaci\u00f3 singular FP<\/a><\/td>\n<\/tr>\n<tr>\n<td><a style=\"color: #2795b6;\" href=\"https:\/\/agora.xtec.cat\/ieslabisbal\/docs\/anul%c2%b7lacio-part-de-la-matricula-de-fp\/?bp-attachment=Anul%C2%B7laci%C3%B3-part-matr%C3%ADcula-FP.docx\">Anul\u00b7laci\u00f3 part de la matr\u00edcula de FP<\/a><\/td>\n<\/tr>\n<tr>\n<td><a style=\"color: #2795b6;\" href=\"https:\/\/agora.xtec.cat\/ieslabisbal\/wp-content\/uploads\/usu1415\/2024\/10\/Sol.licitud-reconeixement-nivell-catala.pdf\">Sol\u00b7licitud reconeixement nivell catal\u00e0<\/a><\/td>\n<\/tr>\n<tr>\n<td><a href=\"https:\/\/agora.xtec.cat\/ieslabisbal\/wp-content\/uploads\/usu1415\/2026\/03\/Model-dacceptacio-de-comunicacio-amb-familiars-per-alumnat-major-dedat.docx\">Model d&#8217;acceptaci\u00f3 de comunicaci\u00f3 amb familiars alumnat major d&#8217;edat<\/a><\/td>\n<\/tr>\n<\/tbody>\n<\/table>\n","protected":false},"excerpt":{"rendered":"<p>Documents Secretaria\u00a0 <a href=\"http:\/\/agora.xtec.cat\/ieslabisbal\/wp-content\/uploads\/usu1415\/2016\/09\/blue-document-download-icon.png\"><\/a><br \/>\n&nbsp;<br \/>\n&nbsp;<\/p>\n<p><a style=\"color: #2795b6;\" href=\"https:\/\/agora.xtec.cat\/ieslabisbal\/wp-content\/uploads\/usu1415\/2025\/06\/Sollicitud-generica-1.docx\">Sol\u00b7licitud gen\u00e8rica<\/a><\/p>\n<p><a href=\"https:\/\/agora.xtec.cat\/ieslabisbal\/wp-content\/uploads\/usu1415\/2024\/10\/Impres-de-baixa.docx\">Sol\u00b7licitud baixa alumnes<\/a><\/p>\n<p><a href=\"https:\/\/agora.xtec.cat\/ieslabisbal\/wp-content\/uploads\/usu1415\/2024\/10\/Sollicitud-convalidacio-singular-FP.pdf\">Sol\u00b7licitud de convalidacions FP gestionada pel centre<\/a><\/p>\n<p><a href=\"https:\/\/agora.xtec.cat\/ieslabisbal\/docs\/apr140bp-attachmentapr140-pdf\/?bp-attachment=APR140.pdf\">\u00a0<\/a><a style=\"color: #2795b6;\" href=\"https:\/\/agora.xtec.cat\/ieslabisbal\/docs\/apr154\/?bp-attachment=APR154.pdf\">Sol\u00b7licitud de reducci\u00f3 de mat\u00e8ries de l\u2019educaci\u00f3 secund\u00e0ria obligat\u00f2ria (ESO) per als alumnes que cursen estudis de m\u00fasica en un conservatori o centre professional&hellip;  <a href=\"https:\/\/agora.xtec.cat\/ieslabisbal\/linstitut\/secretaria\/documentssecretaria\/\" title=\"Read Documents Secretaria\">Llegeix m\u00e9s\u00bb<\/a><\/p>\n","protected":false},"author":1,"featured_media":0,"parent":81,"menu_order":0,"comment_status":"closed","ping_status":"closed","template":"","meta":{"_bbp_topic_count":0,"_bbp_reply_count":0,"_bbp_total_topic_count":0,"_bbp_total_reply_count":0,"_bbp_voice_count":0,"_bbp_anonymous_reply_count":0,"_bbp_topic_count_hidden":0,"_bbp_reply_count_hidden":0,"_bbp_forum_subforum_count":0,"footnotes":""},"class_list":["post-852","page","type-page","status-publish","hentry"],"post_mailing_queue_ids":[],"_links":{"self":[{"href":"https:\/\/agora.xtec.cat\/ieslabisbal\/wp-json\/wp\/v2\/pages\/852","targetHints":{"allow":["GET"]}}],"collection":[{"href":"https:\/\/agora.xtec.cat\/ieslabisbal\/wp-json\/wp\/v2\/pages"}],"about":[{"href":"https:\/\/agora.xtec.cat\/ieslabisbal\/wp-json\/wp\/v2\/types\/page"}],"author":[{"embeddable":true,"href":"https:\/\/agora.xtec.cat\/ieslabisbal\/wp-json\/wp\/v2\/users\/1"}],"replies":[{"embeddable":true,"href":"https:\/\/agora.xtec.cat\/ieslabisbal\/wp-json\/wp\/v2\/comments?post=852"}],"version-history":[{"count":7,"href":"https:\/\/agora.xtec.cat\/ieslabisbal\/wp-json\/wp\/v2\/pages\/852\/revisions"}],"predecessor-version":[{"id":11215,"href":"https:\/\/agora.xtec.cat\/ieslabisbal\/wp-json\/wp\/v2\/pages\/852\/revisions\/11215"}],"up":[{"embeddable":true,"href":"https:\/\/agora.xtec.cat\/ieslabisbal\/wp-json\/wp\/v2\/pages\/81"}],"wp:attachment":[{"href":"https:\/\/agora.xtec.cat\/ieslabisbal\/wp-json\/wp\/v2\/media?parent=852"}],"curies":[{"name":"wp","href":"https:\/\/api.w.org\/{rel}","templated":true}]}}