{"id":587,"date":"2016-07-20T20:46:46","date_gmt":"2016-07-20T18:46:46","guid":{"rendered":"http:\/\/agora.xtec.cat\/ieslabisbal\/?page_id=587"},"modified":"2025-09-03T13:08:08","modified_gmt":"2025-09-03T11:08:08","slug":"linstitut-afa","status":"publish","type":"page","link":"https:\/\/agora.xtec.cat\/ieslabisbal\/linstitut\/linstitut-afa\/","title":{"rendered":"AFA"},"content":{"rendered":"<h3 style=\"text-align: justify;\"><\/h3>\n<p>ASSOCIACI\u00d3 DE FAM\u00cdLIES D&#8217;ALUMNES DE L\u2019INSTITUT<\/p>\n<p style=\"text-align: justify;\">L\u2019AFA de l\u2019Institut La Bisbal \u00e9s una associaci\u00f3 sense afany de lucre que agrupa, volunt\u00e0riament, les fam\u00edlies de l\u2019alumnat perqu\u00e8 puguin participar activament en el dia a dia del centre.<\/p>\n<h3 style=\"text-align: justify;\"><a href=\"https:\/\/agora.xtec.cat\/ieslabisbal\/wp-content\/uploads\/usu1415\/2024\/12\/logo-groc-AFA.png\"><img loading=\"lazy\" decoding=\"async\" class=\"alignright wp-image-9716\" src=\"https:\/\/agora.xtec.cat\/ieslabisbal\/wp-content\/uploads\/usu1415\/2024\/12\/logo-groc-AFA-300x282.png\" alt=\"\" width=\"217\" height=\"204\" srcset=\"https:\/\/agora.xtec.cat\/ieslabisbal\/wp-content\/uploads\/usu1415\/2024\/12\/logo-groc-AFA-300x282.png 300w, https:\/\/agora.xtec.cat\/ieslabisbal\/wp-content\/uploads\/usu1415\/2024\/12\/logo-groc-AFA.png 330w\" sizes=\"auto, (max-width: 217px) 100vw, 217px\" \/><\/a><\/h3>\n<p style=\"text-align: justify;\">Els objectius principals de la nostra associaci\u00f3 s\u00f3n:<\/p>\n<ul style=\"text-align: justify;\">\n<li style=\"text-align: justify;\">Contribuir a millorar la qualitat del sistema educatiu,<\/li>\n<li style=\"text-align: justify;\">Col\u00b7laborar en el que necessiti l\u2019institut i<\/li>\n<li style=\"text-align: justify;\">Facilitar la prestaci\u00f3 de serveis fora de l\u2019horari lectiu.<\/li>\n<\/ul>\n<p style=\"text-align: justify;\">Entre les funcions que porta a terme l\u2019AFA destaquem:<\/p>\n<ul style=\"text-align: justify;\">\n<li style=\"text-align: justify;\">Ser punt d\u2019uni\u00f3 entre les fam\u00edlies i el centre educatiu.<\/li>\n<li style=\"text-align: justify;\">Representar les fam\u00edlies en el consell escolar.<\/li>\n<li style=\"text-align: justify;\">Facilitar el subministrament de llibres i material escolar a trav\u00e9s de l\u2019empresa que en gestiona el servei.<\/li>\n<li style=\"text-align: justify;\">Col\u00b7laborar econ\u00f2micament en el pagament de sortides i excursions de l\u2019alumnat soci de l\u2019AFA.<\/li>\n<li style=\"text-align: justify;\">Assumir el pagament dels cursos i tallers de temes diversos (medi ambient, gesti\u00f3 emocional, eduaci\u00f3 sexual&#8230;) que porta a terme l\u2019empresa System Out.<\/li>\n<li style=\"text-align: justify;\">Participar en cicles de xerrades informatives sobre temes educatius i d\u2019actualitat, juntament amb l\u2019\u00c0rea d\u2019Ensenyament de l\u2019Ajuntament i les altres associacions de fam\u00edlies de les escoles de la Bisbal.<\/li>\n<li style=\"text-align: justify;\">Gestionar l\u2019extraescolar d\u2019angl\u00e8s, juntament amb el Departament d\u2019Angl\u00e8s, perqu\u00e8 els nostres alumnes puguin obtenir els certificats oficials d\u2019angl\u00e8s de Cambridge (PET\/FIRST) i ho puguin fer des de l\u2019institut mateix, sense despla\u00e7aments innecessaris. Aix\u00f2 tamb\u00e9 els permet examinar-se de les proves en versi\u00f3 escolar, \u00e9s a dir, amb temes adaptats a la seva edat i d\u2019acord amb els interessos.<\/li>\n<li><span style=\"font-family: inherit; font-size: 1em; text-align: justify;\">Posar a disposici\u00f3 de l\u2019institut un auxiliar de conversa en angl\u00e8s, d\u2019acord <\/span>amb el Departament d\u2019Angl\u00e8s, per a l\u2019alumnat de 4t d\u2019ESO.<\/li>\n<li><span style=\"font-family: inherit; font-size: 1em; text-align: justify;\">Col\u00b7laborar en l\u2019adquisi\u00f3 de material per a l\u2019equipament de diferents <\/span>departaments (compra de material divers que ens demana l\u2019institut), etc.<\/li>\n<\/ul>\n<p style=\"text-align: justify;\">A principis de curs, des de l\u2019AFA convoquem les fam\u00edlies a una assemblea anual en qu\u00e8 els expliquem l\u2019activitat que portem a terme i els mostrem el balan\u00e7 econ\u00f2mic de l\u2019exercici anterior. \u00c9s tamb\u00e9 el moment perqu\u00e8 les fam\u00edlies aportin idees, facin suggeriments, comparteixin neguits o expressin queixes.<\/p>\n<p><a href=\"https:\/\/agora.xtec.cat\/ieslabisbal\/wp-content\/uploads\/usu1415\/2025\/06\/Full-pagament-AFA-25-26.pdf\">Full pagament AFA 25-26<\/a><\/p>\n<p style=\"text-align: justify;\">Si voleu contactar amb la Junta de l\u2019AFA o afegir-vos-hi, podeu fer-ho a<br \/>\nl\u2019adre\u00e7a electr\u00f2nica: <a href=\"mailto:afa@ieslabisbal.cat\">afa@ieslabisbal.cat<\/a><\/p>\n<h4 style=\"text-align: justify;\">I recordeu: <strong>l\u2019educaci\u00f3 \u00e9s una responsabilitat compartida!<\/strong><\/h4>\n<p><strong>L&#8217;AFA SOM T@TS!!!<\/strong><\/p>\n","protected":false},"excerpt":{"rendered":"<p>ASSOCIACI\u00d3 DE FAM\u00cdLIES D&#8217;ALUMNES DE L\u2019INSTITUT<br \/>\nL\u2019AFA de l\u2019Institut La Bisbal \u00e9s una associaci\u00f3 sense afany de lucre que agrupa, volunt\u00e0riament, les fam\u00edlies de l\u2019alumnat perqu\u00e8 puguin participar activament en el dia a dia del centre.<br \/>\n<a href=\"https:\/\/agora.xtec.cat\/ieslabisbal\/wp-content\/uploads\/usu1415\/2024\/12\/logo-groc-AFA.png\"><\/a><br \/>\nEls objectius principals de la nostra associaci\u00f3 s\u00f3n:<\/p>\n<ul style=\"text-align: justify;\">\n<li&hellip;  <a href=\"https:\/\/agora.xtec.cat\/ieslabisbal\/linstitut\/linstitut-afa\/\" title=\"Read AFA\">Llegeix m\u00e9s\u00bb<\/a><\/p>\n","protected":false},"author":1,"featured_media":0,"parent":19,"menu_order":0,"comment_status":"closed","ping_status":"closed","template":"","meta":{"_bbp_topic_count":0,"_bbp_reply_count":0,"_bbp_total_topic_count":0,"_bbp_total_reply_count":0,"_bbp_voice_count":0,"_bbp_anonymous_reply_count":0,"_bbp_topic_count_hidden":0,"_bbp_reply_count_hidden":0,"_bbp_forum_subforum_count":0,"footnotes":""},"class_list":["post-587","page","type-page","status-publish","hentry"],"post_mailing_queue_ids":[],"_links":{"self":[{"href":"https:\/\/agora.xtec.cat\/ieslabisbal\/wp-json\/wp\/v2\/pages\/587","targetHints":{"allow":["GET"]}}],"collection":[{"href":"https:\/\/agora.xtec.cat\/ieslabisbal\/wp-json\/wp\/v2\/pages"}],"about":[{"href":"https:\/\/agora.xtec.cat\/ieslabisbal\/wp-json\/wp\/v2\/types\/page"}],"author":[{"embeddable":true,"href":"https:\/\/agora.xtec.cat\/ieslabisbal\/wp-json\/wp\/v2\/users\/1"}],"replies":[{"embeddable":true,"href":"https:\/\/agora.xtec.cat\/ieslabisbal\/wp-json\/wp\/v2\/comments?post=587"}],"version-history":[{"count":6,"href":"https:\/\/agora.xtec.cat\/ieslabisbal\/wp-json\/wp\/v2\/pages\/587\/revisions"}],"predecessor-version":[{"id":10436,"href":"https:\/\/agora.xtec.cat\/ieslabisbal\/wp-json\/wp\/v2\/pages\/587\/revisions\/10436"}],"up":[{"embeddable":true,"href":"https:\/\/agora.xtec.cat\/ieslabisbal\/wp-json\/wp\/v2\/pages\/19"}],"wp:attachment":[{"href":"https:\/\/agora.xtec.cat\/ieslabisbal\/wp-json\/wp\/v2\/media?parent=587"}],"curies":[{"name":"wp","href":"https:\/\/api.w.org\/{rel}","templated":true}]}}