{"id":583,"date":"2016-07-20T20:41:33","date_gmt":"2016-07-20T18:41:33","guid":{"rendered":"http:\/\/agora.xtec.cat\/ieslabisbal\/?page_id=583"},"modified":"2016-07-20T20:42:20","modified_gmt":"2016-07-20T18:42:20","slug":"actiu-didiomes","status":"publish","type":"page","link":"https:\/\/agora.xtec.cat\/ieslabisbal\/projecte-educatiu\/actiu-didiomes\/","title":{"rendered":"Actiu d&#8217;Idiomes"},"content":{"rendered":"<p>PROJECTES D\u2019INNOVACI\u00d3 EDUCATIVA<\/p>\n<p>PROJECTES PER L\u2019APRENENTATGE ACTIU D\u2019IDIOMES<\/p>\n<p>PROJECTE COMENIUS<\/p>\n<p><strong>EL DEPARTAMENT D\u2019ENSENYAMENT HA OTORGAT L\u2019AJUT PER A L\u2019APRENENTATGE ACTIU DELS IDIOMES AL NOSTRE INSTITUT AMB ELS SEG\u00dcENTS PROJECTES<\/strong><\/p>\n<p>&nbsp;<\/p>\n<p>Curs 2011-2012: SHOW ME AROUND LA BISBAL,Projecte amb el qual 20 alumnes de Batxillerat van anar a Oxford durant 15 dies,per promocionar la nostra ciutat als joves visitants\u00a0 estrangers.<\/p>\n<p>Coordinat per les professores Margarita Pag\u00e9s i Marina Puig<\/p>\n<p>Per saber-ne m\u00e9s<\/p>\n<p>&nbsp;<\/p>\n<p>El\u00a0 projecte consisteix en la creaci\u00f3 d&#8217;un DVD promocional de la nostra ciutat, encarat als visitants joves.<\/p>\n<p>El v\u00eddeo presenta a un adolescent que visita La Bisbal per primera vegada. Per con\u00e8ixer la ciutat, s\u2019adre\u00e7a a l\u2019Oficina de Turisme, on coneix a nois i noies com ell\u00a0 que el van informant i guiant pels racons m\u00e9s emblem\u00e0tics de la ciutat i l\u2019introdueixen a la vida cultural i social del municipi.<\/p>\n<p>L\u2019objectiu final \u00e9s divulgar aquesta informaci\u00f3 tur\u00edstica m\u00e9s enll\u00e0 de les nostres fronteres, convertint-se en ambaixadors de la nostra ciutat. L\u2019estada a Oxford permetr\u00e0 situar-nos en un context real i entrar en contacte amb gent de la seva edat, afavorir l\u2019aprenentatge actiu de l\u2019angl\u00e8s i a la vegada, obrir un mercat potencial de visitants reals o virtuals.<\/p>\n<p>La continu\u00eftat d\u2019aquest projecte a l\u2019estranger pret\u00e9n:<\/p>\n<ol start=\"1\">\n<li>Recollir informaci\u00f3 en format paper per tenir m\u00e9s idees de com enfocar la promoci\u00f3 tur\u00edstica per als joves.<strong>\u00a0<\/strong><\/li>\n<\/ol>\n<ol start=\"2\">\n<li>Establir contacte amb diferents oficines de turisme per divulgar el v\u00eddeo i fer con\u00e8ixer la realitat de la nostra ciutat.<strong>\u00a0<\/strong><\/li>\n<\/ol>\n<ol start=\"3\">\n<li>Contactar amb nois i noies per detectar quins s\u00f3n el seus interessos com a joves viatgers i\u00a0 esbrinar qu\u00e8 volen descobrir quan visiten una ciutat.<strong>\u00a0<\/strong><\/li>\n<\/ol>\n<ol start=\"4\">\n<li>Aprofitar aquests contactes per fer \u00fas de les noves tecnologies i convidar-los a unir-se al nostre grup del Facebook.<\/li>\n<\/ol>\n<p>&nbsp;<\/p>\n<p>Curs 2012-2013. THE SHOW MUST GO ON, projecte amb el qual 20 alumnes de Batxillerat van fer una estada\u00a0 de 15 dies, per treballar la figura de William Shakespeare i el naixement del teatre modern.<\/p>\n<p>Coordinat per les professores Rosa Angulo i Marina Puig<\/p>\n<p>Per saber-ne m\u00e9s<\/p>\n<p><strong>PRESENTACI\u00d3\u00a0<\/strong><\/p>\n<p>La concessi\u00f3 al nostre institut de la beca per l\u2019aprenentatge actiu d\u2019idiomes, gr\u00e0cies a la valoraci\u00f3 que el Departament d\u2019Educaci\u00f3 va fer del nostre projecte sobre la figura de W. Shakespeare, el naixement del teatre modern i l\u2019activitat teatral del Londres actual, va ser acollida amb ran entusiasme per part de tots els alumnes del centre.<\/p>\n<p>L\u2019elaboraci\u00f3 d\u2019un reportatge audiovisual sobre un tema tan popular (tothom ha sentit a parlar de Shakespeare i de l\u2019activitat teatral al Londres actual) i alhora tan desconegut en el nostre context cultural (ben poques persones sabrien situar i valorar correctament la figura i l\u2019obra del dramaturg) resultava interessant. Fer-ho en angl\u00e8s era, a m\u00e9s, un repte engrescador.<\/p>\n<p>La realitzaci\u00f3 del projecte tindria dues parts ben definides: la preparaci\u00f3 del contingut del reportatge (que s\u2019hauria de fer durant el mes de setembre i en horari extraescolar) i la filmaci\u00f3 <em>in situ<\/em> durant la nostra estada a Oxford entre els dies 29 de setembre i 13 d\u2019octubre.<\/p>\n<p>Tot seguit un presentem les diferents parts del reportatge <strong><em>The show must go on<\/em><\/strong> i els alumnes encarregats de portar-les a la pr\u00e0ctica :<\/p>\n<p>a. Introducction. (Joan Segu\u00ed, Arnau Llobet)<\/p>\n<p>b. Shakespeare, a playwright of the Elizabethan Era. (J\u00falia Carr\u00e9, J\u00falia Montia, Maria Segura, Paula Figueras)<\/p>\n<p>c. Shakespeare\u2019s early life. (L\u00eddia Porcel, Emma Alsina, Paula Bonada, J\u00f2rdia Pintiado, Paula Mat\u00e9s, Carla Subirana)<\/p>\n<p>d. Shakespeare in London. (Ariadna Mart\u00ednez, Imma F\u00e0brega, Elena Figueras, Aleix casademont, Ericd\u00e1nea Rodr\u00edguez)<\/p>\n<p>e. Shakespeare returns to Stratford-upon-Avon. (Mireia Gumbert)<\/p>\n<p>f. The Shakespeare enigma. (Mag\u00ed Bou, Roger PI)<\/p>\n<p>g. Shakespeare: Staging the world. (Arnau Llobet, Joan Segu\u00ed)<\/p>\n<p>h. London theatre nowadays. (Arnau Llobet, Joan Segu\u00ed)<\/p>\n<p>El reportatge realitzat \u00e9s la millor explicaci\u00f3 que podem oferir per aquesta part del projecte.<br \/>\n<iframe loading=\"lazy\" src=\"https:\/\/player.vimeo.com\/video\/61530254\" width=\"640\" height=\"360\" frameborder=\"0\" allowfullscreen=\"allowfullscreen\"><\/iframe><\/p>\n<p><a href=\"https:\/\/vimeo.com\/61530254\">Oxford<\/a> from <a href=\"https:\/\/vimeo.com\/user7006139\">webieslabisbal<\/a> on <a href=\"https:\/\/vimeo.com\">Vimeo<\/a>.<\/p>\n<p><strong>VALORACI\u00d3 FINAL<\/strong><\/p>\n<p><strong>\u00a0<\/strong>L\u2019estada a l\u2019estranger en relaci\u00f3 amb la realitzaci\u00f3 del projecte <strong>The show must go<\/strong><strong>on<\/strong> ha estat una experi\u00e8ncia molt positiva a diferents nivells.<\/p>\n<p>Des del punt de vista acad\u00e8mic, el projecte ens ha posat en contacte amb uns continguts hist\u00f2rics, culturals i ling\u00fc\u00edstics que, en no figurar en el curr\u00edculum de batxillerat, no haur\u00edem tractat mai.<\/p>\n<p>Des del punt de vista de la llengua anglesa, l\u2019estada ens ha donat l\u2019oportunitat de millorar diverses capacitats comunicatives. D\u2019una banda, la realitzaci\u00f3 del reportatge ens ha fet treballar la llengua anglesa en un context acad\u00e8mic i especialment en un registre oral formal. De l\u2019altra, les classes a l\u2019acad\u00e8mia i l\u2019estada en fam\u00edlies ens ha perm\u00e8s posar a la pr\u00e0ctica la llengua anglesa en tot un ventall de situacions comunicatives impensable en el nostre dia a dia bisbalenc.<\/p>\n<p>I, des del punt de vista personal, la realitzaci\u00f3 del reportatge com a treball de grup i el contacte directe amb un context cultural nou ens han donat una oportunitat \u00fanica per cr\u00e9ixer.<\/p>\n<p>No podr\u00edem donar per acabada aquesta mem\u00f2ria sense un agra\u00efment sincer a totes aquelles persones i institucions que han fet possible la realitzaci\u00f3 del projecte <strong>The show must go on<\/strong>.<\/p>\n","protected":false},"excerpt":{"rendered":"<p>PROJECTES D\u2019INNOVACI\u00d3 EDUCATIVA<br \/>\nPROJECTES PER L\u2019APRENENTATGE ACTIU D\u2019IDIOMES<br \/>\nPROJECTE COMENIUS<br \/>\nEL DEPARTAMENT D\u2019ENSENYAMENT HA OTORGAT L\u2019AJUT PER A L\u2019APRENENTATGE ACTIU DELS IDIOMES AL NOSTRE INSTITUT AMB ELS SEG\u00dcENTS PROJECTES<br \/>\n&nbsp;<br \/>\nCurs 2011-2012: SHOW ME AROUND LA BISBAL,Projecte amb el qual 20 alumnes de Batxillerat van anar a Oxford durant 15&hellip;  <a href=\"https:\/\/agora.xtec.cat\/ieslabisbal\/projecte-educatiu\/actiu-didiomes\/\" title=\"Read Actiu d&#8217;Idiomes\">Llegeix m\u00e9s\u00bb<\/a><\/p>\n","protected":false},"author":1,"featured_media":0,"parent":57,"menu_order":0,"comment_status":"closed","ping_status":"closed","template":"page-templates\/side-menu.php","meta":{"_bbp_topic_count":0,"_bbp_reply_count":0,"_bbp_total_topic_count":0,"_bbp_total_reply_count":0,"_bbp_voice_count":0,"_bbp_anonymous_reply_count":0,"_bbp_topic_count_hidden":0,"_bbp_reply_count_hidden":0,"_bbp_forum_subforum_count":0,"footnotes":""},"class_list":["post-583","page","type-page","status-publish","hentry"],"post_mailing_queue_ids":[],"_links":{"self":[{"href":"https:\/\/agora.xtec.cat\/ieslabisbal\/wp-json\/wp\/v2\/pages\/583","targetHints":{"allow":["GET"]}}],"collection":[{"href":"https:\/\/agora.xtec.cat\/ieslabisbal\/wp-json\/wp\/v2\/pages"}],"about":[{"href":"https:\/\/agora.xtec.cat\/ieslabisbal\/wp-json\/wp\/v2\/types\/page"}],"author":[{"embeddable":true,"href":"https:\/\/agora.xtec.cat\/ieslabisbal\/wp-json\/wp\/v2\/users\/1"}],"replies":[{"embeddable":true,"href":"https:\/\/agora.xtec.cat\/ieslabisbal\/wp-json\/wp\/v2\/comments?post=583"}],"version-history":[{"count":2,"href":"https:\/\/agora.xtec.cat\/ieslabisbal\/wp-json\/wp\/v2\/pages\/583\/revisions"}],"predecessor-version":[{"id":585,"href":"https:\/\/agora.xtec.cat\/ieslabisbal\/wp-json\/wp\/v2\/pages\/583\/revisions\/585"}],"up":[{"embeddable":true,"href":"https:\/\/agora.xtec.cat\/ieslabisbal\/wp-json\/wp\/v2\/pages\/57"}],"wp:attachment":[{"href":"https:\/\/agora.xtec.cat\/ieslabisbal\/wp-json\/wp\/v2\/media?parent=583"}],"curies":[{"name":"wp","href":"https:\/\/api.w.org\/{rel}","templated":true}]}}