{"id":569,"date":"2016-07-20T18:50:48","date_gmt":"2016-07-20T16:50:48","guid":{"rendered":"http:\/\/agora.xtec.cat\/ieslabisbal\/?page_id=569"},"modified":"2024-07-09T10:18:33","modified_gmt":"2024-07-09T08:18:33","slug":"eso","status":"publish","type":"page","link":"https:\/\/agora.xtec.cat\/ieslabisbal\/linstitut\/eso\/","title":{"rendered":"ESO"},"content":{"rendered":"<p style=\"text-align: justify;\">L&#8217;etapa de l&#8217;educaci\u00f3 secund\u00e0ria obligat\u00f2ria (ESO) t\u00e9 car\u00e0cter obligatori i gratu\u00eft. Compr\u00e8n 4 cursos acad\u00e8mics que s&#8217;inicien, generalment, l&#8217;any natural en qu\u00e8 es compleixen els 12 anys i que s&#8217;acaben, normalment, als 16; amb car\u00e0cter general els alumnes tenen dret a romandre en el centre amb r\u00e8gim ordinari fins als 18 anys.<br \/>\nEl 4t curs t\u00e9 tamb\u00e9 un car\u00e0cter orientador, tant per als estudis posteriors, com per a la integraci\u00f3 a la vida laboral.<br \/>\nLa <strong>finalitat de l&#8217;ESO<\/strong> \u00e9s proporcionar a tots els alumnes una educaci\u00f3 que els permeti assegurar un desenvolupament personal s\u00f2lid, adquirir les habilitats i les compet\u00e8ncies culturals i socials relatives a l&#8217;expressi\u00f3 i comprensi\u00f3 oral, a l&#8217;escriptura, al c\u00e0lcul, a la resoluci\u00f3 de problemes de la vida quotidiana, al rebuig de tot tipus de comportaments discriminatoris per ra\u00f3 de sexe, la igualtat de drets i oportunitats entre dones i homes, l&#8217;autonomia personal, la corresponsabilitat i la interdepend\u00e8ncia personal i la comprensi\u00f3 dels elements b\u00e0sics del m\u00f3n en els aspectes cient\u00edfic, social i cultural, en particular aquells elements que permetin un coneixement i arrelament a Catalunya. Aix\u00ed mateix, ha de contribuir a desenvolupar les habilitats socials de treball i d&#8217;estudi amb autonomia i esperit cr\u00edtic, la sensibilitat art\u00edstica, la creativitat i l&#8217;afectivitat de tots els nois i les noies.<\/p>\n","protected":false},"excerpt":{"rendered":"<p>L&#8217;etapa de l&#8217;educaci\u00f3 secund\u00e0ria obligat\u00f2ria (ESO) t\u00e9 car\u00e0cter obligatori i gratu\u00eft. Compr\u00e8n 4 cursos acad\u00e8mics que s&#8217;inicien, generalment, l&#8217;any natural en qu\u00e8 es compleixen els 12 anys i que s&#8217;acaben, normalment, als 16; amb car\u00e0cter general els alumnes tenen dret a romandre en el centre&hellip;  <a href=\"https:\/\/agora.xtec.cat\/ieslabisbal\/linstitut\/eso\/\" title=\"Read ESO\">Llegeix m\u00e9s\u00bb<\/a><\/p>\n","protected":false},"author":1,"featured_media":0,"parent":19,"menu_order":0,"comment_status":"closed","ping_status":"closed","template":"page-templates\/side-menu.php","meta":{"_bbp_topic_count":0,"_bbp_reply_count":0,"_bbp_total_topic_count":0,"_bbp_total_reply_count":0,"_bbp_voice_count":0,"_bbp_anonymous_reply_count":0,"_bbp_topic_count_hidden":0,"_bbp_reply_count_hidden":0,"_bbp_forum_subforum_count":0,"footnotes":""},"class_list":["post-569","page","type-page","status-publish","hentry"],"post_mailing_queue_ids":[],"_links":{"self":[{"href":"https:\/\/agora.xtec.cat\/ieslabisbal\/wp-json\/wp\/v2\/pages\/569","targetHints":{"allow":["GET"]}}],"collection":[{"href":"https:\/\/agora.xtec.cat\/ieslabisbal\/wp-json\/wp\/v2\/pages"}],"about":[{"href":"https:\/\/agora.xtec.cat\/ieslabisbal\/wp-json\/wp\/v2\/types\/page"}],"author":[{"embeddable":true,"href":"https:\/\/agora.xtec.cat\/ieslabisbal\/wp-json\/wp\/v2\/users\/1"}],"replies":[{"embeddable":true,"href":"https:\/\/agora.xtec.cat\/ieslabisbal\/wp-json\/wp\/v2\/comments?post=569"}],"version-history":[{"count":2,"href":"https:\/\/agora.xtec.cat\/ieslabisbal\/wp-json\/wp\/v2\/pages\/569\/revisions"}],"predecessor-version":[{"id":9178,"href":"https:\/\/agora.xtec.cat\/ieslabisbal\/wp-json\/wp\/v2\/pages\/569\/revisions\/9178"}],"up":[{"embeddable":true,"href":"https:\/\/agora.xtec.cat\/ieslabisbal\/wp-json\/wp\/v2\/pages\/19"}],"wp:attachment":[{"href":"https:\/\/agora.xtec.cat\/ieslabisbal\/wp-json\/wp\/v2\/media?parent=569"}],"curies":[{"name":"wp","href":"https:\/\/api.w.org\/{rel}","templated":true}]}}