{"id":554,"date":"2016-07-20T18:23:16","date_gmt":"2016-07-20T16:23:16","guid":{"rendered":"http:\/\/agora.xtec.cat\/ieslabisbal\/?page_id=554"},"modified":"2024-12-19T09:26:56","modified_gmt":"2024-12-19T08:26:56","slug":"informacio-cfgm-gestio-administrativa","status":"publish","type":"page","link":"https:\/\/agora.xtec.cat\/ieslabisbal\/linstitut\/cicles-de-grau-mitja\/informacio-cfgm-gestio-administrativa\/","title":{"rendered":"CFGM Gesti\u00f3 Administrativa i Digital"},"content":{"rendered":"<h3>Gesti\u00f3 administrativa i digital (GAD)<\/h3>\n<h4>T\u00e8cnic\/a en gesti\u00f3 administrativa<a href=\"https:\/\/agora.xtec.cat\/ieslabisbal\/wp-content\/uploads\/usu1415\/2024\/12\/gestio_administrativa_diptic_compressed.pdf\" target=\"_blank\" rel=\"noopener\"><img loading=\"lazy\" decoding=\"async\" class=\"opacity alignright wp-image-8880 size-medium\" title=\"+ INFO\" src=\"https:\/\/agora.xtec.cat\/ieslabisbal\/wp-content\/uploads\/usu1415\/2024\/04\/GA-295x300.png\" alt=\"\" width=\"295\" height=\"300\" srcset=\"https:\/\/agora.xtec.cat\/ieslabisbal\/wp-content\/uploads\/usu1415\/2024\/04\/GA-295x300.png 295w, https:\/\/agora.xtec.cat\/ieslabisbal\/wp-content\/uploads\/usu1415\/2024\/04\/GA.png 750w\" sizes=\"auto, (max-width: 295px) 100vw, 295px\" \/><\/a><\/h4>\n<p style=\"text-align: justify;\">Amb aquests estudis s&#8217;obt\u00e9 la capacitaci\u00f3 per exercir activitats de suport administratiu en l&#8217;\u00e0mbit laboral, comptable,\u00a0comercial, financer i fiscal, i tamb\u00e9 d&#8217;atenci\u00f3 a les persones usu\u00e0ries, tant en empreses p\u00fabliques com privades, aplicant-hi la normativa vigent i protocols de qualitat, assegurant-ne la satisfacci\u00f3 dels clients i de les clientes i actuant segons les normes de prevenci\u00f3 de riscos laborals i de protecci\u00f3 ambiental.<\/p>\n<p>&nbsp;<\/p>\n<p><b><strong>Durada dels estudis<\/strong><\/b><\/p>\n<ul>\n<li>2.000 hores \/ 2 cursos acad\u00e8mics<\/li>\n<li>1.600 hores en el centre educatiu<\/li>\n<li>400 hores en el centre de treball<\/li>\n<\/ul>\n<p>&nbsp;<\/p>\n<p><b><strong>Qu\u00e8 estudiar\u00e0s?<\/strong><\/b><\/p>\n<ul>\n<li>Comunicaci\u00f3 empresarial i atenci\u00f3 al client<\/li>\n<li>Operacions administratives de compravenda<\/li>\n<li>Empresa i administraci\u00f3<\/li>\n<li>Tractament inform\u00e0tic de la informaci\u00f3<\/li>\n<li>T\u00e8cnica comptable<\/li>\n<li>Operacions administratives de recursos humans<\/li>\n<li>Tractament de la documentaci\u00f3 comptable<\/li>\n<li>Angl\u00e8s<\/li>\n<li>Empresa a l&#8217;aula<\/li>\n<li>Operacions auxiliars de gesti\u00f3 de tresoreria<\/li>\n<li>Formaci\u00f3 i orientaci\u00f3 laboral<\/li>\n<li>Formaci\u00f3 en centres de treball<\/li>\n<\/ul>\n<p>&nbsp;<\/p>\n<p><b><strong>On treballar\u00e0s?<\/strong><\/b><\/p>\n<p style=\"text-align: justify;\">En grans, mitjanes i petites empreses, en qualsevol sector d&#8217;activitat, per\u00f2 particularment en el sector dels serveis, i en administracions p\u00fabliques, oferint suport administratiu en les tasques d&#8217;administraci\u00f3 i gesti\u00f3 d&#8217;empreses i institucions i atenent a clients i clientes i a la ciutadania.<\/p>\n<p>&nbsp;<\/p>\n<p><b><strong>De qu\u00e8 treballar\u00e0s?<\/strong><\/b><\/p>\n<ul>\n<li>Auxiliar administratiu\/iva<\/li>\n<li>Ajudant d&#8217;oficina<\/li>\n<li>Auxiliar administratiu\/iva de cobraments i pagaments<\/li>\n<li>Administratiu\/iva comercial<\/li>\n<li>Auxiliar administratiu\/iva de gesti\u00f3 de personal<\/li>\n<li>Auxiliar administratiu\/iva de les administracions p\u00fabliques<\/li>\n<li>Recepcionista<\/li>\n<li>Empleat\/ada d&#8217;atenci\u00f3 al client<\/li>\n<li>Empleat\/ada de tresoreria<\/li>\n<li>Empleat\/ada en mitjans de pagament<\/li>\n<\/ul>\n","protected":false},"excerpt":{"rendered":"<p>Gesti\u00f3 administrativa i digital (GAD)<br \/>\nT\u00e8cnic\/a en gesti\u00f3 administrativa<a href=\"https:\/\/agora.xtec.cat\/ieslabisbal\/wp-content\/uploads\/usu1415\/2024\/12\/gestio_administrativa_diptic_compressed.pdf\" target=\"_blank\" rel=\"noopener\"><\/a><br \/>\nAmb aquests estudis s&#8217;obt\u00e9 la capacitaci\u00f3 per exercir activitats de suport administratiu en l&#8217;\u00e0mbit laboral, comptable,\u00a0comercial, financer i fiscal, i tamb\u00e9 d&#8217;atenci\u00f3 a les persones usu\u00e0ries, tant en empreses p\u00fabliques com privades, aplicant-hi la normativa&hellip;  <a href=\"https:\/\/agora.xtec.cat\/ieslabisbal\/linstitut\/cicles-de-grau-mitja\/informacio-cfgm-gestio-administrativa\/\" title=\"Read CFGM Gesti\u00f3 Administrativa i Digital\">Llegeix m\u00e9s\u00bb<\/a><\/p>\n","protected":false},"author":1,"featured_media":0,"parent":8882,"menu_order":0,"comment_status":"closed","ping_status":"closed","template":"page-templates\/side-menu.php","meta":{"_bbp_topic_count":0,"_bbp_reply_count":0,"_bbp_total_topic_count":0,"_bbp_total_reply_count":0,"_bbp_voice_count":0,"_bbp_anonymous_reply_count":0,"_bbp_topic_count_hidden":0,"_bbp_reply_count_hidden":0,"_bbp_forum_subforum_count":0,"footnotes":""},"class_list":["post-554","page","type-page","status-publish","hentry"],"post_mailing_queue_ids":[],"_links":{"self":[{"href":"https:\/\/agora.xtec.cat\/ieslabisbal\/wp-json\/wp\/v2\/pages\/554","targetHints":{"allow":["GET"]}}],"collection":[{"href":"https:\/\/agora.xtec.cat\/ieslabisbal\/wp-json\/wp\/v2\/pages"}],"about":[{"href":"https:\/\/agora.xtec.cat\/ieslabisbal\/wp-json\/wp\/v2\/types\/page"}],"author":[{"embeddable":true,"href":"https:\/\/agora.xtec.cat\/ieslabisbal\/wp-json\/wp\/v2\/users\/1"}],"replies":[{"embeddable":true,"href":"https:\/\/agora.xtec.cat\/ieslabisbal\/wp-json\/wp\/v2\/comments?post=554"}],"version-history":[{"count":6,"href":"https:\/\/agora.xtec.cat\/ieslabisbal\/wp-json\/wp\/v2\/pages\/554\/revisions"}],"predecessor-version":[{"id":9742,"href":"https:\/\/agora.xtec.cat\/ieslabisbal\/wp-json\/wp\/v2\/pages\/554\/revisions\/9742"}],"up":[{"embeddable":true,"href":"https:\/\/agora.xtec.cat\/ieslabisbal\/wp-json\/wp\/v2\/pages\/8882"}],"wp:attachment":[{"href":"https:\/\/agora.xtec.cat\/ieslabisbal\/wp-json\/wp\/v2\/media?parent=554"}],"curies":[{"name":"wp","href":"https:\/\/api.w.org\/{rel}","templated":true}]}}