{"id":4853,"date":"2019-11-18T20:51:36","date_gmt":"2019-11-18T19:51:36","guid":{"rendered":"http:\/\/agora.xtec.cat\/ieslabisbal\/?page_id=4853"},"modified":"2024-07-09T10:11:49","modified_gmt":"2024-07-09T08:11:49","slug":"fp-dual","status":"publish","type":"page","link":"https:\/\/agora.xtec.cat\/ieslabisbal\/fp-dual\/","title":{"rendered":"FP DUAL"},"content":{"rendered":"<h1 style=\"text-align: left;\"><span style=\"color: #99cc00;\"><strong><span style=\"color: #339966;\">Formaci\u00f3 Professional DUAL<\/span><\/strong><\/span><\/h1>\n<h2><span style=\"color: #3366ff;\"><strong>Qu\u00e8 \u00e9s l\u2019FP DUAL?<\/strong><\/span><\/h2>\n<ul>\n<li>La Formaci\u00f3 Professional Dual <u>combina<\/u> <strong>l&#8217;aprenentatge de l\u2019estudiant en una empresa <\/strong>(amb reconeixement acad\u00e8mic) amb la <strong>formaci\u00f3 a l\u2019institut<\/strong>, augmentant la col\u00b7laboraci\u00f3, en el proc\u00e9s formatiu dels alumnes, entre els centres de treball i els centres de formaci\u00f3 professional.<\/li>\n<li>En aquest model educatiu <strong>l&#8217;empresa assumeix responsabilitats de formaci\u00f3<\/strong> i <strong>l\u2019estudiant rep una compensaci\u00f3 econ\u00f2mica<\/strong>.<\/li>\n<\/ul>\n<p>https:\/\/youtu.be\/NAUTw_Evtqo<\/p>\n<h2><span style=\"color: #3366ff;\"><strong>Per a qu\u00e8 l\u2019FP Dual?<\/strong><\/span><\/h2>\n<p><span style=\"color: #ff0000;\">L\u2019FP dual t\u00e9 com a objectius:<\/span><\/p>\n<ul>\n<li>Augmentar la vinculaci\u00f3, coresponsabilitat i transfer\u00e8ncia de coneixements entre les empreses i als centres educatius.<\/li>\n<li>Adaptar la formaci\u00f3 a les demandes i necessitats dels sectors professionals.<\/li>\n<li>Millorar l\u2019aprenentatge i la qualificaci\u00f3 professional dels estudiants d\u2019FP.<\/li>\n<\/ul>\n<h2><span style=\"color: #3366ff;\"><strong>Agents implicats:<\/strong><\/span><\/h2>\n<p><a href=\"https:\/\/agora.xtec.cat\/ieslabisbal\/wp-content\/uploads\/usu1415\/2019\/11\/Captura.jpg\"><img loading=\"lazy\" decoding=\"async\" class=\"aligncenter wp-image-4875 size-full\" src=\"https:\/\/agora.xtec.cat\/ieslabisbal\/wp-content\/uploads\/usu1415\/2019\/11\/Captura.jpg\" alt=\"\" width=\"719\" height=\"309\" srcset=\"https:\/\/agora.xtec.cat\/ieslabisbal\/wp-content\/uploads\/usu1415\/2019\/11\/Captura.jpg 719w, https:\/\/agora.xtec.cat\/ieslabisbal\/wp-content\/uploads\/usu1415\/2019\/11\/Captura-300x129.jpg 300w\" sizes=\"auto, (max-width: 719px) 100vw, 719px\" \/><\/a><\/p>\n<p>El tutor\/a d\u2019empresa, designat pel centre de treball, planifica les activitats que l\u2019alumne-aprenent desenvolupar\u00e0 a l\u2019empresa, i en fa el seguiment i les valoracions corresponents.<\/p>\n<p>Tasques clau del tutor\/a d\u2019empresa:<\/p>\n<ul>\n<li>Transfer\u00e8ncia de coneixement.<\/li>\n<li>Valoraci\u00f3 del proc\u00e9s formatiu.<\/li>\n<\/ul>\n<h2><span style=\"color: #3366ff;\"><strong>Seguiment de l\u2019estada dual<\/strong><\/span><\/h2>\n<p>L\u2019estudiant, el tutor\/a d\u2019empresa i el tutor\/a de l\u2019institut fan el seguiment del proc\u00e9s formatiu de l\u2019alumne\/a, que es recull a trav\u00e9s de la plataforma del Banc Integral de Dades (sBID).<\/p>\n<p style=\"text-align: left;\"><a href=\"https:\/\/agora.xtec.cat\/ieslabisbal\/wp-content\/uploads\/usu1415\/2019\/11\/Captura-2.jpg\"><img loading=\"lazy\" decoding=\"async\" class=\"aligncenter size-medium wp-image-4882\" src=\"https:\/\/agora.xtec.cat\/ieslabisbal\/wp-content\/uploads\/usu1415\/2019\/11\/Captura-2-300x68.jpg\" alt=\"\" width=\"300\" height=\"68\" srcset=\"https:\/\/agora.xtec.cat\/ieslabisbal\/wp-content\/uploads\/usu1415\/2019\/11\/Captura-2-300x68.jpg 300w, https:\/\/agora.xtec.cat\/ieslabisbal\/wp-content\/uploads\/usu1415\/2019\/11\/Captura-2.jpg 373w\" sizes=\"auto, (max-width: 300px) 100vw, 300px\" \/><\/a><\/p>\n<h2><span style=\"color: #3366ff;\"><strong>Aspectes de gesti\u00f3<\/strong><\/span><\/h2>\n<h3><span style=\"color: #993366;\"><strong>Documents de gesti\u00f3 FP dual<\/strong><\/span><\/h3>\n<ul>\n<li>Conveni de col\u00b7laboraci\u00f3 (conveni marc).<\/li>\n<li>Acord formatiu (concreci\u00f3 del conveni per a cada estudiant).<\/li>\n<li>Pla d\u2019activitats (activitats formatives previstes en el centre de treball).<\/li>\n<\/ul>\n<h3><strong>Processos de gesti\u00f3 i pagament<\/strong><\/h3>\n<ul>\n<li>L\u2019empresa ha de donar d\u2019alta el Codi de compte secundari TRL 986 i el codi de col\u00b7lectiu espec\u00edfic 9928: Pr\u00e0ctiques curriculars externes.<\/li>\n<li>La data d\u2019alta de la seguretat social ha de concordar amb la data d\u2019inici de l\u2019acord formatiu i la baixa amb la data de finalitzaci\u00f3.<\/li>\n<li>La percepci\u00f3 mensual m\u00ednima de l\u2019estudiant becari est\u00e0 fixat en l\u2019IPREM de l\u2019any en curs (any 2019: 537,84 euros\/mes, que equival a 3,36 euros\/hora), i s\u2019aplica en proporci\u00f3 al temps efectiu d\u2019estada a l\u2019empresa.<\/li>\n<li>L\u2019alumat aprenent ha de rebre mensualment aquesta compensaci\u00f3 o ajut de formaci\u00f3 recollit en un rebut expedit per l\u2019empresa.<\/li>\n<\/ul>\n<h2><span style=\"color: #993366;\"><strong>Contacteu amb nosaltres<\/strong><\/span><\/h2>\n<p><strong>Institut La Bisbal<br \/>\n<\/strong><span style=\"font-family: inherit; font-size: 1em;\">c\/ Eusebi D\u00edaz Costa,16-38<br \/>\n<\/span><span style=\"font-family: inherit; font-size: 1em;\">La Bisbal d\u2019Empord\u00e0<br \/>\n<\/span>972640016<\/p>\n<p><a href=\"https:\/\/agora.xtec.cat\/ieslabisbal\/fp-dual\/\">https:\/\/agora.xtec.cat\/ieslabisbal\/fp-dual\/<\/a><\/p>\n<p><strong>Coordinaci\u00f3 FP Dual<br \/>\n<\/strong>Ariadna Lleonart Sitjar<br \/>\n<a href=\"mailto:fpdual@ieslabisbal.cat\">fpdual<span class=\"\">@ieslabisbal.cat<\/span><\/a><\/p>\n<p><a href=\"https:\/\/agora.xtec.cat\/ieslabisbal\/wp-content\/uploads\/usu1415\/2019\/11\/LOGO_arI250.jpg\"><img loading=\"lazy\" decoding=\"async\" class=\"aligncenter size-full wp-image-4860\" src=\"https:\/\/agora.xtec.cat\/ieslabisbal\/wp-content\/uploads\/usu1415\/2019\/11\/LOGO_arI250.jpg\" alt=\"\" width=\"250\" height=\"30\" \/><\/a><\/p>\n","protected":false},"excerpt":{"rendered":"<p>Formaci\u00f3 Professional DUAL<br \/>\nQu\u00e8 \u00e9s l\u2019FP DUAL?<\/p>\n<ul>\n<li>La Formaci\u00f3 Professional Dual combina l&#8217;aprenentatge de l\u2019estudiant en una empresa (amb reconeixement acad\u00e8mic) amb la formaci\u00f3 a l\u2019institut, augmentant la col\u00b7laboraci\u00f3, en el proc\u00e9s formatiu dels alumnes, entre els centres de treball i els centres de formaci\u00f3 professional.<\/li>\n<li>En aquest&hellip;  <a href=\"https:\/\/agora.xtec.cat\/ieslabisbal\/fp-dual\/\" title=\"Read FP DUAL\">Llegeix m\u00e9s\u00bb<\/a><br \/>\n","protected":false},"author":1,"featured_media":0,"parent":0,"menu_order":0,"comment_status":"closed","ping_status":"closed","template":"page-templates\/side-menu.php","meta":{"_bbp_topic_count":0,"_bbp_reply_count":0,"_bbp_total_topic_count":0,"_bbp_total_reply_count":0,"_bbp_voice_count":0,"_bbp_anonymous_reply_count":0,"_bbp_topic_count_hidden":0,"_bbp_reply_count_hidden":0,"_bbp_forum_subforum_count":0,"footnotes":""},"class_list":["post-4853","page","type-page","status-publish","hentry"],"post_mailing_queue_ids":[],"_links":{"self":[{"href":"https:\/\/agora.xtec.cat\/ieslabisbal\/wp-json\/wp\/v2\/pages\/4853","targetHints":{"allow":["GET"]}}],"collection":[{"href":"https:\/\/agora.xtec.cat\/ieslabisbal\/wp-json\/wp\/v2\/pages"}],"about":[{"href":"https:\/\/agora.xtec.cat\/ieslabisbal\/wp-json\/wp\/v2\/types\/page"}],"author":[{"embeddable":true,"href":"https:\/\/agora.xtec.cat\/ieslabisbal\/wp-json\/wp\/v2\/users\/1"}],"replies":[{"embeddable":true,"href":"https:\/\/agora.xtec.cat\/ieslabisbal\/wp-json\/wp\/v2\/comments?post=4853"}],"version-history":[{"count":3,"href":"https:\/\/agora.xtec.cat\/ieslabisbal\/wp-json\/wp\/v2\/pages\/4853\/revisions"}],"predecessor-version":[{"id":5221,"href":"https:\/\/agora.xtec.cat\/ieslabisbal\/wp-json\/wp\/v2\/pages\/4853\/revisions\/5221"}],"wp:attachment":[{"href":"https:\/\/agora.xtec.cat\/ieslabisbal\/wp-json\/wp\/v2\/media?parent=4853"}],"curies":[{"name":"wp","href":"https:\/\/api.w.org\/{rel}","templated":true}]}}