{"id":4230,"date":"2019-04-28T20:46:31","date_gmt":"2019-04-28T18:46:31","guid":{"rendered":"http:\/\/agora.xtec.cat\/ieslabisbal\/?page_id=4230"},"modified":"2024-12-19T09:47:34","modified_gmt":"2024-12-19T08:47:34","slug":"cfgm-jardineria-i-floristeria","status":"publish","type":"page","link":"https:\/\/agora.xtec.cat\/ieslabisbal\/linstitut\/cicles-de-grau-mitja\/cfgm-jardineria-i-floristeria\/","title":{"rendered":"CFGM Jardineria i Floristeria DUAL"},"content":{"rendered":"<p><strong>T\u00e8cnic o t\u00e8cnica en Jardineria i Floristeria:<a href=\"https:\/\/agora.xtec.cat\/ieslabisbal\/wp-content\/uploads\/usu1415\/2024\/12\/jardineria_diptic.pdf\" target=\"_blank\" rel=\"noopener\"><img loading=\"lazy\" decoding=\"async\" class=\"opacity alignright wp-image-8881 size-medium\" title=\"+ INFO\" src=\"https:\/\/agora.xtec.cat\/ieslabisbal\/wp-content\/uploads\/usu1415\/2024\/04\/JiF-295x300.png\" alt=\"\" width=\"295\" height=\"300\" srcset=\"https:\/\/agora.xtec.cat\/ieslabisbal\/wp-content\/uploads\/usu1415\/2024\/04\/JiF-295x300.png 295w, https:\/\/agora.xtec.cat\/ieslabisbal\/wp-content\/uploads\/usu1415\/2024\/04\/JiF.png 750w\" sizes=\"auto, (max-width: 295px) 100vw, 295px\" \/><\/a><\/strong><\/p>\n<p style=\"text-align: justify;\">Aquests estudis postobligatoris capaciten per instal\u00b7lar, conservar i restaurar jardins d&#8217;exterior i interior, aix\u00ed\u00a0com\u00a0prades per a \u00fas esportiu, i realitzar les activitats de producci\u00f3 de planta i de floristeria, operant i mantenint la maquin\u00e0ria i instal\u00b7lacions, complint amb la normativa mediambiental, de control de qualitat i de prevenci\u00f3 de riscos laborals.<br \/>\nTenen una durada de 2.000 hores (aproximadament 1.617 lectives en un centre educatiu i 383 de pr\u00e0ctiques en un centre de treball) distribu\u00efdes en dos cursos acad\u00e8mics.<\/p>\n<p><strong>Sortides professionals:<\/strong><\/p>\n<p>La superaci\u00f3 d&#8217;aquest cicle formatiu permet accedir al m\u00f3n laboral com a:<\/p>\n<p>\u2022 Treballador\/a d&#8217;hortes, vivers i jardins<br \/>\n\u2022 Jardiner\/a, en general<br \/>\n\u2022 Jardiner\/a i cuidador\/a de camps d&#8217;esport<br \/>\n\u2022 Treballador\/a de parcs urbans i de jardins hist\u00f2rics i\/o bot\u00e0nics<br \/>\n\u2022 Treballador\/a qualificat\/ada en la instal\u00b7laci\u00f3 de jardins i zones verdes<br \/>\n\u2022 Treballador\/a qualificat\/ada en manteniment i millora de jardins i zones verdes<br \/>\n\u2022 Treballador\/a qualificat\/ada d\u2019una empresa de jardineria per compte propi<br \/>\n\u2022 Planterista<br \/>\n\u2022 Treballador\/a en vivers, en general<br \/>\n\u2022 Treballador\/a qualificat\/ada en propagaci\u00f3 de plantes en vivers<br \/>\n\u2022 Treballador\/a qualificat\/ada en cultiu de plantes en vivers<br \/>\n\u2022 Treballador\/a especialista en recollida de llavors i fruits en al\u00e7ada<br \/>\n\u2022 Treballador\/a qualificat\/ada en producci\u00f3 de llavors<br \/>\n\u2022 Empeltador\/a<br \/>\n\u2022 Treballador\/a qualificat\/ada en vivers<br \/>\n\u2022 Florista per compte propi o d&#8217;altri<br \/>\n\u2022 Oficial\/a de floristeria<br \/>\n\u2022 Venedor\/a de floristeria<\/p>\n<p><strong>Qu\u00e8 estudiar\u00e0s?<\/strong><\/p>\n<p>\u2022 Fonaments agron\u00f2mics<br \/>\n\u2022 Taller i equips de tracci\u00f3<br \/>\n\u2022 Infraestructures i instal\u00b7lacions agr\u00edcoles<br \/>\n\u2022 Principis de sanitat vegetal<br \/>\n\u2022 Control fitosanitari<br \/>\n\u2022 Implantaci\u00f3 de jardins i zones verdes<br \/>\n\u2022 Manteniment i millora de jardins i zones verdes<br \/>\n\u2022 Producci\u00f3 de plantes i pans d\u2019herba en viver<br \/>\n\u2022 Composicions florals i amb plantes<br \/>\n\u2022 Establiments de floristeria<\/p>\n","protected":false},"excerpt":{"rendered":"<p>T\u00e8cnic o t\u00e8cnica en Jardineria i Floristeria:<a href=\"https:\/\/agora.xtec.cat\/ieslabisbal\/wp-content\/uploads\/usu1415\/2024\/12\/jardineria_diptic.pdf\" target=\"_blank\" rel=\"noopener\"><\/a><br \/>\nAquests estudis postobligatoris capaciten per instal\u00b7lar, conservar i restaurar jardins d&#8217;exterior i interior, aix\u00ed\u00a0com\u00a0prades per a \u00fas esportiu, i realitzar les activitats de producci\u00f3 de planta i de floristeria, operant i mantenint la maquin\u00e0ria i instal\u00b7lacions,&hellip;  <a href=\"https:\/\/agora.xtec.cat\/ieslabisbal\/linstitut\/cicles-de-grau-mitja\/cfgm-jardineria-i-floristeria\/\" title=\"Read CFGM Jardineria i Floristeria DUAL\">Llegeix m\u00e9s\u00bb<\/a><\/p>\n","protected":false},"author":1,"featured_media":0,"parent":8882,"menu_order":0,"comment_status":"closed","ping_status":"closed","template":"page-templates\/side-menu.php","meta":{"_bbp_topic_count":0,"_bbp_reply_count":0,"_bbp_total_topic_count":0,"_bbp_total_reply_count":0,"_bbp_voice_count":0,"_bbp_anonymous_reply_count":0,"_bbp_topic_count_hidden":0,"_bbp_reply_count_hidden":0,"_bbp_forum_subforum_count":0,"footnotes":""},"class_list":["post-4230","page","type-page","status-publish","hentry"],"post_mailing_queue_ids":[],"_links":{"self":[{"href":"https:\/\/agora.xtec.cat\/ieslabisbal\/wp-json\/wp\/v2\/pages\/4230","targetHints":{"allow":["GET"]}}],"collection":[{"href":"https:\/\/agora.xtec.cat\/ieslabisbal\/wp-json\/wp\/v2\/pages"}],"about":[{"href":"https:\/\/agora.xtec.cat\/ieslabisbal\/wp-json\/wp\/v2\/types\/page"}],"author":[{"embeddable":true,"href":"https:\/\/agora.xtec.cat\/ieslabisbal\/wp-json\/wp\/v2\/users\/1"}],"replies":[{"embeddable":true,"href":"https:\/\/agora.xtec.cat\/ieslabisbal\/wp-json\/wp\/v2\/comments?post=4230"}],"version-history":[{"count":6,"href":"https:\/\/agora.xtec.cat\/ieslabisbal\/wp-json\/wp\/v2\/pages\/4230\/revisions"}],"predecessor-version":[{"id":9744,"href":"https:\/\/agora.xtec.cat\/ieslabisbal\/wp-json\/wp\/v2\/pages\/4230\/revisions\/9744"}],"up":[{"embeddable":true,"href":"https:\/\/agora.xtec.cat\/ieslabisbal\/wp-json\/wp\/v2\/pages\/8882"}],"wp:attachment":[{"href":"https:\/\/agora.xtec.cat\/ieslabisbal\/wp-json\/wp\/v2\/media?parent=4230"}],"curies":[{"name":"wp","href":"https:\/\/api.w.org\/{rel}","templated":true}]}}