{"id":19,"date":"2014-09-17T14:56:56","date_gmt":"2014-09-17T14:56:56","guid":{"rendered":"http:\/\/agora.xtec.cat\/ieslabisbal\/?page_id=19"},"modified":"2023-12-04T10:57:37","modified_gmt":"2023-12-04T09:57:37","slug":"linstitut","status":"publish","type":"page","link":"https:\/\/agora.xtec.cat\/ieslabisbal\/linstitut\/","title":{"rendered":"L&#8217;institut"},"content":{"rendered":"<p style=\"color: #444444; text-align: justify;\">El germen del centre actual l&#8217;hem de cercar als dos antics instituts: el de Formaci\u00f3 Professional i el de Batxillerat. La hist\u00f2ria del batxillerat a la Bisbal es remunta al curs 1967-68 quan es crea el Colegio Libre Adoptado depenent de l&#8217;IB Ramon Muntaner de Figueres. Al 1980-81 passa a ser Col\u00b7legi Municipal Homologat (depenent de l&#8217;Institut de Batxillerat Ramon Muntaner de Figueres), situaci\u00f3 que dura 5 anys i que deriva en la consideraci\u00f3 -ara s\u00ed- d&#8217;Institut de Batxillerat independent: som al curs 1985-86. Durant 11 anys continua amb la denominaci\u00f3 d&#8217;IB, fins que, amb la implantaci\u00f3 de la reforma educativa formulada a la LOGSE i amb la unificaci\u00f3 dels dos centres, l&#8217;any 1996-97 esdev\u00e9 l&#8217;institut tal com el coneixem ara.<\/p>\n<p style=\"color: #444444; text-align: justify;\">Els estudis de Formaci\u00f3 Professional comencen el 1969-70. Es comen\u00e7a com a Escola de Formaci\u00f3 Professional Patronal, amb classes a les tardes i amb un ventall for\u00e7a ampli d&#8217;estudis. Al final s&#8217;acaba centrant nom\u00e9s en Administratiu i Delineaci\u00f3 i passa a ser centre reconegut depenent del Centre Oficial de Vic (curs 1972-73). El curs 1977-78 s&#8217;hi incorporen els ensenyaments d&#8217;Agropecu\u00e0ria, el 1979-80 passa a ser Centre i, finalment, el 1981 \u00e9s Institut de Formaci\u00f3 Professional de ple dret. L&#8217;any 1993 desapareix el Cicle Formatiu d&#8217;Agropecu\u00e0ria i el curs 1996-97 s&#8217;unifica amb l&#8217;IB i neix l&#8217;actual institut.Amb la reforma a l&#8217;ensenyament que suposa la LOGSE, l&#8217;institut s&#8217;anomena IESI la Bisbal (la I fa refer\u00e8ncia a uns ensenyaments d&#8217;Idiomes que mai s&#8217;han portat a terme).<\/p>\n<p style=\"color: #444444; text-align: justify;\">El centre imparteix uns estudis que s&#8217;estan extingint (BUP, COU, FP de 1r grau i FP de 2n grau) i uns altres que s&#8217;estan iniciant (ESO, Batxillerat i Cicles Formatius). L&#8217;any 1998-99 suposa el final del BUP i el COU, i el comen\u00e7ament del nou Batxillerat (en les modalitats de Ci\u00e8ncies de la Naturalesa i la Salut, Humanitats i Ci\u00e8ncies Socials, Tecnologia i Arts -amb la incorporaci\u00f3 de la via Musical l&#8217;any 2008) i el Cicle Formatiu de Grau Mig de Gesti\u00f3 Administrativa.<\/p>\n<p style=\"color: #444444; text-align: justify;\">Durant els anys seg\u00fcents hi ha una part dels estudis de formaci\u00f3 professional que van desapareixent per falta de matr\u00edcula. El 2011-12 s&#8217;amplia l&#8217;oferta de cicles mitjans amb la incorporaci\u00f3 del d&#8217;Atenci\u00f3 Sociosanit\u00e0ria, que canviar\u00e0 el nom al definitiu Atenci\u00f3 a Persones en Situaci\u00f3 de Depend\u00e8ncia. Finalment, el curs 2016-17 suposa l&#8217;inici de dos cicles nous: un de mig, \u00fanic a tot Catalunya (Arts pl\u00e0stiques i disseny en cer\u00e0mica art\u00edstica, Terrisseria per simplificar a partir d\u2019ara) i un de superior (Integraci\u00f3 social).<\/p>\n<p style=\"color: #444444; text-align: justify;\">Finalment, el curs 2018-19 s\u2019incorpora a l\u2019oferta del centre un nou cicle formatiu de grau mitj\u00e0, el de Jardineria i floristeria. Per tant, en el moment actual, curs 2021-22, les l\u00ednies d&#8217;ESO s\u00f3n entre 5 i 6 (amb una clara tend\u00e8ncia en un futur immediat a ser-ne 6 a tots els cursos); a batxillerat arribem fins als 4 grups (amb possibilitats d\u2019arribar a un 5\u00e8 grup al cap de 3 cursos); i pel que fa a la formaci\u00f3 professional oferim 4 cicles mitjans (Gesti\u00f3 Administrativa, Atenci\u00f3 a Persones en Situaci\u00f3 de Depend\u00e8ncia, Terrisseria i Jardineria i Floristeria) i 1 de superior (Integraci\u00f3 Social).<\/p>\n","protected":false},"excerpt":{"rendered":"<p>El germen del centre actual l&#8217;hem de cercar als dos antics instituts: el de Formaci\u00f3 Professional i el de Batxillerat. La hist\u00f2ria del batxillerat a la Bisbal es remunta al curs 1967-68 quan es crea el Colegio Libre Adoptado depenent de l&#8217;IB Ramon Muntaner de&hellip;  <a href=\"https:\/\/agora.xtec.cat\/ieslabisbal\/linstitut\/\" title=\"Read L&#8217;institut\">Llegeix m\u00e9s\u00bb<\/a><\/p>\n","protected":false},"author":1,"featured_media":0,"parent":0,"menu_order":0,"comment_status":"closed","ping_status":"closed","template":"","meta":{"_bbp_topic_count":0,"_bbp_reply_count":0,"_bbp_total_topic_count":0,"_bbp_total_reply_count":0,"_bbp_voice_count":0,"_bbp_anonymous_reply_count":0,"_bbp_topic_count_hidden":0,"_bbp_reply_count_hidden":0,"_bbp_forum_subforum_count":0,"footnotes":""},"class_list":["post-19","page","type-page","status-publish","hentry"],"post_mailing_queue_ids":[],"_links":{"self":[{"href":"https:\/\/agora.xtec.cat\/ieslabisbal\/wp-json\/wp\/v2\/pages\/19","targetHints":{"allow":["GET"]}}],"collection":[{"href":"https:\/\/agora.xtec.cat\/ieslabisbal\/wp-json\/wp\/v2\/pages"}],"about":[{"href":"https:\/\/agora.xtec.cat\/ieslabisbal\/wp-json\/wp\/v2\/types\/page"}],"author":[{"embeddable":true,"href":"https:\/\/agora.xtec.cat\/ieslabisbal\/wp-json\/wp\/v2\/users\/1"}],"replies":[{"embeddable":true,"href":"https:\/\/agora.xtec.cat\/ieslabisbal\/wp-json\/wp\/v2\/comments?post=19"}],"version-history":[{"count":4,"href":"https:\/\/agora.xtec.cat\/ieslabisbal\/wp-json\/wp\/v2\/pages\/19\/revisions"}],"predecessor-version":[{"id":8510,"href":"https:\/\/agora.xtec.cat\/ieslabisbal\/wp-json\/wp\/v2\/pages\/19\/revisions\/8510"}],"wp:attachment":[{"href":"https:\/\/agora.xtec.cat\/ieslabisbal\/wp-json\/wp\/v2\/media?parent=19"}],"curies":[{"name":"wp","href":"https:\/\/api.w.org\/{rel}","templated":true}]}}