{"id":11139,"date":"2026-02-06T09:45:45","date_gmt":"2026-02-06T08:45:45","guid":{"rendered":"https:\/\/agora.xtec.cat\/ieslabisbal\/?page_id=11139"},"modified":"2026-02-06T13:57:45","modified_gmt":"2026-02-06T12:57:45","slug":"ajuts-transports-escolar","status":"publish","type":"page","link":"https:\/\/agora.xtec.cat\/ieslabisbal\/ajuts-transports-escolar\/","title":{"rendered":"Ajuts Transport Escolar curs 25-26"},"content":{"rendered":"<p>Us informem que a partir del proper 9 de febrer, a les 9h, fins al 27 de febrer, a les 14h, s\u2019obre la convocat\u00f2ria d\u2019ajuts econ\u00f2mics individuals de despla\u00e7ament curs 2025-2026.<\/p>\n<p>Us adjuntem les bases de la convocat\u00f2ria aix\u00ed com el cartell informatiu i la guia de tramitaci\u00f3 telem\u00e0tica.<\/p>\n<p>Tamb\u00e9 trobareu tota la informaci\u00f3 al nostre lloc web:\u00a0<a href=\"https:\/\/www.baixemporda.cat\/ca\/arees\/ensenyament\/ajuts-economics\/ajuts-economics-individuals-de-desplacament\/\" data-saferedirecturl=\"https:\/\/www.google.com\/url?q=https:\/\/www.baixemporda.cat\/ca\/arees\/ensenyament\/ajuts-economics\/ajuts-economics-individuals-de-desplacament\/&amp;source=gmail&amp;ust=1770451711080000&amp;usg=AOvVaw0O7ghdgkE9DG2_VFIxknZO\">https:\/\/www.baixemporda.cat\/ca\/arees\/ensenyament\/ajuts-economics\/ajuts-economics-individuals-de-desplacament\/<\/a><\/p>\n<p>Qualsevol dubte o consulta us podeu dirigir al Consell Comarcal<\/p>\n<table style=\"font-weight: 400;\">\n<tbody>\n<tr>\n<td><\/td>\n<\/tr>\n<tr>\n<td><strong>Ensenyament<\/strong><br \/>\nConsell Comarcal del Baix Empord\u00e0C. Del Raig, 7 bxs &#8211; 17100 La Bisbal d\u2019Empord\u00e0<br \/>\n972 645 559<br \/>\n972 642 310<br \/>\n<a href=\"mailto:Ensenyament@baixemporda.cat\">Ensenyament@baixemporda.cat<\/a><br \/>\n<a href=\"http:\/\/www.baixemporda.cat\/\" data-saferedirecturl=\"https:\/\/www.google.com\/url?q=http:\/\/www.baixemporda.cat&amp;source=gmail&amp;ust=1770451711080000&amp;usg=AOvVaw3uL-eXA3JlQ0Ycp2Z5NPwp\">www.baixemporda.cat<\/a><\/td>\n<\/tr>\n<\/tbody>\n<\/table>\n","protected":false},"excerpt":{"rendered":"<p>Us informem que a partir del proper 9 de febrer, a les 9h, fins al 27 de febrer, a les 14h, s\u2019obre la convocat\u00f2ria d\u2019ajuts econ\u00f2mics individuals de despla\u00e7ament curs 2025-2026.<br \/>\nUs adjuntem les bases de la convocat\u00f2ria aix\u00ed com el cartell informatiu i la guia&hellip;  <a href=\"https:\/\/agora.xtec.cat\/ieslabisbal\/ajuts-transports-escolar\/\" title=\"Read Ajuts Transport Escolar curs 25-26\">Llegeix m\u00e9s\u00bb<\/a><\/p>\n","protected":false},"author":1,"featured_media":0,"parent":0,"menu_order":0,"comment_status":"closed","ping_status":"closed","template":"","meta":{"_bbp_topic_count":0,"_bbp_reply_count":0,"_bbp_total_topic_count":0,"_bbp_total_reply_count":0,"_bbp_voice_count":0,"_bbp_anonymous_reply_count":0,"_bbp_topic_count_hidden":0,"_bbp_reply_count_hidden":0,"_bbp_forum_subforum_count":0,"footnotes":""},"class_list":["post-11139","page","type-page","status-publish","hentry"],"post_mailing_queue_ids":[],"_links":{"self":[{"href":"https:\/\/agora.xtec.cat\/ieslabisbal\/wp-json\/wp\/v2\/pages\/11139","targetHints":{"allow":["GET"]}}],"collection":[{"href":"https:\/\/agora.xtec.cat\/ieslabisbal\/wp-json\/wp\/v2\/pages"}],"about":[{"href":"https:\/\/agora.xtec.cat\/ieslabisbal\/wp-json\/wp\/v2\/types\/page"}],"author":[{"embeddable":true,"href":"https:\/\/agora.xtec.cat\/ieslabisbal\/wp-json\/wp\/v2\/users\/1"}],"replies":[{"embeddable":true,"href":"https:\/\/agora.xtec.cat\/ieslabisbal\/wp-json\/wp\/v2\/comments?post=11139"}],"version-history":[{"count":4,"href":"https:\/\/agora.xtec.cat\/ieslabisbal\/wp-json\/wp\/v2\/pages\/11139\/revisions"}],"predecessor-version":[{"id":11149,"href":"https:\/\/agora.xtec.cat\/ieslabisbal\/wp-json\/wp\/v2\/pages\/11139\/revisions\/11149"}],"wp:attachment":[{"href":"https:\/\/agora.xtec.cat\/ieslabisbal\/wp-json\/wp\/v2\/media?parent=11139"}],"curies":[{"name":"wp","href":"https:\/\/api.w.org\/{rel}","templated":true}]}}