{"id":10904,"date":"2025-10-27T13:44:44","date_gmt":"2025-10-27T12:44:44","guid":{"rendered":"https:\/\/agora.xtec.cat\/ieslabisbal\/?page_id=10904"},"modified":"2026-03-06T11:58:19","modified_gmt":"2026-03-06T10:58:19","slug":"eleccions-al-consell-escolar","status":"publish","type":"page","link":"https:\/\/agora.xtec.cat\/ieslabisbal\/eleccions-al-consell-escolar\/","title":{"rendered":"Consell Escolar"},"content":{"rendered":"<p><img loading=\"lazy\" decoding=\"async\" class=\"aligncenter wp-image-11238\" src=\"https:\/\/agora.xtec.cat\/ieslabisbal\/wp-content\/uploads\/usu1415\/2026\/03\/post-taller-de-arte-minimalista-marron.jpg\" alt=\"\" width=\"400\" height=\"400\" srcset=\"https:\/\/agora.xtec.cat\/ieslabisbal\/wp-content\/uploads\/usu1415\/2026\/03\/post-taller-de-arte-minimalista-marron.jpg 1080w, https:\/\/agora.xtec.cat\/ieslabisbal\/wp-content\/uploads\/usu1415\/2026\/03\/post-taller-de-arte-minimalista-marron-300x300.jpg 300w, https:\/\/agora.xtec.cat\/ieslabisbal\/wp-content\/uploads\/usu1415\/2026\/03\/post-taller-de-arte-minimalista-marron-1024x1024.jpg 1024w, https:\/\/agora.xtec.cat\/ieslabisbal\/wp-content\/uploads\/usu1415\/2026\/03\/post-taller-de-arte-minimalista-marron-150x150.jpg 150w, https:\/\/agora.xtec.cat\/ieslabisbal\/wp-content\/uploads\/usu1415\/2026\/03\/post-taller-de-arte-minimalista-marron-768x768.jpg 768w\" sizes=\"auto, (max-width: 400px) 100vw, 400px\" \/><\/p>\n<p>&nbsp;<\/p>\n<p><strong>MEMBRES DEL CONSELL ESCOLAR:<\/strong><\/p>\n<table class=\"has-fixed-layout\" style=\"width: 65.5416%; height: 393px;\">\n<tbody>\n<tr style=\"height: 33px;\">\n<td style=\"height: 33px; width: 29.5028%;\">Presid\u00e8ncia<\/td>\n<td style=\"height: 33px; width: 69.6133%;\">Jordi Ferrer Jofre<\/td>\n<\/tr>\n<tr style=\"height: 33px;\">\n<td style=\"height: 33px; width: 29.5028%;\">Cap d\u2019estudis<\/td>\n<td style=\"height: 33px; width: 69.6133%;\">Cristina Gaya Masana<\/td>\n<\/tr>\n<tr style=\"height: 33px;\">\n<td style=\"height: 33px; width: 29.5028%;\">Secretaria<\/td>\n<td style=\"height: 33px; width: 69.6133%;\">Coral.l\u00ed Jou Pi<\/td>\n<\/tr>\n<tr style=\"height: 33px;\">\n<td style=\"height: 33px; width: 29.5028%;\">Representants de l&#8217;Ajuntament<\/td>\n<td style=\"height: 33px; width: 69.6133%;\">Dolors Molina Carrillo<\/td>\n<\/tr>\n<tr style=\"height: 49px;\">\n<td style=\"height: 49px; width: 29.5028%;\">Representants dels professors<\/td>\n<td style=\"height: 49px; width: 69.6133%;\"><span style=\"background-color: #f9f9f9;\">Samantha Abad Freiria, Cristina Bot\u00f3 Ale\u00f1a, Anna Bou Mart\u00ed, Roser Pijoan Aliu,\u00a0Anna Pruneda Sais,\u00a0<\/span><\/td>\n<\/tr>\n<tr style=\"height: 33px;\">\n<td style=\"height: 33px; width: 29.5028%;\">Representants dels alumnes<\/td>\n<td style=\"height: 33px; width: 69.6133%;\">Siham Hassani Rahoui i Ambar Ribas Duarte<\/td>\n<\/tr>\n<tr style=\"height: 33px;\">\n<td style=\"height: 33px; width: 29.5028%;\">Representat PAS i PAE<\/td>\n<td style=\"height: 33px; width: 69.6133%;\">Mireia Ruiz Marull<\/td>\n<\/tr>\n<tr style=\"height: 33px;\">\n<td style=\"height: 33px; width: 29.5028%;\">Representant de l\u2019AMPA<\/td>\n<td style=\"height: 33px; width: 69.6133%;\">Carles Anglada Casamajor<\/td>\n<\/tr>\n<tr style=\"height: 49px;\">\n<td style=\"height: 49px; width: 29.5028%;\">Representants de les mares i dels pares<\/td>\n<td style=\"height: 49px; width: 69.6133%;\">S\u00f2nia Jim\u00e9nez Vilanova i Susana Pedrosa Gamero<\/td>\n<\/tr>\n<\/tbody>\n<\/table>\n<p>&nbsp;<\/p>\n<p><strong>ACORDS CONSELL ESCOLAR:<\/strong><\/p>\n<ul style=\"list-style-type: circle;\">\n<li>15\/10\/2025<\/li>\n<li>16\/12\/2025<\/li>\n<li>05\/03\/2026 (pendent aprovaci\u00f3 acta)<\/li>\n<\/ul>\n<p>&nbsp;<\/p>\n","protected":false},"excerpt":{"rendered":"<p>&nbsp;<br \/>\nMEMBRES DEL CONSELL ESCOLAR:<\/p>\n<p>Presid\u00e8ncia<br \/>\nJordi Ferrer Jofre<\/p>\n<p>Cap d\u2019estudis<br \/>\nCristina Gaya Masana<\/p>\n<p>Secretaria<br \/>\nCoral.l\u00ed Jou Pi<\/p>\n<p>Representants de l&#8217;Ajuntament<br \/>\nDolors Molina Carrillo<\/p>\n<p>Representants dels professors<br \/>\nSamantha Abad Freiria, Cristina Bot\u00f3 Ale\u00f1a, Anna Bou Mart\u00ed, Roser Pijoan Aliu,\u00a0Anna Pruneda Sais,\u00a0<\/p>\n<p>Representants dels alumnes<br \/>\nSiham Hassani Rahoui i Ambar Ribas Duarte<\/p>\n<p>Representat PAS i PAE<br \/>\nMireia Ruiz Marull<\/p>\n<p>Representant de l\u2019AMPA<br \/>\nCarles&hellip;  <a href=\"https:\/\/agora.xtec.cat\/ieslabisbal\/eleccions-al-consell-escolar\/\" title=\"Read Consell Escolar\">Llegeix m\u00e9s\u00bb<\/a><\/p>\n","protected":false},"author":1,"featured_media":0,"parent":0,"menu_order":0,"comment_status":"closed","ping_status":"closed","template":"","meta":{"_bbp_topic_count":0,"_bbp_reply_count":0,"_bbp_total_topic_count":0,"_bbp_total_reply_count":0,"_bbp_voice_count":0,"_bbp_anonymous_reply_count":0,"_bbp_topic_count_hidden":0,"_bbp_reply_count_hidden":0,"_bbp_forum_subforum_count":0,"footnotes":""},"class_list":["post-10904","page","type-page","status-publish","hentry"],"post_mailing_queue_ids":[],"_links":{"self":[{"href":"https:\/\/agora.xtec.cat\/ieslabisbal\/wp-json\/wp\/v2\/pages\/10904","targetHints":{"allow":["GET"]}}],"collection":[{"href":"https:\/\/agora.xtec.cat\/ieslabisbal\/wp-json\/wp\/v2\/pages"}],"about":[{"href":"https:\/\/agora.xtec.cat\/ieslabisbal\/wp-json\/wp\/v2\/types\/page"}],"author":[{"embeddable":true,"href":"https:\/\/agora.xtec.cat\/ieslabisbal\/wp-json\/wp\/v2\/users\/1"}],"replies":[{"embeddable":true,"href":"https:\/\/agora.xtec.cat\/ieslabisbal\/wp-json\/wp\/v2\/comments?post=10904"}],"version-history":[{"count":6,"href":"https:\/\/agora.xtec.cat\/ieslabisbal\/wp-json\/wp\/v2\/pages\/10904\/revisions"}],"predecessor-version":[{"id":11247,"href":"https:\/\/agora.xtec.cat\/ieslabisbal\/wp-json\/wp\/v2\/pages\/10904\/revisions\/11247"}],"wp:attachment":[{"href":"https:\/\/agora.xtec.cat\/ieslabisbal\/wp-json\/wp\/v2\/media?parent=10904"}],"curies":[{"name":"wp","href":"https:\/\/api.w.org\/{rel}","templated":true}]}}