{"id":10565,"date":"2025-07-10T12:27:00","date_gmt":"2025-07-10T10:27:00","guid":{"rendered":"https:\/\/agora.xtec.cat\/ieslabisbal\/?page_id=10565"},"modified":"2025-09-03T13:09:59","modified_gmt":"2025-09-03T11:09:59","slug":"publicacions-llistes","status":"publish","type":"page","link":"https:\/\/agora.xtec.cat\/ieslabisbal\/linstitut\/secretaria\/publicacions-llistes\/","title":{"rendered":"Publicacions Llistats"},"content":{"rendered":"<p><span style=\"color: #ff0000;\"><strong>ACTUALITZAT!<\/strong><\/span><\/p>\n<p><strong><span style=\"color: #993300;\">TERRISSERIA<\/span><\/strong><\/p>\n<p><a href=\"https:\/\/agora.xtec.cat\/ieslabisbal\/wp-content\/uploads\/usu1415\/2025\/07\/INFORME_ASSIGNADES_INFORME_ASSIGNADES.pdf\"><strong>17\/07\/2025: Alumnes assignats al centre amb indicaci\u00f3 de la primera petici\u00f3<a class=\"ab-item\" role=\"menuitem\" href=\"https:\/\/agora.xtec.cat\/ieslabisbal\/linstitut\/secretaria\/publicacions-llistes\/\">Mostra la p\u00e0gina<\/a><\/strong><\/a><\/p>\n<p><a href=\"https:\/\/agora.xtec.cat\/ieslabisbal\/wp-content\/uploads\/usu1415\/2025\/07\/INFORME_PREINSCRITES_OME_INFORME_PREINSCRITES_OME.pdf\"><strong>17\/07\/2025: Alumnes preinscrits al centre<\/strong><\/a><\/p>\n<p><a href=\"https:\/\/agora.xtec.cat\/ieslabisbal\/wp-content\/uploads\/usu1415\/2025\/07\/INFORME_BAREM_DEFINITIU_BAREM_-grau-mitja.pdf\">14\/07\/2025: Publicaci\u00f3 de la llista de sol\u00b7licituds que han demanat el centre i<\/a><a href=\"https:\/\/agora.xtec.cat\/ieslabisbal\/wp-content\/uploads\/usu1415\/2025\/07\/INFORME_BAREM_DEFINITIU_BAREM_-grau-mitja.pdf\"> l&#8217;ensenyament<\/a><a href=\"https:\/\/agora.xtec.cat\/ieslabisbal\/wp-content\/uploads\/usu1415\/2025\/07\/INFORME_BAREM_DEFINITIU_BAREM_-grau-mitja.pdf\"> en primera petici\u00f3 ordenada<\/a><\/p>\n<p><a href=\"https:\/\/agora.xtec.cat\/ieslabisbal\/wp-content\/uploads\/usu1415\/2025\/07\/INFORME_BAREM_RESOLTES_BAREM-1-grau-mitja.pdf\"><span style=\"color: #000000;\">09\/07\/2025:<\/span> Publicaci\u00f3 de\u00a0la llista de sol\u00b7licituds que han demanat el centre i l&#8217;ensenyament en primera petici\u00f3 amb la puntuaci\u00f3 resoltes les reclamacions<\/a><\/p>\n<p>30\/06\/2025: <a href=\"https:\/\/agora.xtec.cat\/ieslabisbal\/wp-content\/uploads\/usu1415\/2025\/07\/INFORME_BAREM_PROVISIONAL_BAREM.pdf\">Cicles formatius d&#8217;arts pl\u00e0stiques i disseny de grau mitj\u00e0 Publicaci\u00f3 de la llista de sol\u00b7licituds que han demanat el centre i l&#8217;ensenyament en primera petici\u00f3 amb la puntuaci\u00f3 provisional<\/a><\/p>\n<p><span style=\"color: #ff0000;\"><strong>ACTUALITZAT!<\/strong><\/span><\/p>\n<p><strong><span style=\"color: #008000;\">GAD &#8211; JARDINERIA &#8211; APSD<\/span><\/strong><\/p>\n<p><a href=\"https:\/\/agora.xtec.cat\/ieslabisbal\/wp-content\/uploads\/usu1415\/2025\/07\/Tanda-3_GM_Assignats.pdf\"><strong>29\/07\/2025: Alumnes assignats al centre en tercera tanda<\/strong><\/a><\/p>\n<p><a href=\"https:\/\/agora.xtec.cat\/ieslabisbal\/wp-content\/uploads\/usu1415\/2025\/07\/Tanda-3_preinscirts_GM.pdf\"><strong>29\/07\/2025: Alumnes preinscrits al centre<\/strong><\/a><\/p>\n<p><a href=\"https:\/\/agora.xtec.cat\/ieslabisbal\/wp-content\/uploads\/usu1415\/2025\/07\/INFORME_ASSIGNADES_INFORME_ASSIGNADES-1.pdf\">18\/07\/2025: Alumnes assignats al centre en segona tanda<\/a><\/p>\n<p><a href=\"https:\/\/agora.xtec.cat\/ieslabisbal\/wp-content\/uploads\/usu1415\/2025\/07\/INFORME_PREINSCRITES_OME_INFORME_PREINSCRITES_OME-1.pdf\">18\/07\/2025: Alumnes preinscrits al centre amb indicaci\u00f3 de l&#8217;assignaci\u00f3 i l&#8217;ordre de petici\u00f3 de la segona tanda<\/a><\/p>\n<p><a href=\"https:\/\/agora.xtec.cat\/ieslabisbal\/wp-content\/uploads\/usu1415\/2025\/07\/INFORME_ASSIGNADES_INFORME_ASSIGNADES-mitja.pdf\">10\/07\/2025: ALUMNES ASSIGNATS\u00a0al centre en primera tanda<\/a><\/p>\n<p><a href=\"https:\/\/agora.xtec.cat\/ieslabisbal\/wp-content\/uploads\/usu1415\/2025\/07\/INFORME_PREINSCRITES_OME_INFORME_PREINSCRITES_OME-mitja.pdf\">10\/07\/2025: Alumnes preinscrits al centre amb indicaci\u00f3 de l&#8217;assignaci\u00f3 i l&#8217;ordre de petici\u00f3 de la primera tanda<\/a><\/p>\n<p><a href=\"https:\/\/agora.xtec.cat\/ieslabisbal\/wp-content\/uploads\/usu1415\/2025\/07\/INFORME_BAREM_RESOLTES_BAREM-070725-1.pdf\"><span style=\"color: #000000;\">07\/07\/2025: Publicaci\u00f3 de la llista de sol\u00b7licituds que han demanat el centre i l&#8217;ensenyament en primera petici\u00f3 amb la puntuaci\u00f3 resoltes les reclamacions<\/span><\/a><\/p>\n<p><span style=\"color: #000000;\">27\/06\/2025: <a style=\"color: #000000;\" href=\"https:\/\/agora.xtec.cat\/ieslabisbal\/wp-content\/uploads\/usu1415\/2025\/06\/INFORME_BAREM_PROVISIONALCFPM.pdf\">Publicaci\u00f3 de la llista de sol\u00b7licituds que han demanat el centre i l&#8217;ensenyament en primera petici\u00f3 amb la puntuaci\u00f3 provisional<\/a><\/span><\/p>\n<p style=\"text-align: left;\"><a href=\"https:\/\/agora.xtec.cat\/ieslabisbal\/wp-content\/uploads\/usu1415\/2025\/05\/PREINSCRIPCIO-CFGM-CURS-2526-GAD-JAD-APSD.pdf\"><span style=\"color: #3366ff;\"><strong>Informaci\u00f3 sobre l&#8217;oferta i la preinscripci\u00f3 al Cicle Formatiu de Grau Mitj\u00e0 &#8211; Jardineria &#8211; Gesti\u00f3 Administrativa &#8211; Atenci\u00f3 a les persones en situaci\u00f3 de depend\u00e8ncia<\/strong><\/span><\/a><\/p>\n<p style=\"text-align: left;\"><a href=\"https:\/\/agora.xtec.cat\/ieslabisbal\/wp-content\/uploads\/usu1415\/2025\/05\/PREINSCRIPCIO-CFGM-CURS-2526-Arts-plastiques-i-disseny.pdf\"><strong><span style=\"color: #3366ff;\">Informaci\u00f3 sobre l&#8217;oferta i la preinscripci\u00f3 al Cicle Formatiu de Grau Mitj\u00e0 &#8211; Arts Pl\u00e0stiques i Disseny (Terrisseria)<\/span><\/strong><\/a><\/p>\n","protected":false},"excerpt":{"rendered":"<p>ACTUALITZAT!<br \/>\nTERRISSERIA<br \/>\n<a href=\"https:\/\/agora.xtec.cat\/ieslabisbal\/wp-content\/uploads\/usu1415\/2025\/07\/INFORME_ASSIGNADES_INFORME_ASSIGNADES.pdf\">17\/07\/2025: Alumnes assignats al centre amb indicaci\u00f3 de la primera petici\u00f3<a class=\"ab-item\" role=\"menuitem\" href=\"https:\/\/agora.xtec.cat\/ieslabisbal\/linstitut\/secretaria\/publicacions-llistes\/\">Mostra la p\u00e0gina<\/a><\/a><br \/>\n<a href=\"https:\/\/agora.xtec.cat\/ieslabisbal\/wp-content\/uploads\/usu1415\/2025\/07\/INFORME_PREINSCRITES_OME_INFORME_PREINSCRITES_OME.pdf\">17\/07\/2025: Alumnes preinscrits al centre<\/a><br \/>\n<a href=\"https:\/\/agora.xtec.cat\/ieslabisbal\/wp-content\/uploads\/usu1415\/2025\/07\/INFORME_BAREM_DEFINITIU_BAREM_-grau-mitja.pdf\">14\/07\/2025: Publicaci\u00f3 de la llista de sol\u00b7licituds que han demanat el centre i<\/a><a href=\"https:\/\/agora.xtec.cat\/ieslabisbal\/wp-content\/uploads\/usu1415\/2025\/07\/INFORME_BAREM_DEFINITIU_BAREM_-grau-mitja.pdf\"> l&#8217;ensenyament<\/a><a href=\"https:\/\/agora.xtec.cat\/ieslabisbal\/wp-content\/uploads\/usu1415\/2025\/07\/INFORME_BAREM_DEFINITIU_BAREM_-grau-mitja.pdf\"> en primera petici\u00f3 ordenada<\/a><br \/>\n<a href=\"https:\/\/agora.xtec.cat\/ieslabisbal\/wp-content\/uploads\/usu1415\/2025\/07\/INFORME_BAREM_RESOLTES_BAREM-1-grau-mitja.pdf\">09\/07\/2025: Publicaci\u00f3 de\u00a0la&hellip;  <a href=\"https:\/\/agora.xtec.cat\/ieslabisbal\/linstitut\/secretaria\/publicacions-llistes\/\" title=\"Read Publicacions Llistats\">Llegeix m\u00e9s\u00bb<\/a><\/p>\n","protected":false},"author":1,"featured_media":0,"parent":81,"menu_order":0,"comment_status":"closed","ping_status":"closed","template":"","meta":{"_bbp_topic_count":0,"_bbp_reply_count":0,"_bbp_total_topic_count":0,"_bbp_total_reply_count":0,"_bbp_voice_count":0,"_bbp_anonymous_reply_count":0,"_bbp_topic_count_hidden":0,"_bbp_reply_count_hidden":0,"_bbp_forum_subforum_count":0,"footnotes":""},"class_list":["post-10565","page","type-page","status-publish","hentry"],"post_mailing_queue_ids":[],"_links":{"self":[{"href":"https:\/\/agora.xtec.cat\/ieslabisbal\/wp-json\/wp\/v2\/pages\/10565","targetHints":{"allow":["GET"]}}],"collection":[{"href":"https:\/\/agora.xtec.cat\/ieslabisbal\/wp-json\/wp\/v2\/pages"}],"about":[{"href":"https:\/\/agora.xtec.cat\/ieslabisbal\/wp-json\/wp\/v2\/types\/page"}],"author":[{"embeddable":true,"href":"https:\/\/agora.xtec.cat\/ieslabisbal\/wp-json\/wp\/v2\/users\/1"}],"replies":[{"embeddable":true,"href":"https:\/\/agora.xtec.cat\/ieslabisbal\/wp-json\/wp\/v2\/comments?post=10565"}],"version-history":[{"count":7,"href":"https:\/\/agora.xtec.cat\/ieslabisbal\/wp-json\/wp\/v2\/pages\/10565\/revisions"}],"predecessor-version":[{"id":10740,"href":"https:\/\/agora.xtec.cat\/ieslabisbal\/wp-json\/wp\/v2\/pages\/10565\/revisions\/10740"}],"up":[{"embeddable":true,"href":"https:\/\/agora.xtec.cat\/ieslabisbal\/wp-json\/wp\/v2\/pages\/81"}],"wp:attachment":[{"href":"https:\/\/agora.xtec.cat\/ieslabisbal\/wp-json\/wp\/v2\/media?parent=10565"}],"curies":[{"name":"wp","href":"https:\/\/api.w.org\/{rel}","templated":true}]}}