{"id":10319,"date":"2025-06-06T13:18:27","date_gmt":"2025-06-06T11:18:27","guid":{"rendered":"https:\/\/agora.xtec.cat\/ieslabisbal\/?page_id=10319"},"modified":"2025-09-03T13:09:08","modified_gmt":"2025-09-03T11:09:08","slug":"llistats-de-la-preinscripcio-a-leso-2025-26","status":"publish","type":"page","link":"https:\/\/agora.xtec.cat\/ieslabisbal\/linstitut\/secretaria\/llistats-de-la-preinscripcio-a-leso-2025-26\/","title":{"rendered":"PREINSCRIPCI\u00d3 I MATRICULA A L\u2019ESO 2025-26"},"content":{"rendered":"<p><strong><a href=\"https:\/\/agora.xtec.cat\/ieslabisbal\/wp-content\/uploads\/usu1415\/2025\/04\/Preinscripcio-25-26.-ESO.pdf\">INFORMACI\u00d3 SOBRE L\u2019OFERTA I LA PREINSCRIPCI\u00d3 A L\u2019ESO<\/a><\/strong><\/p>\n<p><img loading=\"lazy\" decoding=\"async\" class=\"alignleft wp-image-10429\" src=\"https:\/\/agora.xtec.cat\/ieslabisbal\/wp-content\/uploads\/usu1415\/2025\/06\/Logotipo-circular-pasteleria-ilustrativo-negro-1-300x300.jpg\" alt=\"\" width=\"209\" height=\"209\" srcset=\"https:\/\/agora.xtec.cat\/ieslabisbal\/wp-content\/uploads\/usu1415\/2025\/06\/Logotipo-circular-pasteleria-ilustrativo-negro-1-300x300.jpg 300w, https:\/\/agora.xtec.cat\/ieslabisbal\/wp-content\/uploads\/usu1415\/2025\/06\/Logotipo-circular-pasteleria-ilustrativo-negro-1-150x150.jpg 150w, https:\/\/agora.xtec.cat\/ieslabisbal\/wp-content\/uploads\/usu1415\/2025\/06\/Logotipo-circular-pasteleria-ilustrativo-negro-1.jpg 500w\" sizes=\"auto, (max-width: 209px) 100vw, 209px\" \/><\/p>\n<p>&nbsp;<\/p>\n<ul>\n<li style=\"list-style-type: none;\">\n<ul style=\"list-style-type: disc;\">\n<li><a href=\"https:\/\/agora.xtec.cat\/ieslabisbal\/wp-content\/uploads\/usu1415\/2025\/06\/Instruccions-matricula-alumnat-continuitat-ESO-25_26_web-.pdf\">Instruccions matr\u00edcula alumnat continu\u00eftat ESO Curs 25-26<\/a><\/li>\n<\/ul>\n<\/li>\n<\/ul>\n<p><a href=\"https:\/\/agora.xtec.cat\/ieslabisbal\/wp-content\/uploads\/usu1415\/2025\/06\/Full-dades-matricula-alumnat-continuitat-d-ESO.-Curs-25-26.pdf\">Full dades matr\u00edcula alumnat continu\u00eftat ESO Curs 25-26 (Nom\u00e9s si ha canviat alguna dada)<\/a><\/p>\n<ul style=\"list-style-type: disc;\">\n<li><a href=\"https:\/\/agora.xtec.cat\/ieslabisbal\/wp-content\/uploads\/usu1415\/2025\/06\/Instruccions-matricula-nou-alumnat-ESO-25_26_web_vell.pdf\">Instruccions matr\u00edcula nou alumnat ESO Curs 25-26<\/a><\/li>\n<\/ul>\n<header>\u00a0<\/header>\n<header><\/header>\n<header><\/header>\n<ul>\n<li><a href=\"https:\/\/agora.xtec.cat\/ieslabisbal\/wp-content\/uploads\/usu1415\/2025\/06\/Full-pagament-AFA-25-26.pdf\">Full pagament AFA \u2013 Curs 25-26<\/a><\/li>\n<\/ul>\n<p>&nbsp;<\/p>\n<p><strong>ACTUALITZAT!!!<\/strong><\/p>\n<p><strong>16\/06\/2025<\/strong>:<strong><a href=\"https:\/\/agora.xtec.cat\/ieslabisbal\/wp-content\/uploads\/usu1415\/2025\/06\/INFORME_ASSIGNADES_INFORME_ASSIGNADES.pdf\"> Alumnes assignats al centre amb indicaci\u00f3 de la primera petici\u00f3\u00a0<\/a>\u00a0<\/strong><\/p>\n<p><strong>16\/06\/2025: <a href=\"https:\/\/agora.xtec.cat\/ieslabisbal\/wp-content\/uploads\/usu1415\/2025\/06\/INFORME_LLISTA_ESPERA_OME_LLISTA_ESPERA.pdf\">Publicaci\u00f3 de la llista d&#8217;espera<\/a><\/strong><\/p>\n<p>9\/05\/2025<strong>:\u00a0<a href=\"https:\/\/agora.xtec.cat\/ieslabisbal\/wp-content\/uploads\/usu1415\/2025\/04\/INFORME_BAREM_DEFINITIU_BAREM-090525-2.pdf\">Publicaci\u00f3 de la llista de sol.licituds que han demanat el centre i l\u2019ensenyament en primera petici\u00f3 amb la puntuaci\u00f3 ordenada<\/a><\/strong><\/p>\n<p>5\/05\/2025:\u00a0<a href=\"https:\/\/agora.xtec.cat\/ieslabisbal\/wp-content\/uploads\/usu1415\/2025\/04\/INFORME_BAREM_RESOLTES_BAREM.pdf\">Publicaci\u00f3 de la llista de sol\u00b7licituds que han demanat el centre i l\u2019ensenyament en primera petici\u00f3 amb la puntuaci\u00f3 resoltes les reclamacions<\/a><\/p>\n<p>24\/04\/2025:\u00a0<a href=\"https:\/\/agora.xtec.cat\/ieslabisbal\/wp-content\/uploads\/usu1415\/2025\/04\/INFORME_BAREM_PROVISIONAL_BAREM.pdf\">Publicaci\u00f3 de la llista de sol\u00b7licituds que han demanat el centre i l\u2019ensenyament en primera petici\u00f3 amb la puntuaci\u00f3 provisional<\/a><\/p>\n","protected":false},"excerpt":{"rendered":"<p><a href=\"https:\/\/agora.xtec.cat\/ieslabisbal\/wp-content\/uploads\/usu1415\/2025\/04\/Preinscripcio-25-26.-ESO.pdf\">INFORMACI\u00d3 SOBRE L\u2019OFERTA I LA PREINSCRIPCI\u00d3 A L\u2019ESO<\/a><\/p>\n<p>&nbsp;<\/p>\n<ul>\n<li style=\"list-style-type: none;\">\n<ul style=\"list-style-type: disc;\">\n<li><a href=\"https:\/\/agora.xtec.cat\/ieslabisbal\/wp-content\/uploads\/usu1415\/2025\/06\/Instruccions-matricula-alumnat-continuitat-ESO-25_26_web-.pdf\">Instruccions matr\u00edcula alumnat continu\u00eftat ESO Curs 25-26<\/a><\/li>\n<\/ul>\n<\/li>\n<\/ul>\n<p><a href=\"https:\/\/agora.xtec.cat\/ieslabisbal\/wp-content\/uploads\/usu1415\/2025\/06\/Full-dades-matricula-alumnat-continuitat-d-ESO.-Curs-25-26.pdf\">Full dades matr\u00edcula alumnat continu\u00eftat ESO Curs 25-26 (Nom\u00e9s si ha canviat alguna dada)<\/a><\/p>\n<ul style=\"list-style-type: disc;\">\n<li><a href=\"https:\/\/agora.xtec.cat\/ieslabisbal\/wp-content\/uploads\/usu1415\/2025\/06\/Instruccions-matricula-nou-alumnat-ESO-25_26_web_vell.pdf\">Instruccions matr\u00edcula nou alumnat ESO Curs 25-26<\/a><\/li>\n<\/ul>\n<p>\u00a0<\/p>\n<ul>\n<li><a href=\"https:\/\/agora.xtec.cat\/ieslabisbal\/wp-content\/uploads\/usu1415\/2025\/06\/Full-pagament-AFA-25-26.pdf\">Full pagament&hellip;  <a href=\"https:\/\/agora.xtec.cat\/ieslabisbal\/linstitut\/secretaria\/llistats-de-la-preinscripcio-a-leso-2025-26\/\" title=\"Read PREINSCRIPCI\u00d3 I MATRICULA A L\u2019ESO 2025-26\">Llegeix m\u00e9s\u00bb<\/a><br \/>\n","protected":false},"author":1,"featured_media":0,"parent":81,"menu_order":0,"comment_status":"closed","ping_status":"closed","template":"","meta":{"_bbp_topic_count":0,"_bbp_reply_count":0,"_bbp_total_topic_count":0,"_bbp_total_reply_count":0,"_bbp_voice_count":0,"_bbp_anonymous_reply_count":0,"_bbp_topic_count_hidden":0,"_bbp_reply_count_hidden":0,"_bbp_forum_subforum_count":0,"footnotes":""},"class_list":["post-10319","page","type-page","status-publish","hentry"],"post_mailing_queue_ids":[],"_links":{"self":[{"href":"https:\/\/agora.xtec.cat\/ieslabisbal\/wp-json\/wp\/v2\/pages\/10319","targetHints":{"allow":["GET"]}}],"collection":[{"href":"https:\/\/agora.xtec.cat\/ieslabisbal\/wp-json\/wp\/v2\/pages"}],"about":[{"href":"https:\/\/agora.xtec.cat\/ieslabisbal\/wp-json\/wp\/v2\/types\/page"}],"author":[{"embeddable":true,"href":"https:\/\/agora.xtec.cat\/ieslabisbal\/wp-json\/wp\/v2\/users\/1"}],"replies":[{"embeddable":true,"href":"https:\/\/agora.xtec.cat\/ieslabisbal\/wp-json\/wp\/v2\/comments?post=10319"}],"version-history":[{"count":6,"href":"https:\/\/agora.xtec.cat\/ieslabisbal\/wp-json\/wp\/v2\/pages\/10319\/revisions"}],"predecessor-version":[{"id":10457,"href":"https:\/\/agora.xtec.cat\/ieslabisbal\/wp-json\/wp\/v2\/pages\/10319\/revisions\/10457"}],"up":[{"embeddable":true,"href":"https:\/\/agora.xtec.cat\/ieslabisbal\/wp-json\/wp\/v2\/pages\/81"}],"wp:attachment":[{"href":"https:\/\/agora.xtec.cat\/ieslabisbal\/wp-json\/wp\/v2\/media?parent=10319"}],"curies":[{"name":"wp","href":"https:\/\/api.w.org\/{rel}","templated":true}]}}