{"id":9978,"date":"2026-01-26T19:28:34","date_gmt":"2026-01-26T18:28:34","guid":{"rendered":"https:\/\/agora.xtec.cat\/ieslabastida\/?page_id=9978"},"modified":"2026-01-26T19:56:07","modified_gmt":"2026-01-26T18:56:07","slug":"treball-i-empresa","status":"publish","type":"page","link":"https:\/\/agora.xtec.cat\/ieslabastida\/treball-i-empresa\/","title":{"rendered":"Treball i Empresa"},"content":{"rendered":"\n<figure class=\"wp-block-image aligncenter size-large\"><a href=\"https:\/\/agora.xtec.cat\/ieslabastida\/wp-content\/uploads\/usu1265\/2026\/01\/Sense-titol-25-x-10-cm.jpg\"><img loading=\"lazy\" decoding=\"async\" width=\"1024\" height=\"410\" src=\"https:\/\/agora.xtec.cat\/ieslabastida\/wp-content\/uploads\/usu1265\/2026\/01\/Sense-titol-25-x-10-cm-1024x410.jpg\" alt=\"\" class=\"wp-image-9986\" srcset=\"https:\/\/agora.xtec.cat\/ieslabastida\/wp-content\/uploads\/usu1265\/2026\/01\/Sense-titol-25-x-10-cm-1024x410.jpg 1024w, https:\/\/agora.xtec.cat\/ieslabastida\/wp-content\/uploads\/usu1265\/2026\/01\/Sense-titol-25-x-10-cm-300x120.jpg 300w, https:\/\/agora.xtec.cat\/ieslabastida\/wp-content\/uploads\/usu1265\/2026\/01\/Sense-titol-25-x-10-cm-768x307.jpg 768w, https:\/\/agora.xtec.cat\/ieslabastida\/wp-content\/uploads\/usu1265\/2026\/01\/Sense-titol-25-x-10-cm-1536x614.jpg 1536w, https:\/\/agora.xtec.cat\/ieslabastida\/wp-content\/uploads\/usu1265\/2026\/01\/Sense-titol-25-x-10-cm.jpg 1750w\" sizes=\"auto, (max-width: 1024px) 100vw, 1024px\" \/><\/a><\/figure>\n\n\n\n<p>L\u2019institut La Bastida est\u00e0 en proc\u00e9s de transformaci\u00f3 en un futur centre de Formaci\u00f3 Professional Integrada; \u00e9s per aquest motiu que el nostre Seminari de Treball, Empresa i Formaci\u00f3 Cont\u00ednua (TEFC) \u00e9s d\u2019especial rellev\u00e0ncia estrat\u00e8gica, ja que actua com a espai clau de coordinaci\u00f3 amb el teixit empresarial, d\u2019actualitzaci\u00f3 permanent de les compet\u00e8ncies professionals i d\u2019impuls de la formaci\u00f3 al llarg de la vida, alineant l\u2019oferta formativa del centre amb les necessitats reals del territori i del mercat laboral.<\/p>\n","protected":false},"excerpt":{"rendered":"<p>L\u2019institut La Bastida est\u00e0 en proc\u00e9s de transformaci\u00f3 en un futur centre de Formaci\u00f3 Professional Integrada; \u00e9s per aquest motiu [&hellip;]<\/p>\n","protected":false},"author":80,"featured_media":0,"parent":0,"menu_order":0,"comment_status":"closed","ping_status":"close","template":"","meta":{"_bbp_topic_count":0,"_bbp_reply_count":0,"_bbp_total_topic_count":0,"_bbp_total_reply_count":0,"_bbp_voice_count":0,"_bbp_anonymous_reply_count":0,"_bbp_topic_count_hidden":0,"_bbp_reply_count_hidden":0,"_bbp_forum_subforum_count":0,"site-sidebar-layout":"left-sidebar","site-content-layout":"","ast-site-content-layout":"default","site-content-style":"default","site-sidebar-style":"default","ast-global-header-display":"","ast-banner-title-visibility":"","ast-main-header-display":"","ast-hfb-above-header-display":"","ast-hfb-below-header-display":"","ast-hfb-mobile-header-display":"","site-post-title":"","ast-breadcrumbs-content":"","ast-featured-img":"","footer-sml-layout":"","theme-transparent-header-meta":"","adv-header-id-meta":"","stick-header-meta":"","header-above-stick-meta":"","header-main-stick-meta":"","header-below-stick-meta":"","astra-migrate-meta-layouts":"set","ast-page-background-enabled":"default","ast-page-background-meta":{"desktop":{"background-color":"var(--ast-global-color-4)","background-image":"","background-repeat":"repeat","background-position":"center center","background-size":"auto","background-attachment":"scroll","background-type":"","background-media":"","overlay-type":"","overlay-color":"","overlay-opacity":"","overlay-gradient":""},"tablet":{"background-color":"","background-image":"","background-repeat":"repeat","background-position":"center center","background-size":"auto","background-attachment":"scroll","background-type":"","background-media":"","overlay-type":"","overlay-color":"","overlay-opacity":"","overlay-gradient":""},"mobile":{"background-color":"","background-image":"","background-repeat":"repeat","background-position":"center center","background-size":"auto","background-attachment":"scroll","background-type":"","background-media":"","overlay-type":"","overlay-color":"","overlay-opacity":"","overlay-gradient":""}},"ast-content-background-meta":{"desktop":{"background-color":"var(--ast-global-color-5)","background-image":"","background-repeat":"repeat","background-position":"center center","background-size":"auto","background-attachment":"scroll","background-type":"","background-media":"","overlay-type":"","overlay-color":"","overlay-opacity":"","overlay-gradient":""},"tablet":{"background-color":"var(--ast-global-color-5)","background-image":"","background-repeat":"repeat","background-position":"center center","background-size":"auto","background-attachment":"scroll","background-type":"","background-media":"","overlay-type":"","overlay-color":"","overlay-opacity":"","overlay-gradient":""},"mobile":{"background-color":"var(--ast-global-color-5)","background-image":"","background-repeat":"repeat","background-position":"center center","background-size":"auto","background-attachment":"scroll","background-type":"","background-media":"","overlay-type":"","overlay-color":"","overlay-opacity":"","overlay-gradient":""}},"footnotes":""},"class_list":["post-9978","page","type-page","status-publish","hentry"],"post_mailing_queue_ids":[],"_links":{"self":[{"href":"https:\/\/agora.xtec.cat\/ieslabastida\/wp-json\/wp\/v2\/pages\/9978","targetHints":{"allow":["GET"]}}],"collection":[{"href":"https:\/\/agora.xtec.cat\/ieslabastida\/wp-json\/wp\/v2\/pages"}],"about":[{"href":"https:\/\/agora.xtec.cat\/ieslabastida\/wp-json\/wp\/v2\/types\/page"}],"author":[{"embeddable":true,"href":"https:\/\/agora.xtec.cat\/ieslabastida\/wp-json\/wp\/v2\/users\/80"}],"replies":[{"embeddable":true,"href":"https:\/\/agora.xtec.cat\/ieslabastida\/wp-json\/wp\/v2\/comments?post=9978"}],"version-history":[{"count":3,"href":"https:\/\/agora.xtec.cat\/ieslabastida\/wp-json\/wp\/v2\/pages\/9978\/revisions"}],"predecessor-version":[{"id":9987,"href":"https:\/\/agora.xtec.cat\/ieslabastida\/wp-json\/wp\/v2\/pages\/9978\/revisions\/9987"}],"wp:attachment":[{"href":"https:\/\/agora.xtec.cat\/ieslabastida\/wp-json\/wp\/v2\/media?parent=9978"}],"curies":[{"name":"wp","href":"https:\/\/api.w.org\/{rel}","templated":true}]}}