{"id":9186,"date":"2025-05-27T13:38:23","date_gmt":"2025-05-27T11:38:23","guid":{"rendered":"https:\/\/agora.xtec.cat\/ieslabastida\/?page_id=9186"},"modified":"2026-04-07T16:01:54","modified_gmt":"2026-04-07T14:01:54","slug":"ensenyaments-esportius-2","status":"publish","type":"page","link":"https:\/\/agora.xtec.cat\/ieslabastida\/ensenyaments-esportius-2\/","title":{"rendered":"Ensenyaments esportius"},"content":{"rendered":"\n<div class=\"wp-block-columns is-layout-flex wp-container-core-columns-is-layout-1 wp-block-columns-is-layout-flex\">\n<div class=\"wp-block-column is-layout-flow wp-block-column-is-layout-flow\" style=\"flex-basis:25%\"><\/div>\n\n\n\n<div class=\"wp-block-column is-layout-flow wp-block-column-is-layout-flow\" style=\"flex-basis:300%\">\n<figure class=\"wp-block-gallery aligncenter has-nested-images columns-3 is-cropped wp-block-gallery-1 is-layout-flex wp-block-gallery-is-layout-flex\">\n<figure class=\"wp-block-image aligncenter size-full\"><a href=\"https:\/\/agora.xtec.cat\/ieslabastida\/ensenyaments-esportius\/cfgm-salvament-i-socorrisme\/\"><img loading=\"lazy\" decoding=\"async\" width=\"1664\" height=\"1664\" src=\"https:\/\/agora.xtec.cat\/ieslabastida\/wp-content\/uploads\/usu1265\/2025\/03\/identificador-salvament-i-socorrisme.png\" alt=\"\" class=\"wp-image-8228\" srcset=\"https:\/\/agora.xtec.cat\/ieslabastida\/wp-content\/uploads\/usu1265\/2025\/03\/identificador-salvament-i-socorrisme.png 1664w, https:\/\/agora.xtec.cat\/ieslabastida\/wp-content\/uploads\/usu1265\/2025\/03\/identificador-salvament-i-socorrisme-300x300.png 300w, https:\/\/agora.xtec.cat\/ieslabastida\/wp-content\/uploads\/usu1265\/2025\/03\/identificador-salvament-i-socorrisme-1024x1024.png 1024w, https:\/\/agora.xtec.cat\/ieslabastida\/wp-content\/uploads\/usu1265\/2025\/03\/identificador-salvament-i-socorrisme-150x150.png 150w, https:\/\/agora.xtec.cat\/ieslabastida\/wp-content\/uploads\/usu1265\/2025\/03\/identificador-salvament-i-socorrisme-768x768.png 768w, https:\/\/agora.xtec.cat\/ieslabastida\/wp-content\/uploads\/usu1265\/2025\/03\/identificador-salvament-i-socorrisme-1536x1536.png 1536w\" sizes=\"auto, (max-width: 1664px) 100vw, 1664px\" \/><\/a><\/figure>\n\n\n\n<figure class=\"wp-block-image size-medium\"><a href=\"https:\/\/agora.xtec.cat\/ieslabastida\/cfgm-handbol\/\"><img loading=\"lazy\" decoding=\"async\" width=\"300\" height=\"300\" src=\"https:\/\/agora.xtec.cat\/ieslabastida\/wp-content\/uploads\/usu1265\/2025\/05\/IDENTIFICADOR-handbol-verd-300x300.png\" alt=\"\" class=\"wp-image-9064\" srcset=\"https:\/\/agora.xtec.cat\/ieslabastida\/wp-content\/uploads\/usu1265\/2025\/05\/IDENTIFICADOR-handbol-verd-300x300.png 300w, https:\/\/agora.xtec.cat\/ieslabastida\/wp-content\/uploads\/usu1265\/2025\/05\/IDENTIFICADOR-handbol-verd-150x150.png 150w, https:\/\/agora.xtec.cat\/ieslabastida\/wp-content\/uploads\/usu1265\/2025\/05\/IDENTIFICADOR-handbol-verd-768x768.png 768w, https:\/\/agora.xtec.cat\/ieslabastida\/wp-content\/uploads\/usu1265\/2025\/05\/IDENTIFICADOR-handbol-verd.png 904w\" sizes=\"auto, (max-width: 300px) 100vw, 300px\" \/><\/a><\/figure>\n\n\n\n<figure class=\"wp-block-image size-medium\"><a href=\"https:\/\/agora.xtec.cat\/ieslabastida\/cfgm-basquet\/\"><img loading=\"lazy\" decoding=\"async\" width=\"300\" height=\"300\" src=\"https:\/\/agora.xtec.cat\/ieslabastida\/wp-content\/uploads\/usu1265\/2025\/05\/IDENTIFICADOR-basquetbol-verd-300x300.png\" alt=\"\" class=\"wp-image-9063\" srcset=\"https:\/\/agora.xtec.cat\/ieslabastida\/wp-content\/uploads\/usu1265\/2025\/05\/IDENTIFICADOR-basquetbol-verd-300x300.png 300w, https:\/\/agora.xtec.cat\/ieslabastida\/wp-content\/uploads\/usu1265\/2025\/05\/IDENTIFICADOR-basquetbol-verd-150x150.png 150w, https:\/\/agora.xtec.cat\/ieslabastida\/wp-content\/uploads\/usu1265\/2025\/05\/IDENTIFICADOR-basquetbol-verd-768x768.png 768w, https:\/\/agora.xtec.cat\/ieslabastida\/wp-content\/uploads\/usu1265\/2025\/05\/IDENTIFICADOR-basquetbol-verd.png 904w\" sizes=\"auto, (max-width: 300px) 100vw, 300px\" \/><\/a><\/figure>\n<\/figure>\n<\/div>\n\n\n\n<div class=\"wp-block-column is-layout-flow wp-block-column-is-layout-flow\" style=\"flex-basis:25%\"><\/div>\n<\/div>\n\n\n\n<p class=\"has-medium-font-size\">Els ensenyaments esportius s\u2019organitzen prenent com a base les modalitats esportives i, si escau, les seves especialitats, de conformitat amb el reconeixement atorgat pel Consell Superior d\u2019Esports, d\u2019acord amb l\u2019article 8.b) de la Llei 10\/1990, de 15 d\u2019octubre, de l\u2019esport.<\/p>\n\n\n\n<p class=\"has-medium-font-size\">Els ensenyaments esportius tenen com a finalitat preparar els alumnes per a l\u2019activitat professional en relaci\u00f3 amb una modalitat o especialitat esportiva, aix\u00ed com facilitar la seva adaptaci\u00f3 a l\u2019evoluci\u00f3 del m\u00f3n laboral i esportiu i a la ciutadania activa.<\/p>\n\n\n\n<p class=\"has-medium-font-size\">Aquests ensenyaments s&#8217;ordenen en dos graus: el grau mitj\u00e0 i el grau superior. <\/p>\n\n\n\n<ul class=\"wp-block-list\">\n<li class=\"has-medium-font-size\">el primer nivell o cicle inicial, comporta l&#8217;obtenci\u00f3 del certificat corresponent<\/li>\n<\/ul>\n\n\n\n<ul class=\"wp-block-list\">\n<li class=\"has-medium-font-size\">el segon nivell o cicle final, comporta l&#8217;obtenci\u00f3 del t\u00edtol de t\u00e8cnic o t\u00e8cnica d&#8217;esport en l&#8217;especial.<\/li>\n<\/ul>\n","protected":false},"excerpt":{"rendered":"<p>Els ensenyaments esportius s\u2019organitzen prenent com a base les modalitats esportives i, si escau, les seves especialitats, de conformitat amb [&hellip;]<\/p>\n","protected":false},"author":80,"featured_media":0,"parent":0,"menu_order":0,"comment_status":"closed","ping_status":"close","template":"","meta":{"_bbp_topic_count":0,"_bbp_reply_count":0,"_bbp_total_topic_count":0,"_bbp_total_reply_count":0,"_bbp_voice_count":0,"_bbp_anonymous_reply_count":0,"_bbp_topic_count_hidden":0,"_bbp_reply_count_hidden":0,"_bbp_forum_subforum_count":0,"site-sidebar-layout":"no-sidebar","site-content-layout":"","ast-site-content-layout":"normal-width-container","site-content-style":"default","site-sidebar-style":"default","ast-global-header-display":"","ast-banner-title-visibility":"","ast-main-header-display":"","ast-hfb-above-header-display":"","ast-hfb-below-header-display":"","ast-hfb-mobile-header-display":"","site-post-title":"","ast-breadcrumbs-content":"","ast-featured-img":"","footer-sml-layout":"","theme-transparent-header-meta":"","adv-header-id-meta":"","stick-header-meta":"","header-above-stick-meta":"","header-main-stick-meta":"","header-below-stick-meta":"","astra-migrate-meta-layouts":"set","ast-page-background-enabled":"default","ast-page-background-meta":{"desktop":{"background-color":"var(--ast-global-color-4)","background-image":"","background-repeat":"repeat","background-position":"center center","background-size":"auto","background-attachment":"scroll","background-type":"","background-media":"","overlay-type":"","overlay-color":"","overlay-opacity":"","overlay-gradient":""},"tablet":{"background-color":"","background-image":"","background-repeat":"repeat","background-position":"center center","background-size":"auto","background-attachment":"scroll","background-type":"","background-media":"","overlay-type":"","overlay-color":"","overlay-opacity":"","overlay-gradient":""},"mobile":{"background-color":"","background-image":"","background-repeat":"repeat","background-position":"center center","background-size":"auto","background-attachment":"scroll","background-type":"","background-media":"","overlay-type":"","overlay-color":"","overlay-opacity":"","overlay-gradient":""}},"ast-content-background-meta":{"desktop":{"background-color":"var(--ast-global-color-5)","background-image":"","background-repeat":"repeat","background-position":"center center","background-size":"auto","background-attachment":"scroll","background-type":"","background-media":"","overlay-type":"","overlay-color":"","overlay-opacity":"","overlay-gradient":""},"tablet":{"background-color":"var(--ast-global-color-5)","background-image":"","background-repeat":"repeat","background-position":"center center","background-size":"auto","background-attachment":"scroll","background-type":"","background-media":"","overlay-type":"","overlay-color":"","overlay-opacity":"","overlay-gradient":""},"mobile":{"background-color":"var(--ast-global-color-5)","background-image":"","background-repeat":"repeat","background-position":"center center","background-size":"auto","background-attachment":"scroll","background-type":"","background-media":"","overlay-type":"","overlay-color":"","overlay-opacity":"","overlay-gradient":""}},"footnotes":""},"class_list":["post-9186","page","type-page","status-publish","hentry"],"post_mailing_queue_ids":[],"_links":{"self":[{"href":"https:\/\/agora.xtec.cat\/ieslabastida\/wp-json\/wp\/v2\/pages\/9186","targetHints":{"allow":["GET"]}}],"collection":[{"href":"https:\/\/agora.xtec.cat\/ieslabastida\/wp-json\/wp\/v2\/pages"}],"about":[{"href":"https:\/\/agora.xtec.cat\/ieslabastida\/wp-json\/wp\/v2\/types\/page"}],"author":[{"embeddable":true,"href":"https:\/\/agora.xtec.cat\/ieslabastida\/wp-json\/wp\/v2\/users\/80"}],"replies":[{"embeddable":true,"href":"https:\/\/agora.xtec.cat\/ieslabastida\/wp-json\/wp\/v2\/comments?post=9186"}],"version-history":[{"count":6,"href":"https:\/\/agora.xtec.cat\/ieslabastida\/wp-json\/wp\/v2\/pages\/9186\/revisions"}],"predecessor-version":[{"id":10517,"href":"https:\/\/agora.xtec.cat\/ieslabastida\/wp-json\/wp\/v2\/pages\/9186\/revisions\/10517"}],"wp:attachment":[{"href":"https:\/\/agora.xtec.cat\/ieslabastida\/wp-json\/wp\/v2\/media?parent=9186"}],"curies":[{"name":"wp","href":"https:\/\/api.w.org\/{rel}","templated":true}]}}