{"id":8914,"date":"2025-04-10T10:39:43","date_gmt":"2025-04-10T08:39:43","guid":{"rendered":"https:\/\/agora.xtec.cat\/ieslabastida\/?page_id=8914"},"modified":"2025-04-10T10:40:19","modified_gmt":"2025-04-10T08:40:19","slug":"itinerari-formatiu-especific","status":"publish","type":"page","link":"https:\/\/agora.xtec.cat\/ieslabastida\/itinerari-formatiu-especific\/","title":{"rendered":"IFE &#8211; Itinerari Formatiu Espec\u00edfic"},"content":{"rendered":"\n<p>Els itineraris formatius espec\u00edfics (IFE) s\u00f3n ensenyaments professionals que s\u2019adrecen a alumnes amb necessitats educatives especials associades a una discapacitat intel\u00b7lectual lleu o moderada, amb l\u2019objectiu d\u2019oferir atenci\u00f3 educativa, a l\u2019etapa postobligat\u00f2ria, segons les necessitats individuals i les capacitats i habilitats pr\u00f2pies.<\/p>\n\n\n\n<p>La finalitat d\u2019aquests ensenyaments \u00e9s que els i les alumnes incrementin l\u2019autonomia personal i assoleixin les compet\u00e8ncies professionals que els facilitin la transici\u00f3 a la vida adulta i la inclusi\u00f3 social i laboral.\u00c7<\/p>\n\n\n\n<figure class=\"wp-block-image aligncenter size-full\"><a href=\"https:\/\/agora.xtec.cat\/ieslabastida\/wp-content\/uploads\/usu1265\/2025\/04\/Diptic-IFE-Esport-2_page-0002.jpg\"><img loading=\"lazy\" decoding=\"async\" width=\"1754\" height=\"1241\" src=\"https:\/\/agora.xtec.cat\/ieslabastida\/wp-content\/uploads\/usu1265\/2025\/04\/Diptic-IFE-Esport-2_page-0002.jpg\" alt=\"\" class=\"wp-image-8892\" srcset=\"https:\/\/agora.xtec.cat\/ieslabastida\/wp-content\/uploads\/usu1265\/2025\/04\/Diptic-IFE-Esport-2_page-0002.jpg 1754w, https:\/\/agora.xtec.cat\/ieslabastida\/wp-content\/uploads\/usu1265\/2025\/04\/Diptic-IFE-Esport-2_page-0002-300x212.jpg 300w, https:\/\/agora.xtec.cat\/ieslabastida\/wp-content\/uploads\/usu1265\/2025\/04\/Diptic-IFE-Esport-2_page-0002-1024x725.jpg 1024w, https:\/\/agora.xtec.cat\/ieslabastida\/wp-content\/uploads\/usu1265\/2025\/04\/Diptic-IFE-Esport-2_page-0002-768x543.jpg 768w, https:\/\/agora.xtec.cat\/ieslabastida\/wp-content\/uploads\/usu1265\/2025\/04\/Diptic-IFE-Esport-2_page-0002-1536x1087.jpg 1536w\" sizes=\"auto, (max-width: 1754px) 100vw, 1754px\" \/><\/a><\/figure>\n","protected":false},"excerpt":{"rendered":"<p>Els itineraris formatius espec\u00edfics (IFE) s\u00f3n ensenyaments professionals que s\u2019adrecen a alumnes amb necessitats educatives especials associades a una discapacitat [&hellip;]<\/p>\n","protected":false},"author":80,"featured_media":0,"parent":0,"menu_order":0,"comment_status":"closed","ping_status":"close","template":"","meta":{"_bbp_topic_count":0,"_bbp_reply_count":0,"_bbp_total_topic_count":0,"_bbp_total_reply_count":0,"_bbp_voice_count":0,"_bbp_anonymous_reply_count":0,"_bbp_topic_count_hidden":0,"_bbp_reply_count_hidden":0,"_bbp_forum_subforum_count":0,"site-sidebar-layout":"default","site-content-layout":"","ast-site-content-layout":"default","site-content-style":"default","site-sidebar-style":"default","ast-global-header-display":"","ast-banner-title-visibility":"","ast-main-header-display":"","ast-hfb-above-header-display":"","ast-hfb-below-header-display":"","ast-hfb-mobile-header-display":"","site-post-title":"","ast-breadcrumbs-content":"","ast-featured-img":"","footer-sml-layout":"","theme-transparent-header-meta":"","adv-header-id-meta":"","stick-header-meta":"","header-above-stick-meta":"","header-main-stick-meta":"","header-below-stick-meta":"","astra-migrate-meta-layouts":"set","ast-page-background-enabled":"default","ast-page-background-meta":{"desktop":{"background-color":"var(--ast-global-color-4)","background-image":"","background-repeat":"repeat","background-position":"center center","background-size":"auto","background-attachment":"scroll","background-type":"","background-media":"","overlay-type":"","overlay-color":"","overlay-opacity":"","overlay-gradient":""},"tablet":{"background-color":"","background-image":"","background-repeat":"repeat","background-position":"center center","background-size":"auto","background-attachment":"scroll","background-type":"","background-media":"","overlay-type":"","overlay-color":"","overlay-opacity":"","overlay-gradient":""},"mobile":{"background-color":"","background-image":"","background-repeat":"repeat","background-position":"center center","background-size":"auto","background-attachment":"scroll","background-type":"","background-media":"","overlay-type":"","overlay-color":"","overlay-opacity":"","overlay-gradient":""}},"ast-content-background-meta":{"desktop":{"background-color":"var(--ast-global-color-5)","background-image":"","background-repeat":"repeat","background-position":"center center","background-size":"auto","background-attachment":"scroll","background-type":"","background-media":"","overlay-type":"","overlay-color":"","overlay-opacity":"","overlay-gradient":""},"tablet":{"background-color":"var(--ast-global-color-5)","background-image":"","background-repeat":"repeat","background-position":"center center","background-size":"auto","background-attachment":"scroll","background-type":"","background-media":"","overlay-type":"","overlay-color":"","overlay-opacity":"","overlay-gradient":""},"mobile":{"background-color":"var(--ast-global-color-5)","background-image":"","background-repeat":"repeat","background-position":"center center","background-size":"auto","background-attachment":"scroll","background-type":"","background-media":"","overlay-type":"","overlay-color":"","overlay-opacity":"","overlay-gradient":""}},"footnotes":""},"class_list":["post-8914","page","type-page","status-publish","hentry"],"post_mailing_queue_ids":[],"_links":{"self":[{"href":"https:\/\/agora.xtec.cat\/ieslabastida\/wp-json\/wp\/v2\/pages\/8914","targetHints":{"allow":["GET"]}}],"collection":[{"href":"https:\/\/agora.xtec.cat\/ieslabastida\/wp-json\/wp\/v2\/pages"}],"about":[{"href":"https:\/\/agora.xtec.cat\/ieslabastida\/wp-json\/wp\/v2\/types\/page"}],"author":[{"embeddable":true,"href":"https:\/\/agora.xtec.cat\/ieslabastida\/wp-json\/wp\/v2\/users\/80"}],"replies":[{"embeddable":true,"href":"https:\/\/agora.xtec.cat\/ieslabastida\/wp-json\/wp\/v2\/comments?post=8914"}],"version-history":[{"count":2,"href":"https:\/\/agora.xtec.cat\/ieslabastida\/wp-json\/wp\/v2\/pages\/8914\/revisions"}],"predecessor-version":[{"id":8919,"href":"https:\/\/agora.xtec.cat\/ieslabastida\/wp-json\/wp\/v2\/pages\/8914\/revisions\/8919"}],"wp:attachment":[{"href":"https:\/\/agora.xtec.cat\/ieslabastida\/wp-json\/wp\/v2\/media?parent=8914"}],"curies":[{"name":"wp","href":"https:\/\/api.w.org\/{rel}","templated":true}]}}