{"id":8835,"date":"2025-04-08T13:11:34","date_gmt":"2025-04-08T11:11:34","guid":{"rendered":"https:\/\/agora.xtec.cat\/ieslabastida\/?page_id=8835"},"modified":"2025-07-04T12:56:41","modified_gmt":"2025-07-04T10:56:41","slug":"itinerari-formatiu-especific","status":"publish","type":"page","link":"https:\/\/agora.xtec.cat\/ieslabastida\/preinscripcio-i-matricula-2\/itinerari-formatiu-especific\/","title":{"rendered":"Itinerari Formatiu Espec\u00edfic"},"content":{"rendered":"\n<p>A l\u2019Institut La Bastida impartim l&#8217;Itinerari Formati Espec\u00edfic d&#8217;Auxiliar de Manteniment en Instal\u00b7lacions Esportives. Pots obtenir-ne m\u00e9s informaci\u00f3&nbsp;<a href=\"https:\/\/triaeducativa.gencat.cat\/ca\/estudis\/?auxiliar-manteniment-installacions-esportives&amp;p_id=4370\">aqu\u00ed<\/a>.<\/p>\n\n\n\n<figure class=\"wp-block-table\"><table class=\"has-black-color has-text-color has-link-color\"><tbody><tr><td><strong>Fases de la preinscripci\u00f3<\/strong>&nbsp;<\/td><td><strong>Dates<\/strong>&nbsp;<\/td><td><strong>Informaci\u00f3<\/strong><\/td><\/tr><tr><td>Oferta inicial de places<\/td><td>09\/05\/2025<\/td><td>12 places<\/td><\/tr><tr><td>Presentaci\u00f3 de preinscripcions<\/td><td>12\/05\/2025 al 23\/05\/2025<\/td><td>TANCADA<\/td><\/tr><tr><td>Llista de sol\u00b7licituds amb la puntuaci\u00f3 provisional<\/td><td>30\/05\/2025<\/td><td><a href=\"https:\/\/drive.google.com\/file\/d\/1yG2twv831mxz_9rA-p2idBq6do5u64FT\/view?usp=drive_link\">Llista<\/a><\/td><\/tr><tr><td>Sorteig desempat<\/td><td>02\/06\/2025<\/td><td>TANCAT<\/td><\/tr><tr><td>Presentaci\u00f3 de reclamacions<\/td><td>Del 3 al 10 de juny de 2025<\/td><td>TANCAT<\/td><\/tr><tr><td>Oferta final de places<\/td><td>16\/06\/2025<\/td><td>12 places<\/td><\/tr><tr><td>Llista d\u2019alumnes admesos<\/td><td>16\/06\/2025<\/td><td><a href=\"https:\/\/drive.google.com\/file\/d\/1PMtf-2V4Vcg4p0ET9H8hkQ5HKZusjLY5\/view?usp=sharing\" data-type=\"link\" data-id=\"https:\/\/drive.google.com\/file\/d\/1PMtf-2V4Vcg4p0ET9H8hkQ5HKZusjLY5\/view?usp=sharing\">Llista<\/a><\/td><\/tr><tr><td>Matr\u00edcula<\/td><td>Del 19 al 27 de juny de 2025<\/td><td>TANCAT<\/td><\/tr><\/tbody><\/table><\/figure>\n\n\n\n<p class=\"has-medium-font-size\"><strong>Documentaci\u00f3 identificativa<\/strong><br>En tots els casos, cal presentar en el termini establert la documentaci\u00f3 seg\u00fcent:<\/p>\n\n\n\n<ul class=\"wp-block-list\">\n<li class=\"has-medium-font-size\">DNI, NIE o passaport vigent. Si es tracta d&#8217;estrangers comunitaris, document d&#8217;identitat del pa\u00eds d&#8217;origen.<\/li>\n\n\n\n<li class=\"has-medium-font-size\">Dictamen d&#8217;escolaritzaci\u00f3 o informe de reconeixement de necessitats educatives especials em\u00e8s per l&#8217;equip d&#8217;assessorament i orientaci\u00f3 psicopedag\u00f2gic (EAP) durant l&#8217;educaci\u00f3 obligat\u00f2ria en qu\u00e8 consti la condici\u00f3 d&#8217;alumne amb necessitats educatives especials associades a discapacitat intel\u00b7lectual lleu o moderada.<\/li>\n<\/ul>\n\n\n\n<p class=\"has-medium-font-size\">Si la persona sol\u00b7licitant \u00e9s&nbsp;<strong>menor d&#8217;edat,<\/strong><strong>tamb\u00e9<\/strong>&nbsp;s&#8217;ha de presentar:<\/p>\n\n\n\n<ul class=\"wp-block-list\">\n<li class=\"has-medium-font-size\">Certificaci\u00f3 electr\u00f2nica de la inscripci\u00f3 de naixement o llibre de fam\u00edlia o altres documents relatius a la filiaci\u00f3. Si est\u00e0 en situaci\u00f3 d&#8217;acolliment, la resoluci\u00f3 d&#8217;acolliment del Departament de Drets Socials.<\/li>\n\n\n\n<li class=\"has-medium-font-size\">DNI de la persona sol\u00b7licitant (pare, mare, tutor o tutora o guardador o guardadora de fet) o, si la persona sol\u00b7licitant \u00e9s estrangera, de la targeta de resid\u00e8ncia on consta el NIE, o del passaport. Si es tracta d&#8217;estrangers comunitaris, document d&#8217;identitat del pa\u00eds membre de la Uni\u00f3 Europea.<\/li>\n<\/ul>\n\n\n\n<p class=\"has-medium-font-size\"><strong>Documentaci\u00f3 acreditativa dels criteris prioritaris<\/strong><\/p>\n\n\n\n<ul class=\"wp-block-list\">\n<li class=\"has-medium-font-size\">Situaci\u00f3 d&#8217;escolaritzaci\u00f3 en el curs acad\u00e8mic 2023-2024: certificat d&#8217;estudis o altra documentaci\u00f3 que acrediti l&#8217;escolaritzaci\u00f3.<\/li>\n\n\n\n<li class=\"has-medium-font-size\">Participaci\u00f3 per primera vegada en programes postobligatoris: l&#8217;acreditaci\u00f3 d&#8217;aquest criteri es fa marcant la casella corresponent en la sol\u00b7licitud de preinscripci\u00f3.<\/li>\n<\/ul>\n\n\n\n<p class=\"has-large-font-size\">Inicia el proc\u00e9s de preinscripci\u00f3&nbsp;<a href=\"https:\/\/preinscripcio.gencat.cat\/ca\/estudis\/ife\/inici\/index.html\">al web de la Generalitat de Catalunya<\/a><\/p>\n","protected":false},"excerpt":{"rendered":"<p>A l\u2019Institut La Bastida impartim l&#8217;Itinerari Formati Espec\u00edfic d&#8217;Auxiliar de Manteniment en Instal\u00b7lacions Esportives. Pots obtenir-ne m\u00e9s informaci\u00f3&nbsp;aqu\u00ed. Fases de [&hellip;]<\/p>\n","protected":false},"author":80,"featured_media":0,"parent":8789,"menu_order":60,"comment_status":"closed","ping_status":"close","template":"","meta":{"_bbp_topic_count":0,"_bbp_reply_count":0,"_bbp_total_topic_count":0,"_bbp_total_reply_count":0,"_bbp_voice_count":0,"_bbp_anonymous_reply_count":0,"_bbp_topic_count_hidden":0,"_bbp_reply_count_hidden":0,"_bbp_forum_subforum_count":0,"site-sidebar-layout":"no-sidebar","site-content-layout":"","ast-site-content-layout":"normal-width-container","site-content-style":"default","site-sidebar-style":"default","ast-global-header-display":"","ast-banner-title-visibility":"","ast-main-header-display":"","ast-hfb-above-header-display":"","ast-hfb-below-header-display":"","ast-hfb-mobile-header-display":"","site-post-title":"","ast-breadcrumbs-content":"","ast-featured-img":"","footer-sml-layout":"","theme-transparent-header-meta":"","adv-header-id-meta":"","stick-header-meta":"","header-above-stick-meta":"","header-main-stick-meta":"","header-below-stick-meta":"","astra-migrate-meta-layouts":"set","ast-page-background-enabled":"default","ast-page-background-meta":{"desktop":{"background-color":"var(--ast-global-color-4)","background-image":"","background-repeat":"repeat","background-position":"center center","background-size":"auto","background-attachment":"scroll","background-type":"","background-media":"","overlay-type":"","overlay-color":"","overlay-opacity":"","overlay-gradient":""},"tablet":{"background-color":"","background-image":"","background-repeat":"repeat","background-position":"center center","background-size":"auto","background-attachment":"scroll","background-type":"","background-media":"","overlay-type":"","overlay-color":"","overlay-opacity":"","overlay-gradient":""},"mobile":{"background-color":"","background-image":"","background-repeat":"repeat","background-position":"center center","background-size":"auto","background-attachment":"scroll","background-type":"","background-media":"","overlay-type":"","overlay-color":"","overlay-opacity":"","overlay-gradient":""}},"ast-content-background-meta":{"desktop":{"background-color":"var(--ast-global-color-5)","background-image":"","background-repeat":"repeat","background-position":"center center","background-size":"auto","background-attachment":"scroll","background-type":"","background-media":"","overlay-type":"","overlay-color":"","overlay-opacity":"","overlay-gradient":""},"tablet":{"background-color":"var(--ast-global-color-5)","background-image":"","background-repeat":"repeat","background-position":"center center","background-size":"auto","background-attachment":"scroll","background-type":"","background-media":"","overlay-type":"","overlay-color":"","overlay-opacity":"","overlay-gradient":""},"mobile":{"background-color":"var(--ast-global-color-5)","background-image":"","background-repeat":"repeat","background-position":"center center","background-size":"auto","background-attachment":"scroll","background-type":"","background-media":"","overlay-type":"","overlay-color":"","overlay-opacity":"","overlay-gradient":""}},"footnotes":""},"class_list":["post-8835","page","type-page","status-publish","hentry"],"post_mailing_queue_ids":[],"_links":{"self":[{"href":"https:\/\/agora.xtec.cat\/ieslabastida\/wp-json\/wp\/v2\/pages\/8835","targetHints":{"allow":["GET"]}}],"collection":[{"href":"https:\/\/agora.xtec.cat\/ieslabastida\/wp-json\/wp\/v2\/pages"}],"about":[{"href":"https:\/\/agora.xtec.cat\/ieslabastida\/wp-json\/wp\/v2\/types\/page"}],"author":[{"embeddable":true,"href":"https:\/\/agora.xtec.cat\/ieslabastida\/wp-json\/wp\/v2\/users\/80"}],"replies":[{"embeddable":true,"href":"https:\/\/agora.xtec.cat\/ieslabastida\/wp-json\/wp\/v2\/comments?post=8835"}],"version-history":[{"count":6,"href":"https:\/\/agora.xtec.cat\/ieslabastida\/wp-json\/wp\/v2\/pages\/8835\/revisions"}],"predecessor-version":[{"id":9411,"href":"https:\/\/agora.xtec.cat\/ieslabastida\/wp-json\/wp\/v2\/pages\/8835\/revisions\/9411"}],"up":[{"embeddable":true,"href":"https:\/\/agora.xtec.cat\/ieslabastida\/wp-json\/wp\/v2\/pages\/8789"}],"wp:attachment":[{"href":"https:\/\/agora.xtec.cat\/ieslabastida\/wp-json\/wp\/v2\/media?parent=8835"}],"curies":[{"name":"wp","href":"https:\/\/api.w.org\/{rel}","templated":true}]}}