{"id":8794,"date":"2025-04-07T13:12:30","date_gmt":"2025-04-07T11:12:30","guid":{"rendered":"https:\/\/agora.xtec.cat\/ieslabastida\/?page_id=8794"},"modified":"2025-07-04T12:45:37","modified_gmt":"2025-07-04T10:45:37","slug":"batxillerat-esportiu-2","status":"publish","type":"page","link":"https:\/\/agora.xtec.cat\/ieslabastida\/preinscripcio-i-matricula-2\/batxillerat-esportiu-2\/","title":{"rendered":"Batxillerat Esportiu"},"content":{"rendered":"\n<p>Consulta aqu\u00ed la <a href=\"https:\/\/drive.google.com\/file\/d\/1KDCpg4ESOOp5jkHzuOqCDDJ3oI9YCVk_\/view?usp=sharing\">llista de 1a assignaci\u00f3<\/a> &#8211; 19\/06\/2025<\/p>\n\n\n\n<p>Llista final de places: 30 places totals (m\u00ednim de 8 per especialitat esportiva) &#8211; 19\/06\/2025<\/p>\n\n\n\n<p>Consulta <a href=\"https:\/\/drive.google.com\/file\/d\/1-pyBYC97HLX4HopufNy0-8X1qkj5wHOp\/view?usp=sharing\">aqu\u00ed <\/a>el llistat de sol\u00b7licituds de preinscripci\u00f3 un cop resoltes les reclamacions a 27\/05\/2025.<br><\/p>\n\n\n\n<div class=\"wp-block-media-text is-stacked-on-mobile is-vertically-aligned-center\" style=\"margin-top:var(--wp--preset--spacing--40);margin-right:0;margin-bottom:var(--wp--preset--spacing--40);margin-left:0;padding-top:0;padding-right:0;padding-bottom:0;padding-left:0;grid-template-columns:40% auto\"><figure class=\"wp-block-media-text__media\"><img loading=\"lazy\" decoding=\"async\" width=\"819\" height=\"1024\" src=\"https:\/\/agora.xtec.cat\/ieslabastida\/wp-content\/uploads\/usu1265\/2025\/04\/Fotos-verticals-1-819x1024.png\" alt=\"\" class=\"wp-image-8770 size-full\" srcset=\"https:\/\/agora.xtec.cat\/ieslabastida\/wp-content\/uploads\/usu1265\/2025\/04\/Fotos-verticals-1-819x1024.png 819w, https:\/\/agora.xtec.cat\/ieslabastida\/wp-content\/uploads\/usu1265\/2025\/04\/Fotos-verticals-1-240x300.png 240w, https:\/\/agora.xtec.cat\/ieslabastida\/wp-content\/uploads\/usu1265\/2025\/04\/Fotos-verticals-1-768x960.png 768w, https:\/\/agora.xtec.cat\/ieslabastida\/wp-content\/uploads\/usu1265\/2025\/04\/Fotos-verticals-1.png 1080w\" sizes=\"auto, (max-width: 819px) 100vw, 819px\" \/><\/figure><div class=\"wp-block-media-text__content\">\n<div class=\"wp-block-group is-vertical is-content-justification-center is-layout-flex wp-container-core-group-is-layout-2 wp-block-group-is-layout-flex\">\n<div class=\"wp-block-group is-vertical is-layout-flex wp-container-core-group-is-layout-1 wp-block-group-is-layout-flex\">\n<p><\/p>\n\n\n\n<p>16\/05\/2025 <a href=\"https:\/\/drive.google.com\/file\/d\/1IC6_mHgYP7bS07X8bb-gRs6ULue43jDa\/view?usp=sharing\">Llistat provisional amb puntuaci\u00f3.<\/a> Reclamacions fins al 22\/05\/25, incl\u00f2s<\/p>\n\n\n\n<p>La preinscripci\u00f3 s&#8217;ha de fer en el centre on es realitza la part esportiva i per tant a L&#8217;Institut La Bastida:<\/p>\n\n\n\n<p>1.&nbsp;<strong>Descarregueu&nbsp;<a href=\"https:\/\/drive.google.com\/file\/d\/1BhGA0J-A5ADMAHzFrgVeA1lQv34Ggtk_\/view?usp=drive_link\" target=\"_blank\" rel=\"noreferrer noopener\">el formulari<\/a><\/strong>&nbsp;de preinscripci\u00f3. Cal presentar un formulari en cada centre educatiu del vostre inter\u00e8s.<\/p>\n\n\n\n<p>2.&nbsp;<strong>Ompliu<\/strong>&nbsp;totes les dades&nbsp;<strong>i signeu&nbsp;<\/strong>el document. Aquesta sol\u00b7licitud serveix nom\u00e9s per a l&#8217;Institut La Bastida \/ Institut Les Vinyes, amb els diferents esports en els quals voleu apuntar-vos. Que presenteu sol\u00b7licitud en uns altres centres, no penalitza.<\/p>\n\n\n\n<p>3.&nbsp;<strong>Envieu<\/strong>&nbsp;el formulari&nbsp;<strong>al<\/strong>&nbsp;per <strong>correu<\/strong>&nbsp;electr\u00f2nic a &nbsp;<strong><a href=\"mailto:a8037176@xtec.cat\" target=\"_blank\" rel=\"noreferrer noopener\">a8037176@xtec.cat<\/a><\/strong> amb els seg\u00fcents documents:<\/p>\n\n\n\n<ul class=\"wp-block-list\">\n<li><strong>El DNI, NIE o passaport de l&#8217;alumne\/a. Si es tracta d&#8217;estrangers comunitaris, el document d&#8217;identitat del pa\u00eds membre de la Uni\u00f3 Europea.<\/strong><\/li>\n<\/ul>\n<\/div>\n<\/div>\n<\/div><\/div>\n\n\n\n<p><strong>Si l&#8217;alumne\/a \u00e9s menor d&#8217;edat tamb\u00e9 s&#8217;ha de presentar:<\/strong><\/p>\n\n\n\n<p>&#8211; La certificaci\u00f3 electr\u00f2nica de la inscripci\u00f3 de naixement o el llibre de fam\u00edlia o altres documents relatius a la filiaci\u00f3. Si est\u00e0 en situaci\u00f3 d&#8217;acolliment en fam\u00edlia o instituci\u00f3, la resoluci\u00f3 d&#8217;acolliment del Departament de Drets Socials i Inclusi\u00f3.<\/p>\n\n\n\n<p>&#8211; El DNI de la persona sol\u00b7licitant (pare, mare o tutor\/a legal) o, si la persona sol\u00b7licitant \u00e9s estrangera, de la targeta de resid\u00e8ncia on consta el NIE o del passaport. Si es tracta d&#8217;estrangers comunitaris, el document d&#8217;identitat del pa\u00eds membre de la Uni\u00f3 Europea.<\/p>\n\n\n\n<ul class=\"wp-block-list\">\n<li><strong>Certificaci\u00f3 de la qualificaci\u00f3 mitjana dels estudis o del curs que permeten l&#8217;acc\u00e9s a aquests ensenyaments.<\/strong><\/li>\n<\/ul>\n\n\n\n<p>En el cas dels alumnes que han completat els estudis d&#8217;ESO: certificaci\u00f3 acad\u00e8mica de la qualificaci\u00f3 mitjana num\u00e8rica de l&#8217;etapa.<\/p>\n\n\n\n<p>Si l&#8217;alumne\/a encara cursa els estudis en el moment de presentar la sol\u00b7licitud d&#8217;admissi\u00f3: certificaci\u00f3 de la qualificaci\u00f3 mitjana dels cursos d&#8217;aquests estudis ja avaluats definitivament, calculada tal com s&#8217;indica a l&#8217;apartat 4.4 de l&#8217;annex 3 de la Resoluci\u00f3 EDU\/507\/2025, de 10 de febrer.<\/p>\n\n\n\n<p><strong>Tamb\u00e9 haureu de tenir en compte els altres criteris de prioritat:<\/strong><\/p>\n\n\n\n<p>&#8211; Si el domicili de la persona sol\u00b7licitant es troba a la zona educativa del centre: 2 punts.&nbsp;<strong>En el cas dels cicles d&#8217;ensenyaments esportius, la zona educativa dels centres que els imparteixen \u00e9s tot<\/strong> <strong>Catalunya<\/strong><\/p>\n\n\n\n<p>-Si s&#8217;ha fet la prova espec\u00edfica d&#8217;acc\u00e9s a l&#8217;especialitat esportiva corresponent en qualsevol de les convocat\u00f2ries de la Generalitat de Catalunya, o s&#8217;ha obtingut l&#8217;acreditaci\u00f3 dels requisits esportius del Departament d&#8217;Educaci\u00f3 i Formaci\u00f3 Professional de la Generalitat: 1 punt.<\/p>\n\n\n\n<p><strong>Informacions importants<\/strong>:<\/p>\n\n\n\n<p>L&#8217;especialitat esportiva a triar ha de ser una de les tres que oferim al centre: handbol, basquetbol o salvament i socorrisme. <\/p>\n\n\n\n<p>Per poder portar a terme aquesta oferta formativa, cal preveure una oferta m\u00ednima de 8 preinscripcions a l&#8217;especialitat esportiva ofertada.<\/p>\n\n\n\n<p>Recordeu que aquesta formaci\u00f3 requereix la realitzaci\u00f3 d&#8217;una prova espec\u00edfica d&#8217;acc\u00e9s. Us facilitem l&#8217;enlla\u00e7 amb informaci\u00f3 rellevant i dates clau per realitzar la inscripci\u00f3 a les proves dins del termini:<\/p>\n\n\n\n<ul class=\"wp-block-list\">\n<li><a href=\"https:\/\/triaeducativa.gencat.cat\/ca\/proves\/proves-acces\/esportius\/esportius-prova-especifica\/handbol\/\" target=\"_blank\" rel=\"noreferrer noopener\">Handbol<\/a><\/li>\n\n\n\n<li><a href=\"https:\/\/triaeducativa.gencat.cat\/ca\/proves\/proves-acces\/esportius\/esportius-prova-especifica\/basquetbol\/\" target=\"_blank\" rel=\"noreferrer noopener\">Basquetbol<\/a><\/li>\n\n\n\n<li><a href=\"https:\/\/triaeducativa.gencat.cat\/ca\/proves\/proves-acces\/esportius\/esportius-prova-especifica\/salvament-socorrisme\/calendari\/\" target=\"_blank\" rel=\"noreferrer noopener\">Salvament i socorrisme<\/a><\/li>\n<\/ul>\n\n\n\n<p>Si necessiteu suport a l&#8217;hora d&#8217;omplir el formulari, contacteu amb l&#8217;orientador o orientadora del centre on esteu estudiant o, alternativament, adreceu-vos a&nbsp;<a href=\"mailto:info@institutlabastida.org\" target=\"_blank\" rel=\"noreferrer noopener\">info@institutlabastida.org<\/a>. Tamb\u00e9 us podeu adre\u00e7ar a la secretaria del centre.<\/p>\n\n\n\n<figure class=\"wp-block-gallery has-nested-images columns-default is-cropped wp-block-gallery-1 is-layout-flex wp-block-gallery-is-layout-flex\"><\/figure>\n\n\n","protected":false},"excerpt":{"rendered":"<p>Consulta aqu\u00ed la llista de 1a assignaci\u00f3 &#8211; 19\/06\/2025 Llista final de places: 30 places totals (m\u00ednim de 8 per [&hellip;]<\/p>\n","protected":false},"author":80,"featured_media":0,"parent":8789,"menu_order":20,"comment_status":"closed","ping_status":"closed","template":"","meta":{"_bbp_topic_count":0,"_bbp_reply_count":0,"_bbp_total_topic_count":0,"_bbp_total_reply_count":0,"_bbp_voice_count":0,"_bbp_anonymous_reply_count":0,"_bbp_topic_count_hidden":0,"_bbp_reply_count_hidden":0,"_bbp_forum_subforum_count":0,"site-sidebar-layout":"no-sidebar","site-content-layout":"","ast-site-content-layout":"normal-width-container","site-content-style":"default","site-sidebar-style":"default","ast-global-header-display":"","ast-banner-title-visibility":"","ast-main-header-display":"","ast-hfb-above-header-display":"","ast-hfb-below-header-display":"","ast-hfb-mobile-header-display":"","site-post-title":"","ast-breadcrumbs-content":"","ast-featured-img":"","footer-sml-layout":"","theme-transparent-header-meta":"","adv-header-id-meta":"","stick-header-meta":"","header-above-stick-meta":"","header-main-stick-meta":"","header-below-stick-meta":"","astra-migrate-meta-layouts":"set","ast-page-background-enabled":"default","ast-page-background-meta":{"desktop":{"background-color":"var(--ast-global-color-4)","background-image":"","background-repeat":"repeat","background-position":"center center","background-size":"auto","background-attachment":"scroll","background-type":"","background-media":"","overlay-type":"","overlay-color":"","overlay-opacity":"","overlay-gradient":""},"tablet":{"background-color":"","background-image":"","background-repeat":"repeat","background-position":"center center","background-size":"auto","background-attachment":"scroll","background-type":"","background-media":"","overlay-type":"","overlay-color":"","overlay-opacity":"","overlay-gradient":""},"mobile":{"background-color":"","background-image":"","background-repeat":"repeat","background-position":"center center","background-size":"auto","background-attachment":"scroll","background-type":"","background-media":"","overlay-type":"","overlay-color":"","overlay-opacity":"","overlay-gradient":""}},"ast-content-background-meta":{"desktop":{"background-color":"var(--ast-global-color-5)","background-image":"","background-repeat":"repeat","background-position":"center center","background-size":"auto","background-attachment":"scroll","background-type":"","background-media":"","overlay-type":"","overlay-color":"","overlay-opacity":"","overlay-gradient":""},"tablet":{"background-color":"var(--ast-global-color-5)","background-image":"","background-repeat":"repeat","background-position":"center center","background-size":"auto","background-attachment":"scroll","background-type":"","background-media":"","overlay-type":"","overlay-color":"","overlay-opacity":"","overlay-gradient":""},"mobile":{"background-color":"var(--ast-global-color-5)","background-image":"","background-repeat":"repeat","background-position":"center center","background-size":"auto","background-attachment":"scroll","background-type":"","background-media":"","overlay-type":"","overlay-color":"","overlay-opacity":"","overlay-gradient":""}},"footnotes":""},"class_list":["post-8794","page","type-page","status-publish","hentry"],"post_mailing_queue_ids":[],"_links":{"self":[{"href":"https:\/\/agora.xtec.cat\/ieslabastida\/wp-json\/wp\/v2\/pages\/8794","targetHints":{"allow":["GET"]}}],"collection":[{"href":"https:\/\/agora.xtec.cat\/ieslabastida\/wp-json\/wp\/v2\/pages"}],"about":[{"href":"https:\/\/agora.xtec.cat\/ieslabastida\/wp-json\/wp\/v2\/types\/page"}],"author":[{"embeddable":true,"href":"https:\/\/agora.xtec.cat\/ieslabastida\/wp-json\/wp\/v2\/users\/80"}],"replies":[{"embeddable":true,"href":"https:\/\/agora.xtec.cat\/ieslabastida\/wp-json\/wp\/v2\/comments?post=8794"}],"version-history":[{"count":6,"href":"https:\/\/agora.xtec.cat\/ieslabastida\/wp-json\/wp\/v2\/pages\/8794\/revisions"}],"predecessor-version":[{"id":9410,"href":"https:\/\/agora.xtec.cat\/ieslabastida\/wp-json\/wp\/v2\/pages\/8794\/revisions\/9410"}],"up":[{"embeddable":true,"href":"https:\/\/agora.xtec.cat\/ieslabastida\/wp-json\/wp\/v2\/pages\/8789"}],"wp:attachment":[{"href":"https:\/\/agora.xtec.cat\/ieslabastida\/wp-json\/wp\/v2\/media?parent=8794"}],"curies":[{"name":"wp","href":"https:\/\/api.w.org\/{rel}","templated":true}]}}