{"id":8789,"date":"2025-04-07T13:10:03","date_gmt":"2025-04-07T11:10:03","guid":{"rendered":"https:\/\/agora.xtec.cat\/ieslabastida\/?page_id=8789"},"modified":"2025-07-29T13:07:54","modified_gmt":"2025-07-29T11:07:54","slug":"preinscripcio-i-matricula-2","status":"publish","type":"page","link":"https:\/\/agora.xtec.cat\/ieslabastida\/preinscripcio-i-matricula-2\/","title":{"rendered":"Preinscripci\u00f3 i matr\u00edcula"},"content":{"rendered":"\n<p><\/p>\n\n\n\n<div class=\"wp-block-media-text is-stacked-on-mobile\" style=\"grid-template-columns:15% auto\"><figure class=\"wp-block-media-text__media\"><img loading=\"lazy\" decoding=\"async\" width=\"310\" height=\"310\" src=\"https:\/\/agora.xtec.cat\/ieslabastida\/wp-content\/uploads\/usu1265\/2025\/05\/image-2.png\" alt=\"\" class=\"wp-image-9139 size-full\" srcset=\"https:\/\/agora.xtec.cat\/ieslabastida\/wp-content\/uploads\/usu1265\/2025\/05\/image-2.png 310w, https:\/\/agora.xtec.cat\/ieslabastida\/wp-content\/uploads\/usu1265\/2025\/05\/image-2-300x300.png 300w, https:\/\/agora.xtec.cat\/ieslabastida\/wp-content\/uploads\/usu1265\/2025\/05\/image-2-150x150.png 150w\" sizes=\"auto, (max-width: 310px) 100vw, 310px\" \/><\/figure><div class=\"wp-block-media-text__content\">\n<p class=\"has-large-font-size\" style=\"line-height:1.6\">\u200b\u200bEl Departament d\u2019Educaci\u00f3 i Formaci\u00f3 Professional &nbsp;posa en marxa el&nbsp;canal de WhatsApp&nbsp;<strong>Preinscripci\u00f3 FP&nbsp;<\/strong><a href=\"https:\/\/whatsapp.com\/channel\/0029Vb4r4Ew84Om4VTV0dn3E\"><strong>gen.cat\/whatsappFPO\u200b<\/strong>.\u200b<\/a>&nbsp;<\/p>\n\n\n\n<p class=\"has-large-font-size\" style=\"line-height:1.6\">Aquesta iniciativa, t\u00e9 com a objectiu que&nbsp;no us perdeu cap pas del procediment.<\/p>\n<\/div><\/div>\n\n\n\n<h3 class=\"wp-block-heading\">Quina informaci\u00f3 s\u2019hi difondr\u00e0?<\/h3>\n\n\n\n<ul class=\"wp-block-list\">\n<li>\u200bPublicaci\u00f3 de l&#8217;oferta de places<\/li>\n\n\n\n<li>Recordatoris de requisits i vies d\u2019acc\u00e9s\u200b<\/li>\n\n\n\n<li>Inici i final&nbsp;del per\u00edode de sol\u00b7licituds, amb enlla\u00e7 al formulari<\/li>\n\n\n\n<li>Publicaci\u00f3 de llistes provisionals i per\u00edodes de reclamaci\u00f3<\/li>\n\n\n\n<li>Assignacions de places i instruccions per confirmar-les i matricular-se<\/li>\n\n\n\n<li>Publicaci\u00f3 de vacants i com consultar-les<\/li>\n\n\n\n<li>Altres avisos rellevants del proc\u00e9s\u200b<br>\u200b<\/li>\n<\/ul>\n\n\n\n<h3 class=\"wp-block-heading\">\u200bCom us podeu&nbsp;subscriure&nbsp;al canal?<\/h3>\n\n\n\n<p>\u200b<\/p>\n\n\n\n<div class=\"wp-block-media-text is-stacked-on-mobile\" style=\"grid-template-columns:17% auto\"><figure class=\"wp-block-media-text__media\"><img loading=\"lazy\" decoding=\"async\" width=\"232\" height=\"274\" src=\"https:\/\/agora.xtec.cat\/ieslabastida\/wp-content\/uploads\/usu1265\/2025\/05\/image-1.png\" alt=\"\" class=\"wp-image-9138 size-full\"\/><\/figure><div class=\"wp-block-media-text__content\">\n<p class=\"has-medium-font-size\">Accedint&nbsp;al canal. Es pot&nbsp;fer&nbsp;de tres maneres:<\/p>\n\n\n\n<ol class=\"wp-block-list\">\n<li>Entrant directament a l\u2019enlla\u00e7:&nbsp;<a href=\"https:\/\/whatsapp.com\/channel\/0029Vb4r4Ew84Om4VTV0dn3E\" target=\"_blank\" rel=\"noreferrer noopener\"><strong>gen.cat\/whatsappFPO<\/strong><\/a><\/li>\n\n\n\n<li>Obrint WhatsApp, anant a la pestanya \u2018Actualitzacions\u2019 i, dins de \u2018<strong>Canals<\/strong>\u2019, buscant \u2018<strong>Preinscripci\u00f3FP<\/strong>\u2019.&nbsp; Aleshores cal seleccionar el canal&nbsp;i clicar el bot\u00f3 \u2018Segueix\u2019.<\/li>\n\n\n\n<li>O b\u00e9&nbsp;<strong>escanejant&nbsp;el<\/strong><strong> codi QR<\/strong>.<img decoding=\"async\" src=\"https:\/\/espai.educacio.gencat.cat\/Alumnes\/PreinscripcioMatricula\/Preins-FP\/PublishingImages\" alt=\"\">\u200b\u200b<\/li>\n<\/ol>\n\n\n\n<p>Si toquenu la&nbsp;<strong>icona de la campana<\/strong>&nbsp;activareu les notificacions i rebreu&nbsp;un av\u00eds cada vegada que es publiqui un contingut al canal.<\/p>\n<\/div><\/div>\n\n\n\n<p><\/p>\n\n\n\n<h3 class=\"wp-block-heading\">Caracter\u00edstiques del canal de WhatsApp\u200b Preinscripci\u00f3 FP<\/h3>\n\n\n\n<ul class=\"wp-block-list\">\n<li><strong>Canal unidireccional:<\/strong>&nbsp;els subscriptors no poden respondre ni reaccionar amb emojis.<\/li>\n\n\n\n<li><strong>Llenguatge:<\/strong>&nbsp;informaci\u00f3 clara, \u00e0gil i directa.\u200b<\/li>\n\n\n\n<li><strong>Complementari:<\/strong>&nbsp;no substitueix altres canals d\u2019informaci\u00f3 (web, xarxes socials, correu electr\u00f2nic, SMS).<\/li>\n\n\n\n<li><strong>Temporal:<\/strong>&nbsp;estar\u00e0 actiu nom\u00e9s durant el per\u00edode de preinscripci\u00f3, de mitjans de maig a principis de setembre de 2025.&nbsp;<\/li>\n\n\n\n<li><strong>Privacitat:<\/strong>&nbsp;no es tracten dades personals, excepte les imprescindibles per accedir al canal.<\/li>\n\n\n\n<li><strong>Transpar\u00e8ncia:<\/strong>&nbsp;el primer missatge explicar\u00e0 l\u2019objectiu i funcionament del canal; l\u2019\u00faltim, informar\u00e0 del seu tancament.\u200b<\/li>\n<\/ul>\n\n\n\n<h3 class=\"wp-block-heading\">Per qu\u00e8 s&#8217;ha obert&nbsp;aquest canal?<\/h3>\n\n\n\n<p><strong>El&nbsp;<a href=\"https:\/\/preinscripcio.gencat.cat\/ca\/detalls\/noticia\/20250514-whatsapp-preinscripciofp\">canal de WhatsApp\u200b<\/a>&nbsp;vol ser una eina complement\u00e0ria per garantir que la informaci\u00f3 essencial arriba a tothom.&nbsp;<\/strong>El volum de sol\u00b7licituds als cicles d\u2019FP ha crescut de manera sostinguda els darrers anys. Una part significativa de l\u2019alumnat declara no haver vist a temps els missatges o haver tingut dificultats per seguir el procediment, la qual cosa pot derivar en l\u2019exclusi\u00f3 del proc\u00e9s o en la p\u00e8rdua de la pla\u00e7a assignada. L&#8217;\u00fas est\u00e8s d&#8217;aquest canal entre els joves pot ser un factor clau perqu\u00e8 els nois i noies rebin la informaci\u00f3 en termini.<\/p>\n\n\n\n<p class=\"has-large-font-size\" style=\"padding-top:var(--wp--preset--spacing--40);padding-right:0;padding-bottom:var(--wp--preset--spacing--40);padding-left:0;line-height:1.6\">\u200b\u200b\u200b\u200b\u200bTamb\u00e9 tens l&#8217;opci\u00f3 de contactar amb nosaltres, a trav\u00e9s del <a href=\"https:\/\/docs.google.com\/forms\/d\/e\/1FAIpQLSdq0NOEM3Ejw4NPTIfbYMepBSVoc_J-Zi7dnnw63R4Kfi-k_w\/viewform\">CANAL OBERT<\/a> : un breu formulari que pots omplir en pocs minuts i ens posarem en contacte amb tu. (Les consultes que arribin a partir del dia 31 d&#8217;agost, es resoldran al setembre.)<\/p>\n\n\n\n<p><\/p>\n\n\n\n<p><\/p>\n","protected":false},"excerpt":{"rendered":"<p>\u200b\u200bEl Departament d\u2019Educaci\u00f3 i Formaci\u00f3 Professional &nbsp;posa en marxa el&nbsp;canal de WhatsApp&nbsp;Preinscripci\u00f3 FP&nbsp;gen.cat\/whatsappFPO\u200b.\u200b&nbsp; Aquesta iniciativa, t\u00e9 com a objectiu que&nbsp;no [&hellip;]<\/p>\n","protected":false},"author":80,"featured_media":0,"parent":0,"menu_order":0,"comment_status":"closed","ping_status":"close","template":"","meta":{"_bbp_topic_count":0,"_bbp_reply_count":0,"_bbp_total_topic_count":0,"_bbp_total_reply_count":0,"_bbp_voice_count":0,"_bbp_anonymous_reply_count":0,"_bbp_topic_count_hidden":0,"_bbp_reply_count_hidden":0,"_bbp_forum_subforum_count":0,"site-sidebar-layout":"no-sidebar","site-content-layout":"","ast-site-content-layout":"normal-width-container","site-content-style":"default","site-sidebar-style":"default","ast-global-header-display":"","ast-banner-title-visibility":"","ast-main-header-display":"","ast-hfb-above-header-display":"","ast-hfb-below-header-display":"","ast-hfb-mobile-header-display":"","site-post-title":"","ast-breadcrumbs-content":"","ast-featured-img":"","footer-sml-layout":"","theme-transparent-header-meta":"","adv-header-id-meta":"","stick-header-meta":"","header-above-stick-meta":"","header-main-stick-meta":"","header-below-stick-meta":"","astra-migrate-meta-layouts":"set","ast-page-background-enabled":"default","ast-page-background-meta":{"desktop":{"background-color":"var(--ast-global-color-4)","background-image":"","background-repeat":"repeat","background-position":"center center","background-size":"auto","background-attachment":"scroll","background-type":"","background-media":"","overlay-type":"","overlay-color":"","overlay-opacity":"","overlay-gradient":""},"tablet":{"background-color":"","background-image":"","background-repeat":"repeat","background-position":"center center","background-size":"auto","background-attachment":"scroll","background-type":"","background-media":"","overlay-type":"","overlay-color":"","overlay-opacity":"","overlay-gradient":""},"mobile":{"background-color":"","background-image":"","background-repeat":"repeat","background-position":"center center","background-size":"auto","background-attachment":"scroll","background-type":"","background-media":"","overlay-type":"","overlay-color":"","overlay-opacity":"","overlay-gradient":""}},"ast-content-background-meta":{"desktop":{"background-color":"var(--ast-global-color-5)","background-image":"","background-repeat":"repeat","background-position":"center center","background-size":"auto","background-attachment":"scroll","background-type":"","background-media":"","overlay-type":"","overlay-color":"","overlay-opacity":"","overlay-gradient":""},"tablet":{"background-color":"var(--ast-global-color-5)","background-image":"","background-repeat":"repeat","background-position":"center center","background-size":"auto","background-attachment":"scroll","background-type":"","background-media":"","overlay-type":"","overlay-color":"","overlay-opacity":"","overlay-gradient":""},"mobile":{"background-color":"var(--ast-global-color-5)","background-image":"","background-repeat":"repeat","background-position":"center center","background-size":"auto","background-attachment":"scroll","background-type":"","background-media":"","overlay-type":"","overlay-color":"","overlay-opacity":"","overlay-gradient":""}},"footnotes":""},"class_list":["post-8789","page","type-page","status-publish","hentry"],"post_mailing_queue_ids":[],"_links":{"self":[{"href":"https:\/\/agora.xtec.cat\/ieslabastida\/wp-json\/wp\/v2\/pages\/8789","targetHints":{"allow":["GET"]}}],"collection":[{"href":"https:\/\/agora.xtec.cat\/ieslabastida\/wp-json\/wp\/v2\/pages"}],"about":[{"href":"https:\/\/agora.xtec.cat\/ieslabastida\/wp-json\/wp\/v2\/types\/page"}],"author":[{"embeddable":true,"href":"https:\/\/agora.xtec.cat\/ieslabastida\/wp-json\/wp\/v2\/users\/80"}],"replies":[{"embeddable":true,"href":"https:\/\/agora.xtec.cat\/ieslabastida\/wp-json\/wp\/v2\/comments?post=8789"}],"version-history":[{"count":6,"href":"https:\/\/agora.xtec.cat\/ieslabastida\/wp-json\/wp\/v2\/pages\/8789\/revisions"}],"predecessor-version":[{"id":9533,"href":"https:\/\/agora.xtec.cat\/ieslabastida\/wp-json\/wp\/v2\/pages\/8789\/revisions\/9533"}],"wp:attachment":[{"href":"https:\/\/agora.xtec.cat\/ieslabastida\/wp-json\/wp\/v2\/media?parent=8789"}],"curies":[{"name":"wp","href":"https:\/\/api.w.org\/{rel}","templated":true}]}}