{"id":8336,"date":"2025-03-11T23:31:39","date_gmt":"2025-03-11T22:31:39","guid":{"rendered":"https:\/\/agora.xtec.cat\/ieslabastida\/?page_id=8336"},"modified":"2025-04-10T10:27:08","modified_gmt":"2025-04-10T08:27:08","slug":"fp-grau-basic-pfi-ife","status":"publish","type":"page","link":"https:\/\/agora.xtec.cat\/ieslabastida\/fp-grau-basic-pfi-ife\/","title":{"rendered":"FP Grau B\u00e0sic &#8211; PFI &#8211; IFE"},"content":{"rendered":"\n<p class=\"has-ast-global-color-0-color has-text-color has-link-color has-medium-font-size wp-elements-27fdc9c5cae3ad29a8f0e51f3ec07a30\"><a href=\"https:\/\/agora.xtec.cat\/ieslabastida\/cicle-formatiu-de-grau-basic\/\">Grau B\u00e0sic Acc\u00e9s i Conservaci\u00f3 en Instal\u00b7lacions Esportives<\/a><\/p>\n\n\n\n<ul class=\"wp-block-list\"><\/ul>\n\n\n\n<p>Aquests cicles formatius s\u00f3n una oportunitat per als alumnes especialment motivats pels aprenentatges professionals i que presentin m\u00e9s possibilitats d&#8217;aprenentatge i d&#8217;assoliment de les compet\u00e8ncies d&#8217;educaci\u00f3 secund\u00e0ria obligat\u00f2ria&nbsp;en un entorn vinculat al m\u00f3n professional. Van dirigits a l&#8217;alumnat que ha cursat tercer curs d&#8217;educaci\u00f3 secund\u00e0ria obligat\u00f2ria (o, excepcionalment, segon curs), amb la proposta de l&#8217;equip docent mitjan\u00e7ant el Consell orientador.<\/p>\n\n\n\n<p class=\"has-medium-font-size\"><a href=\"https:\/\/agora.xtec.cat\/ieslabastida\/pfi-programes-de-formacio-i-insercio-2\/\">PFI &#8211; Programes de Formaci\u00f3 i Inserci\u00f3<\/a><\/p>\n\n\n\n<p>Els programes de formaci\u00f3 i inserci\u00f3 (PFI) s\u00f3n el primer nivell de qualificaci\u00f3 dins dels estudis de formaci\u00f3 professional i s&#8217;adscriuen a diferents fam\u00edlies professionals.<\/p>\n\n\n\n<p>Els PFI s&#8217;adrecen a joves d&#8217;entre 16 i 21 anys que no han finalitzat l&#8217;educaci\u00f3 secund\u00e0ria obligat\u00f2ria. <\/p>\n\n\n\n<p class=\"has-ast-global-color-0-color has-text-color has-link-color has-medium-font-size wp-elements-f9ab7464958217b0253134a5b1100492\"><a href=\"https:\/\/agora.xtec.cat\/ieslabastida\/general\/itinerari-formatiu-especific\/\">IFE Auxiliar en Manteniment d&#8217;Instal\u00b7lacions Esportives<\/a><\/p>\n\n\n\n<p>Els itineraris formatius espec\u00edfics (IFE) s\u00f3n ensenyaments professionals que s&#8217;adrecen a alumnes amb necessitats educatives especials associades a una discapacitat intel\u00b7lectual lleu o moderada, amb l&#8217;objectiu d&#8217;oferir atenci\u00f3 educativa, a l&#8217;etapa postobligat\u00f2ria, segons les necessitats individuals i les capacitats i habilitats pr\u00f2pies.<\/p>\n\n\n\n<p>La finalitat d&#8217;aquests ensenyaments \u00e9s que els i les alumnes incrementin l&#8217;autonomia personal i assoleixin les compet\u00e8ncies professionals que els facilitin la transici\u00f3 a la vida adulta i la inclusi\u00f3 social i laboral.<\/p>\n","protected":false},"excerpt":{"rendered":"<p>Grau B\u00e0sic Acc\u00e9s i Conservaci\u00f3 en Instal\u00b7lacions Esportives Aquests cicles formatius s\u00f3n una oportunitat per als alumnes especialment motivats pels [&hellip;]<\/p>\n","protected":false},"author":80,"featured_media":0,"parent":0,"menu_order":0,"comment_status":"closed","ping_status":"close","template":"","meta":{"_bbp_topic_count":0,"_bbp_reply_count":0,"_bbp_total_topic_count":0,"_bbp_total_reply_count":0,"_bbp_voice_count":0,"_bbp_anonymous_reply_count":0,"_bbp_topic_count_hidden":0,"_bbp_reply_count_hidden":0,"_bbp_forum_subforum_count":0,"site-sidebar-layout":"no-sidebar","site-content-layout":"","ast-site-content-layout":"normal-width-container","site-content-style":"default","site-sidebar-style":"default","ast-global-header-display":"","ast-banner-title-visibility":"","ast-main-header-display":"","ast-hfb-above-header-display":"","ast-hfb-below-header-display":"","ast-hfb-mobile-header-display":"","site-post-title":"","ast-breadcrumbs-content":"","ast-featured-img":"","footer-sml-layout":"","theme-transparent-header-meta":"","adv-header-id-meta":"","stick-header-meta":"","header-above-stick-meta":"","header-main-stick-meta":"","header-below-stick-meta":"","astra-migrate-meta-layouts":"set","ast-page-background-enabled":"default","ast-page-background-meta":{"desktop":{"background-color":"var(--ast-global-color-4)","background-image":"","background-repeat":"repeat","background-position":"center center","background-size":"auto","background-attachment":"scroll","background-type":"","background-media":"","overlay-type":"","overlay-color":"","overlay-opacity":"","overlay-gradient":""},"tablet":{"background-color":"","background-image":"","background-repeat":"repeat","background-position":"center center","background-size":"auto","background-attachment":"scroll","background-type":"","background-media":"","overlay-type":"","overlay-color":"","overlay-opacity":"","overlay-gradient":""},"mobile":{"background-color":"","background-image":"","background-repeat":"repeat","background-position":"center center","background-size":"auto","background-attachment":"scroll","background-type":"","background-media":"","overlay-type":"","overlay-color":"","overlay-opacity":"","overlay-gradient":""}},"ast-content-background-meta":{"desktop":{"background-color":"var(--ast-global-color-5)","background-image":"","background-repeat":"repeat","background-position":"center center","background-size":"auto","background-attachment":"scroll","background-type":"","background-media":"","overlay-type":"","overlay-color":"","overlay-opacity":"","overlay-gradient":""},"tablet":{"background-color":"var(--ast-global-color-5)","background-image":"","background-repeat":"repeat","background-position":"center center","background-size":"auto","background-attachment":"scroll","background-type":"","background-media":"","overlay-type":"","overlay-color":"","overlay-opacity":"","overlay-gradient":""},"mobile":{"background-color":"var(--ast-global-color-5)","background-image":"","background-repeat":"repeat","background-position":"center center","background-size":"auto","background-attachment":"scroll","background-type":"","background-media":"","overlay-type":"","overlay-color":"","overlay-opacity":"","overlay-gradient":""}},"footnotes":""},"class_list":["post-8336","page","type-page","status-publish","hentry"],"post_mailing_queue_ids":[],"_links":{"self":[{"href":"https:\/\/agora.xtec.cat\/ieslabastida\/wp-json\/wp\/v2\/pages\/8336","targetHints":{"allow":["GET"]}}],"collection":[{"href":"https:\/\/agora.xtec.cat\/ieslabastida\/wp-json\/wp\/v2\/pages"}],"about":[{"href":"https:\/\/agora.xtec.cat\/ieslabastida\/wp-json\/wp\/v2\/types\/page"}],"author":[{"embeddable":true,"href":"https:\/\/agora.xtec.cat\/ieslabastida\/wp-json\/wp\/v2\/users\/80"}],"replies":[{"embeddable":true,"href":"https:\/\/agora.xtec.cat\/ieslabastida\/wp-json\/wp\/v2\/comments?post=8336"}],"version-history":[{"count":6,"href":"https:\/\/agora.xtec.cat\/ieslabastida\/wp-json\/wp\/v2\/pages\/8336\/revisions"}],"predecessor-version":[{"id":8906,"href":"https:\/\/agora.xtec.cat\/ieslabastida\/wp-json\/wp\/v2\/pages\/8336\/revisions\/8906"}],"wp:attachment":[{"href":"https:\/\/agora.xtec.cat\/ieslabastida\/wp-json\/wp\/v2\/media?parent=8336"}],"curies":[{"name":"wp","href":"https:\/\/api.w.org\/{rel}","templated":true}]}}