{"id":81,"date":"2014-09-18T10:38:05","date_gmt":"2014-09-18T10:38:05","guid":{"rendered":"http:\/\/agora.xtec.cat\/ieslabastida\/?page_id=81"},"modified":"2025-12-10T12:40:33","modified_gmt":"2025-12-10T11:40:33","slug":"secretaria","status":"publish","type":"page","link":"https:\/\/agora.xtec.cat\/ieslabastida\/linstitut\/secretaria\/","title":{"rendered":"Secretaria"},"content":{"rendered":"\n<p class=\"has-medium-font-size\"><\/p>\n\n\n\n<figure class=\"wp-block-gallery has-nested-images columns-default is-cropped wp-block-gallery-1 is-layout-flex wp-block-gallery-is-layout-flex\">\n<figure class=\"wp-block-image size-full\"><a href=\"https:\/\/agora.xtec.cat\/ieslabastida\/linstitut\/secretaria\/documentacio-i-tramits\/\"><img loading=\"lazy\" decoding=\"async\" width=\"589\" height=\"295\" data-id=\"9238\" src=\"https:\/\/agora.xtec.cat\/ieslabastida\/wp-content\/uploads\/usu1265\/2025\/06\/base-taronja-comunicats-generals-30-1.png\" alt=\"\" class=\"wp-image-9238\" srcset=\"https:\/\/agora.xtec.cat\/ieslabastida\/wp-content\/uploads\/usu1265\/2025\/06\/base-taronja-comunicats-generals-30-1.png 589w, https:\/\/agora.xtec.cat\/ieslabastida\/wp-content\/uploads\/usu1265\/2025\/06\/base-taronja-comunicats-generals-30-1-300x150.png 300w\" sizes=\"auto, (max-width: 589px) 100vw, 589px\" \/><\/a><\/figure>\n\n\n\n<figure class=\"wp-block-image size-full\"><a href=\"https:\/\/agora.xtec.cat\/ieslabastida\/categoria\/secretaria\/beques\/\"><img loading=\"lazy\" decoding=\"async\" width=\"589\" height=\"295\" data-id=\"9236\" src=\"https:\/\/agora.xtec.cat\/ieslabastida\/wp-content\/uploads\/usu1265\/2025\/06\/base-taronja-comunicats-generals-3-1.png\" alt=\"\" class=\"wp-image-9236\" srcset=\"https:\/\/agora.xtec.cat\/ieslabastida\/wp-content\/uploads\/usu1265\/2025\/06\/base-taronja-comunicats-generals-3-1.png 589w, https:\/\/agora.xtec.cat\/ieslabastida\/wp-content\/uploads\/usu1265\/2025\/06\/base-taronja-comunicats-generals-3-1-300x150.png 300w\" sizes=\"auto, (max-width: 589px) 100vw, 589px\" \/><\/a><\/figure>\n\n\n\n<figure class=\"wp-block-image size-full\"><a href=\"http:\/\/ensenyament.gencat.cat\/ca\/serveis-tramits\/proves\/proves-acces\/\"><img loading=\"lazy\" decoding=\"async\" width=\"589\" height=\"295\" data-id=\"9237\" src=\"https:\/\/agora.xtec.cat\/ieslabastida\/wp-content\/uploads\/usu1265\/2025\/06\/base-taronja-comunicats-generals-4-1.png\" alt=\"\" class=\"wp-image-9237\" srcset=\"https:\/\/agora.xtec.cat\/ieslabastida\/wp-content\/uploads\/usu1265\/2025\/06\/base-taronja-comunicats-generals-4-1.png 589w, https:\/\/agora.xtec.cat\/ieslabastida\/wp-content\/uploads\/usu1265\/2025\/06\/base-taronja-comunicats-generals-4-1-300x150.png 300w\" sizes=\"auto, (max-width: 589px) 100vw, 589px\" \/><\/a><\/figure>\n<\/figure>\n\n\n\n<p class=\"has-medium-font-size\"><strong style=\"font-size: revert; color: var(--ast-global-color-3); background-color: var(--ast-global-color-5); font-family: Lato, sans-serif;\">Horaris d\u2019atenci\u00f3 al p\u00fablic<\/strong><\/p>\n\n\n\n<ul class=\"wp-block-list\">\n<li class=\"has-medium-font-size\"><strong>Matins:<\/strong>&nbsp;de dilluns a divendres de 10:00h a 13:00h.<\/li>\n\n\n\n<li class=\"has-medium-font-size\"><strong>Tarda<\/strong>: dimarts, dimecres i dijous de 15:30h a 17:00h. >> Avui, dimecres 10\/12\/25, la secretaria estar\u00e0 tancada a la tarda!!!<\/li>\n<\/ul>\n\n\n\n<p class=\"has-medium-font-size\"><strong>Horari d&#8217;estiu<\/strong><\/p>\n\n\n\n<ul class=\"wp-block-list\">\n<li class=\"has-medium-font-size\"><strong>Juny:<\/strong>&nbsp;Del dia 16 al 30 l\u2019horari ser\u00e0 de 10:00h a 13:00h.<\/li>\n\n\n\n<li class=\"has-medium-font-size\"><strong>Juliol:<\/strong>&nbsp;Tot el mes l\u2019horari ser\u00e0 de 10:00h a 13:00h..<\/li>\n\n\n\n<li class=\"has-medium-font-size\"><strong>Setembre:<\/strong> Del dia 1 al 16 l\u2019horari ser\u00e0 de 10:00h a 13:00h<\/li>\n<\/ul>\n\n\n\n<p class=\"has-medium-font-size\">Podeu demanar cita per correu electr\u00f2nic i explicar&nbsp;quin \u00e9s el tr\u00e0mit que necessiteu fer a&nbsp;<strong>secretaria@institutlabastida.org<\/strong><\/p>\n","protected":false},"excerpt":{"rendered":"<p>Horaris d\u2019atenci\u00f3 al p\u00fablic Horari d&#8217;estiu Podeu demanar cita per correu electr\u00f2nic i explicar&nbsp;quin \u00e9s el tr\u00e0mit que necessiteu fer [&hellip;]<\/p>\n","protected":false},"author":1,"featured_media":0,"parent":19,"menu_order":50,"comment_status":"closed","ping_status":"closed","template":"","meta":{"_bbp_topic_count":0,"_bbp_reply_count":0,"_bbp_total_topic_count":0,"_bbp_total_reply_count":0,"_bbp_voice_count":0,"_bbp_anonymous_reply_count":0,"_bbp_topic_count_hidden":0,"_bbp_reply_count_hidden":0,"_bbp_forum_subforum_count":0,"site-sidebar-layout":"no-sidebar","site-content-layout":"","ast-site-content-layout":"normal-width-container","site-content-style":"default","site-sidebar-style":"default","ast-global-header-display":"","ast-banner-title-visibility":"","ast-main-header-display":"","ast-hfb-above-header-display":"","ast-hfb-below-header-display":"","ast-hfb-mobile-header-display":"","site-post-title":"","ast-breadcrumbs-content":"","ast-featured-img":"","footer-sml-layout":"","theme-transparent-header-meta":"","adv-header-id-meta":"","stick-header-meta":"","header-above-stick-meta":"","header-main-stick-meta":"","header-below-stick-meta":"","astra-migrate-meta-layouts":"set","ast-page-background-enabled":"default","ast-page-background-meta":{"desktop":{"background-color":"var(--ast-global-color-4)","background-image":"","background-repeat":"repeat","background-position":"center center","background-size":"auto","background-attachment":"scroll","background-type":"","background-media":"","overlay-type":"","overlay-color":"","overlay-opacity":"","overlay-gradient":""},"tablet":{"background-color":"","background-image":"","background-repeat":"repeat","background-position":"center center","background-size":"auto","background-attachment":"scroll","background-type":"","background-media":"","overlay-type":"","overlay-color":"","overlay-opacity":"","overlay-gradient":""},"mobile":{"background-color":"","background-image":"","background-repeat":"repeat","background-position":"center center","background-size":"auto","background-attachment":"scroll","background-type":"","background-media":"","overlay-type":"","overlay-color":"","overlay-opacity":"","overlay-gradient":""}},"ast-content-background-meta":{"desktop":{"background-color":"var(--ast-global-color-5)","background-image":"","background-repeat":"repeat","background-position":"center center","background-size":"auto","background-attachment":"scroll","background-type":"","background-media":"","overlay-type":"","overlay-color":"","overlay-opacity":"","overlay-gradient":""},"tablet":{"background-color":"var(--ast-global-color-5)","background-image":"","background-repeat":"repeat","background-position":"center center","background-size":"auto","background-attachment":"scroll","background-type":"","background-media":"","overlay-type":"","overlay-color":"","overlay-opacity":"","overlay-gradient":""},"mobile":{"background-color":"var(--ast-global-color-5)","background-image":"","background-repeat":"repeat","background-position":"center center","background-size":"auto","background-attachment":"scroll","background-type":"","background-media":"","overlay-type":"","overlay-color":"","overlay-opacity":"","overlay-gradient":""}},"footnotes":""},"class_list":["post-81","page","type-page","status-publish","hentry"],"post_mailing_queue_ids":[],"_links":{"self":[{"href":"https:\/\/agora.xtec.cat\/ieslabastida\/wp-json\/wp\/v2\/pages\/81","targetHints":{"allow":["GET"]}}],"collection":[{"href":"https:\/\/agora.xtec.cat\/ieslabastida\/wp-json\/wp\/v2\/pages"}],"about":[{"href":"https:\/\/agora.xtec.cat\/ieslabastida\/wp-json\/wp\/v2\/types\/page"}],"author":[{"embeddable":true,"href":"https:\/\/agora.xtec.cat\/ieslabastida\/wp-json\/wp\/v2\/users\/1"}],"replies":[{"embeddable":true,"href":"https:\/\/agora.xtec.cat\/ieslabastida\/wp-json\/wp\/v2\/comments?post=81"}],"version-history":[{"count":6,"href":"https:\/\/agora.xtec.cat\/ieslabastida\/wp-json\/wp\/v2\/pages\/81\/revisions"}],"predecessor-version":[{"id":9818,"href":"https:\/\/agora.xtec.cat\/ieslabastida\/wp-json\/wp\/v2\/pages\/81\/revisions\/9818"}],"up":[{"embeddable":true,"href":"https:\/\/agora.xtec.cat\/ieslabastida\/wp-json\/wp\/v2\/pages\/19"}],"wp:attachment":[{"href":"https:\/\/agora.xtec.cat\/ieslabastida\/wp-json\/wp\/v2\/media?parent=81"}],"curies":[{"name":"wp","href":"https:\/\/api.w.org\/{rel}","templated":true}]}}