{"id":710,"date":"2017-09-02T20:37:06","date_gmt":"2017-09-02T18:37:06","guid":{"rendered":"http:\/\/agora.xtec.cat\/ieslabastida\/?page_id=710"},"modified":"2026-04-14T12:44:49","modified_gmt":"2026-04-14T10:44:49","slug":"documentacio-i-tramits","status":"publish","type":"page","link":"https:\/\/agora.xtec.cat\/ieslabastida\/linstitut\/secretaria\/documentacio-i-tramits\/","title":{"rendered":"Documentaci\u00f3 i tr\u00e0mits"},"content":{"rendered":"\n<p class=\"has-ast-global-color-0-color has-text-color has-link-color has-medium-font-size wp-elements-ccdce18607a9b45ee3209ad7bc04c78a\"><strong>ATENCI\u00d3: <\/strong>Les sol\u00b7licituds cal que es facin amb prou temps d&#8217;antelaci\u00f3: m\u00ednim una setmana.<\/p>\n\n\n\n<p>&gt;&gt;&gt; <strong>Sol\u00b7licitud de Documentaci\u00f3<\/strong><\/p>\n\n\n\n<ul class=\"wp-block-list\">\n<li>Baixa la sol\u00b7licitud al teu ordinador (<a href=\"https:\/\/drive.google.com\/file\/d\/1hqeu8TYHU2WedtAkF6YCclL6zp_qiEtX\/view?usp=sharing\" target=\"_blank\" rel=\"noopener\">Sol\u00b7licitud de documentaci\u00f3<\/a>). \u00c9s un PDF editable.<\/li>\n\n\n\n<li>Complimenta-la degudament i signa-la amb certificat digital (preferiblement).<\/li>\n\n\n\n<li>Envia-la per e-mail a <strong>secretaria@institutlabastida.org<\/strong>. Si la sol\u00b7licitud no s&#8217;ha signat amb certificat digital, caldr\u00e0 adjuntar una fotoc\u00f2pia del DNI de la persona que sol\u00b7licita el document.<\/li>\n<\/ul>\n\n\n\n<p>_ Autoritzaci\u00f3 per al Lliurament de Documentaci\u00f3 (Excepte el t\u00edtol acad\u00e8mic):<\/p>\n\n\n\n<ul class=\"wp-block-list\">\n<li>Si has demanat documentaci\u00f3 i no pots recollir-la, baixa aquesta <a href=\"https:\/\/drive.google.com\/file\/d\/16zpO70_0ndV3FDcwBmRRn0iTHCqeK6XG\/view?usp=sharing\" target=\"_blank\" rel=\"noopener\">autoritzaci\u00f3<\/a> al teu ordinador (\u00e9s un PDF editable) i complimenta-la.<\/li>\n\n\n\n<li>La persona autoritzada l&#8217;ha d&#8217;entregar a la secretaria del centre el dia de la cita tot presentant l&#8217;original del seu DNI.<\/li>\n<\/ul>\n\n\n\n<p>&gt;&gt;&gt; <strong><strong>Sol\u00b7licitud de T\u00edtols&nbsp;d\u2019ESO,&nbsp;Batxillerat i Cursos d&#8217;especialitzaci\u00f3 de Formaci\u00f3 Professional (grau mitj\u00e0 i grau superior):<\/strong><\/strong><\/p>\n\n\n\n<p>El Departament d\u2019Educaci\u00f3 i Formaci\u00f3 Professional, concretament de la Secci\u00f3 de Registre de T\u00edtols, informa que <strong>a partir del dia 15 de desembre del 2025<\/strong>, s\u00f3n els mateixos alumnes qui han de sol\u00b7licitar-los (tant la primera expedici\u00f3 com un duplicat o actualitzaci\u00f3 d&#8217;aquests)&nbsp; a trav\u00e9s d&#8217;aquest <a href=\"https:\/\/web.gencat.cat\/ca\/tramits\/tramits-temes\/titols-academics-no-universitaris?category=742b7874-a82c-11e3-a972-000c29052e2c\">tr\u00e0mit espec\u00edfic<\/a>, amb identificaci\u00f3 digital &#8211;<a href=\"https:\/\/web.gencat.cat\/ca\/tramits\/suport-tramitacio\/durant-la-tramitacio\/signatura-identificacio-digital\/idcat-mobil\/index.html\"> idCAT m\u00f2bil.<\/a><\/p>\n\n\n\n<p>Un cop feta la teva petici\u00f3 i per tal de continuar amb tot el tr\u00e0mit en l\u00ednia, cal enviar tota aquesta documentaci\u00f3 per e-mail a&nbsp;<strong><a href=\"mailto:secretaria@institutlabastida.org\" target=\"_blank\" rel=\"noreferrer noopener\">secretaria@institutlabastida.org<\/a>:<\/strong><\/p>\n\n\n\n<ul class=\"wp-block-list\">\n<li>Baixa aquesta <a class=\"internal-link\" title=\"\" href=\"https:\/\/drive.google.com\/file\/d\/1JKAQ5zQHZJ7nV3RmIXnGDRMTf53CN-8e\/view?usp=sharing\" target=\"_blank\" rel=\"noopener noreferrer\"><span class=\"internal-link\">sol\u00b7licitud<\/span><\/a> al teu ordinador (\u00e9s un PDF editable).<\/li>\n\n\n\n<li>Complimenta-la degudament i signa-la amb certificat digital, preferiblement.<\/li>\n\n\n\n<li>Comprovant de pagament i si teniu dret a una exempci\u00f3 o bonificaci\u00f3 de la taxa (T\u00edtol fam\u00edlia Nombrosa, Monoparental, grau de discapacitat&#8230;) heu d&#8217;enviar la fotoc\u00f2pia d&#8217;aquest document en vigor.<\/li>\n\n\n\n<li>Fotoc\u00f2pia del DNI\/NIE\/Passaport en vigor, per les dues cares (davant i darrere).<\/li>\n<\/ul>\n\n\n\n<p>_ Autoritzaci\u00f3 per al Lliurament d&#8217;un T\u00edtol<\/p>\n\n\n\n<ul class=\"wp-block-list\">\n<li>Si vols recollir el teu t\u00edtol i no pots venir personalment, has d\u2019omplir <a href=\"https:\/\/drive.google.com\/file\/d\/1vMX1yxpUWWUgCWdVp-Ocn-BeKU3xM17l\/view?usp=sharing\" target=\"_blank\" rel=\"noopener\">aquesta autoritzaci\u00f3 <\/a>al teu ordinador (\u00e9s un PDF editable),&nbsp; signa-la i lliura-la a la persona a la qual autoritzeu juntament amb una fotoc\u00f2pia del teu DNI.<\/li>\n\n\n\n<li>La persona autoritzada haur\u00e0 de presentar-se a la secretaria del centre, el dia de la cita, amb l\u2019autoritzaci\u00f3 degudament complimentada i signada, juntament amb el seu DNI i una fotoc\u00f2pia del teu DNI (persona que autoritza).<\/li>\n\n\n\n<li>Presenta el resguard d\u2019haver pagat la taxa del t\u00edtol (document &#8220;Resguard de sol\u00b7licitud de t\u00edtol acad\u00e8mic professional i liquidaci\u00f3 de taxa&#8221;)<\/li>\n<\/ul>\n\n\n\n<p>&gt;&gt;&gt; <strong>Sol\u00b7licitud de Baixa del Centre <\/strong>(si un alumne\/a vol donar-se de baixa):<\/p>\n\n\n\n<ul class=\"wp-block-list\">\n<li>Baixa&nbsp;<a href=\"https:\/\/drive.google.com\/file\/d\/1gD6fsaFvXRWk9146dch_VvfQQPzxRsFE\/view?usp=sharing\" target=\"_blank\" rel=\"noopener\">aquesta sol\u00b7licitud<\/a> al teu ordinador (\u00e9s un PDF editable).<\/li>\n\n\n\n<li>Complimenta-la degudament  i signa-la amb certificat digital (preferiblement).<\/li>\n\n\n\n<li>Envia-la per e-mail a <strong>secretaria@institutlabastida.org<\/strong>. Si la sol\u00b7licitud no s&#8217;ha signat amb certificat digital, caldr\u00e0 adjuntar l&#8217;escaneig o fotografia del seu DNI (les dues cares) i, en cas de ser menor d&#8217;edat haur\u00e0 d&#8217;adjuntar tamb\u00e9 el DNI del pare\/mare o tutor\/a legal de l&#8217;alumne\/a). <strong>Rebreu una convocat\u00f2ria del tutor\/a perqu\u00e8 formalitzeu la baixa personalment al cap d&#8217;uns dies.<\/strong><\/li>\n<\/ul>\n\n\n\n<p>&gt;&gt;&gt; <strong>Sol\u00b7licitud de Nivell de catal\u00e0<\/strong><\/p>\n\n\n\n<ul class=\"wp-block-list\">\n<li>Per sol\u00b7licitar <em><strong>els certificats de nivell B2 i nivell C1 de catal\u00e0,<\/strong><\/em> accedeix al web del <a href=\"https:\/\/web.gencat.cat\/ca\/tramits\/tramits-temes\/22046-reconeixement-b2-c1-catala?category=742b7874-a82c-11e3-a972-000c29052e2c\">Departament d&#8217;Ensenyament<\/a> i segueix les instruccions.<\/li>\n<\/ul>\n\n\n\n<p>&gt;&gt;&gt; <strong>Sol\u00b7licitud gen\u00e8rica:<\/strong> per qualsevol altre tr\u00e0mit diferent podeu utilitzar <strong><a href=\"https:\/\/drive.google.com\/file\/d\/1S-UmbtmFQZLwFSVFA0B_haxfTdu4yKOh\/view?usp=sharing\" target=\"_blank\" rel=\"noopener\">aquest full.<\/a><\/strong> Baixa&#8217;l al teu ordinador, emplena&#8217;l, signa&#8217;l digitalment i envia&#8217;l al correu de secretaria <strong>secretaria@institutlabastida.org<\/strong>&nbsp;juntament amb l&#8217;escaneig o fotografia del seu DNI amb les dues cares (si no es signa amb certificat digital.<\/p>\n\n\n\n<p>>>> <strong>Queixes: <\/strong>baixa, emplena i signa <a href=\"https:\/\/drive.google.com\/file\/d\/1awHCZUGg4zeKDY7esvzc1_lIU7CLK-p5\/view?usp=sharing\" target=\"_blank\" rel=\"noopener\">aquest document. <\/a>L&#8217;has d&#8217;enviar per e-mail al correu secretaria@institutlabastida.org<\/p>\n\n\n\n<p>&gt;&gt;&gt; <strong>Reclamaci\u00f3 de qualificacions finals<\/strong>: Si ja has fet la teva reclamaci\u00f3 de qualificaci\u00f3 al professor\/a del MP i posteriorment ha estat tractat amb el\/la tutor\/a, pots presentar una reclamaci\u00f3 formal adre\u00e7ada a la direcci\u00f3 del centre, mitjan\u00e7ant <a href=\"https:\/\/drive.google.com\/file\/d\/11E_3eWdzBYw9X_X55Osog2r3OwUsfBLb\/view?usp=drive_link\">aquest model<\/a> i enviant-la al correu secretaria@institutlabastida.org, dins del<strong> termini establert<\/strong> (<strong>24 hores a partir de la recepci\u00f3 del butllet\u00ed de notes<\/strong>).<\/p>\n\n\n\n<p>&gt;&gt;&gt; <strong>Sol\u00b7licitud de convalidaci\u00f3<\/strong>. \u00c9s necessari que pr\u00e8viament hagis estat assessorat\/da pel teu tutor\/a. Et recordem que un cop presentada la teva sol\u00b7licitud \u00e9s responsabilitat de l&#8217;alumne\/a continuar amb l&#8217;assist\u00e8ncia a les classes fins que rebeu la resoluci\u00f3 de convalidaci\u00f3 &gt; El teu tutor\/a et facilitar\u00e0 l&#8217;enlla\u00e7 per accedir a la teva sol\u00b7licitud.<\/p>\n","protected":false},"excerpt":{"rendered":"<p>ATENCI\u00d3: Les sol\u00b7licituds cal que es facin amb prou temps d&#8217;antelaci\u00f3: m\u00ednim una setmana. &gt;&gt;&gt; Sol\u00b7licitud de Documentaci\u00f3 _ Autoritzaci\u00f3 [&hellip;]<\/p>\n","protected":false},"author":1,"featured_media":0,"parent":81,"menu_order":10,"comment_status":"closed","ping_status":"closed","template":"","meta":{"_bbp_topic_count":0,"_bbp_reply_count":0,"_bbp_total_topic_count":0,"_bbp_total_reply_count":0,"_bbp_voice_count":0,"_bbp_anonymous_reply_count":0,"_bbp_topic_count_hidden":0,"_bbp_reply_count_hidden":0,"_bbp_forum_subforum_count":0,"site-sidebar-layout":"no-sidebar","site-content-layout":"","ast-site-content-layout":"normal-width-container","site-content-style":"default","site-sidebar-style":"default","ast-global-header-display":"","ast-banner-title-visibility":"","ast-main-header-display":"","ast-hfb-above-header-display":"","ast-hfb-below-header-display":"","ast-hfb-mobile-header-display":"","site-post-title":"","ast-breadcrumbs-content":"","ast-featured-img":"","footer-sml-layout":"","theme-transparent-header-meta":"","adv-header-id-meta":"","stick-header-meta":"","header-above-stick-meta":"","header-main-stick-meta":"","header-below-stick-meta":"","astra-migrate-meta-layouts":"set","ast-page-background-enabled":"default","ast-page-background-meta":{"desktop":{"background-color":"var(--ast-global-color-4)","background-image":"","background-repeat":"repeat","background-position":"center center","background-size":"auto","background-attachment":"scroll","background-type":"","background-media":"","overlay-type":"","overlay-color":"","overlay-opacity":"","overlay-gradient":""},"tablet":{"background-color":"","background-image":"","background-repeat":"repeat","background-position":"center center","background-size":"auto","background-attachment":"scroll","background-type":"","background-media":"","overlay-type":"","overlay-color":"","overlay-opacity":"","overlay-gradient":""},"mobile":{"background-color":"","background-image":"","background-repeat":"repeat","background-position":"center center","background-size":"auto","background-attachment":"scroll","background-type":"","background-media":"","overlay-type":"","overlay-color":"","overlay-opacity":"","overlay-gradient":""}},"ast-content-background-meta":{"desktop":{"background-color":"var(--ast-global-color-5)","background-image":"","background-repeat":"repeat","background-position":"center center","background-size":"auto","background-attachment":"scroll","background-type":"","background-media":"","overlay-type":"","overlay-color":"","overlay-opacity":"","overlay-gradient":""},"tablet":{"background-color":"var(--ast-global-color-5)","background-image":"","background-repeat":"repeat","background-position":"center center","background-size":"auto","background-attachment":"scroll","background-type":"","background-media":"","overlay-type":"","overlay-color":"","overlay-opacity":"","overlay-gradient":""},"mobile":{"background-color":"var(--ast-global-color-5)","background-image":"","background-repeat":"repeat","background-position":"center center","background-size":"auto","background-attachment":"scroll","background-type":"","background-media":"","overlay-type":"","overlay-color":"","overlay-opacity":"","overlay-gradient":""}},"footnotes":""},"class_list":["post-710","page","type-page","status-publish","hentry"],"post_mailing_queue_ids":[],"_links":{"self":[{"href":"https:\/\/agora.xtec.cat\/ieslabastida\/wp-json\/wp\/v2\/pages\/710","targetHints":{"allow":["GET"]}}],"collection":[{"href":"https:\/\/agora.xtec.cat\/ieslabastida\/wp-json\/wp\/v2\/pages"}],"about":[{"href":"https:\/\/agora.xtec.cat\/ieslabastida\/wp-json\/wp\/v2\/types\/page"}],"author":[{"embeddable":true,"href":"https:\/\/agora.xtec.cat\/ieslabastida\/wp-json\/wp\/v2\/users\/1"}],"replies":[{"embeddable":true,"href":"https:\/\/agora.xtec.cat\/ieslabastida\/wp-json\/wp\/v2\/comments?post=710"}],"version-history":[{"count":6,"href":"https:\/\/agora.xtec.cat\/ieslabastida\/wp-json\/wp\/v2\/pages\/710\/revisions"}],"predecessor-version":[{"id":10604,"href":"https:\/\/agora.xtec.cat\/ieslabastida\/wp-json\/wp\/v2\/pages\/710\/revisions\/10604"}],"up":[{"embeddable":true,"href":"https:\/\/agora.xtec.cat\/ieslabastida\/wp-json\/wp\/v2\/pages\/81"}],"wp:attachment":[{"href":"https:\/\/agora.xtec.cat\/ieslabastida\/wp-json\/wp\/v2\/media?parent=710"}],"curies":[{"name":"wp","href":"https:\/\/api.w.org\/{rel}","templated":true}]}}