{"id":6373,"date":"2024-02-10T20:02:27","date_gmt":"2024-02-10T19:02:27","guid":{"rendered":"https:\/\/agora.xtec.cat\/ieslabastida\/?page_id=6373"},"modified":"2026-02-13T08:02:56","modified_gmt":"2026-02-13T07:02:56","slug":"erasmus-projet-and-policy-statement","status":"publish","type":"page","link":"https:\/\/agora.xtec.cat\/ieslabastida\/erasmus-projet-and-policy-statement\/","title":{"rendered":"Project Policy Statement"},"content":{"rendered":"<p align=\"JUSTIFY\"><strong><span style=\"font-size: large;\"><a href=\"https:\/\/agora.xtec.cat\/ieslabastida\/wp-content\/uploads\/usu1265\/2024\/02\/Projet-Erasmus.png\"><img loading=\"lazy\" decoding=\"async\" class=\"aligncenter wp-image-6388\" src=\"https:\/\/agora.xtec.cat\/ieslabastida\/wp-content\/uploads\/usu1265\/2024\/02\/Projet-Erasmus.png\" alt=\"\" width=\"889\" height=\"552\" srcset=\"https:\/\/agora.xtec.cat\/ieslabastida\/wp-content\/uploads\/usu1265\/2024\/02\/Projet-Erasmus.png 905w, https:\/\/agora.xtec.cat\/ieslabastida\/wp-content\/uploads\/usu1265\/2024\/02\/Projet-Erasmus-300x186.png 300w, https:\/\/agora.xtec.cat\/ieslabastida\/wp-content\/uploads\/usu1265\/2024\/02\/Projet-Erasmus-768x477.png 768w\" sizes=\"auto, (max-width: 889px) 100vw, 889px\" \/><\/a><\/span><\/strong><\/p>\n<p>Erasmus+ is the European Union program that offers opportunities for all individuals across various educational fields and sectors.<\/p>\n<p><strong>Objective<\/strong><\/p>\n<p>The objective is to promote educational mobility for individuals and groups, including students and staff, as well as to foster cooperation, quality, inclusion, equity, excellence, creativity, and innovation within organizations and policies through lifelong learning. This program aims to facilitate educational, professional, and personal development within the realms of education and training, youth, and sport, both within Europe and beyond its borders. This endeavor contributes to sustainable growth, quality employment, and social cohesion, while also promoting innovation and strengthening European identity, active citizenship, and participation in democratic life.<\/p>\n<p align=\"JUSTIFY\"><a href=\"http:\/\/www.erasmusplus.gob.es\/\" target=\"_blank\" rel=\"noopener\"><img loading=\"lazy\" decoding=\"async\" class=\"aligncenter wp-image-6395\" src=\"https:\/\/agora.xtec.cat\/ieslabastida\/wp-content\/uploads\/usu1265\/2024\/02\/Que-es-el-projecte-Erasmus-1-1024x424.png\" alt=\"\" width=\"835\" height=\"346\" srcset=\"https:\/\/agora.xtec.cat\/ieslabastida\/wp-content\/uploads\/usu1265\/2024\/02\/Que-es-el-projecte-Erasmus-1-1024x424.png 1024w, https:\/\/agora.xtec.cat\/ieslabastida\/wp-content\/uploads\/usu1265\/2024\/02\/Que-es-el-projecte-Erasmus-1-300x124.png 300w, https:\/\/agora.xtec.cat\/ieslabastida\/wp-content\/uploads\/usu1265\/2024\/02\/Que-es-el-projecte-Erasmus-1-768x318.png 768w, https:\/\/agora.xtec.cat\/ieslabastida\/wp-content\/uploads\/usu1265\/2024\/02\/Que-es-el-projecte-Erasmus-1-1536x636.png 1536w, https:\/\/agora.xtec.cat\/ieslabastida\/wp-content\/uploads\/usu1265\/2024\/02\/Que-es-el-projecte-Erasmus-1.png 1890w\" sizes=\"auto, (max-width: 835px) 100vw, 835px\" \/><\/a><\/p>\n<p><strong>Erasmus Policy Statement<\/strong><\/p>\n<p>La Bastida is a high school that offers Compulsory Secondary Education (ESO), High School (Batxillerat), Vocational Education Training (VET) in the fields of Physical and Sports Activities, and Services to the Community. Additionally, we provide a Program of Training and Insertion (PFI) in Painting.<\/p>\n<p>Through Erasmus+ projects, we are enhancing the experiences of our students, many of whom have not previously had the opportunity to travel and engage with other cultures. We are providing them with the chance to observe diverse cultural realities and lifestyles.<\/p>\n<p>La Bastida is part of a network of intercultural organizations, facilitating the exchange of knowledge and experiences with the European Business and Educational Community. This exchange has enabled us to solidify our pedagogical approach, emphasizing quality, best practices, and innovative teaching and learning methods.<\/p>\n<p>This exchange also enables us to learn new strategies for addressing diversity and promoting values such as equality, non-discrimination, inclusion, and tolerance. Furthermore, it fosters community and international participation, enhances linguistic and digital skills, and advances environmental awareness and sustainability, which are essential for preserving the future.<\/p>\n<h4><a href=\"https:\/\/drive.google.com\/file\/d\/1Q33DN0NqXJNJchDmUkLLtuOp9MRKfhGX\/view\" target=\"_blank\" rel=\"noopener\">ECHE Letter<\/a><\/h4>\n<p><strong>Declaraci\u00f3 de pol\u00edtica Erasmus+<\/strong><\/p>\n<p>L\u2019institut La Bastida \u00e9s un centre de secund\u00e0ria on s\u2019imparteixen ESO, Batxillerat i Cicles Formatius de Grau Mitj\u00e0 i Superior de la fam\u00edlia d\u2019Activitats f\u00edsiques i esportives i de Serveis a la comunitat. Tamb\u00e9 s\u2019imparteix el Programa de Formaci\u00f3 i inserci\u00f3 (PFI) auxiliar de pintura<\/p>\n<p>Amb els nostres projectes Erasmus+ estem millorant la situaci\u00f3 d\u2019un alumnat que en general no ha tingut l\u2019oportunitat de viatjar i con\u00e8ixer altres cultures. Els proporcionem l\u2019oportunitat d\u2019observar diferents realitats culturals i estils de vida<\/p>\n<p>En La Bastida formem part d\u2019una xarxa d\u2019organitzacions interculturals, d\u2019aquesta forma intercanviem coneixements i experi\u00e8ncies amb la Comunitat Empresarial i Educativa Europea. Aquest intercanvi, ens permet consolidar la nostra l\u00ednia pedagogia basada en la qualitat i bones pr\u00e0ctiques i en innovadores formes d\u2019ensenyament i aprenentatge.<\/p>\n<p>Ens permet con\u00e8ixer noves maneres d\u2019atendre la diversitat i de transmetre valors d\u2019igualtat, no discriminaci\u00f3, inclusi\u00f3 i toler\u00e0ncia. Ens permet fomentar la participaci\u00f3 comunit\u00e0ria i internacional, ampliar les compet\u00e8ncies ling\u00fc\u00edstiques i digitals i avan\u00e7ar en una perspectiva mediambiental, en el respecte per l\u2019entorn i la sostenibilitat com a necessitat per a preservar el futur<\/p>\n<h4><a href=\"https:\/\/drive.google.com\/file\/d\/1E-3xOxQUCOnKWwlAqlJLxvB4CgPjRCzC\/view\" target=\"_blank\" rel=\"noopener\">Carta ECHE<\/a><\/h4>\n<p><strong>Carta de l&#8217;estudiant Erasmus+<\/strong><\/p>\n<p>El programa Erasmus+ t\u00e9 per objecte donar suport al desenvolupament educatiu, professional i personal d&#8217;estudiants i graduats que participen en ell. Tamb\u00e9 aspira a promoure la igualtat d&#8217;oportunitats i d&#8217;acc\u00e9s, la inclusi\u00f3, la diversitat i l&#8217;equitat en totes les seves accions. Finalment, contribueix a la consecuci\u00f3 dels objectius de la UE pel que fa a la transformaci\u00f3 digital, el desenvolupament sostenible i la ciutadania activa. La Carta de l&#8217;Estudiant Erasmus reflecteix aquests valors i aquestes prioritats amb la finalitat d&#8217;informar adequadament els participants sobre els seus drets i obligacions, aix\u00ed com de garantir l&#8217;\u00e8xit de la mobilitat<\/p>\n<p><a href=\"https:\/\/agora.xtec.cat\/ieslabastida\/wp-content\/uploads\/usu1265\/2025\/07\/Carta-Estudiante-Erasmus.pdf\">Carta de l&#8217;estudiant Erasmus+<\/a><\/p>\n<p>\u00a0<\/p>\n<p><strong><span style=\"color: #000000;\"><span style=\"font-family: Lato, sans-serif;\"><span style=\"font-size: large;\">Estrat\u00e8gia d&#8217;inclusi\u00f3 i diversitat<\/span><\/span><\/span><\/strong><\/p>\n<p>L&#8217;Estrat\u00e8gia d&#8217;inclusi\u00f3 i diversitat del SEPIE busca promoure la igualtat d&#8217;oportunitats i d&#8217;acc\u00e9s, la inclusi\u00f3, la diversitat i l&#8217;equitat en totes les seves accions, tenint com a grup objectiu a les organitzacions i els participants amb menys oportunitats<\/p>\n<p><a href=\"https:\/\/agora.xtec.cat\/ieslabastida\/wp-content\/uploads\/usu1265\/2026\/02\/Guia-Inclusion-y-Diversidad-SEPIE.pdf\">Estrat\u00e8gia inclusi\u00f3 i diversitat<\/a><\/p>\n<p><a href=\"https:\/\/agora.xtec.cat\/ieslabastida\/wp-content\/uploads\/usu1265\/2026\/02\/Guia-Inclusion-y-Diversidad-SEPIE.pdf\"><img loading=\"lazy\" decoding=\"async\" class=\"aligncenter size-large wp-image-6389\" src=\"https:\/\/agora.xtec.cat\/ieslabastida\/wp-content\/uploads\/usu1265\/2024\/02\/Peu-de-pagina-Projecte-Erasmus-1024x202.png\" alt=\"\" width=\"1024\" height=\"202\" srcset=\"https:\/\/agora.xtec.cat\/ieslabastida\/wp-content\/uploads\/usu1265\/2024\/02\/Peu-de-pagina-Projecte-Erasmus-1024x202.png 1024w, https:\/\/agora.xtec.cat\/ieslabastida\/wp-content\/uploads\/usu1265\/2024\/02\/Peu-de-pagina-Projecte-Erasmus-300x59.png 300w, https:\/\/agora.xtec.cat\/ieslabastida\/wp-content\/uploads\/usu1265\/2024\/02\/Peu-de-pagina-Projecte-Erasmus-768x151.png 768w, https:\/\/agora.xtec.cat\/ieslabastida\/wp-content\/uploads\/usu1265\/2024\/02\/Peu-de-pagina-Projecte-Erasmus.png 1534w\" sizes=\"auto, (max-width: 1024px) 100vw, 1024px\" \/><\/a><\/p>\n\n\n<p><\/p>\n","protected":false},"excerpt":{"rendered":"<p>Erasmus+ is the European Union program that offers opportunities for all individuals across various educational fields and sectors. Objective The [&hellip;]<\/p>\n","protected":false},"author":78,"featured_media":0,"parent":0,"menu_order":10,"comment_status":"closed","ping_status":"closed","template":"","meta":{"_bbp_topic_count":0,"_bbp_reply_count":0,"_bbp_total_topic_count":0,"_bbp_total_reply_count":0,"_bbp_voice_count":0,"_bbp_anonymous_reply_count":0,"_bbp_topic_count_hidden":0,"_bbp_reply_count_hidden":0,"_bbp_forum_subforum_count":0,"site-sidebar-layout":"left-sidebar","site-content-layout":"","ast-site-content-layout":"normal-width-container","site-content-style":"default","site-sidebar-style":"default","ast-global-header-display":"","ast-banner-title-visibility":"","ast-main-header-display":"","ast-hfb-above-header-display":"","ast-hfb-below-header-display":"","ast-hfb-mobile-header-display":"","site-post-title":"","ast-breadcrumbs-content":"","ast-featured-img":"","footer-sml-layout":"","theme-transparent-header-meta":"","adv-header-id-meta":"","stick-header-meta":"","header-above-stick-meta":"","header-main-stick-meta":"","header-below-stick-meta":"","astra-migrate-meta-layouts":"set","ast-page-background-enabled":"default","ast-page-background-meta":{"desktop":{"background-color":"var(--ast-global-color-4)","background-image":"","background-repeat":"repeat","background-position":"center center","background-size":"auto","background-attachment":"scroll","background-type":"","background-media":"","overlay-type":"","overlay-color":"","overlay-opacity":"","overlay-gradient":""},"tablet":{"background-color":"","background-image":"","background-repeat":"repeat","background-position":"center center","background-size":"auto","background-attachment":"scroll","background-type":"","background-media":"","overlay-type":"","overlay-color":"","overlay-opacity":"","overlay-gradient":""},"mobile":{"background-color":"","background-image":"","background-repeat":"repeat","background-position":"center center","background-size":"auto","background-attachment":"scroll","background-type":"","background-media":"","overlay-type":"","overlay-color":"","overlay-opacity":"","overlay-gradient":""}},"ast-content-background-meta":{"desktop":{"background-color":"var(--ast-global-color-5)","background-image":"","background-repeat":"repeat","background-position":"center center","background-size":"auto","background-attachment":"scroll","background-type":"","background-media":"","overlay-type":"","overlay-color":"","overlay-opacity":"","overlay-gradient":""},"tablet":{"background-color":"var(--ast-global-color-5)","background-image":"","background-repeat":"repeat","background-position":"center center","background-size":"auto","background-attachment":"scroll","background-type":"","background-media":"","overlay-type":"","overlay-color":"","overlay-opacity":"","overlay-gradient":""},"mobile":{"background-color":"var(--ast-global-color-5)","background-image":"","background-repeat":"repeat","background-position":"center center","background-size":"auto","background-attachment":"scroll","background-type":"","background-media":"","overlay-type":"","overlay-color":"","overlay-opacity":"","overlay-gradient":""}},"footnotes":""},"class_list":["post-6373","page","type-page","status-publish","hentry"],"post_mailing_queue_ids":[],"_links":{"self":[{"href":"https:\/\/agora.xtec.cat\/ieslabastida\/wp-json\/wp\/v2\/pages\/6373","targetHints":{"allow":["GET"]}}],"collection":[{"href":"https:\/\/agora.xtec.cat\/ieslabastida\/wp-json\/wp\/v2\/pages"}],"about":[{"href":"https:\/\/agora.xtec.cat\/ieslabastida\/wp-json\/wp\/v2\/types\/page"}],"author":[{"embeddable":true,"href":"https:\/\/agora.xtec.cat\/ieslabastida\/wp-json\/wp\/v2\/users\/78"}],"replies":[{"embeddable":true,"href":"https:\/\/agora.xtec.cat\/ieslabastida\/wp-json\/wp\/v2\/comments?post=6373"}],"version-history":[{"count":6,"href":"https:\/\/agora.xtec.cat\/ieslabastida\/wp-json\/wp\/v2\/pages\/6373\/revisions"}],"predecessor-version":[{"id":10247,"href":"https:\/\/agora.xtec.cat\/ieslabastida\/wp-json\/wp\/v2\/pages\/6373\/revisions\/10247"}],"wp:attachment":[{"href":"https:\/\/agora.xtec.cat\/ieslabastida\/wp-json\/wp\/v2\/media?parent=6373"}],"curies":[{"name":"wp","href":"https:\/\/api.w.org\/{rel}","templated":true}]}}