{"id":629,"date":"2017-08-04T09:53:25","date_gmt":"2017-08-04T07:53:25","guid":{"rendered":"http:\/\/agora.xtec.cat\/ieslabastida\/?page_id=629"},"modified":"2026-04-07T16:04:42","modified_gmt":"2026-04-07T14:04:42","slug":"conduccio-dactivitats-fisicoesportives-en-el-medi-natura","status":"publish","type":"page","link":"https:\/\/agora.xtec.cat\/ieslabastida\/ensenyaments-esportius\/conduccio-dactivitats-fisicoesportives-en-el-medi-natura\/","title":{"rendered":"CFGM &#8211;  Guia en el Medi Natural i de Temps de Lleure (GUIAMN)"},"content":{"rendered":"\n<p>T\u2019agrada l\u2019esport, l\u2019aventura i el contacte amb el medi ambient? El Cicle de Grau Mitj\u00e0 de Guia en el Medi Natural i de Temps de Lleure t\u2019habilitar\u00e0 per conduir clients per itineraris de muntanya, bicicleta o medi aqu\u00e0tic, garantint sempre la seguretat i el respecte per l&#8217;entorn. La teva missi\u00f3 ser\u00e0 transmetre la passi\u00f3 per la natura i el lleure actiu.<\/p>\n\n\n\n<figure class=\"wp-block-image aligncenter size-full is-resized\"><a href=\"https:\/\/www.instagram.com\/guiamn_inst_la_bastida\/\" target=\"_blank\" rel=\"noreferrer noopener\"><img loading=\"lazy\" decoding=\"async\" width=\"2000\" height=\"120\" src=\"https:\/\/agora.xtec.cat\/ieslabastida\/wp-content\/uploads\/usu1265\/2025\/03\/Afegeix-una-capcalera-20-x-2-cm-20-x-1.2-cm-4.png\" alt=\"\" class=\"wp-image-8584\" style=\"width:700px\" srcset=\"https:\/\/agora.xtec.cat\/ieslabastida\/wp-content\/uploads\/usu1265\/2025\/03\/Afegeix-una-capcalera-20-x-2-cm-20-x-1.2-cm-4.png 2000w, https:\/\/agora.xtec.cat\/ieslabastida\/wp-content\/uploads\/usu1265\/2025\/03\/Afegeix-una-capcalera-20-x-2-cm-20-x-1.2-cm-4-300x18.png 300w, https:\/\/agora.xtec.cat\/ieslabastida\/wp-content\/uploads\/usu1265\/2025\/03\/Afegeix-una-capcalera-20-x-2-cm-20-x-1.2-cm-4-1024x61.png 1024w, https:\/\/agora.xtec.cat\/ieslabastida\/wp-content\/uploads\/usu1265\/2025\/03\/Afegeix-una-capcalera-20-x-2-cm-20-x-1.2-cm-4-768x46.png 768w, https:\/\/agora.xtec.cat\/ieslabastida\/wp-content\/uploads\/usu1265\/2025\/03\/Afegeix-una-capcalera-20-x-2-cm-20-x-1.2-cm-4-1536x92.png 1536w\" sizes=\"auto, (max-width: 2000px) 100vw, 2000px\" \/><\/a><\/figure>\n\n\n\n<div class=\"wp-block-columns is-layout-flex wp-container-core-columns-is-layout-1 wp-block-columns-is-layout-flex\">\n<div class=\"wp-block-column is-layout-flow wp-block-column-is-layout-flow\">\n<div class=\"wp-block-getwid-images-slider has-arrows-inside has-dots-inside has-images-center has-cropped-images alignfull\"><div class=\"wp-block-getwid-images-slider__wrapper\" data-effect=\"slide\" data-slides-show=\"1\" data-slides-show-laptop=\"1\" data-slides-show-tablet=\"1\" data-slides-show-mobile=\"1\" data-slides-scroll=\"1\" data-autoplay=\"false\" data-pause-hover=\"false\" data-autoplay-speed=\"6000\" data-infinite=\"true\" data-animation-speed=\"995\" data-center-mode=\"false\" data-variable-width=\"false\" data-arrows=\"inside\" data-dots=\"inside\" data-spacing=\"none\"><div class=\"wp-block-getwid-images-slider__item\"><figure><img loading=\"lazy\" decoding=\"async\" width=\"1250\" height=\"500\" src=\"https:\/\/agora.xtec.cat\/ieslabastida\/wp-content\/uploads\/usu1265\/2025\/03\/carrussel-guiamn.png\" data-id=\"8578\" data-link=\"https:\/\/agora.xtec.cat\/ieslabastida\/ensenyaments-esportius\/conduccio-dactivitats-fisicoesportives-en-el-medi-natura\/attachment\/carrussel-guiamn\/\" data-original-link=\"https:\/\/agora.xtec.cat\/ieslabastida\/wp-content\/uploads\/usu1265\/2025\/03\/carrussel-guiamn.png\" class=\"wp-block-getwid-images-slider__image wp-image-8578\" srcset=\"https:\/\/agora.xtec.cat\/ieslabastida\/wp-content\/uploads\/usu1265\/2025\/03\/carrussel-guiamn.png 1250w, https:\/\/agora.xtec.cat\/ieslabastida\/wp-content\/uploads\/usu1265\/2025\/03\/carrussel-guiamn-300x120.png 300w, https:\/\/agora.xtec.cat\/ieslabastida\/wp-content\/uploads\/usu1265\/2025\/03\/carrussel-guiamn-1024x410.png 1024w, https:\/\/agora.xtec.cat\/ieslabastida\/wp-content\/uploads\/usu1265\/2025\/03\/carrussel-guiamn-768x307.png 768w\" sizes=\"auto, (max-width: 1250px) 100vw, 1250px\" \/><\/figure><\/div><div class=\"wp-block-getwid-images-slider__item\"><figure><img loading=\"lazy\" decoding=\"async\" width=\"1250\" height=\"500\" src=\"https:\/\/agora.xtec.cat\/ieslabastida\/wp-content\/uploads\/usu1265\/2025\/03\/carrussel-guiamn-1.png\" data-id=\"8583\" data-link=\"https:\/\/agora.xtec.cat\/ieslabastida\/ensenyaments-esportius\/conduccio-dactivitats-fisicoesportives-en-el-medi-natura\/attachment\/carrussel-guiamn-1\/\" data-original-link=\"https:\/\/agora.xtec.cat\/ieslabastida\/wp-content\/uploads\/usu1265\/2025\/03\/carrussel-guiamn-1.png\" class=\"wp-block-getwid-images-slider__image wp-image-8583\" srcset=\"https:\/\/agora.xtec.cat\/ieslabastida\/wp-content\/uploads\/usu1265\/2025\/03\/carrussel-guiamn-1.png 1250w, https:\/\/agora.xtec.cat\/ieslabastida\/wp-content\/uploads\/usu1265\/2025\/03\/carrussel-guiamn-1-300x120.png 300w, https:\/\/agora.xtec.cat\/ieslabastida\/wp-content\/uploads\/usu1265\/2025\/03\/carrussel-guiamn-1-1024x410.png 1024w, https:\/\/agora.xtec.cat\/ieslabastida\/wp-content\/uploads\/usu1265\/2025\/03\/carrussel-guiamn-1-768x307.png 768w\" sizes=\"auto, (max-width: 1250px) 100vw, 1250px\" \/><\/figure><\/div><div class=\"wp-block-getwid-images-slider__item\"><figure><img loading=\"lazy\" decoding=\"async\" width=\"1250\" height=\"500\" src=\"https:\/\/agora.xtec.cat\/ieslabastida\/wp-content\/uploads\/usu1265\/2025\/03\/carrussel-guiamn-2.png\" data-id=\"8582\" data-link=\"https:\/\/agora.xtec.cat\/ieslabastida\/ensenyaments-esportius\/conduccio-dactivitats-fisicoesportives-en-el-medi-natura\/attachment\/carrussel-guiamn-2\/\" data-original-link=\"https:\/\/agora.xtec.cat\/ieslabastida\/wp-content\/uploads\/usu1265\/2025\/03\/carrussel-guiamn-2.png\" class=\"wp-block-getwid-images-slider__image wp-image-8582\" srcset=\"https:\/\/agora.xtec.cat\/ieslabastida\/wp-content\/uploads\/usu1265\/2025\/03\/carrussel-guiamn-2.png 1250w, https:\/\/agora.xtec.cat\/ieslabastida\/wp-content\/uploads\/usu1265\/2025\/03\/carrussel-guiamn-2-300x120.png 300w, https:\/\/agora.xtec.cat\/ieslabastida\/wp-content\/uploads\/usu1265\/2025\/03\/carrussel-guiamn-2-1024x410.png 1024w, https:\/\/agora.xtec.cat\/ieslabastida\/wp-content\/uploads\/usu1265\/2025\/03\/carrussel-guiamn-2-768x307.png 768w\" sizes=\"auto, (max-width: 1250px) 100vw, 1250px\" \/><\/figure><\/div><div class=\"wp-block-getwid-images-slider__item\"><figure><img loading=\"lazy\" decoding=\"async\" width=\"2000\" height=\"800\" src=\"https:\/\/agora.xtec.cat\/ieslabastida\/wp-content\/uploads\/usu1265\/2025\/03\/4-4.png\" data-id=\"8576\" data-link=\"https:\/\/agora.xtec.cat\/ieslabastida\/ensenyaments-esportius\/conduccio-dactivitats-fisicoesportives-en-el-medi-natura\/attachment\/4-4-2\/\" data-original-link=\"https:\/\/agora.xtec.cat\/ieslabastida\/wp-content\/uploads\/usu1265\/2025\/03\/4-4.png\" class=\"wp-block-getwid-images-slider__image wp-image-8576\" srcset=\"https:\/\/agora.xtec.cat\/ieslabastida\/wp-content\/uploads\/usu1265\/2025\/03\/4-4.png 2000w, https:\/\/agora.xtec.cat\/ieslabastida\/wp-content\/uploads\/usu1265\/2025\/03\/4-4-300x120.png 300w, https:\/\/agora.xtec.cat\/ieslabastida\/wp-content\/uploads\/usu1265\/2025\/03\/4-4-1024x410.png 1024w, https:\/\/agora.xtec.cat\/ieslabastida\/wp-content\/uploads\/usu1265\/2025\/03\/4-4-768x307.png 768w, https:\/\/agora.xtec.cat\/ieslabastida\/wp-content\/uploads\/usu1265\/2025\/03\/4-4-1536x614.png 1536w\" sizes=\"auto, (max-width: 2000px) 100vw, 2000px\" \/><\/figure><\/div><div class=\"wp-block-getwid-images-slider__item\"><figure><img loading=\"lazy\" decoding=\"async\" width=\"2000\" height=\"800\" src=\"https:\/\/agora.xtec.cat\/ieslabastida\/wp-content\/uploads\/usu1265\/2025\/03\/5-2.png\" data-id=\"8577\" data-link=\"https:\/\/agora.xtec.cat\/ieslabastida\/ensenyaments-esportius\/conduccio-dactivitats-fisicoesportives-en-el-medi-natura\/attachment\/5-2-2\/\" data-original-link=\"https:\/\/agora.xtec.cat\/ieslabastida\/wp-content\/uploads\/usu1265\/2025\/03\/5-2.png\" class=\"wp-block-getwid-images-slider__image wp-image-8577\" srcset=\"https:\/\/agora.xtec.cat\/ieslabastida\/wp-content\/uploads\/usu1265\/2025\/03\/5-2.png 2000w, https:\/\/agora.xtec.cat\/ieslabastida\/wp-content\/uploads\/usu1265\/2025\/03\/5-2-300x120.png 300w, https:\/\/agora.xtec.cat\/ieslabastida\/wp-content\/uploads\/usu1265\/2025\/03\/5-2-1024x410.png 1024w, https:\/\/agora.xtec.cat\/ieslabastida\/wp-content\/uploads\/usu1265\/2025\/03\/5-2-768x307.png 768w, https:\/\/agora.xtec.cat\/ieslabastida\/wp-content\/uploads\/usu1265\/2025\/03\/5-2-1536x614.png 1536w\" sizes=\"auto, (max-width: 2000px) 100vw, 2000px\" \/><\/figure><\/div><div class=\"wp-block-getwid-images-slider__item\"><figure><img loading=\"lazy\" decoding=\"async\" width=\"1250\" height=\"500\" src=\"https:\/\/agora.xtec.cat\/ieslabastida\/wp-content\/uploads\/usu1265\/2025\/03\/carrussel-guiamn-3.png\" data-id=\"8581\" data-link=\"https:\/\/agora.xtec.cat\/ieslabastida\/ensenyaments-esportius\/conduccio-dactivitats-fisicoesportives-en-el-medi-natura\/attachment\/carrussel-guiamn-3\/\" data-original-link=\"https:\/\/agora.xtec.cat\/ieslabastida\/wp-content\/uploads\/usu1265\/2025\/03\/carrussel-guiamn-3.png\" class=\"wp-block-getwid-images-slider__image wp-image-8581\" srcset=\"https:\/\/agora.xtec.cat\/ieslabastida\/wp-content\/uploads\/usu1265\/2025\/03\/carrussel-guiamn-3.png 1250w, https:\/\/agora.xtec.cat\/ieslabastida\/wp-content\/uploads\/usu1265\/2025\/03\/carrussel-guiamn-3-300x120.png 300w, https:\/\/agora.xtec.cat\/ieslabastida\/wp-content\/uploads\/usu1265\/2025\/03\/carrussel-guiamn-3-1024x410.png 1024w, https:\/\/agora.xtec.cat\/ieslabastida\/wp-content\/uploads\/usu1265\/2025\/03\/carrussel-guiamn-3-768x307.png 768w\" sizes=\"auto, (max-width: 1250px) 100vw, 1250px\" \/><\/figure><\/div><div class=\"wp-block-getwid-images-slider__item\"><figure><img loading=\"lazy\" decoding=\"async\" width=\"1250\" height=\"500\" src=\"https:\/\/agora.xtec.cat\/ieslabastida\/wp-content\/uploads\/usu1265\/2025\/03\/carrussel-guiamn-4.png\" data-id=\"8580\" data-link=\"https:\/\/agora.xtec.cat\/ieslabastida\/ensenyaments-esportius\/conduccio-dactivitats-fisicoesportives-en-el-medi-natura\/attachment\/carrussel-guiamn-4\/\" data-original-link=\"https:\/\/agora.xtec.cat\/ieslabastida\/wp-content\/uploads\/usu1265\/2025\/03\/carrussel-guiamn-4.png\" class=\"wp-block-getwid-images-slider__image wp-image-8580\" srcset=\"https:\/\/agora.xtec.cat\/ieslabastida\/wp-content\/uploads\/usu1265\/2025\/03\/carrussel-guiamn-4.png 1250w, https:\/\/agora.xtec.cat\/ieslabastida\/wp-content\/uploads\/usu1265\/2025\/03\/carrussel-guiamn-4-300x120.png 300w, https:\/\/agora.xtec.cat\/ieslabastida\/wp-content\/uploads\/usu1265\/2025\/03\/carrussel-guiamn-4-1024x410.png 1024w, https:\/\/agora.xtec.cat\/ieslabastida\/wp-content\/uploads\/usu1265\/2025\/03\/carrussel-guiamn-4-768x307.png 768w\" sizes=\"auto, (max-width: 1250px) 100vw, 1250px\" \/><\/figure><\/div><div class=\"wp-block-getwid-images-slider__item\"><figure><img loading=\"lazy\" decoding=\"async\" width=\"1250\" height=\"500\" src=\"https:\/\/agora.xtec.cat\/ieslabastida\/wp-content\/uploads\/usu1265\/2025\/03\/carrussel-guiamn-5.png\" data-id=\"8579\" data-link=\"https:\/\/agora.xtec.cat\/ieslabastida\/ensenyaments-esportius\/conduccio-dactivitats-fisicoesportives-en-el-medi-natura\/attachment\/carrussel-guiamn-5\/\" data-original-link=\"https:\/\/agora.xtec.cat\/ieslabastida\/wp-content\/uploads\/usu1265\/2025\/03\/carrussel-guiamn-5.png\" class=\"wp-block-getwid-images-slider__image wp-image-8579\" srcset=\"https:\/\/agora.xtec.cat\/ieslabastida\/wp-content\/uploads\/usu1265\/2025\/03\/carrussel-guiamn-5.png 1250w, https:\/\/agora.xtec.cat\/ieslabastida\/wp-content\/uploads\/usu1265\/2025\/03\/carrussel-guiamn-5-300x120.png 300w, https:\/\/agora.xtec.cat\/ieslabastida\/wp-content\/uploads\/usu1265\/2025\/03\/carrussel-guiamn-5-1024x410.png 1024w, https:\/\/agora.xtec.cat\/ieslabastida\/wp-content\/uploads\/usu1265\/2025\/03\/carrussel-guiamn-5-768x307.png 768w\" sizes=\"auto, (max-width: 1250px) 100vw, 1250px\" \/><\/figure><\/div><\/div><\/div>\n\n\n\n<figure class=\"wp-block-embed is-type-video is-provider-youtube wp-block-embed-youtube wp-embed-aspect-16-9 wp-has-aspect-ratio\"><div class=\"wp-block-embed__wrapper\">\n<div class=\"ast-oembed-container \" style=\"height: 100%;\"><iframe loading=\"lazy\" title=\"V\u00eddeo GUIAMN\" width=\"500\" height=\"281\" src=\"https:\/\/www.youtube.com\/embed\/7xeqDFZGSxg?feature=oembed\" frameborder=\"0\" allow=\"accelerometer; autoplay; clipboard-write; encrypted-media; gyroscope; picture-in-picture; web-share\" referrerpolicy=\"strict-origin-when-cross-origin\" allowfullscreen><\/iframe><\/div>\n<\/div><\/figure>\n<\/div>\n\n\n\n<div class=\"wp-block-column is-layout-flow wp-block-column-is-layout-flow\">\n<figure class=\"wp-block-image alignfull size-full\"><a href=\"https:\/\/agora.xtec.cat\/ieslabastida\/wp-content\/uploads\/usu1265\/2025\/03\/web-tots-estudis-pagina.png\"><img loading=\"lazy\" decoding=\"async\" width=\"1080\" height=\"1350\" src=\"https:\/\/agora.xtec.cat\/ieslabastida\/wp-content\/uploads\/usu1265\/2025\/03\/web-tots-estudis-pagina.png\" alt=\"\" class=\"wp-image-8586\" srcset=\"https:\/\/agora.xtec.cat\/ieslabastida\/wp-content\/uploads\/usu1265\/2025\/03\/web-tots-estudis-pagina.png 1080w, https:\/\/agora.xtec.cat\/ieslabastida\/wp-content\/uploads\/usu1265\/2025\/03\/web-tots-estudis-pagina-240x300.png 240w, https:\/\/agora.xtec.cat\/ieslabastida\/wp-content\/uploads\/usu1265\/2025\/03\/web-tots-estudis-pagina-819x1024.png 819w, https:\/\/agora.xtec.cat\/ieslabastida\/wp-content\/uploads\/usu1265\/2025\/03\/web-tots-estudis-pagina-768x960.png 768w\" sizes=\"auto, (max-width: 1080px) 100vw, 1080px\" \/><\/a><\/figure>\n<\/div>\n<\/div>\n","protected":false},"excerpt":{"rendered":"<p>T\u2019agrada l\u2019esport, l\u2019aventura i el contacte amb el medi ambient? El Cicle de Grau Mitj\u00e0 de Guia en el Medi [&hellip;]<\/p>\n","protected":false},"author":1,"featured_media":0,"parent":1446,"menu_order":20,"comment_status":"closed","ping_status":"closed","template":"","meta":{"_bbp_topic_count":0,"_bbp_reply_count":0,"_bbp_total_topic_count":0,"_bbp_total_reply_count":0,"_bbp_voice_count":0,"_bbp_anonymous_reply_count":0,"_bbp_topic_count_hidden":0,"_bbp_reply_count_hidden":0,"_bbp_forum_subforum_count":0,"site-sidebar-layout":"no-sidebar","site-content-layout":"","ast-site-content-layout":"normal-width-container","site-content-style":"default","site-sidebar-style":"default","ast-global-header-display":"","ast-banner-title-visibility":"","ast-main-header-display":"","ast-hfb-above-header-display":"","ast-hfb-below-header-display":"","ast-hfb-mobile-header-display":"","site-post-title":"","ast-breadcrumbs-content":"","ast-featured-img":"","footer-sml-layout":"","theme-transparent-header-meta":"","adv-header-id-meta":"","stick-header-meta":"","header-above-stick-meta":"","header-main-stick-meta":"","header-below-stick-meta":"","astra-migrate-meta-layouts":"set","ast-page-background-enabled":"default","ast-page-background-meta":{"desktop":{"background-color":"var(--ast-global-color-4)","background-image":"","background-repeat":"repeat","background-position":"center center","background-size":"auto","background-attachment":"scroll","background-type":"","background-media":"","overlay-type":"","overlay-color":"","overlay-opacity":"","overlay-gradient":""},"tablet":{"background-color":"","background-image":"","background-repeat":"repeat","background-position":"center center","background-size":"auto","background-attachment":"scroll","background-type":"","background-media":"","overlay-type":"","overlay-color":"","overlay-opacity":"","overlay-gradient":""},"mobile":{"background-color":"","background-image":"","background-repeat":"repeat","background-position":"center center","background-size":"auto","background-attachment":"scroll","background-type":"","background-media":"","overlay-type":"","overlay-color":"","overlay-opacity":"","overlay-gradient":""}},"ast-content-background-meta":{"desktop":{"background-color":"var(--ast-global-color-5)","background-image":"","background-repeat":"repeat","background-position":"center center","background-size":"auto","background-attachment":"scroll","background-type":"","background-media":"","overlay-type":"","overlay-color":"","overlay-opacity":"","overlay-gradient":""},"tablet":{"background-color":"var(--ast-global-color-5)","background-image":"","background-repeat":"repeat","background-position":"center center","background-size":"auto","background-attachment":"scroll","background-type":"","background-media":"","overlay-type":"","overlay-color":"","overlay-opacity":"","overlay-gradient":""},"mobile":{"background-color":"var(--ast-global-color-5)","background-image":"","background-repeat":"repeat","background-position":"center center","background-size":"auto","background-attachment":"scroll","background-type":"","background-media":"","overlay-type":"","overlay-color":"","overlay-opacity":"","overlay-gradient":""}},"footnotes":""},"class_list":["post-629","page","type-page","status-publish","hentry"],"post_mailing_queue_ids":[],"_links":{"self":[{"href":"https:\/\/agora.xtec.cat\/ieslabastida\/wp-json\/wp\/v2\/pages\/629","targetHints":{"allow":["GET"]}}],"collection":[{"href":"https:\/\/agora.xtec.cat\/ieslabastida\/wp-json\/wp\/v2\/pages"}],"about":[{"href":"https:\/\/agora.xtec.cat\/ieslabastida\/wp-json\/wp\/v2\/types\/page"}],"author":[{"embeddable":true,"href":"https:\/\/agora.xtec.cat\/ieslabastida\/wp-json\/wp\/v2\/users\/1"}],"replies":[{"embeddable":true,"href":"https:\/\/agora.xtec.cat\/ieslabastida\/wp-json\/wp\/v2\/comments?post=629"}],"version-history":[{"count":6,"href":"https:\/\/agora.xtec.cat\/ieslabastida\/wp-json\/wp\/v2\/pages\/629\/revisions"}],"predecessor-version":[{"id":10518,"href":"https:\/\/agora.xtec.cat\/ieslabastida\/wp-json\/wp\/v2\/pages\/629\/revisions\/10518"}],"up":[{"embeddable":true,"href":"https:\/\/agora.xtec.cat\/ieslabastida\/wp-json\/wp\/v2\/pages\/1446"}],"wp:attachment":[{"href":"https:\/\/agora.xtec.cat\/ieslabastida\/wp-json\/wp\/v2\/media?parent=629"}],"curies":[{"name":"wp","href":"https:\/\/api.w.org\/{rel}","templated":true}]}}