{"id":622,"date":"2017-08-04T09:27:33","date_gmt":"2017-08-04T07:27:33","guid":{"rendered":"http:\/\/agora.xtec.cat\/ieslabastida\/?page_id=622"},"modified":"2026-04-07T15:28:27","modified_gmt":"2026-04-07T13:28:27","slug":"cfgm-atencio-a-persones-en-situacio-de-dependencia","status":"publish","type":"page","link":"https:\/\/agora.xtec.cat\/ieslabastida\/serveis-socioculturals-i-a-la-comunitat\/cfgm-atencio-a-persones-en-situacio-de-dependencia\/","title":{"rendered":"CFGM &#8211; Atenci\u00f3 a Persones en Situaci\u00f3 de Depend\u00e8ncia"},"content":{"rendered":"\n<p class=\"has-medium-font-size\">T\u2019agradaria treballar millorant la qualitat de vida d\u2019aquelles persones que m\u00e9s ho necessiten? El Cicle de Grau Mitj\u00e0 d\u2019Atenci\u00f3 a Persones en Situaci\u00f3 de Depend\u00e8ncia t\u2019ofereix la formaci\u00f3 necess\u00e0ria per convertir-te en un professional del sector sociosanitari, aprenent a atendre les necessitats f\u00edsiques, psicosocials i domicili\u00e0ries de col\u00b7lectius diversos.<\/p>\n\n\n\n<figure class=\"wp-block-image aligncenter size-full is-resized\"><a href=\"https:\/\/www.instagram.com\/tapd_la_bastida\/\"><img loading=\"lazy\" decoding=\"async\" width=\"2000\" height=\"120\" src=\"https:\/\/agora.xtec.cat\/ieslabastida\/wp-content\/uploads\/usu1265\/2025\/03\/Afegeix-una-capcalera-20-x-2-cm-20-x-1.2-cm-3.png\" alt=\"Fes clic per anar a l'insttagram de TAPD\" class=\"wp-image-8571\" style=\"width:700px\" srcset=\"https:\/\/agora.xtec.cat\/ieslabastida\/wp-content\/uploads\/usu1265\/2025\/03\/Afegeix-una-capcalera-20-x-2-cm-20-x-1.2-cm-3.png 2000w, https:\/\/agora.xtec.cat\/ieslabastida\/wp-content\/uploads\/usu1265\/2025\/03\/Afegeix-una-capcalera-20-x-2-cm-20-x-1.2-cm-3-300x18.png 300w, https:\/\/agora.xtec.cat\/ieslabastida\/wp-content\/uploads\/usu1265\/2025\/03\/Afegeix-una-capcalera-20-x-2-cm-20-x-1.2-cm-3-1024x61.png 1024w, https:\/\/agora.xtec.cat\/ieslabastida\/wp-content\/uploads\/usu1265\/2025\/03\/Afegeix-una-capcalera-20-x-2-cm-20-x-1.2-cm-3-768x46.png 768w, https:\/\/agora.xtec.cat\/ieslabastida\/wp-content\/uploads\/usu1265\/2025\/03\/Afegeix-una-capcalera-20-x-2-cm-20-x-1.2-cm-3-1536x92.png 1536w\" sizes=\"auto, (max-width: 2000px) 100vw, 2000px\" \/><\/a><\/figure>\n\n\n\n<div class=\"wp-block-columns alignfull are-vertically-aligned-top is-layout-flex wp-container-core-columns-is-layout-1 wp-block-columns-is-layout-flex\">\n<div class=\"wp-block-column is-vertically-aligned-top is-layout-flow wp-block-column-is-layout-flow\">\n<div class=\"wp-block-getwid-images-slider has-arrows-inside has-dots-inside has-images-center has-cropped-images alignfull\"><div class=\"wp-block-getwid-images-slider__wrapper\" data-effect=\"slide\" data-slides-show=\"1\" data-slides-show-laptop=\"1\" data-slides-show-tablet=\"1\" data-slides-show-mobile=\"1\" data-slides-scroll=\"1\" data-autoplay=\"true\" data-pause-hover=\"true\" data-autoplay-speed=\"3000\" data-infinite=\"true\" data-animation-speed=\"800\" data-center-mode=\"false\" data-variable-width=\"false\" data-arrows=\"inside\" data-dots=\"inside\" data-spacing=\"none\"><div class=\"wp-block-getwid-images-slider__item\"><figure><img loading=\"lazy\" decoding=\"async\" width=\"2000\" height=\"800\" src=\"https:\/\/agora.xtec.cat\/ieslabastida\/wp-content\/uploads\/usu1265\/2025\/03\/2.png\" data-id=\"8562\" data-link=\"https:\/\/agora.xtec.cat\/ieslabastida\/serveis-socioculturals-i-a-la-comunitat\/cfgm-atencio-a-persones-en-situacio-de-dependencia\/attachment\/2-6\/\" data-original-link=\"https:\/\/agora.xtec.cat\/ieslabastida\/wp-content\/uploads\/usu1265\/2025\/03\/2.png\" class=\"wp-block-getwid-images-slider__image wp-image-8562\" srcset=\"https:\/\/agora.xtec.cat\/ieslabastida\/wp-content\/uploads\/usu1265\/2025\/03\/2.png 2000w, https:\/\/agora.xtec.cat\/ieslabastida\/wp-content\/uploads\/usu1265\/2025\/03\/2-300x120.png 300w, https:\/\/agora.xtec.cat\/ieslabastida\/wp-content\/uploads\/usu1265\/2025\/03\/2-1024x410.png 1024w, https:\/\/agora.xtec.cat\/ieslabastida\/wp-content\/uploads\/usu1265\/2025\/03\/2-768x307.png 768w, https:\/\/agora.xtec.cat\/ieslabastida\/wp-content\/uploads\/usu1265\/2025\/03\/2-1536x614.png 1536w\" sizes=\"auto, (max-width: 2000px) 100vw, 2000px\" \/><\/figure><\/div><div class=\"wp-block-getwid-images-slider__item\"><figure><img loading=\"lazy\" decoding=\"async\" width=\"2000\" height=\"800\" src=\"https:\/\/agora.xtec.cat\/ieslabastida\/wp-content\/uploads\/usu1265\/2025\/03\/4-3.png\" data-id=\"8564\" data-link=\"https:\/\/agora.xtec.cat\/ieslabastida\/serveis-socioculturals-i-a-la-comunitat\/cfgm-atencio-a-persones-en-situacio-de-dependencia\/attachment\/4-3-2\/\" data-original-link=\"https:\/\/agora.xtec.cat\/ieslabastida\/wp-content\/uploads\/usu1265\/2025\/03\/4-3.png\" class=\"wp-block-getwid-images-slider__image wp-image-8564\" srcset=\"https:\/\/agora.xtec.cat\/ieslabastida\/wp-content\/uploads\/usu1265\/2025\/03\/4-3.png 2000w, https:\/\/agora.xtec.cat\/ieslabastida\/wp-content\/uploads\/usu1265\/2025\/03\/4-3-300x120.png 300w, https:\/\/agora.xtec.cat\/ieslabastida\/wp-content\/uploads\/usu1265\/2025\/03\/4-3-1024x410.png 1024w, https:\/\/agora.xtec.cat\/ieslabastida\/wp-content\/uploads\/usu1265\/2025\/03\/4-3-768x307.png 768w, https:\/\/agora.xtec.cat\/ieslabastida\/wp-content\/uploads\/usu1265\/2025\/03\/4-3-1536x614.png 1536w\" sizes=\"auto, (max-width: 2000px) 100vw, 2000px\" \/><\/figure><\/div><div class=\"wp-block-getwid-images-slider__item\"><figure><img loading=\"lazy\" decoding=\"async\" width=\"2000\" height=\"800\" src=\"https:\/\/agora.xtec.cat\/ieslabastida\/wp-content\/uploads\/usu1265\/2025\/03\/5-1.png\" data-id=\"8565\" data-link=\"https:\/\/agora.xtec.cat\/ieslabastida\/serveis-socioculturals-i-a-la-comunitat\/cfgm-atencio-a-persones-en-situacio-de-dependencia\/attachment\/5-1\/\" data-original-link=\"https:\/\/agora.xtec.cat\/ieslabastida\/wp-content\/uploads\/usu1265\/2025\/03\/5-1.png\" class=\"wp-block-getwid-images-slider__image wp-image-8565\" srcset=\"https:\/\/agora.xtec.cat\/ieslabastida\/wp-content\/uploads\/usu1265\/2025\/03\/5-1.png 2000w, https:\/\/agora.xtec.cat\/ieslabastida\/wp-content\/uploads\/usu1265\/2025\/03\/5-1-300x120.png 300w, https:\/\/agora.xtec.cat\/ieslabastida\/wp-content\/uploads\/usu1265\/2025\/03\/5-1-1024x410.png 1024w, https:\/\/agora.xtec.cat\/ieslabastida\/wp-content\/uploads\/usu1265\/2025\/03\/5-1-768x307.png 768w, https:\/\/agora.xtec.cat\/ieslabastida\/wp-content\/uploads\/usu1265\/2025\/03\/5-1-1536x614.png 1536w\" sizes=\"auto, (max-width: 2000px) 100vw, 2000px\" \/><\/figure><\/div><div class=\"wp-block-getwid-images-slider__item\"><figure><img loading=\"lazy\" decoding=\"async\" width=\"2000\" height=\"800\" src=\"https:\/\/agora.xtec.cat\/ieslabastida\/wp-content\/uploads\/usu1265\/2025\/03\/3-2.png\" data-id=\"8563\" data-link=\"https:\/\/agora.xtec.cat\/ieslabastida\/serveis-socioculturals-i-a-la-comunitat\/cfgm-atencio-a-persones-en-situacio-de-dependencia\/attachment\/3-2-2\/\" data-original-link=\"https:\/\/agora.xtec.cat\/ieslabastida\/wp-content\/uploads\/usu1265\/2025\/03\/3-2.png\" class=\"wp-block-getwid-images-slider__image wp-image-8563\" srcset=\"https:\/\/agora.xtec.cat\/ieslabastida\/wp-content\/uploads\/usu1265\/2025\/03\/3-2.png 2000w, https:\/\/agora.xtec.cat\/ieslabastida\/wp-content\/uploads\/usu1265\/2025\/03\/3-2-300x120.png 300w, https:\/\/agora.xtec.cat\/ieslabastida\/wp-content\/uploads\/usu1265\/2025\/03\/3-2-1024x410.png 1024w, https:\/\/agora.xtec.cat\/ieslabastida\/wp-content\/uploads\/usu1265\/2025\/03\/3-2-768x307.png 768w, https:\/\/agora.xtec.cat\/ieslabastida\/wp-content\/uploads\/usu1265\/2025\/03\/3-2-1536x614.png 1536w\" sizes=\"auto, (max-width: 2000px) 100vw, 2000px\" \/><\/figure><\/div><div class=\"wp-block-getwid-images-slider__item\"><figure><img loading=\"lazy\" decoding=\"async\" width=\"2000\" height=\"800\" src=\"https:\/\/agora.xtec.cat\/ieslabastida\/wp-content\/uploads\/usu1265\/2025\/03\/1-1.png\" data-id=\"8561\" data-link=\"https:\/\/agora.xtec.cat\/ieslabastida\/serveis-socioculturals-i-a-la-comunitat\/cfgm-atencio-a-persones-en-situacio-de-dependencia\/attachment\/1-1\/\" data-original-link=\"https:\/\/agora.xtec.cat\/ieslabastida\/wp-content\/uploads\/usu1265\/2025\/03\/1-1.png\" class=\"wp-block-getwid-images-slider__image wp-image-8561\" srcset=\"https:\/\/agora.xtec.cat\/ieslabastida\/wp-content\/uploads\/usu1265\/2025\/03\/1-1.png 2000w, https:\/\/agora.xtec.cat\/ieslabastida\/wp-content\/uploads\/usu1265\/2025\/03\/1-1-300x120.png 300w, https:\/\/agora.xtec.cat\/ieslabastida\/wp-content\/uploads\/usu1265\/2025\/03\/1-1-1024x410.png 1024w, https:\/\/agora.xtec.cat\/ieslabastida\/wp-content\/uploads\/usu1265\/2025\/03\/1-1-768x307.png 768w, https:\/\/agora.xtec.cat\/ieslabastida\/wp-content\/uploads\/usu1265\/2025\/03\/1-1-1536x614.png 1536w\" sizes=\"auto, (max-width: 2000px) 100vw, 2000px\" \/><\/figure><\/div><div class=\"wp-block-getwid-images-slider__item\"><figure><img loading=\"lazy\" decoding=\"async\" width=\"2000\" height=\"800\" src=\"https:\/\/agora.xtec.cat\/ieslabastida\/wp-content\/uploads\/usu1265\/2025\/03\/6-1.png\" data-id=\"8566\" data-link=\"https:\/\/agora.xtec.cat\/ieslabastida\/serveis-socioculturals-i-a-la-comunitat\/cfgm-atencio-a-persones-en-situacio-de-dependencia\/attachment\/6-1\/\" data-original-link=\"https:\/\/agora.xtec.cat\/ieslabastida\/wp-content\/uploads\/usu1265\/2025\/03\/6-1.png\" class=\"wp-block-getwid-images-slider__image wp-image-8566\" srcset=\"https:\/\/agora.xtec.cat\/ieslabastida\/wp-content\/uploads\/usu1265\/2025\/03\/6-1.png 2000w, https:\/\/agora.xtec.cat\/ieslabastida\/wp-content\/uploads\/usu1265\/2025\/03\/6-1-300x120.png 300w, https:\/\/agora.xtec.cat\/ieslabastida\/wp-content\/uploads\/usu1265\/2025\/03\/6-1-1024x410.png 1024w, https:\/\/agora.xtec.cat\/ieslabastida\/wp-content\/uploads\/usu1265\/2025\/03\/6-1-768x307.png 768w, https:\/\/agora.xtec.cat\/ieslabastida\/wp-content\/uploads\/usu1265\/2025\/03\/6-1-1536x614.png 1536w\" sizes=\"auto, (max-width: 2000px) 100vw, 2000px\" \/><\/figure><\/div><\/div><\/div>\n\n\n\n<div style=\"height:14px\" aria-hidden=\"true\" class=\"wp-block-spacer\"><\/div>\n\n\n\n<figure class=\"wp-block-embed is-type-video is-provider-youtube wp-block-embed-youtube wp-embed-aspect-16-9 wp-has-aspect-ratio\"><div class=\"wp-block-embed__wrapper\">\n<div class=\"ast-oembed-container \" style=\"height: 100%;\"><iframe loading=\"lazy\" title=\"V\u00eddeo Portes obertes TAPD 2025\" width=\"500\" height=\"281\" src=\"https:\/\/www.youtube.com\/embed\/IJNn3QRjg18?feature=oembed\" frameborder=\"0\" allow=\"accelerometer; autoplay; clipboard-write; encrypted-media; gyroscope; picture-in-picture; web-share\" referrerpolicy=\"strict-origin-when-cross-origin\" allowfullscreen><\/iframe><\/div>\n<\/div><\/figure>\n<\/div>\n\n\n\n<div class=\"wp-block-column is-vertically-aligned-top is-layout-flow wp-block-column-is-layout-flow\">\n<figure class=\"wp-block-image alignfull size-full\"><a href=\"https:\/\/agora.xtec.cat\/ieslabastida\/wp-content\/uploads\/usu1265\/2025\/03\/info_tapd.png\"><img loading=\"lazy\" decoding=\"async\" width=\"1080\" height=\"1350\" src=\"https:\/\/agora.xtec.cat\/ieslabastida\/wp-content\/uploads\/usu1265\/2025\/03\/info_tapd.png\" alt=\"\" class=\"wp-image-8573\" srcset=\"https:\/\/agora.xtec.cat\/ieslabastida\/wp-content\/uploads\/usu1265\/2025\/03\/info_tapd.png 1080w, https:\/\/agora.xtec.cat\/ieslabastida\/wp-content\/uploads\/usu1265\/2025\/03\/info_tapd-240x300.png 240w, https:\/\/agora.xtec.cat\/ieslabastida\/wp-content\/uploads\/usu1265\/2025\/03\/info_tapd-819x1024.png 819w, https:\/\/agora.xtec.cat\/ieslabastida\/wp-content\/uploads\/usu1265\/2025\/03\/info_tapd-768x960.png 768w\" sizes=\"auto, (max-width: 1080px) 100vw, 1080px\" \/><\/a><\/figure>\n<\/div>\n<\/div>\n","protected":false},"excerpt":{"rendered":"<p>T\u2019agradaria treballar millorant la qualitat de vida d\u2019aquelles persones que m\u00e9s ho necessiten? El Cicle de Grau Mitj\u00e0 d\u2019Atenci\u00f3 a [&hellip;]<\/p>\n","protected":false},"author":1,"featured_media":0,"parent":5722,"menu_order":10,"comment_status":"closed","ping_status":"closed","template":"","meta":{"_bbp_topic_count":0,"_bbp_reply_count":0,"_bbp_total_topic_count":0,"_bbp_total_reply_count":0,"_bbp_voice_count":0,"_bbp_anonymous_reply_count":0,"_bbp_topic_count_hidden":0,"_bbp_reply_count_hidden":0,"_bbp_forum_subforum_count":0,"site-sidebar-layout":"no-sidebar","site-content-layout":"","ast-site-content-layout":"normal-width-container","site-content-style":"default","site-sidebar-style":"default","ast-global-header-display":"","ast-banner-title-visibility":"","ast-main-header-display":"","ast-hfb-above-header-display":"","ast-hfb-below-header-display":"","ast-hfb-mobile-header-display":"","site-post-title":"","ast-breadcrumbs-content":"","ast-featured-img":"","footer-sml-layout":"","theme-transparent-header-meta":"","adv-header-id-meta":"","stick-header-meta":"","header-above-stick-meta":"","header-main-stick-meta":"","header-below-stick-meta":"","astra-migrate-meta-layouts":"set","ast-page-background-enabled":"default","ast-page-background-meta":{"desktop":{"background-color":"var(--ast-global-color-4)","background-image":"","background-repeat":"repeat","background-position":"center center","background-size":"auto","background-attachment":"scroll","background-type":"","background-media":"","overlay-type":"","overlay-color":"","overlay-opacity":"","overlay-gradient":""},"tablet":{"background-color":"","background-image":"","background-repeat":"repeat","background-position":"center center","background-size":"auto","background-attachment":"scroll","background-type":"","background-media":"","overlay-type":"","overlay-color":"","overlay-opacity":"","overlay-gradient":""},"mobile":{"background-color":"","background-image":"","background-repeat":"repeat","background-position":"center center","background-size":"auto","background-attachment":"scroll","background-type":"","background-media":"","overlay-type":"","overlay-color":"","overlay-opacity":"","overlay-gradient":""}},"ast-content-background-meta":{"desktop":{"background-color":"var(--ast-global-color-5)","background-image":"","background-repeat":"repeat","background-position":"center center","background-size":"auto","background-attachment":"scroll","background-type":"","background-media":"","overlay-type":"","overlay-color":"","overlay-opacity":"","overlay-gradient":""},"tablet":{"background-color":"var(--ast-global-color-5)","background-image":"","background-repeat":"repeat","background-position":"center center","background-size":"auto","background-attachment":"scroll","background-type":"","background-media":"","overlay-type":"","overlay-color":"","overlay-opacity":"","overlay-gradient":""},"mobile":{"background-color":"var(--ast-global-color-5)","background-image":"","background-repeat":"repeat","background-position":"center center","background-size":"auto","background-attachment":"scroll","background-type":"","background-media":"","overlay-type":"","overlay-color":"","overlay-opacity":"","overlay-gradient":""}},"footnotes":""},"class_list":["post-622","page","type-page","status-publish","hentry"],"post_mailing_queue_ids":[],"_links":{"self":[{"href":"https:\/\/agora.xtec.cat\/ieslabastida\/wp-json\/wp\/v2\/pages\/622","targetHints":{"allow":["GET"]}}],"collection":[{"href":"https:\/\/agora.xtec.cat\/ieslabastida\/wp-json\/wp\/v2\/pages"}],"about":[{"href":"https:\/\/agora.xtec.cat\/ieslabastida\/wp-json\/wp\/v2\/types\/page"}],"author":[{"embeddable":true,"href":"https:\/\/agora.xtec.cat\/ieslabastida\/wp-json\/wp\/v2\/users\/1"}],"replies":[{"embeddable":true,"href":"https:\/\/agora.xtec.cat\/ieslabastida\/wp-json\/wp\/v2\/comments?post=622"}],"version-history":[{"count":6,"href":"https:\/\/agora.xtec.cat\/ieslabastida\/wp-json\/wp\/v2\/pages\/622\/revisions"}],"predecessor-version":[{"id":10497,"href":"https:\/\/agora.xtec.cat\/ieslabastida\/wp-json\/wp\/v2\/pages\/622\/revisions\/10497"}],"up":[{"embeddable":true,"href":"https:\/\/agora.xtec.cat\/ieslabastida\/wp-json\/wp\/v2\/pages\/5722"}],"wp:attachment":[{"href":"https:\/\/agora.xtec.cat\/ieslabastida\/wp-json\/wp\/v2\/media?parent=622"}],"curies":[{"name":"wp","href":"https:\/\/api.w.org\/{rel}","templated":true}]}}