{"id":46,"date":"2026-01-17T16:53:00","date_gmt":"2026-01-17T15:53:00","guid":{"rendered":"http:\/\/agora.xtec.cat\/ieslabastida\/?page_id=46"},"modified":"2026-01-26T18:42:02","modified_gmt":"2026-01-26T17:42:02","slug":"organigrama","status":"publish","type":"page","link":"https:\/\/agora.xtec.cat\/ieslabastida\/linstitut\/organigrama\/","title":{"rendered":"Organigrama"},"content":{"rendered":"\n<p>&nbsp;<\/p>\n\n\n\n<figure class=\"wp-block-image size-full\"><a href=\"https:\/\/agora.xtec.cat\/ieslabastida\/wp-content\/uploads\/usu1265\/2025\/10\/Organigrama.png\"><img loading=\"lazy\" decoding=\"async\" width=\"1920\" height=\"1080\" src=\"https:\/\/agora.xtec.cat\/ieslabastida\/wp-content\/uploads\/usu1265\/2025\/10\/Organigrama.png\" alt=\"\" class=\"wp-image-9684\" srcset=\"https:\/\/agora.xtec.cat\/ieslabastida\/wp-content\/uploads\/usu1265\/2025\/10\/Organigrama.png 1920w, https:\/\/agora.xtec.cat\/ieslabastida\/wp-content\/uploads\/usu1265\/2025\/10\/Organigrama-300x169.png 300w, https:\/\/agora.xtec.cat\/ieslabastida\/wp-content\/uploads\/usu1265\/2025\/10\/Organigrama-1024x576.png 1024w, https:\/\/agora.xtec.cat\/ieslabastida\/wp-content\/uploads\/usu1265\/2025\/10\/Organigrama-768x432.png 768w, https:\/\/agora.xtec.cat\/ieslabastida\/wp-content\/uploads\/usu1265\/2025\/10\/Organigrama-1536x864.png 1536w\" sizes=\"auto, (max-width: 1920px) 100vw, 1920px\" \/><\/a><\/figure>\n\n\n\n<figure class=\"wp-block-table\"><table class=\"has-fixed-layout\"><tbody><tr><td rowspan=\"6\"><span style=\"font-weight: 400;\">E. DIRECTIU<\/span><\/td><td><span style=\"font-weight: 400;\">DIRECCI\u00d3<\/span><\/td><td><span style=\"font-weight: 400;\">Jordi Sora<\/span><\/td><\/tr><tr><td><span style=\"font-weight: 400;\">SECRETARI<\/span><\/td><td><span style=\"font-weight: 400;\">Rub\u00e9n P\u00e9rez<\/span><\/td><\/tr><tr><td><span style=\"font-weight: 400;\">COORD. PEDAG\u00d2GICA<\/span><\/td><td><span style=\"font-weight: 400;\">Irene Acevedo<\/span><\/td><\/tr><tr><td><span style=\"font-weight: 400;\">CAP D&#8217;ESTUDIS<\/span><\/td><td><span style=\"font-weight: 400;\">Carlos Calahorra<\/span><\/td><\/tr><tr><td><span style=\"font-weight: 400;\">CAP DE RECURSOS<\/span><\/td><td><span style=\"font-weight: 400;\">Cloti Carrasco<\/span><\/td><\/tr><tr><td><span style=\"font-weight: 400;\">ADMINISTRACI\u00d3<\/span><\/td><td><span style=\"font-weight: 400;\">Joaquim Carrillo<\/span><\/td><\/tr><tr><td rowspan=\"4\"><span style=\"font-weight: 400;\">CAPS DEPARTAMENT<\/span><\/td><td><span style=\"font-weight: 400;\">Serveis Socioculturals i a la Comunitat<\/span><\/td><td><span style=\"font-weight: 400;\">Mireia Ferrando<\/span><\/td><\/tr><tr><td><span style=\"font-weight: 400;\">Activitats Fisicoesportives (AFE)<\/span><\/td><td><span style=\"font-weight: 400;\">Oscar Cruz<\/span><\/td><\/tr><tr><td><span style=\"font-weight: 400;\">ESO<\/span><\/td><td><span style=\"font-weight: 400;\">Octavio Caprari<\/span><\/td><\/tr><tr><td><span style=\"font-weight: 400;\">Seminari de Treball, empresa i Formaci\u00f3 Cont\u00ednua (TEFC)<\/span><\/td><td><span style=\"font-weight: 400;\">Enric Sa\u00f1udo<\/span><\/td><\/tr><\/tbody><\/table><\/figure>\n\n\n\n<p>Si vols consultar l&#8217;organigrama complert, pots fer-ho <a href=\"https:\/\/docs.google.com\/spreadsheets\/d\/1Bbo05ot9vb1A93V1WCikDa4Auxbf1ruDK07qPUDJE2U\/edit?usp=sharing\">aqu\u00ed<\/a>.<\/p>\n","protected":false},"excerpt":{"rendered":"<p>&nbsp; E. DIRECTIU DIRECCI\u00d3 Jordi Sora SECRETARI Rub\u00e9n P\u00e9rez COORD. PEDAG\u00d2GICA Irene Acevedo CAP D&#8217;ESTUDIS Carlos Calahorra CAP DE RECURSOS [&hellip;]<\/p>\n","protected":false},"author":1,"featured_media":0,"parent":19,"menu_order":40,"comment_status":"closed","ping_status":"closed","template":"","meta":{"_bbp_topic_count":0,"_bbp_reply_count":0,"_bbp_total_topic_count":0,"_bbp_total_reply_count":0,"_bbp_voice_count":0,"_bbp_anonymous_reply_count":0,"_bbp_topic_count_hidden":0,"_bbp_reply_count_hidden":0,"_bbp_forum_subforum_count":0,"site-sidebar-layout":"no-sidebar","site-content-layout":"","ast-site-content-layout":"normal-width-container","site-content-style":"default","site-sidebar-style":"default","ast-global-header-display":"","ast-banner-title-visibility":"","ast-main-header-display":"","ast-hfb-above-header-display":"","ast-hfb-below-header-display":"","ast-hfb-mobile-header-display":"","site-post-title":"","ast-breadcrumbs-content":"","ast-featured-img":"","footer-sml-layout":"","theme-transparent-header-meta":"","adv-header-id-meta":"","stick-header-meta":"","header-above-stick-meta":"","header-main-stick-meta":"","header-below-stick-meta":"","astra-migrate-meta-layouts":"set","ast-page-background-enabled":"default","ast-page-background-meta":{"desktop":{"background-color":"var(--ast-global-color-4)","background-image":"","background-repeat":"repeat","background-position":"center center","background-size":"auto","background-attachment":"scroll","background-type":"","background-media":"","overlay-type":"","overlay-color":"","overlay-opacity":"","overlay-gradient":""},"tablet":{"background-color":"","background-image":"","background-repeat":"repeat","background-position":"center center","background-size":"auto","background-attachment":"scroll","background-type":"","background-media":"","overlay-type":"","overlay-color":"","overlay-opacity":"","overlay-gradient":""},"mobile":{"background-color":"","background-image":"","background-repeat":"repeat","background-position":"center center","background-size":"auto","background-attachment":"scroll","background-type":"","background-media":"","overlay-type":"","overlay-color":"","overlay-opacity":"","overlay-gradient":""}},"ast-content-background-meta":{"desktop":{"background-color":"var(--ast-global-color-5)","background-image":"","background-repeat":"repeat","background-position":"center center","background-size":"auto","background-attachment":"scroll","background-type":"","background-media":"","overlay-type":"","overlay-color":"","overlay-opacity":"","overlay-gradient":""},"tablet":{"background-color":"var(--ast-global-color-5)","background-image":"","background-repeat":"repeat","background-position":"center center","background-size":"auto","background-attachment":"scroll","background-type":"","background-media":"","overlay-type":"","overlay-color":"","overlay-opacity":"","overlay-gradient":""},"mobile":{"background-color":"var(--ast-global-color-5)","background-image":"","background-repeat":"repeat","background-position":"center center","background-size":"auto","background-attachment":"scroll","background-type":"","background-media":"","overlay-type":"","overlay-color":"","overlay-opacity":"","overlay-gradient":""}},"footnotes":""},"class_list":["post-46","page","type-page","status-publish","hentry"],"post_mailing_queue_ids":[],"_links":{"self":[{"href":"https:\/\/agora.xtec.cat\/ieslabastida\/wp-json\/wp\/v2\/pages\/46","targetHints":{"allow":["GET"]}}],"collection":[{"href":"https:\/\/agora.xtec.cat\/ieslabastida\/wp-json\/wp\/v2\/pages"}],"about":[{"href":"https:\/\/agora.xtec.cat\/ieslabastida\/wp-json\/wp\/v2\/types\/page"}],"author":[{"embeddable":true,"href":"https:\/\/agora.xtec.cat\/ieslabastida\/wp-json\/wp\/v2\/users\/1"}],"replies":[{"embeddable":true,"href":"https:\/\/agora.xtec.cat\/ieslabastida\/wp-json\/wp\/v2\/comments?post=46"}],"version-history":[{"count":7,"href":"https:\/\/agora.xtec.cat\/ieslabastida\/wp-json\/wp\/v2\/pages\/46\/revisions"}],"predecessor-version":[{"id":10263,"href":"https:\/\/agora.xtec.cat\/ieslabastida\/wp-json\/wp\/v2\/pages\/46\/revisions\/10263"}],"up":[{"embeddable":true,"href":"https:\/\/agora.xtec.cat\/ieslabastida\/wp-json\/wp\/v2\/pages\/19"}],"wp:attachment":[{"href":"https:\/\/agora.xtec.cat\/ieslabastida\/wp-json\/wp\/v2\/media?parent=46"}],"curies":[{"name":"wp","href":"https:\/\/api.w.org\/{rel}","templated":true}]}}