{"id":21,"date":"2014-09-17T16:14:14","date_gmt":"2014-09-17T16:14:14","guid":{"rendered":"http:\/\/agora.xtec.cat\/ieslabastida\/?page_id=21"},"modified":"2025-12-14T18:39:16","modified_gmt":"2025-12-14T17:39:16","slug":"on-som","status":"publish","type":"page","link":"https:\/\/agora.xtec.cat\/ieslabastida\/linstitut\/on-som\/","title":{"rendered":"On som"},"content":{"rendered":"<p style=\"text-align: justify;\">Institut de la Generalitat de Catalunya, situat al municipi de Santa Coloma de Gramenet, en un dels turons que configuren la Serralada de Marina, anomenat La Bastida, al l\u00edmit del terme municipal que \u00e9s contigu a amb Badalona.<\/p>\n<p><strong>Adre\u00e7a<\/strong>: Carrer Santa Eul\u00e0lia s\/n\u00a008921 Santa Coloma de Gramenet<\/p>\n<p><strong>Tel\u00e8fon<\/strong>: 933924261<\/p>\n<p><strong>Correu electr\u00f2nic del centre: <\/strong>a8037176@xtec.cat<\/p>\n<p><strong>Correu per a tr\u00e0mits administratius i consultes<\/strong> (secretaria): <em>secretaria@institutlabastida.org<\/em><\/p>\n<p><strong>Fax<\/strong>: 93 392 45 07<\/p>\n<p><strong>Metro<\/strong>: Fondo (L\u00ednia 1), Esgl\u00e9sia Major (L\u00ednia 9).<\/p>\n<p><strong>Autob\u00fas<\/strong>: B-81 (parada davant l&#8217;institut), B-80 (C\/Flor\u00e8ncia), B-30 (C\/ Prat de la Riba)<\/p>\n<p style=\"text-align: center;\"><iframe loading=\"lazy\" src=\"https:\/\/www.google.com\/maps\/embed?pb=!1m14!1m8!1m3!1d3289.9723810918936!2d2.2161953845168947!3d41.45709614921189!3m2!1i1024!2i768!4f13.1!3m3!1m2!1s0x0%3A0x28ad9609c973844a!2sIES+La+Bastida!5e1!3m2!1ses!2ses!4v1500390670075\" width=\"600\" height=\"450\" frameborder=\"0\"><\/iframe><\/p>\n<p>L\u2019hora d\u2019inici de les classes en horari de mat\u00ed \u00e9s a les 8.00 i finalitza a les 14.30h. En horari de tarda\u00a0 les classes comencen a les 14.45h i finalitzen a les 21.05h.<\/p>\n","protected":false},"excerpt":{"rendered":"<p>Institut de la Generalitat de Catalunya, situat al municipi de Santa Coloma de Gramenet, en un dels turons que configuren [&hellip;]<\/p>\n","protected":false},"author":1,"featured_media":0,"parent":19,"menu_order":10,"comment_status":"closed","ping_status":"closed","template":"","meta":{"_bbp_topic_count":0,"_bbp_reply_count":0,"_bbp_total_topic_count":0,"_bbp_total_reply_count":0,"_bbp_voice_count":0,"_bbp_anonymous_reply_count":0,"_bbp_topic_count_hidden":0,"_bbp_reply_count_hidden":0,"_bbp_forum_subforum_count":0,"site-sidebar-layout":"no-sidebar","site-content-layout":"","ast-site-content-layout":"normal-width-container","site-content-style":"default","site-sidebar-style":"default","ast-global-header-display":"","ast-banner-title-visibility":"","ast-main-header-display":"","ast-hfb-above-header-display":"","ast-hfb-below-header-display":"","ast-hfb-mobile-header-display":"","site-post-title":"","ast-breadcrumbs-content":"","ast-featured-img":"","footer-sml-layout":"","theme-transparent-header-meta":"","adv-header-id-meta":"","stick-header-meta":"","header-above-stick-meta":"","header-main-stick-meta":"","header-below-stick-meta":"","astra-migrate-meta-layouts":"set","ast-page-background-enabled":"default","ast-page-background-meta":{"desktop":{"background-color":"var(--ast-global-color-4)","background-image":"","background-repeat":"repeat","background-position":"center center","background-size":"auto","background-attachment":"scroll","background-type":"","background-media":"","overlay-type":"","overlay-color":"","overlay-opacity":"","overlay-gradient":""},"tablet":{"background-color":"","background-image":"","background-repeat":"repeat","background-position":"center center","background-size":"auto","background-attachment":"scroll","background-type":"","background-media":"","overlay-type":"","overlay-color":"","overlay-opacity":"","overlay-gradient":""},"mobile":{"background-color":"","background-image":"","background-repeat":"repeat","background-position":"center center","background-size":"auto","background-attachment":"scroll","background-type":"","background-media":"","overlay-type":"","overlay-color":"","overlay-opacity":"","overlay-gradient":""}},"ast-content-background-meta":{"desktop":{"background-color":"var(--ast-global-color-5)","background-image":"","background-repeat":"repeat","background-position":"center center","background-size":"auto","background-attachment":"scroll","background-type":"","background-media":"","overlay-type":"","overlay-color":"","overlay-opacity":"","overlay-gradient":""},"tablet":{"background-color":"var(--ast-global-color-5)","background-image":"","background-repeat":"repeat","background-position":"center center","background-size":"auto","background-attachment":"scroll","background-type":"","background-media":"","overlay-type":"","overlay-color":"","overlay-opacity":"","overlay-gradient":""},"mobile":{"background-color":"var(--ast-global-color-5)","background-image":"","background-repeat":"repeat","background-position":"center center","background-size":"auto","background-attachment":"scroll","background-type":"","background-media":"","overlay-type":"","overlay-color":"","overlay-opacity":"","overlay-gradient":""}},"footnotes":""},"class_list":["post-21","page","type-page","status-publish","hentry"],"post_mailing_queue_ids":[],"_links":{"self":[{"href":"https:\/\/agora.xtec.cat\/ieslabastida\/wp-json\/wp\/v2\/pages\/21","targetHints":{"allow":["GET"]}}],"collection":[{"href":"https:\/\/agora.xtec.cat\/ieslabastida\/wp-json\/wp\/v2\/pages"}],"about":[{"href":"https:\/\/agora.xtec.cat\/ieslabastida\/wp-json\/wp\/v2\/types\/page"}],"author":[{"embeddable":true,"href":"https:\/\/agora.xtec.cat\/ieslabastida\/wp-json\/wp\/v2\/users\/1"}],"replies":[{"embeddable":true,"href":"https:\/\/agora.xtec.cat\/ieslabastida\/wp-json\/wp\/v2\/comments?post=21"}],"version-history":[{"count":6,"href":"https:\/\/agora.xtec.cat\/ieslabastida\/wp-json\/wp\/v2\/pages\/21\/revisions"}],"predecessor-version":[{"id":9824,"href":"https:\/\/agora.xtec.cat\/ieslabastida\/wp-json\/wp\/v2\/pages\/21\/revisions\/9824"}],"up":[{"embeddable":true,"href":"https:\/\/agora.xtec.cat\/ieslabastida\/wp-json\/wp\/v2\/pages\/19"}],"wp:attachment":[{"href":"https:\/\/agora.xtec.cat\/ieslabastida\/wp-json\/wp\/v2\/media?parent=21"}],"curies":[{"name":"wp","href":"https:\/\/api.w.org\/{rel}","templated":true}]}}