{"id":10671,"date":"2026-04-16T16:42:18","date_gmt":"2026-04-16T14:42:18","guid":{"rendered":"https:\/\/agora.xtec.cat\/ieslabastida\/?page_id=10671"},"modified":"2026-04-16T16:46:30","modified_gmt":"2026-04-16T14:46:30","slug":"preinscipcio-i-matricula","status":"publish","type":"page","link":"https:\/\/agora.xtec.cat\/ieslabastida\/preinscipcio-i-matricula\/","title":{"rendered":"Informaci\u00f3 per fer la preinscripci\u00f3"},"content":{"rendered":"\n<p><\/p>\n\n\n\n<ol class=\"wp-block-list\">\n<li><strong>Descarrega <a href=\"https:\/\/drive.google.com\/file\/d\/1AKcyLHXYn8b1uuq_P_J91KBqnm-WdQ2f\/view?usp=sharing\" data-type=\"link\" data-id=\"https:\/\/drive.google.com\/file\/d\/1AKcyLHXYn8b1uuq_P_J91KBqnm-WdQ2f\/view?usp=sharing\">aquest formulari<\/a><\/strong>.<\/li>\n\n\n\n<li><strong>Omple el formulari i signa&#8217;l<\/strong><\/li>\n\n\n\n<li><strong>Fes click en aquest enlla\u00e7 per formalitzar la teva sol\u00b7licitud de preinscripci\u00f3 i aportar la documentaci\u00f3 requerida.<\/strong><\/li>\n<\/ol>\n\n\n\n<p><strong>Documentaci\u00f3 requerida<\/strong><\/p>\n\n\n\n<p><em><strong>1_ Formulari descarregat, emplenat i signat.<\/strong><\/em><\/p>\n\n\n\n<p><em><strong>2_ Alumnat major d&#8217;edat: <\/strong><\/em><\/p>\n\n\n\n<ul class=\"wp-block-list\">\n<li>El DNI, NIE o passaport de l&#8217;alumne\/a. (Si es tracta d&#8217;estrangers comunitaris, el document d&#8217;identitat del pa\u00eds d&#8217;origen.)<\/li>\n\n\n\n<li>T\u00edtol\/resguard d&#8217;estudi acreditat d&#8217;acc\u00e9s i certificat amb qualificaci\u00f3 mitjana.<\/li>\n\n\n\n<li><a href=\"https:\/\/triaeducativa.gencat.cat\/ca\/proves\/proves-acces\/esportius\/esportius-prova-especifica\/index.html\" data-type=\"link\" data-id=\"https:\/\/triaeducativa.gencat.cat\/ca\/proves\/proves-acces\/esportius\/esportius-prova-especifica\/index.html\">Prova espec\u00edfica d&#8217;acc\u00e9s<\/a> a l&#8217;especialitat esportiva.<\/li>\n<\/ul>\n\n\n\n<p><em><strong>3_ Alumnat menor d&#8217;edat: <\/strong>A m\u00e9s de la documentaci\u00f3 anterior, cal presentar<strong>:<\/strong><\/em><\/p>\n\n\n\n<ul class=\"wp-block-list\">\n<li>La certificaci\u00f3 electr\u00f2nica de la inscripci\u00f3 de naixement o el llibre de fam\u00edlia o altres documents relatius a la filiaci\u00f3. Si est\u00e0 en situaci\u00f3 d&#8217;acolliment, la resoluci\u00f3 d&#8217;acolliment del Departament de Drets Socials.<\/li>\n<\/ul>\n\n\n\n<ul class=\"wp-block-list\">\n<li>El DNI de la persona sol\u00b7licitant (pare, mare, tutor\/a o guardador\/a de fet) o, si la persona sol\u00b7licitant \u00e9s estrangera, de la targeta de resid\u00e8ncia on consta el NIE, o del passaport. Si es tracta d&#8217;estrangers comunitaris, document d&#8217;identitat del pa\u00eds d&#8217;origen.<\/li>\n<\/ul>\n\n\n\n<figure class=\"wp-block-table\"><table class=\"has-fixed-layout\"><tbody><tr><td><strong>Criteris d&#8217;acc\u00e9s<\/strong><\/td><td><strong>Documentaci\u00f3 requerida<\/strong><\/td><\/tr><tr><td><strong>a) <em>Qualificaci\u00f3 mitjana dels estudis que permeten l&#8217;acc\u00e9s a aquests ensenyaments<\/em>:<br><\/strong><em>Per al grau superior, la qualificaci\u00f3 que cal considerar \u00e9s la mitjana entre la del t\u00edtol de t\u00e8cnic\/a esportiu i la de l&#8217;altre requisit acad\u00e8mic d&#8217;acc\u00e9s al\u00b7legat.<\/em><\/td><td><em><strong>Certificaci\u00f3 de la qualificaci\u00f3 mitjana dels estudis o del curs que permeten l&#8217;acc\u00e9s a aquests ensenyaments.<\/strong><\/em><br><br>&#8211; <em><strong>Alumnes que han completat els estudis d&#8217;ESO<\/strong>: certificaci\u00f3 acad\u00e8mica de la qualificaci\u00f3 mitjana num\u00e8rica de l&#8217;etapa .<\/em><br><em><strong>Estudis antics<\/strong>: original i una c\u00f2pia de la p\u00e0gina 27 del llibre d&#8217;escolaritat d&#8217;ensenyament b\u00e0sic, si hi apareix la qualificaci\u00f3 mitjana de l&#8217;etapa en forma num\u00e8rica.<\/em><br><br>&#8211; <strong>Alumnat que<em> en<\/em><\/strong><em><strong>cara cursa els estudis en el moment de presentar la sol\u00b7licitud d&#8217;admissi\u00f3: <\/strong>certificaci\u00f3 de la qualificaci\u00f3 mitjana dels cursos d&#8217;aquests estudis ja avaluats definitivament, calculada tal com s&#8217;indica a l&#8217;apartat 4.4 de l&#8217;annex 3 de la Resoluci\u00f3 EDU\/507\/2025, de 10 de febrer, per la qual s&#8217;aproven les normes de preinscripci\u00f3 i matr\u00edcula d&#8217;alumnes als centres del Servei d&#8217;Educaci\u00f3 de Catalunya i altres centres educatius, en els diversos ensenyaments sostinguts amb fons p\u00fablics, per al curs 2025-2026.<\/em><br><br>&#8211; <em><strong>Alumnes procedents d&#8217;estudis estrangers<\/strong>,: s&#8217;aplica tamb\u00e9 el que s&#8217;estableix a l&#8217;apartat 5 de &#8216;annex 3 de la Resoluci\u00f3 EDF\/319\/2025, de 4 de febrer de 2025, per la qual s&#8217;aproven les normes de preinscripci\u00f3 i matr\u00edcula d&#8217;alumnes als centres del Servei d&#8217;Educaci\u00f3 de Catalunya i altres centres educatius, en els diversos ensenyaments sostinguts amb fons p\u00fablics, per al curs 2025-2026.<\/em><\/td><\/tr><tr><td><em><strong>b) Si el domicili de la persona sol\u00b7licitant es troba a la zona educativa del centre: 2 punts.<\/strong><br>En el cas dels cicles d&#8217;ensenyaments esportius, la zona educativa dels centres que els imparteixen \u00e9s tot Catalunya.<\/em><\/td><td>&#8211; <strong>DNI de la persona sol\u00b7licitant<\/strong> o de la <strong>targeta de resid\u00e8ncia on consta el NIE<\/strong> en el cas de persones<br>estrangeres.<br><br>&#8211; <em><strong>Quan el domicili habitual<\/strong> que s&#8217;al\u00b7lega <strong>no coincideix amb el del DNI, amb el de la targeta de resid\u00e8ncia on<br>consta el NIE o es tracta de persones estrangeres sense NIE<\/strong>, s&#8217;acredita amb el <strong>certificat o volant municipal de<br>conviv\u00e8ncia<\/strong> de l&#8217;alumne\/a, on ha de constar que conviu amb la persona sol\u00b7licitant.<\/em><\/td><\/tr><tr><td><em>c) <strong>Si s&#8217;ha fet la prova espec\u00edfica d&#8217;acc\u00e9s<\/strong> a l&#8217;especialitat esportiva corresponent en qualsevol de les<\/em> c<em>onvocat\u00f2ries de la Generalitat de Catalunya, o s&#8217;ha obtingut l&#8217;acreditaci\u00f3 dels requisits esportius del<\/em><br><em>Departament d&#8217;Educaci\u00f3 i Formaci\u00f3 Professional de la Generalitat: 1 punt.<\/em><\/td><td><em>El certificat de superaci\u00f3 de la prova espec\u00edfica o certificat d&#8217;acreditaci\u00f3 dels requisits esportius.<br>5.3 Documentaci\u00f3 acreditativa de la condici\u00f3 d&#8217;esportista d&#8217;alt rendiment o alt nivell: s&#8217;estableix a l&#8217;apartat 4.3<br>de l&#8217;annex 5.<\/em><\/td><\/tr><\/tbody><\/table><\/figure>\n","protected":false},"excerpt":{"rendered":"<p>Documentaci\u00f3 requerida 1_ Formulari descarregat, emplenat i signat. 2_ Alumnat major d&#8217;edat: 3_ Alumnat menor d&#8217;edat: A m\u00e9s de la [&hellip;]<\/p>\n","protected":false},"author":80,"featured_media":0,"parent":0,"menu_order":0,"comment_status":"closed","ping_status":"close","template":"","meta":{"_bbp_topic_count":0,"_bbp_reply_count":0,"_bbp_total_topic_count":0,"_bbp_total_reply_count":0,"_bbp_voice_count":0,"_bbp_anonymous_reply_count":0,"_bbp_topic_count_hidden":0,"_bbp_reply_count_hidden":0,"_bbp_forum_subforum_count":0,"site-sidebar-layout":"no-sidebar","site-content-layout":"","ast-site-content-layout":"normal-width-container","site-content-style":"default","site-sidebar-style":"default","ast-global-header-display":"","ast-banner-title-visibility":"","ast-main-header-display":"","ast-hfb-above-header-display":"","ast-hfb-below-header-display":"","ast-hfb-mobile-header-display":"","site-post-title":"","ast-breadcrumbs-content":"","ast-featured-img":"","footer-sml-layout":"","theme-transparent-header-meta":"","adv-header-id-meta":"","stick-header-meta":"","header-above-stick-meta":"","header-main-stick-meta":"","header-below-stick-meta":"","astra-migrate-meta-layouts":"set","ast-page-background-enabled":"default","ast-page-background-meta":{"desktop":{"background-color":"var(--ast-global-color-4)","background-image":"","background-repeat":"repeat","background-position":"center center","background-size":"auto","background-attachment":"scroll","background-type":"","background-media":"","overlay-type":"","overlay-color":"","overlay-opacity":"","overlay-gradient":""},"tablet":{"background-color":"","background-image":"","background-repeat":"repeat","background-position":"center center","background-size":"auto","background-attachment":"scroll","background-type":"","background-media":"","overlay-type":"","overlay-color":"","overlay-opacity":"","overlay-gradient":""},"mobile":{"background-color":"","background-image":"","background-repeat":"repeat","background-position":"center center","background-size":"auto","background-attachment":"scroll","background-type":"","background-media":"","overlay-type":"","overlay-color":"","overlay-opacity":"","overlay-gradient":""}},"ast-content-background-meta":{"desktop":{"background-color":"var(--ast-global-color-5)","background-image":"","background-repeat":"repeat","background-position":"center center","background-size":"auto","background-attachment":"scroll","background-type":"","background-media":"","overlay-type":"","overlay-color":"","overlay-opacity":"","overlay-gradient":""},"tablet":{"background-color":"var(--ast-global-color-5)","background-image":"","background-repeat":"repeat","background-position":"center center","background-size":"auto","background-attachment":"scroll","background-type":"","background-media":"","overlay-type":"","overlay-color":"","overlay-opacity":"","overlay-gradient":""},"mobile":{"background-color":"var(--ast-global-color-5)","background-image":"","background-repeat":"repeat","background-position":"center center","background-size":"auto","background-attachment":"scroll","background-type":"","background-media":"","overlay-type":"","overlay-color":"","overlay-opacity":"","overlay-gradient":""}},"footnotes":""},"class_list":["post-10671","page","type-page","status-publish","hentry"],"post_mailing_queue_ids":[],"_links":{"self":[{"href":"https:\/\/agora.xtec.cat\/ieslabastida\/wp-json\/wp\/v2\/pages\/10671","targetHints":{"allow":["GET"]}}],"collection":[{"href":"https:\/\/agora.xtec.cat\/ieslabastida\/wp-json\/wp\/v2\/pages"}],"about":[{"href":"https:\/\/agora.xtec.cat\/ieslabastida\/wp-json\/wp\/v2\/types\/page"}],"author":[{"embeddable":true,"href":"https:\/\/agora.xtec.cat\/ieslabastida\/wp-json\/wp\/v2\/users\/80"}],"replies":[{"embeddable":true,"href":"https:\/\/agora.xtec.cat\/ieslabastida\/wp-json\/wp\/v2\/comments?post=10671"}],"version-history":[{"count":4,"href":"https:\/\/agora.xtec.cat\/ieslabastida\/wp-json\/wp\/v2\/pages\/10671\/revisions"}],"predecessor-version":[{"id":10682,"href":"https:\/\/agora.xtec.cat\/ieslabastida\/wp-json\/wp\/v2\/pages\/10671\/revisions\/10682"}],"wp:attachment":[{"href":"https:\/\/agora.xtec.cat\/ieslabastida\/wp-json\/wp\/v2\/media?parent=10671"}],"curies":[{"name":"wp","href":"https:\/\/api.w.org\/{rel}","templated":true}]}}