{"id":10649,"date":"2026-04-15T17:13:49","date_gmt":"2026-04-15T15:13:49","guid":{"rendered":"https:\/\/agora.xtec.cat\/ieslabastida\/?page_id=10649"},"modified":"2026-04-15T17:30:03","modified_gmt":"2026-04-15T15:30:03","slug":"fp-grau-mitja","status":"publish","type":"page","link":"https:\/\/agora.xtec.cat\/ieslabastida\/fp-grau-mitja\/","title":{"rendered":"FP Grau mitj\u00e0"},"content":{"rendered":"\n<p>En aquesta p\u00e0gina hi trobar\u00e0s tota la informaci\u00f3 i calendari sobre el proc\u00e9s de preinscripci\u00f3 i matriculaci\u00f3 dels <strong>Cicles Formatius de Grau Mitj\u00e0 (CFGM)<\/strong><\/p>\n\n\n\n<p><strong>Preinscripci\u00f3 del 26 de maig a l\u20191 de juny de 2026<\/strong><\/p>\n","protected":false},"excerpt":{"rendered":"<p>En aquesta p\u00e0gina hi trobar\u00e0s tota la informaci\u00f3 i calendari sobre el proc\u00e9s de preinscripci\u00f3 i matriculaci\u00f3 dels Cicles Formatius [&hellip;]<\/p>\n","protected":false},"author":80,"featured_media":0,"parent":0,"menu_order":0,"comment_status":"closed","ping_status":"close","template":"","meta":{"_bbp_topic_count":0,"_bbp_reply_count":0,"_bbp_total_topic_count":0,"_bbp_total_reply_count":0,"_bbp_voice_count":0,"_bbp_anonymous_reply_count":0,"_bbp_topic_count_hidden":0,"_bbp_reply_count_hidden":0,"_bbp_forum_subforum_count":0,"site-sidebar-layout":"no-sidebar","site-content-layout":"","ast-site-content-layout":"normal-width-container","site-content-style":"default","site-sidebar-style":"default","ast-global-header-display":"","ast-banner-title-visibility":"","ast-main-header-display":"","ast-hfb-above-header-display":"","ast-hfb-below-header-display":"","ast-hfb-mobile-header-display":"","site-post-title":"","ast-breadcrumbs-content":"","ast-featured-img":"","footer-sml-layout":"","theme-transparent-header-meta":"","adv-header-id-meta":"","stick-header-meta":"","header-above-stick-meta":"","header-main-stick-meta":"","header-below-stick-meta":"","astra-migrate-meta-layouts":"set","ast-page-background-enabled":"default","ast-page-background-meta":{"desktop":{"background-color":"var(--ast-global-color-4)","background-image":"","background-repeat":"repeat","background-position":"center center","background-size":"auto","background-attachment":"scroll","background-type":"","background-media":"","overlay-type":"","overlay-color":"","overlay-opacity":"","overlay-gradient":""},"tablet":{"background-color":"","background-image":"","background-repeat":"repeat","background-position":"center center","background-size":"auto","background-attachment":"scroll","background-type":"","background-media":"","overlay-type":"","overlay-color":"","overlay-opacity":"","overlay-gradient":""},"mobile":{"background-color":"","background-image":"","background-repeat":"repeat","background-position":"center center","background-size":"auto","background-attachment":"scroll","background-type":"","background-media":"","overlay-type":"","overlay-color":"","overlay-opacity":"","overlay-gradient":""}},"ast-content-background-meta":{"desktop":{"background-color":"var(--ast-global-color-5)","background-image":"","background-repeat":"repeat","background-position":"center center","background-size":"auto","background-attachment":"scroll","background-type":"","background-media":"","overlay-type":"","overlay-color":"","overlay-opacity":"","overlay-gradient":""},"tablet":{"background-color":"var(--ast-global-color-5)","background-image":"","background-repeat":"repeat","background-position":"center center","background-size":"auto","background-attachment":"scroll","background-type":"","background-media":"","overlay-type":"","overlay-color":"","overlay-opacity":"","overlay-gradient":""},"mobile":{"background-color":"var(--ast-global-color-5)","background-image":"","background-repeat":"repeat","background-position":"center center","background-size":"auto","background-attachment":"scroll","background-type":"","background-media":"","overlay-type":"","overlay-color":"","overlay-opacity":"","overlay-gradient":""}},"footnotes":""},"class_list":["post-10649","page","type-page","status-publish","hentry"],"post_mailing_queue_ids":[],"_links":{"self":[{"href":"https:\/\/agora.xtec.cat\/ieslabastida\/wp-json\/wp\/v2\/pages\/10649","targetHints":{"allow":["GET"]}}],"collection":[{"href":"https:\/\/agora.xtec.cat\/ieslabastida\/wp-json\/wp\/v2\/pages"}],"about":[{"href":"https:\/\/agora.xtec.cat\/ieslabastida\/wp-json\/wp\/v2\/types\/page"}],"author":[{"embeddable":true,"href":"https:\/\/agora.xtec.cat\/ieslabastida\/wp-json\/wp\/v2\/users\/80"}],"replies":[{"embeddable":true,"href":"https:\/\/agora.xtec.cat\/ieslabastida\/wp-json\/wp\/v2\/comments?post=10649"}],"version-history":[{"count":2,"href":"https:\/\/agora.xtec.cat\/ieslabastida\/wp-json\/wp\/v2\/pages\/10649\/revisions"}],"predecessor-version":[{"id":10668,"href":"https:\/\/agora.xtec.cat\/ieslabastida\/wp-json\/wp\/v2\/pages\/10649\/revisions\/10668"}],"wp:attachment":[{"href":"https:\/\/agora.xtec.cat\/ieslabastida\/wp-json\/wp\/v2\/media?parent=10649"}],"curies":[{"name":"wp","href":"https:\/\/api.w.org\/{rel}","templated":true}]}}