{"id":10417,"date":"2026-03-04T13:24:47","date_gmt":"2026-03-04T12:24:47","guid":{"rendered":"https:\/\/agora.xtec.cat\/ieslabastida\/?page_id=10417"},"modified":"2026-04-15T17:03:30","modified_gmt":"2026-04-15T15:03:30","slug":"complecio-destudis","status":"publish","type":"page","link":"https:\/\/agora.xtec.cat\/ieslabastida\/complecio-destudis\/","title":{"rendered":"Compleci\u00f3"},"content":{"rendered":"\n<p><strong>ALUMNAT EN COMPLECI\u00d3 D&#8217;ESTUDIS<\/strong> > <em>alulmnat que ha ha de recuperar algun MP i\/o UF, aix\u00ed com la Formaci\u00f3 en Centres de Treball (FCT)<\/em> de cicles del pla antic (anterior al curs 24-25).<\/p>\n\n\n\n<p>Cal que feu inscripci\u00f3 seguint el procediment de compleci\u00f3 d\u2019estudis seguint <a href=\"https:\/\/dogc.gencat.cat\/ca\/document-del-dogc\/?documentId=1014456\">Ordre EDF\/74\/2025<\/a>.<\/p>\n\n\n\n<p>El seguiment es fa de manera telem\u00e0tica (no presencial) i les proves de manera presencial, si s\u2019escau.<\/p>\n\n\n\n<p><strong>Inscripci\u00f3<\/strong><\/p>\n\n\n\n<p>La inscripci\u00f3  en el segon per\u00edode per les proves d&#8217;avaluaci\u00f3 s&#8217;ha de dur a terme:<\/p>\n\n\n\n<ul class=\"wp-block-list\">\n<li>De l&#8217;1 al 15 de mar\u00e7. Permet participar en la convocat\u00f2ria d&#8217;abril.<\/li>\n<\/ul>\n\n\n\n<p class=\"has-vivid-red-color has-text-color has-link-color has-medium-font-size wp-elements-65f7611dfa46000db7f8a3eab347c344\"><a href=\"https:\/\/script.google.com\/macros\/s\/AKfycbzXvoqNZzPbgp3-nKu81MwNvMoiZJfpkH9qvad7PtDCg-huE6sq2ljqe7wgFOvFqcyc\/exec\" target=\"_blank\" rel=\"noreferrer noopener\">>>> <strong>Accedeix a l&#8217;aplicatiu de matricula fent clic aqu\u00ed!<\/strong><\/a><\/p>\n\n\n\n<p>Si teniu algun problema per realitzar la matr\u00edcula ens podeu escriure al correu <strong>matricula@institutlabastida.org<\/strong><\/p>\n\n\n\n<p><strong>Convocat\u00f2ries<\/strong><\/p>\n\n\n\n<p>Les proves d&#8217;avaluaci\u00f3 s&#8217;han de dur a terme:<\/p>\n\n\n\n<ul class=\"wp-block-list\">\n<li>Entre l&#8217;1 i el 30 d&#8217;abril.<\/li>\n<\/ul>\n\n\n\n<p><\/p>\n","protected":false},"excerpt":{"rendered":"<p>ALUMNAT EN COMPLECI\u00d3 D&#8217;ESTUDIS > alulmnat que ha ha de recuperar algun MP i\/o UF, aix\u00ed com la Formaci\u00f3 en [&hellip;]<\/p>\n","protected":false},"author":80,"featured_media":0,"parent":0,"menu_order":0,"comment_status":"closed","ping_status":"close","template":"","meta":{"_bbp_topic_count":0,"_bbp_reply_count":0,"_bbp_total_topic_count":0,"_bbp_total_reply_count":0,"_bbp_voice_count":0,"_bbp_anonymous_reply_count":0,"_bbp_topic_count_hidden":0,"_bbp_reply_count_hidden":0,"_bbp_forum_subforum_count":0,"site-sidebar-layout":"no-sidebar","site-content-layout":"","ast-site-content-layout":"normal-width-container","site-content-style":"default","site-sidebar-style":"default","ast-global-header-display":"","ast-banner-title-visibility":"","ast-main-header-display":"","ast-hfb-above-header-display":"","ast-hfb-below-header-display":"","ast-hfb-mobile-header-display":"","site-post-title":"","ast-breadcrumbs-content":"","ast-featured-img":"","footer-sml-layout":"","theme-transparent-header-meta":"","adv-header-id-meta":"","stick-header-meta":"","header-above-stick-meta":"","header-main-stick-meta":"","header-below-stick-meta":"","astra-migrate-meta-layouts":"set","ast-page-background-enabled":"default","ast-page-background-meta":{"desktop":{"background-color":"var(--ast-global-color-4)","background-image":"","background-repeat":"repeat","background-position":"center center","background-size":"auto","background-attachment":"scroll","background-type":"","background-media":"","overlay-type":"","overlay-color":"","overlay-opacity":"","overlay-gradient":""},"tablet":{"background-color":"","background-image":"","background-repeat":"repeat","background-position":"center center","background-size":"auto","background-attachment":"scroll","background-type":"","background-media":"","overlay-type":"","overlay-color":"","overlay-opacity":"","overlay-gradient":""},"mobile":{"background-color":"","background-image":"","background-repeat":"repeat","background-position":"center center","background-size":"auto","background-attachment":"scroll","background-type":"","background-media":"","overlay-type":"","overlay-color":"","overlay-opacity":"","overlay-gradient":""}},"ast-content-background-meta":{"desktop":{"background-color":"var(--ast-global-color-5)","background-image":"","background-repeat":"repeat","background-position":"center center","background-size":"auto","background-attachment":"scroll","background-type":"","background-media":"","overlay-type":"","overlay-color":"","overlay-opacity":"","overlay-gradient":""},"tablet":{"background-color":"var(--ast-global-color-5)","background-image":"","background-repeat":"repeat","background-position":"center center","background-size":"auto","background-attachment":"scroll","background-type":"","background-media":"","overlay-type":"","overlay-color":"","overlay-opacity":"","overlay-gradient":""},"mobile":{"background-color":"var(--ast-global-color-5)","background-image":"","background-repeat":"repeat","background-position":"center center","background-size":"auto","background-attachment":"scroll","background-type":"","background-media":"","overlay-type":"","overlay-color":"","overlay-opacity":"","overlay-gradient":""}},"footnotes":""},"class_list":["post-10417","page","type-page","status-publish","hentry"],"post_mailing_queue_ids":[],"_links":{"self":[{"href":"https:\/\/agora.xtec.cat\/ieslabastida\/wp-json\/wp\/v2\/pages\/10417","targetHints":{"allow":["GET"]}}],"collection":[{"href":"https:\/\/agora.xtec.cat\/ieslabastida\/wp-json\/wp\/v2\/pages"}],"about":[{"href":"https:\/\/agora.xtec.cat\/ieslabastida\/wp-json\/wp\/v2\/types\/page"}],"author":[{"embeddable":true,"href":"https:\/\/agora.xtec.cat\/ieslabastida\/wp-json\/wp\/v2\/users\/80"}],"replies":[{"embeddable":true,"href":"https:\/\/agora.xtec.cat\/ieslabastida\/wp-json\/wp\/v2\/comments?post=10417"}],"version-history":[{"count":3,"href":"https:\/\/agora.xtec.cat\/ieslabastida\/wp-json\/wp\/v2\/pages\/10417\/revisions"}],"predecessor-version":[{"id":10632,"href":"https:\/\/agora.xtec.cat\/ieslabastida\/wp-json\/wp\/v2\/pages\/10417\/revisions\/10632"}],"wp:attachment":[{"href":"https:\/\/agora.xtec.cat\/ieslabastida\/wp-json\/wp\/v2\/media?parent=10417"}],"curies":[{"name":"wp","href":"https:\/\/api.w.org\/{rel}","templated":true}]}}